{"id":4533,"date":"2024-03-22T16:30:33","date_gmt":"2024-03-22T08:30:33","guid":{"rendered":"https:\/\/zojopackaging.com\/?post_type=product&#038;p=4533"},"modified":"2025-03-27T21:29:29","modified_gmt":"2025-03-27T13:29:29","slug":"tableware-gift-packaging-box","status":"publish","type":"product","link":"https:\/\/zojopackaging.com\/nl\/product\/tableware-gift-packaging-box\/","title":{"rendered":"Aangepaste 3 lagen voedsel schuif organisator vak fabriek in China"},"content":{"rendered":"<h1 class=\"self-content-pre-ca33f6\">Aangepaste 3 lagen voedsel schuif organisator vak fabriek in China<\/h1>\n<p>De geschenkverpakking voor tafelgerei is een prachtig ontworpen verpakking om tafelgerei zoals borden, kommen, keukengerei en glaswerk elegant te presenteren en te beschermen. Deze verpakkingsdozen zijn zorgvuldig gemaakt om de cadeau-ervaring te verbeteren en ervoor te zorgen dat de serviesartikelen op een geraffineerde en aantrekkelijke manier worden gepresenteerd.<\/p>\n<p>Het ontwerp van de geschenkverpakking voor tafelgerei is vaak stijlvol en luxueus en weerspiegelt de kwaliteit en elegantie van het tafelgerei dat erin zit. De doos kan voorzien zijn van decoratieve patronen, elegante afwerkingen en hoogwaardige merkelementen om een gevoel van luxe en verfijning te cre\u00ebren.<\/p>\n<p>De Tableware Gift Packaging Box is gemaakt van hoogwaardige materialen en biedt zowel duurzaamheid als bescherming voor het delicate serviesgoed dat erin zit. De doos is ontworpen om het serviesgoed te beschermen tegen schade tijdens het transport en de behandeling, zodat het in perfecte staat bij de ontvanger aankomt.<\/p>\n<p>Verder kan de verpakkingsdoos aangepaste inzetstukken, compartimenten of vulling bevatten om de serviesartikelen veilig op hun plaats te houden en te voorkomen dat ze verschuiven of beschadigd raken. Dit helpt de integriteit van het servies te behouden en zorgt ervoor dat het mooi wordt gepresenteerd wanneer de doos wordt geopend.<\/p>\n<h1><strong>Specificatie<\/strong><\/h1>\n<div class=\"widget block block-static-block\">\n<div class=\"landing-page-section option-bottom\">\n<div class=\"custom-materials-tabs-content container container-adjustment\">\n<div class=\"custom-materials-tab-content active\">\n<div class=\"widget block block-static-block\">\n<div class=\"options-items\">\n<div class=\"flex-grid-row-option\">\n<div class=\"flex-grid-item-option\">\n<div class=\"material-box\">\n<div class=\"material-des\">\n<table style=\"border-collapse: collapse; width: 759.02pt;\" border=\"0\" width=\"1012\" cellspacing=\"0\" cellpadding=\"0\">\n<tbody>\n<tr style=\"height: 16.50pt;\">\n<td class=\"et3\" style=\"height: 16.50pt; width: 379.50pt;\" width=\"506\" height=\"22\">Afmetingen<\/td>\n<td class=\"et3\" style=\"width: 379.50pt;\" width=\"506\">Alle aangepaste maten en vormen<\/td>\n<\/tr>\n<tr style=\"height: 16.50pt;\">\n<td class=\"et3\" style=\"height: 16.50pt;\" height=\"22\">Min.hoeveelheid<\/td>\n<td class=\"et3\">500 stuks<\/td>\n<\/tr>\n<tr style=\"height: 16.50pt;\">\n<td class=\"et3\" style=\"height: 16.50pt;\" height=\"22\">Standaardproces<\/td>\n<td class=\"et3\">Stansen, lijmen, rillen, perforeren<\/td>\n<\/tr>\n<tr style=\"height: 16.50pt;\">\n<td class=\"et3\" style=\"height: 16.50pt;\" height=\"22\">Afdrukken<\/td>\n<td class=\"et3\">Cmyk, pms, geen afdrukken<\/td>\n<\/tr>\n<tr style=\"height: 16.50pt;\">\n<td class=\"et3\" style=\"height: 16.50pt;\" height=\"22\">Materiaal Optie<\/td>\n<td class=\"et3\">Wit kartonpapier, gecoat papier, kunstpapier, kraftpapier, ivoorkarton, duplexkarton, speciaal papier, enz.<\/td>\n<\/tr>\n<tr style=\"height: 17.25pt;\">\n<td class=\"et3\" style=\"height: 17.25pt;\" height=\"23\">Oppervlakteafwerking<\/td>\n<td class=\"et4\" style=\"width: 379.50pt;\" width=\"506\">Matte\/glanzende laminering, spot UVDebossing, reli\u00ebfdruk, foliedruk enz.<\/td>\n<\/tr>\n<tr style=\"height: 17.25pt;\">\n<td class=\"et4\" style=\"height: 17.25pt; width: 379.50pt;\" width=\"506\" height=\"23\">Industrieel gebruik<\/td>\n<td class=\"et4\" style=\"width: 379.50pt;\" width=\"506\">cosmetica, parfum, kleding, sieraden, tabak, voedsel, geschenken en dagelijkse goederen,<\/td>\n<\/tr>\n<tr style=\"height: 34.50pt;\">\n<td class=\"et4\" style=\"height: 34.50pt; width: 379.50pt;\" width=\"506\" height=\"46\">Kwaliteitscontrole<\/td>\n<td class=\"et4\" style=\"width: 379.50pt;\" width=\"506\">Het geavanceerde Materiaal en het Ervaren QC Team zullen materiaal, halffabrikaten en ge\u00ebindigd - producten strikt in elke stap v\u00f3\u00f3r controleren<\/td>\n<\/tr>\n<tr style=\"height: 34.50pt;\">\n<td class=\"et4\" style=\"height: 34.50pt; width: 379.50pt;\" width=\"506\" height=\"46\">Prijs<\/td>\n<td class=\"et4\" style=\"width: 379.50pt;\" width=\"506\">De uiteindelijke prijs wordt afgestemd op je product en de hoeveelheid die je nodig hebt<\/td>\n<\/tr>\n<tr style=\"height: 16.50pt;\">\n<td class=\"et3\" style=\"height: 16.50pt;\" height=\"22\">Doorlooptijd<\/td>\n<td class=\"et3\">7-14 werkdagen , spoed<\/td>\n<\/tr>\n<tr style=\"height: 16.50pt;\">\n<td class=\"et3\" style=\"height: 16.50pt;\" height=\"22\">Papier<\/td>\n<td class=\"et3\">10pt tot 28pt (60lb tot 400lb) milieuvriendelijk kraft, e-flute golfkarton, bux board, cardstock<\/td>\n<\/tr>\n<tr style=\"height: 16.50pt;\">\n<td class=\"et3\" style=\"height: 16.50pt;\" height=\"22\">Bewijs<\/td>\n<td class=\"et3\">Platte weergave, 3D-mock-up, fysieke bemonstering (op aanvraag)<\/td>\n<\/tr>\n<\/tbody>\n<\/table>\n<\/div>\n<\/div>\n<\/div>\n<\/div>\n<\/div>\n<\/div>\n<\/div>\n<\/div>\n<\/div>\n<\/div>\n<div class=\"widget block block-static-block\">\n<div class=\"landing-page-section option-bottom\">\n<div class=\"custom-materials-tabs-content container container-adjustment\">\n<div class=\"custom-materials-tab-content active\">\n<div class=\"widget block block-static-block\">\n<div class=\"options-items\">\n<div class=\"flex-grid-row-option\">\n<div class=\"flex-grid-item-option\">\n<div class=\"material-box\">\n<p>&nbsp;<\/p>\n<\/div>\n<\/div>\n<\/div>\n<\/div>\n<p><!---end of option item--><\/p>\n<\/div>\n<\/div>\n<\/div>\n<\/div>\n<\/div>","protected":false},"excerpt":{"rendered":"<ul>\n<li>3 lagen doos structuur, kunt u uw product sets. 16 jaar ervaring met het aanpassen van dozen helpen je om je idee uit te laten komen.<\/li>\n<li>MOQ: 500 stuks<\/li>\n<li>Levertijd: 7-14 werkdagen, Rush<\/li>\n<li>Maatwerk in afmeting (diameter x hoogte)<\/li>\n<li>Aangepast afdrukken<\/li>\n<li>Milieuvriendelijk, recyclebaar en plasticvrij<\/li>\n<li>Prijs\uff1aDe uiteindelijke prijs wordt afgestemd op je product en de hoeveelheid die je nodig hebt<\/li>\n<\/ul>","protected":false},"featured_media":4538,"template":"","meta":[],"product_brand":[],"product_cat":[30,422,428,31],"product_tag":[720,722,721],"class_list":{"0":"post-4533","1":"product","2":"type-product","3":"status-publish","4":"has-post-thumbnail","6":"product_cat-by-industry","7":"product_cat-custom-gourmet-boxes-by-industry","8":"product_cat-irregular-shaped-gift-boxes","9":"product_cat-paper-box-style","10":"product_tag-3-layers-slider-box","11":"product_tag-box-factory-in-china","12":"product_tag-food-slider-ognizer-box","14":"first","15":"instock","16":"shipping-taxable","17":"product-type-grouped"},"_links":{"self":[{"href":"https:\/\/zojopackaging.com\/nl\/wp-json\/wp\/v2\/product\/4533","targetHints":{"allow":["GET"]}}],"collection":[{"href":"https:\/\/zojopackaging.com\/nl\/wp-json\/wp\/v2\/product"}],"about":[{"href":"https:\/\/zojopackaging.com\/nl\/wp-json\/wp\/v2\/types\/product"}],"version-history":[{"count":2,"href":"https:\/\/zojopackaging.com\/nl\/wp-json\/wp\/v2\/product\/4533\/revisions"}],"predecessor-version":[{"id":8426,"href":"https:\/\/zojopackaging.com\/nl\/wp-json\/wp\/v2\/product\/4533\/revisions\/8426"}],"wp:featuredmedia":[{"embeddable":true,"href":"https:\/\/zojopackaging.com\/nl\/wp-json\/wp\/v2\/media\/4538"}],"wp:attachment":[{"href":"https:\/\/zojopackaging.com\/nl\/wp-json\/wp\/v2\/media?parent=4533"}],"wp:term":[{"taxonomy":"product_brand","embeddable":true,"href":"https:\/\/zojopackaging.com\/nl\/wp-json\/wp\/v2\/product_brand?post=4533"},{"taxonomy":"product_cat","embeddable":true,"href":"https:\/\/zojopackaging.com\/nl\/wp-json\/wp\/v2\/product_cat?post=4533"},{"taxonomy":"product_tag","embeddable":true,"href":"https:\/\/zojopackaging.com\/nl\/wp-json\/wp\/v2\/product_tag?post=4533"}],"curies":[{"name":"wp","href":"https:\/\/api.w.org\/{rel}","templated":true}]}}