{"id":4666,"date":"2024-03-25T10:39:37","date_gmt":"2024-03-25T02:39:37","guid":{"rendered":"https:\/\/zojopackaging.com\/?post_type=product&#038;p=4666"},"modified":"2025-03-25T14:54:16","modified_gmt":"2025-03-25T06:54:16","slug":"custom-luxury-paper-packaging-bag","status":"publish","type":"product","link":"https:\/\/zojopackaging.com\/nl\/product\/custom-luxury-paper-packaging-bag\/","title":{"rendered":"Merk stijve luxe handvat geschenkdoos OEM dozen fabrikanten"},"content":{"rendered":"<h1 class=\"auto-hide-last-sibling-br paragraph-u1TS5p paragraph-element br-paragraph-space\">Aangepaste stijve luxe handvat geschenkdoos OEM dozen fabrikanten<\/h1>\n<div class=\"auto-hide-last-sibling-br paragraph-u1TS5p paragraph-element br-paragraph-space\">Ben je op zoek naar luxe bedrukte papieren tassen voor je winkel of voor een speciale gelegenheid? Kies dan voor onze luxe papieren tassen op maat. Luxe papieren tassen zijn de cr\u00e8me de la cr\u00e8me van papieren tassen en kunnen geheel naar wens worden samengesteld. Denk aan het formaat, het materiaal, de lussen of handvatten, een elegant sluitlint en de bedrukkingsmogelijkheden met luxe afwerkingen. Bedruk je liever ecologische luxe papieren tassen? Dan zijn luxe papieren tassen van ecologisch papier (bijvoorbeeld gerecycled papier of FSC\u00ae gecertificeerd papier) een goede optie. Bekijk hieronder alle opties van de luxe papieren tassen.<\/div>\n<div>\n<h1><strong>Specificatie<\/strong><\/h1>\n<table style=\"border-collapse: collapse; width: 759.02pt;\" border=\"0\" width=\"1012\" cellspacing=\"0\" cellpadding=\"0\">\n<tbody>\n<tr style=\"height: 16.50pt;\">\n<td class=\"et3\" style=\"height: 16.50pt; width: 379.50pt;\" width=\"506\" height=\"22\">Afmetingen<\/td>\n<td class=\"et3\" style=\"width: 379.50pt;\" width=\"506\">Alle aangepaste maten en vormen<\/td>\n<\/tr>\n<tr style=\"height: 16.50pt;\">\n<td class=\"et3\" style=\"height: 16.50pt;\" height=\"22\">Min.hoeveelheid<\/td>\n<td class=\"et3\">500st<\/td>\n<\/tr>\n<tr style=\"height: 16.50pt;\">\n<td class=\"et3\" style=\"height: 16.50pt;\" height=\"22\">Standaardproces<\/td>\n<td class=\"et3\">Stansen, lijmen, rillen, perforeren<\/td>\n<\/tr>\n<tr style=\"height: 16.50pt;\">\n<td class=\"et3\" style=\"height: 16.50pt;\" height=\"22\">Afdrukken<\/td>\n<td class=\"et3\">Cmyk, pms, geen afdrukken<\/td>\n<\/tr>\n<tr style=\"height: 16.50pt;\">\n<td class=\"et3\" style=\"height: 16.50pt;\" height=\"22\">Materiaal Optie<\/td>\n<td class=\"et3\">Wit kartonpapier, gecoat papier, kunstpapier, kraftpapier, ivoorkarton, duplexkarton, speciaal papier, enz.<\/td>\n<\/tr>\n<tr style=\"height: 17.25pt;\">\n<td class=\"et3\" style=\"height: 17.25pt;\" height=\"23\">Oppervlakteafwerking<\/td>\n<td class=\"et4\" style=\"width: 379.50pt;\" width=\"506\">Matte\/glanzende laminering, spot UVDebossing, reli\u00ebfdruk, foliedruk enz.<\/td>\n<\/tr>\n<tr style=\"height: 17.25pt;\">\n<td class=\"et4\" style=\"height: 17.25pt; width: 379.50pt;\" width=\"506\" height=\"23\">Industrieel gebruik<\/td>\n<td class=\"et4\" style=\"width: 379.50pt;\" width=\"506\">cosmetica, parfum, kleding, sieraden, tabak, voedsel, geschenken en dagelijkse goederen,<\/td>\n<\/tr>\n<tr style=\"height: 34.50pt;\">\n<td class=\"et4\" style=\"height: 34.50pt; width: 379.50pt;\" width=\"506\" height=\"46\">Kwaliteitscontrole<\/td>\n<td class=\"et4\" style=\"width: 379.50pt;\" width=\"506\">Het geavanceerde Materiaal en het Ervaren QC Team zullen materiaal, halffabrikaten en ge\u00ebindigd - producten strikt in elke stap v\u00f3\u00f3r controleren<\/td>\n<\/tr>\n<tr style=\"height: 34.50pt;\">\n<td class=\"et4\" style=\"height: 34.50pt; width: 379.50pt;\" width=\"506\" height=\"46\">Prijs<\/td>\n<td class=\"et4\" style=\"width: 379.50pt;\" width=\"506\">De uiteindelijke prijs wordt afgestemd op je product en de hoeveelheid die je nodig hebt<\/td>\n<\/tr>\n<tr style=\"height: 16.50pt;\">\n<td class=\"et3\" style=\"height: 16.50pt;\" height=\"22\">Doorlooptijd<\/td>\n<td class=\"et3\">7-14 werkdagen , spoed<\/td>\n<\/tr>\n<tr style=\"height: 16.50pt;\">\n<td class=\"et3\" style=\"height: 16.50pt;\" height=\"22\">Papier<\/td>\n<td class=\"et3\">10pt tot 28pt (60lb tot 400lb) milieuvriendelijk kraft, e-flute golfkarton, bux board, cardstock<\/td>\n<\/tr>\n<tr style=\"height: 16.50pt;\">\n<td class=\"et3\" style=\"height: 16.50pt;\" height=\"22\">Bewijs<\/td>\n<td class=\"et3\">Platte weergave, 3D-mock-up, fysieke bemonstering (op aanvraag)<\/td>\n<\/tr>\n<\/tbody>\n<\/table>\n<\/div>\n<h2 class=\"auto-hide-last-sibling-br paragraph-u1TS5p paragraph-element br-paragraph-space\">Belangrijkste kenmerken<\/h2>\n<ol class=\"auto-hide-last-sibling-br\">\n<li>Hoogwaardige materialen: Onze luxe tassen zijn gemaakt van papier van de beste kwaliteit en bieden een tactiele en visuele ervaring die weelde uitstraalt. Kies uit een selectie van hoogwaardige papiersoorten, waaronder opties met textuur, reli\u00ebf of coating, om een onderscheidende uitstraling te cre\u00ebren.<\/li>\n<li>Ingewikkelde details: Elk aspect van deze tassen is zorgvuldig ontworpen, van de precieze stiksels tot de delicate versieringen en accenten. Fijne embossing-, foliedruk- en debossingtechnieken kunnen worden gebruikt om diepte en textuur toe te voegen aan je merklogo of ontwerpelementen.<\/li>\n<li>Aangepaste vormen en maten: Stem de zakken af op uw specifieke eisen, zodat ze perfect passen bij uw producten. Of u nu een strakke rechthoekige vorm of een unieke aangepaste vorm nodig hebt, onze productiemogelijkheden bieden onbeperkte mogelijkheden.<\/li>\n<li>Interieurverbetering: Verwen je producten met een weelderig interieur. Opties zijn onder andere zachte stoffen voeringen, satijnen linten of aangepaste compartimenten voor extra bescherming en een luxe uitstraling.<\/li>\n<li>Branding opties: Maak een gedurfd statement met prominente merkplaatsing. Onze geavanceerde druktechnologie\u00ebn zorgen ervoor dat je logo, merkkleuren en berichtgeving nauwkeurig en duidelijk worden weergegeven, zodat ze een blijvende indruk maken op je klanten.<\/li>\n<li>Duurzaamheid en sterkte: Ondanks hun luxueuze uitstraling zijn onze tassen ontworpen om duurzaam en functioneel te zijn. Versterkte handvatten en een stevige constructie zorgen ervoor dat ze het gewicht van uw producten aankunnen en toch elegant blijven.<\/li>\n<\/ol>\n<h2 class=\"auto-hide-last-sibling-br paragraph-u1TS5p paragraph-element br-paragraph-space\">Bestelproces<\/h2>\n<div class=\"auto-hide-last-sibling-br paragraph-u1TS5p paragraph-element br-paragraph-space\">Ons toegewijde team van experts is er om je door het aanpassingsproces te begeleiden. Van de eerste conceptbesprekingen tot de uiteindelijke productie werken we nauw met u samen om uw visie tot leven te brengen. We bieden monsters en prototypes ter beoordeling en goedkeuring, zodat het eindproduct uw verwachtingen overtreft.<\/div>\n<h2 class=\"auto-hide-last-sibling-br paragraph-u1TS5p paragraph-element br-paragraph-space\">Levertijd<\/h2>\n<div class=\"auto-hide-last-sibling-br paragraph-u1TS5p paragraph-element br-paragraph-space\">Wij begrijpen het belang van tijdige levering om aan uw zakelijke behoeften te voldoen. Onze effici\u00ebnte productie- en logistieke systemen zorgen ervoor dat uw aangepaste luxe papieren verpakkingszakken binnen de afgesproken levertijd worden geleverd, zodat u ze naadloos kunt integreren in uw activiteiten.<\/div>\n<div class=\"widget block block-static-block\">\n<div class=\"landing-page-section option-bottom\">\n<div class=\"custom-materials-tabs-content container container-adjustment\">\n<div class=\"custom-materials-tab-content active\">\n<div class=\"widget block block-static-block\">\n<div class=\"options-items\">\n<div class=\"flex-grid-row-option\">\n<div class=\"flex-grid-item-option\">\n<div class=\"material-box\">\n<p>&nbsp;<\/p>\n<\/div>\n<\/div>\n<\/div>\n<\/div>\n<p><!---end of option item--><\/p>\n<\/div>\n<\/div>\n<\/div>\n<\/div>\n<\/div>","protected":false},"excerpt":{"rendered":"<p>-Uw doos zal zijn: Stijf, luxe, high-end, Branded<br \/>\n-Type materiaal: Milieuvriendelijk, heeft certificering van FSC, ISO, BSCI<br \/>\n-Aanpassing: Kan grootte\/bedrukking\/materiaal\/afwerking\/vorm etc. aanpassen.<br \/>\n-Productietijd: Monster 1-3 dagen; Bulk 7-9 dagen Verzendtijd: Druk 3-7 dagen uit; Lucht 12-16 dagen; Boot 25-30 dagen (de verschillende landen hebben verschillende tijden)<br \/>\n-Prijs: Neem contact met ons op om onderzoek te sturen<\/p>","protected":false},"featured_media":4669,"template":"","meta":[],"product_brand":[],"product_cat":[30,414,390,424,31],"product_tag":[615,280,613,614],"class_list":{"0":"post-4666","1":"product","2":"type-product","3":"status-publish","4":"has-post-thumbnail","6":"product_cat-by-industry","7":"product_cat-custom-apparel-boxes","8":"product_cat-custom-cosmetics-boxes","9":"product_cat-magnetic-closure-boxes","10":"product_cat-paper-box-style","11":"product_tag-brand-box","12":"product_tag-custom-rigid-boxes","13":"product_tag-handle-gift-box","14":"product_tag-oem-boxes-manufacturers","16":"first","17":"instock","18":"shipping-taxable","19":"product-type-grouped"},"_links":{"self":[{"href":"https:\/\/zojopackaging.com\/nl\/wp-json\/wp\/v2\/product\/4666","targetHints":{"allow":["GET"]}}],"collection":[{"href":"https:\/\/zojopackaging.com\/nl\/wp-json\/wp\/v2\/product"}],"about":[{"href":"https:\/\/zojopackaging.com\/nl\/wp-json\/wp\/v2\/types\/product"}],"version-history":[{"count":2,"href":"https:\/\/zojopackaging.com\/nl\/wp-json\/wp\/v2\/product\/4666\/revisions"}],"predecessor-version":[{"id":8213,"href":"https:\/\/zojopackaging.com\/nl\/wp-json\/wp\/v2\/product\/4666\/revisions\/8213"}],"wp:featuredmedia":[{"embeddable":true,"href":"https:\/\/zojopackaging.com\/nl\/wp-json\/wp\/v2\/media\/4669"}],"wp:attachment":[{"href":"https:\/\/zojopackaging.com\/nl\/wp-json\/wp\/v2\/media?parent=4666"}],"wp:term":[{"taxonomy":"product_brand","embeddable":true,"href":"https:\/\/zojopackaging.com\/nl\/wp-json\/wp\/v2\/product_brand?post=4666"},{"taxonomy":"product_cat","embeddable":true,"href":"https:\/\/zojopackaging.com\/nl\/wp-json\/wp\/v2\/product_cat?post=4666"},{"taxonomy":"product_tag","embeddable":true,"href":"https:\/\/zojopackaging.com\/nl\/wp-json\/wp\/v2\/product_tag?post=4666"}],"curies":[{"name":"wp","href":"https:\/\/api.w.org\/{rel}","templated":true}]}}