{"id":4672,"date":"2024-03-25T10:45:33","date_gmt":"2024-03-25T02:45:33","guid":{"rendered":"https:\/\/zojopackaging.com\/?post_type=product&#038;p=4672"},"modified":"2025-03-27T20:02:46","modified_gmt":"2025-03-27T12:02:46","slug":"alushee-corrugated-packaging-box","status":"publish","type":"product","link":"https:\/\/zojopackaging.com\/nl\/product\/alushee-corrugated-packaging-box\/","title":{"rendered":"Haarverwijdering Machine kraft golfkartonnen doos distributie"},"content":{"rendered":"<h1 class=\"self-content-pre-ca33f6\">Haarverwijdering Machine kraft golfkartonnen doos distributie<\/h1>\n<p>De Alushee Hair Removal Golfkartonnen Verpakkingsdoos is een gespecialiseerde verpakkingsoplossing die speciaal is ontworpen voor ontharingsproducten.<\/p>\n<p><strong>De belangrijkste kenmerken van de Alushee Hair Removal Golfkartonnen Verpakkingsdoos zijn onder andere:<\/strong><\/p>\n<ul>\n<li>Speciaal ontworpen voor ontharingsproducten, voor een perfecte pasvorm en optimale bescherming<\/li>\n<li>Duurzaam golfmateriaal dat stevig is en bestand tegen beschadiging<\/li>\n<li>Aanpasbare opties voor grootte, ontwerpdetails en branding om aan je specifieke behoeften te voldoen<\/li>\n<li>Ideaal voor het verpakken van ontharingscr\u00e8mes, waxkits, scheerapparaten en andere aanverwante producten<\/li>\n<li>Zorgt voor een professionele en samenhangende uitstraling van je ontharingsproductlijn.<\/li>\n<\/ul>\n<p>Of je nu een fabrikant van ontharingsproducten bent die op zoek is naar een betrouwbare verpakkingsoplossing of een winkelier die de presentatie van zijn ontharingsproducten wil verbeteren, de Alushee Hair Removal Golfkartonnen Verpakkingsdoos is de perfecte keuze.<\/p>\n<h1><strong>Specificatie<\/strong><\/h1>\n<table style=\"border-collapse: collapse; width: 759.02pt;\" border=\"0\" width=\"1012\" cellspacing=\"0\" cellpadding=\"0\">\n<tbody>\n<tr style=\"height: 16.50pt;\">\n<td class=\"et3\" style=\"height: 16.50pt; width: 379.50pt;\" width=\"506\" height=\"22\">Afmetingen<\/td>\n<td class=\"et3\" style=\"width: 379.50pt;\" width=\"506\">Alle aangepaste maten en vormen<\/td>\n<\/tr>\n<tr style=\"height: 16.50pt;\">\n<td class=\"et3\" style=\"height: 16.50pt;\" height=\"22\">Min.hoeveelheid<\/td>\n<td class=\"et3\">500 stuks<\/td>\n<\/tr>\n<tr style=\"height: 16.50pt;\">\n<td class=\"et3\" style=\"height: 16.50pt;\" height=\"22\">Standaardproces<\/td>\n<td class=\"et3\">Stansen, lijmen, rillen, perforeren<\/td>\n<\/tr>\n<tr style=\"height: 16.50pt;\">\n<td class=\"et3\" style=\"height: 16.50pt;\" height=\"22\">Afdrukken<\/td>\n<td class=\"et3\">Cmyk, pms, geen afdrukken<\/td>\n<\/tr>\n<tr style=\"height: 16.50pt;\">\n<td class=\"et3\" style=\"height: 16.50pt;\" height=\"22\">Materiaal Optie<\/td>\n<td class=\"et3\">Wit kartonpapier, gecoat papier, kunstpapier, kraftpapier, ivoorkarton, duplexkarton, speciaal papier, enz.<\/td>\n<\/tr>\n<tr style=\"height: 17.25pt;\">\n<td class=\"et3\" style=\"height: 17.25pt;\" height=\"23\">Oppervlakteafwerking<\/td>\n<td class=\"et4\" style=\"width: 379.50pt;\" width=\"506\">Matte\/glanzende laminering, spot UVDebossing, reli\u00ebfdruk, foliedruk enz.<\/td>\n<\/tr>\n<tr style=\"height: 17.25pt;\">\n<td class=\"et4\" style=\"height: 17.25pt; width: 379.50pt;\" width=\"506\" height=\"23\">Industrieel gebruik<\/td>\n<td class=\"et4\" style=\"width: 379.50pt;\" width=\"506\">cosmetica, parfum, kleding, sieraden, tabak, voedsel, geschenken en dagelijkse goederen,<\/td>\n<\/tr>\n<tr style=\"height: 34.50pt;\">\n<td class=\"et4\" style=\"height: 34.50pt; width: 379.50pt;\" width=\"506\" height=\"46\">Kwaliteitscontrole<\/td>\n<td class=\"et4\" style=\"width: 379.50pt;\" width=\"506\">Het geavanceerde Materiaal en het Ervaren QC Team zullen materiaal, halffabrikaten en ge\u00ebindigd - producten strikt in elke stap v\u00f3\u00f3r controleren<\/td>\n<\/tr>\n<tr style=\"height: 34.50pt;\">\n<td class=\"et4\" style=\"height: 34.50pt; width: 379.50pt;\" width=\"506\" height=\"46\">Prijs<\/td>\n<td class=\"et4\" style=\"width: 379.50pt;\" width=\"506\">De uiteindelijke prijs wordt afgestemd op je product en de hoeveelheid die je nodig hebt<\/td>\n<\/tr>\n<tr style=\"height: 16.50pt;\">\n<td class=\"et3\" style=\"height: 16.50pt;\" height=\"22\">Doorlooptijd<\/td>\n<td class=\"et3\">7-14 werkdagen , spoed<\/td>\n<\/tr>\n<tr style=\"height: 16.50pt;\">\n<td class=\"et3\" style=\"height: 16.50pt;\" height=\"22\">Papier<\/td>\n<td class=\"et3\">10pt tot 28pt (60lb tot 400lb) milieuvriendelijk kraft, e-flute golfkarton, bux board, cardstock<\/td>\n<\/tr>\n<tr style=\"height: 16.50pt;\">\n<td class=\"et3\" style=\"height: 16.50pt;\" height=\"22\">Bewijs<\/td>\n<td class=\"et3\">Platte weergave, 3D-mock-up, fysieke bemonstering (op aanvraag)<\/td>\n<\/tr>\n<\/tbody>\n<\/table>\n<div class=\"widget block block-static-block\">\n<div class=\"landing-page-section option-bottom\">\n<div class=\"custom-materials-tabs-content container container-adjustment\">\n<div class=\"custom-materials-tab-content active\">\n<div class=\"widget block block-static-block\">\n<div class=\"options-items\">\n<div class=\"flex-grid-row-option\">\n<div class=\"flex-grid-item-option\">\n<div class=\"material-box\">\n<div class=\"material-des\">\n<p>&nbsp;<\/p>\n<\/div>\n<p>&nbsp;<\/p>\n<\/div>\n<\/div>\n<\/div>\n<\/div>\n<p><!---end of option item--><\/p>\n<\/div>\n<\/div>\n<\/div>\n<\/div>\n<\/div>","protected":false},"excerpt":{"rendered":"<p>-Uw box zal zijn: Voordelig, duurzaam, stevig, opvouwbaar.<br \/>\n-Type materiaal: Milieuvriendelijk, heeft certificering van FSC, ISO, BSCI<br \/>\n-Aanpassing: Kan grootte\/bedrukking\/materiaal\/afwerking\/vorm etc. aanpassen.<br \/>\n-Productietijd: Monster 1-3 dagen; Bulk 7-9 dagen Verzendtijd: Druk 3-7 dagen uit; Lucht 12-16 dagen; Boot 25-30 dagen (de verschillende landen hebben verschillende tijden)<br \/>\n-Prijs: Neem contact met ons op om onderzoek te sturen<\/p>","protected":false},"featured_media":4676,"template":"","meta":[],"product_brand":[],"product_cat":[30,413,31,433],"product_tag":[611,612,610,243],"class_list":{"0":"post-4672","1":"product","2":"type-product","3":"status-publish","4":"has-post-thumbnail","6":"product_cat-by-industry","7":"product_cat-consumer-electronics-boxes","8":"product_cat-paper-box-style","9":"product_cat-shipping-mailer-boxes","10":"product_tag-hair-removal-machine-box","11":"product_tag-kraft-corrugated-box","12":"product_tag-mailer-box-distribution","13":"product_tag-paper-box-manufacturer","15":"first","16":"instock","17":"shipping-taxable","18":"product-type-grouped"},"_links":{"self":[{"href":"https:\/\/zojopackaging.com\/nl\/wp-json\/wp\/v2\/product\/4672","targetHints":{"allow":["GET"]}}],"collection":[{"href":"https:\/\/zojopackaging.com\/nl\/wp-json\/wp\/v2\/product"}],"about":[{"href":"https:\/\/zojopackaging.com\/nl\/wp-json\/wp\/v2\/types\/product"}],"version-history":[{"count":2,"href":"https:\/\/zojopackaging.com\/nl\/wp-json\/wp\/v2\/product\/4672\/revisions"}],"predecessor-version":[{"id":8212,"href":"https:\/\/zojopackaging.com\/nl\/wp-json\/wp\/v2\/product\/4672\/revisions\/8212"}],"wp:featuredmedia":[{"embeddable":true,"href":"https:\/\/zojopackaging.com\/nl\/wp-json\/wp\/v2\/media\/4676"}],"wp:attachment":[{"href":"https:\/\/zojopackaging.com\/nl\/wp-json\/wp\/v2\/media?parent=4672"}],"wp:term":[{"taxonomy":"product_brand","embeddable":true,"href":"https:\/\/zojopackaging.com\/nl\/wp-json\/wp\/v2\/product_brand?post=4672"},{"taxonomy":"product_cat","embeddable":true,"href":"https:\/\/zojopackaging.com\/nl\/wp-json\/wp\/v2\/product_cat?post=4672"},{"taxonomy":"product_tag","embeddable":true,"href":"https:\/\/zojopackaging.com\/nl\/wp-json\/wp\/v2\/product_tag?post=4672"}],"curies":[{"name":"wp","href":"https:\/\/api.w.org\/{rel}","templated":true}]}}