{"id":5697,"date":"2024-05-10T11:01:37","date_gmt":"2024-05-10T03:01:37","guid":{"rendered":"https:\/\/zojopackaging.com\/?post_type=product&#038;p=5697"},"modified":"2025-03-24T11:53:28","modified_gmt":"2025-03-24T03:53:28","slug":"custom-pizza-packaging-box","status":"publish","type":"product","link":"https:\/\/zojopackaging.com\/nl\/product\/custom-pizza-packaging-box\/","title":{"rendered":"China Premium aangepaste afgedrukte kraft pizzadozen groothandel"},"content":{"rendered":"<h1>China Premium aangepaste afgedrukte kraft pizzadozen groothandel<\/h1>\n<p><strong>Milieuvriendelijke aangepaste voedselverpakkingen<\/strong><\/p>\n<div class=\"auto-hide-last-sibling-br paragraph-ae1685 br-paragraph-space\" data-sider-select-id=\"3048e002-9888-4134-9a86-1328e88ae0c7\">\n<p>Ontdek ons uitzonderlijke assortiment aangepaste verpakkingsdozen voor levensmiddelen, speciaal ontworpen om te voldoen aan de uiteenlopende behoeften van uw bedrijf. Onze aangepaste dozen zijn een perfecte mix van functionaliteit en creativiteit.<br \/>\nDeze verpakkingsdozen zijn gemaakt met nauwgezette aandacht voor detail, zodat ze van superieure kwaliteit en duurzaamheid zijn. Ze worden op maat gemaakt volgens uw exacte specificaties en passen naadloos om uw voedingsproducten, zodat ze optimaal worden beschermd en gepresenteerd.<\/p>\n<p>Met een reeks aanpasbare opties kunt u het ontwerp, de kleur, het formaat en de bedrukking van de dozen aanpassen aan uw merkidentiteit. Of je nu een elegante, moderne of unieke verpakking nodig hebt, wij hebben de oplossingen voor jou.<\/p>\n<p>Bij ZOJO Print bieden we een breed scala aan aangepaste verpakkingsopties voor levensmiddelen die voldoen aan de behoeften van verschillende bedrijven. Onze producten zijn gemaakt van hoogwaardige materialen en kunnen worden aangepast aan uw wensen. Dus of je nu een verpakking nodig hebt voor je restaurant, foodtruck of cateringbedrijf, bij ons ben je aan het juiste adres.<\/p>\n<p><strong>Assortiment voedselverpakkingen op maat<\/strong><br \/>\nZOJO Print biedt een reeks verschillende op maat gemaakte voedselverpakkingen voor uw producten. Ze zijn allemaal gemaakt van voedselveilig Delipac\u00a9 karton (met uitzondering van de Doypacks) en kunnen worden aangepast met uw afbeeldingen. Hier volgt een korte samenvatting, maar u kunt de volledige informatie vinden op de afzonderlijke pagina's.<\/p>\n<ul>\n<li>Voedselcontainers: verkrijgbaar in vier formaten, ze zijn ideaal voor voedingsmiddelen zoals popcorn en chips dankzij hun vorm en ze zijn olie- en vetbestendig<\/li>\n<li>Voedseldozen met klapdeksel: als je je producten wilt beschermen, zijn deze dozen dankzij het gebruiksvriendelijke deksel ideaal voor allerlei artikelen, met name streetfood en afhaalmaaltijden.<\/li>\n<li>Deluxe voedseldozen: deze hebben een verfijnde uitstraling dankzij hun interessante vorm en opvallende sluitingen. Kies uit de lint- of hengselsluiting en verschillende formaten<\/li>\n<li>Brooddoosjes: deze doosjes zijn ontworpen om broodjes, croissants en andere bakkerijproducten in te bewaren, ze te beschermen en warm te houden. Hun langwerpige vorm voorkomt dat het voedsel wordt geplet.<\/li>\n<li>Doypacks: stazakken in vier verschillende materialen om voedingsproducten te beschermen en te bewaren. Optionele laminering, rits en ophanggat.<\/li>\n<\/ul>\n<p><strong>Kartonnen aangepaste verpakking voor levensmiddelen<\/strong><br \/>\nOnze gepersonaliseerde voedselverpakkingen zijn gemaakt van een speciaal karton genaamd Delipac\u00a9, met een aantal eigenschappen die het onderscheiden van andere materialen:<\/p>\n<ul>\n<li>Het heeft een coating op waterbasis die het extreem olie- en vetbestendig maakt<\/li>\n<li>Kan zonder problemen in de vriezer of magnetron<\/li>\n<li>Het biedt het voedsel een goede warmte-isolatie<\/li>\n<li>Het is bestand tegen inktmigratie<\/li>\n<\/ul>\n<p>Bovendien gebruiken we inkt met een lage migratie in onze printers bij het op maat maken van de bedrukte voedselverpakking, om elke kans op besmetting van de voedingsmiddelen te vermijden. Deze componenten zijn ook in het laboratorium getest om hun veiligheid te garanderen.<\/p>\n<p><strong>Milieuvriendelijke aangepaste voedselverpakkingen<\/strong><\/p>\n<p>Onze gepersonaliseerde voedselverpakkingen zijn een milieuvriendelijke oplossing voor uw levensmiddelenbedrijf. Tegenwoordig worden duurzaamheid en het maken van milieuvriendelijke keuzes steeds belangrijker en het is iets waar klanten op letten wanneer ze beslissen bij welke bedrijven ze kopen. Daarom kunnen onze milieuvriendelijke voedselverpakkingen waarde toevoegen aan uw bedrijf. Het heeft de volgende eigenschappen:<\/p>\n<ul>\n<li>Biologisch afbreekbaar<\/li>\n<li>Composteerbaar<\/li>\n<li>Recycleerbaar<\/li>\n<\/ul>\n<p><strong>Aangepaste voedselverpakkingen bestellen<\/strong><\/p>\n<p>Het is eenvoudig om gepersonaliseerde voedselverpakkingen te bestellen bij ZOJO Print. Kies gewoon welke productstijl het beste bij je past en ga naar de desbetreffende pagina. Daar vind je een stap-voor-stap bestelformulier om je door het proces te leiden. Selecteer de gewenste aanpassingsopties, zoals formaat, materiaal, enz. en er wordt automatisch een gratis offerte weergegeven.<\/p>\n<p>Kies uit een reeks prijzen en leveringsopties die aan je wensen voldoen en stuur ons vervolgens je kunstwerk. Als je problemen of vragen hebt, aarzel dan niet om contact met ons op te nemen.<\/p>\n<\/div>\n<h1><strong>Specificatie<\/strong><\/h1>\n<div class=\"widget block block-static-block\">\n<div class=\"landing-page-section option-bottom\">\n<div class=\"custom-materials-tabs-content container container-adjustment\">\n<div class=\"custom-materials-tab-content active\">\n<div class=\"widget block block-static-block\">\n<div class=\"options-items\">\n<div class=\"flex-grid-row-option\">\n<div class=\"flex-grid-item-option\">\n<div class=\"material-box\">\n<div class=\"material-des\">\n<table style=\"height: 666px;\" width=\"1070\">\n<tbody>\n<tr>\n<td width=\"373\">Afmetingen<\/td>\n<td width=\"373\">Alle aangepaste maten en vormen<\/td>\n<\/tr>\n<tr>\n<td width=\"373\">MOQ<\/td>\n<td width=\"373\">500st<\/td>\n<\/tr>\n<tr>\n<td width=\"373\">Steekproeftijd<\/td>\n<td width=\"373\">3-5 dagen<\/td>\n<\/tr>\n<tr>\n<td width=\"373\">Standaardproces<\/td>\n<td width=\"373\">Stansen, lijmen, rillen, perforeren<\/td>\n<\/tr>\n<tr>\n<td width=\"373\">Afdrukken<\/td>\n<td width=\"373\">Cmyk, pms, geen afdrukken<\/td>\n<\/tr>\n<tr>\n<td width=\"373\">Materiaal Optie<\/td>\n<td width=\"373\">Wit kartonpapier, gecoat papier, kunstpapier, kraftpapier, ivoorkarton, duplexkarton, speciaal papier, enz.<\/td>\n<\/tr>\n<tr>\n<td width=\"373\">Oppervlakteafwerking<\/td>\n<td width=\"373\">Matte\/glanzende laminering, spot UVDebossing, reli\u00ebfdruk, foliedruk enz.<\/td>\n<\/tr>\n<tr>\n<td width=\"373\">Industrieel gebruik<\/td>\n<td width=\"373\">cosmetica, parfum, kleding, sieraden, tabak, voedsel, geschenken en dagelijkse goederen,<\/td>\n<\/tr>\n<tr>\n<td width=\"373\">Kwaliteitscontrole<\/td>\n<td width=\"373\">Het geavanceerde Materiaal en het Ervaren QC Team zullen materiaal, halffabrikaten en ge\u00ebindigd - producten strikt in elke stap v\u00f3\u00f3r controleren<\/td>\n<\/tr>\n<tr>\n<td width=\"373\">Prijs<\/td>\n<td width=\"373\">De uiteindelijke prijs wordt afgestemd op je product en de hoeveelheid die je nodig hebt<\/td>\n<\/tr>\n<tr>\n<td width=\"373\">Doorlooptijd<\/td>\n<td width=\"373\">7-14 werkdagen , spoed<\/td>\n<\/tr>\n<tr>\n<td width=\"373\">Papier<\/td>\n<td width=\"373\">10pt tot 28pt (60lb tot 400lb) milieuvriendelijk kraft, e-flute golfkarton, bux board, cardstock<\/td>\n<\/tr>\n<tr>\n<td width=\"373\">Formaat kunstwerk<\/td>\n<td width=\"373\">JPG, PDF, AI, CDR, EPS, GIF....<\/td>\n<\/tr>\n<tr>\n<td width=\"373\">Accessoires<\/td>\n<td width=\"373\">Magneet, lint, EVA-vorm, plastic dienblad, spons, PVC\/PET\/PP...<\/td>\n<\/tr>\n<tr>\n<td width=\"373\">Betalingstermijn<\/td>\n<td width=\"373\">T\/T, Western Union, Paypal, 30% aanbetaling en 70% saldo v\u00f3\u00f3r verzending.<\/td>\n<\/tr>\n<\/tbody>\n<\/table>\n<\/div>\n<p>&nbsp;<\/p>\n<\/div>\n<\/div>\n<\/div>\n<\/div>\n<p><!---end of option item--><\/p>\n<\/div>\n<\/div>\n<\/div>\n<\/div>\n<\/div>","protected":false},"excerpt":{"rendered":"<p>Vouwbare kraftpapier pizzadozen rechtstreeks geleverd door Chinese fabrieken, ondersteuning onbeperkt formaat maatwerk, food-grade verpakkingsontwerp, handig vervoer en ruimtebesparend.<\/p>","protected":false},"featured_media":6705,"template":"","meta":[],"product_brand":[],"product_cat":[30,422,31,433],"product_tag":[532,533,531],"class_list":{"0":"post-5697","1":"product","2":"type-product","3":"status-publish","4":"has-post-thumbnail","6":"product_cat-by-industry","7":"product_cat-custom-gourmet-boxes-by-industry","8":"product_cat-paper-box-style","9":"product_cat-shipping-mailer-boxes","10":"product_tag-kraft-pizza-boxes","11":"product_tag-pizza-boxes-wholesale","12":"product_tag-premium-pizza-boxes","14":"first","15":"instock","16":"shipping-taxable","17":"product-type-grouped"},"_links":{"self":[{"href":"https:\/\/zojopackaging.com\/nl\/wp-json\/wp\/v2\/product\/5697","targetHints":{"allow":["GET"]}}],"collection":[{"href":"https:\/\/zojopackaging.com\/nl\/wp-json\/wp\/v2\/product"}],"about":[{"href":"https:\/\/zojopackaging.com\/nl\/wp-json\/wp\/v2\/types\/product"}],"version-history":[{"count":3,"href":"https:\/\/zojopackaging.com\/nl\/wp-json\/wp\/v2\/product\/5697\/revisions"}],"predecessor-version":[{"id":8093,"href":"https:\/\/zojopackaging.com\/nl\/wp-json\/wp\/v2\/product\/5697\/revisions\/8093"}],"wp:featuredmedia":[{"embeddable":true,"href":"https:\/\/zojopackaging.com\/nl\/wp-json\/wp\/v2\/media\/6705"}],"wp:attachment":[{"href":"https:\/\/zojopackaging.com\/nl\/wp-json\/wp\/v2\/media?parent=5697"}],"wp:term":[{"taxonomy":"product_brand","embeddable":true,"href":"https:\/\/zojopackaging.com\/nl\/wp-json\/wp\/v2\/product_brand?post=5697"},{"taxonomy":"product_cat","embeddable":true,"href":"https:\/\/zojopackaging.com\/nl\/wp-json\/wp\/v2\/product_cat?post=5697"},{"taxonomy":"product_tag","embeddable":true,"href":"https:\/\/zojopackaging.com\/nl\/wp-json\/wp\/v2\/product_tag?post=5697"}],"curies":[{"name":"wp","href":"https:\/\/api.w.org\/{rel}","templated":true}]}}