{"id":6279,"date":"2024-06-27T15:38:52","date_gmt":"2024-06-27T07:38:52","guid":{"rendered":"https:\/\/zojopackaging.com\/?post_type=product&#038;p=6279"},"modified":"2025-03-27T20:55:02","modified_gmt":"2025-03-27T12:55:02","slug":"luxury-lid-and-base-box","status":"publish","type":"product","link":"https:\/\/zojopackaging.com\/nl\/product\/luxury-lid-and-base-box\/","title":{"rendered":"Premium Smart horloge verpakking stijve doos uit China fabriek"},"content":{"rendered":"<h1 id=\"customized-lid-and-base-box-an-excellent-packaging-tailored-for-your-products\" class=\"header-_3c730 auto-hide-last-sibling-br\">Premium Smart horloge verpakking stijve doos vorm China fabriek<\/h1>\n<div class=\"auto-hide-last-sibling-br paragraph-ae1685 br-paragraph-space\">In dit tijdperk van streven naar kwaliteit en individualiteit kan een uitstekende verpakking uw producten laten opvallen tussen de vele concurrenten. We zijn er trots op dat we u de op maat gemaakte deksel- en bodemdoos kunnen aanbevelen. Dit is een uitstekende verpakkingsoplossing die uitstekend vakmanschap, een innovatief ontwerp en persoonlijke aanpassingen integreert.<\/div>\n<div>\n<h1><strong>Specificatie<\/strong><\/h1>\n<table style=\"height: 683px;\" width=\"999\">\n<tbody>\n<tr>\n<td width=\"373\">Afmetingen<\/td>\n<td width=\"373\">Alle aangepaste maten en vormen<\/td>\n<\/tr>\n<tr>\n<td width=\"373\">MOQ<\/td>\n<td width=\"373\">500st<\/td>\n<\/tr>\n<tr>\n<td width=\"373\">Steekproeftijd<\/td>\n<td width=\"373\">\u00a03-5 dagen<\/td>\n<\/tr>\n<tr>\n<td width=\"373\">Standaardproces<\/td>\n<td width=\"373\">Stansen, lijmen, rillen, perforeren<\/td>\n<\/tr>\n<tr>\n<td width=\"373\">Afdrukken<\/td>\n<td width=\"373\">Cmyk, pms, geen afdrukken<\/td>\n<\/tr>\n<tr>\n<td width=\"373\">Materiaal Optie<\/td>\n<td width=\"373\">Wit kartonpapier, gecoat papier, kunstpapier, kraftpapier, ivoorkarton, duplexkarton, speciaal papier, enz.<\/td>\n<\/tr>\n<tr>\n<td width=\"373\">Oppervlakteafwerking<\/td>\n<td width=\"373\">Matte\/glanzende laminering, spot UVDebossing, reli\u00ebfdruk, foliedruk enz.<\/td>\n<\/tr>\n<tr>\n<td width=\"373\">Industrieel gebruik<\/td>\n<td width=\"373\">cosmetica, parfum, kleding, sieraden, tabak, voedsel, geschenken en dagelijkse goederen,<\/td>\n<\/tr>\n<tr>\n<td width=\"373\">Kwaliteitscontrole<\/td>\n<td width=\"373\">Het geavanceerde Materiaal en het Ervaren QC Team zullen materiaal, halffabrikaten en ge\u00ebindigd - producten strikt in elke stap v\u00f3\u00f3r controleren<\/td>\n<\/tr>\n<tr>\n<td width=\"373\">Prijs<\/td>\n<td width=\"373\">De uiteindelijke prijs wordt afgestemd op je product en de hoeveelheid die je nodig hebt<\/td>\n<\/tr>\n<tr>\n<td width=\"373\">Doorlooptijd<\/td>\n<td width=\"373\">7-14 werkdagen , spoed<\/td>\n<\/tr>\n<tr>\n<td width=\"373\">Papier<\/td>\n<td width=\"373\">10pt tot 28pt (60lb tot 400lb) milieuvriendelijk kraft, e-flute golfkarton, bux board, cardstock<\/td>\n<\/tr>\n<tr>\n<td width=\"373\">Formaat kunstwerk<\/td>\n<td width=\"373\">JPG, PDF, AI, CDR, EPS, GIF....<\/td>\n<\/tr>\n<tr>\n<td width=\"373\">Accessoires<\/td>\n<td width=\"373\">Magneet, lint, EVA-vorm, plastic dienblad, spons, PVC\/PET\/PP...<\/td>\n<\/tr>\n<tr>\n<td width=\"373\">Betalingstermijn<\/td>\n<td width=\"373\">T\/T, Western Union, Paypal, 30% aanbetaling en 70% saldo v\u00f3\u00f3r verzending.<\/td>\n<\/tr>\n<\/tbody>\n<\/table>\n<\/div>\n<h2 id=\"exquisite-craftsmanship\" class=\"header-_3c730 auto-hide-last-sibling-br\">Uitmuntend vakmanschap<\/h2>\n<ol class=\"auto-hide-last-sibling-br\">\n<li>We selecteren materialen van hoge kwaliteit, zoals sterk karton, milieuvriendelijk golfkarton en luxueus kunstpapier, om ervoor te zorgen dat de doos een uitstekende duurzaamheid en textuur heeft.<\/li>\n<li>We gebruiken geavanceerde druktechnieken. Of het nu gaat om prachtige kleurendruk, realistisch reli\u00ebf of prachtige goud-\/zilverstempeling, alles voegt unieke charme toe aan je doos.<\/li>\n<li>Nauwkeurige stans- en vouwtechnieken maken de randen van het deksel en de basisdoos netjes en glad, en het openen en sluiten soepel, met een onge\u00ebvenaarde delicatesse.<\/li>\n<\/ol>\n<h2 id=\"innovative-design\" class=\"header-_3c730 auto-hide-last-sibling-br\">Innovatief ontwerp<\/h2>\n<ol class=\"auto-hide-last-sibling-br\">\n<li>Ons professionele ontwerpteam zal een uniek deksel- en basisdoosontwerp voor je maken op basis van je productkenmerken en merkimago.<\/li>\n<li>Van de vorm en grootte van de doos tot de interne structuur, alles wordt zorgvuldig gepland om ervoor te zorgen dat je product er perfect in past en het beste display-effect krijgt.<\/li>\n<li>Innovatieve openings- en sluitingsmethoden en verborgen structuren zorgen voor een verrassende gebruikservaring en verhogen de toegevoegde waarde van het product.<\/li>\n<\/ol>\n<h2 id=\"personalized-customization\" class=\"header-_3c730 auto-hide-last-sibling-br\">Persoonlijke aanpassingen<\/h2>\n<ol class=\"auto-hide-last-sibling-br\">\n<li>Je kunt elementen zoals de kleur, het patroon en de tekst van de doos vrij kiezen en er perfect je merklogo, productinformatie of gepersonaliseerde elementen in integreren.<\/li>\n<li>We bieden ook verschillende materiaal- en oppervlaktebehandelingsopties, zoals mat, glanzend en mat, zodat je doos een kenmerkende stijl kan uitstralen.<\/li>\n<li>Of het nu gaat om een kleine batch gepersonaliseerd maatwerk of een grootschalige massaproductie, wij kunnen aan uw eisen voldoen en u flexibele maatwerkservices bieden.<\/li>\n<\/ol>\n<h2 id=\"wide-application\" class=\"header-_3c730 auto-hide-last-sibling-br\">Brede toepassing<\/h2>\n<div class=\"auto-hide-last-sibling-br paragraph-ae1685 br-paragraph-space\">De aangepaste deksel en basisdoos is geschikt voor meerdere industrie\u00ebn en producten, zoals:<\/div>\n<ol class=\"auto-hide-last-sibling-br\">\n<li>Sieraden: Zorg voor een veilige en prachtige verpakking voor kostbare sieraden om de edele kwaliteit ervan te benadrukken.<\/li>\n<li>Elektronische producten: Bescherm elektronische producten effectief en toon tegelijkertijd een gevoel voor technologie en mode.<\/li>\n<li>Cosmetica: Verbeter de kwaliteit van cosmetica en trek de aandacht van de consument.<\/li>\n<li>Geschenken: Als een zorgvuldig voorbereide geschenkverpakking, breng je diepe genegenheid over.<\/li>\n<\/ol>\n<h2 id=\"quality-service\" class=\"header-_3c730 auto-hide-last-sibling-br\">Kwaliteit<\/h2>\n<ol class=\"auto-hide-last-sibling-br\">\n<li>Van advies, ontwerp tot productie en levering, wij bieden je een one-stop-service om ervoor te zorgen dat het hele aanpassingsproces soepel en zorgeloos verloopt.<\/li>\n<li>Ons strenge kwaliteitscontrolesysteem zorgt ervoor dat elk deksel en elke basisdoos aan hoge kwaliteitsnormen voldoen.<\/li>\n<li>We beloven tijdige levering om ervoor te zorgen dat je producten op tijd op de markt kunnen worden gebracht en dat je de kansen op de markt kunt grijpen.<\/li>\n<\/ol>\n<div class=\"auto-hide-last-sibling-br paragraph-ae1685 br-paragraph-space\">Kies voor onze op maat gemaakte deksel- en bodemdoos. Het is alsof je je producten in een prachtige jas hult, waardoor ze de aandacht van de consument trekken en de merkwaarde verhogen.<\/div>\n<div class=\"widget block block-static-block\">\n<div class=\"landing-page-section option-bottom\">\n<div class=\"custom-materials-tabs-content container container-adjustment\">\n<div class=\"custom-materials-tab-content active\">\n<div class=\"widget block block-static-block\">\n<p><!---end of option item--><\/p>\n<\/div>\n<\/div>\n<\/div>\n<\/div>\n<\/div>","protected":false},"excerpt":{"rendered":"<p>Aangepaste slimme horloge deksel en basis dozen ondersteunen full-size gepersonaliseerd ontwerp en voering structuur die nauwkeurig overeenkomt met producteigenschappen. Het matte lamineerproces in de Chinese fabriek wordt gecombineerd met de vijf-kleuren high-definition printtechnologie om een kleurafwijking van nul te garanderen en hoogwaardige verpakkingsoplossingen voor elektronische consumentenproducten te cre\u00ebren.<\/p>","protected":false},"featured_media":6282,"template":"","meta":[],"product_brand":[],"product_cat":[30,413,425,31],"product_tag":[543,545,544],"class_list":{"0":"post-6279","1":"product","2":"type-product","3":"status-publish","4":"has-post-thumbnail","6":"product_cat-by-industry","7":"product_cat-consumer-electronics-boxes","8":"product_cat-lid-and-base-gift-box","9":"product_cat-paper-box-style","10":"product_tag-premium-smart-watch-packaging","11":"product_tag-smart-watch-box-factory","12":"product_tag-smart-watch-packaging","14":"first","15":"instock","16":"shipping-taxable","17":"product-type-grouped"},"_links":{"self":[{"href":"https:\/\/zojopackaging.com\/nl\/wp-json\/wp\/v2\/product\/6279","targetHints":{"allow":["GET"]}}],"collection":[{"href":"https:\/\/zojopackaging.com\/nl\/wp-json\/wp\/v2\/product"}],"about":[{"href":"https:\/\/zojopackaging.com\/nl\/wp-json\/wp\/v2\/types\/product"}],"version-history":[{"count":2,"href":"https:\/\/zojopackaging.com\/nl\/wp-json\/wp\/v2\/product\/6279\/revisions"}],"predecessor-version":[{"id":8097,"href":"https:\/\/zojopackaging.com\/nl\/wp-json\/wp\/v2\/product\/6279\/revisions\/8097"}],"wp:featuredmedia":[{"embeddable":true,"href":"https:\/\/zojopackaging.com\/nl\/wp-json\/wp\/v2\/media\/6282"}],"wp:attachment":[{"href":"https:\/\/zojopackaging.com\/nl\/wp-json\/wp\/v2\/media?parent=6279"}],"wp:term":[{"taxonomy":"product_brand","embeddable":true,"href":"https:\/\/zojopackaging.com\/nl\/wp-json\/wp\/v2\/product_brand?post=6279"},{"taxonomy":"product_cat","embeddable":true,"href":"https:\/\/zojopackaging.com\/nl\/wp-json\/wp\/v2\/product_cat?post=6279"},{"taxonomy":"product_tag","embeddable":true,"href":"https:\/\/zojopackaging.com\/nl\/wp-json\/wp\/v2\/product_tag?post=6279"}],"curies":[{"name":"wp","href":"https:\/\/api.w.org\/{rel}","templated":true}]}}