{"id":6908,"date":"2024-07-19T10:13:11","date_gmt":"2024-07-19T02:13:11","guid":{"rendered":"https:\/\/zojopackaging.com\/?post_type=product&#038;p=6908"},"modified":"2025-03-23T23:27:25","modified_gmt":"2025-03-23T15:27:25","slug":"custom-cardboard-gift-perfume-box","status":"publish","type":"product","link":"https:\/\/zojopackaging.com\/nl\/product\/custom-cardboard-gift-perfume-box\/","title":{"rendered":"Aangepaste afgedrukt parfum geur verpakking dozen groothandel"},"content":{"rendered":"<h1>Aangepaste afgedrukt parfum geur verpakking dozen groothandel<\/h1>\n<p>Allerlei maten en vormen voor je creatieve idee\u00ebn en specifieke parfumproducten. Gebruik kartonnen parfumdoosjes om je merkidentiteit te versterken.<\/p>\n<h1>Harde kartonnen doos Fabrikant in China<\/h1>\n<p>Hongyi is al meer dan 13 jaar actief in de productie van kartonnen dozen en heeft veel cruciale mijlpalen bereikt die ons bedrijf hebben gevormd. Nu zijn we een van de toonaangevende fabrikanten en leveranciers van kartonnen parfumdozen, stevige dozen, geschenkdozen en cosmetische dozen.<\/p>\n<p>We ontwerpen, drukken en produceren kartonnen doosjes voor de groothandel met een minimumbestelling van 3.000 stuks. Onze vakkundige ambachtslieden hebben altijd nauw samengewerkt met klanten, zodat we alleen luxe parfumdoosjes van hoge kwaliteit en op maat kunnen produceren.<\/p>\n<h1>Waarom kartonnen doosontwerpen aanpassen voor je merk<\/h1>\n<p>Waarom is een aangepaste stevige kartonnen doos voor uw merk essentieel? Hier zijn de redenen waarom:<\/p>\n<p><strong>Het beschermt je product echt.<\/strong><br \/>\nOmdat er geen standaarddoos bestaat, is het cruciaal om te weten wat de waarde is van een doos op maat. Het ideale doosformaat voor je product is je eerste verdedigingslinie om je producten, zoals parfum en cosmetica, te beschermen.<\/p>\n<p><strong>Het zal nieuwe klanten aantrekken.<\/strong><br \/>\nEen op maat gemaakte kartonnen doos kan nieuwe klanten aantrekken omdat ze het ontwerp en de structuur uniek zullen vinden, alsof het alleen voor jouw merk is gemaakt.<\/p>\n<p><strong>Het kan je merkimago opbouwen.<\/strong><br \/>\nKlanten vinden kartonnen dozen met aangepaste bedrukking trendy, plus ze kunnen je merk een handtekening geven. Vergeet niet dat consumenten vertrouwen op dit soort visuals die een blijvende merkimpressie achterlaten.<\/p>\n<h1>Specificaties<\/h1>\n<table style=\"border-collapse: collapse; width: 759.02pt;\" border=\"0\" width=\"1012\" cellspacing=\"0\" cellpadding=\"0\">\n<tbody>\n<tr style=\"height: 16.50pt;\">\n<td class=\"et3\" style=\"height: 16.50pt; width: 379.50pt;\" width=\"506\" height=\"22\">Afmetingen<\/td>\n<td class=\"et3\" style=\"width: 379.50pt;\" width=\"506\">Alle aangepaste maten en vormen<\/td>\n<\/tr>\n<tr style=\"height: 16.50pt;\">\n<td class=\"et3\" style=\"height: 16.50pt;\" height=\"22\">Min.hoeveelheid<\/td>\n<td class=\"et3\">500 stuks<\/td>\n<\/tr>\n<tr style=\"height: 16.50pt;\">\n<td class=\"et3\" style=\"height: 16.50pt;\" height=\"22\">Afdrukken<\/td>\n<td class=\"et3\">Cmyk, pms, geen afdrukken<\/td>\n<\/tr>\n<tr style=\"height: 16.50pt;\">\n<td class=\"et3\" style=\"height: 16.50pt;\" height=\"22\">Materiaal Optie<\/td>\n<td class=\"et3\">Wit kartonpapier, gecoat papier, kunstpapier, kraftpapier, ivoorkarton, duplexkarton, speciaal papier, enz.<\/td>\n<\/tr>\n<tr style=\"height: 17.25pt;\">\n<td class=\"et3\" style=\"height: 17.25pt;\" height=\"23\">Oppervlakteafwerking<\/td>\n<td class=\"et4\" style=\"width: 379.50pt;\" width=\"506\">Matte\/glanzende laminering, spot UVDebossing, reli\u00ebfdruk, foliedruk enz.<\/td>\n<\/tr>\n<tr style=\"height: 17.25pt;\">\n<td class=\"et4\" style=\"height: 17.25pt; width: 379.50pt;\" width=\"506\" height=\"23\">Industrieel gebruik<\/td>\n<td class=\"et4\" style=\"width: 379.50pt;\" width=\"506\">cosmetica, parfum, kleding, sieraden, tabak, voedsel, geschenken en dagelijkse goederen,<\/td>\n<\/tr>\n<tr style=\"height: 34.50pt;\">\n<td class=\"et4\" style=\"height: 34.50pt; width: 379.50pt;\" width=\"506\" height=\"46\">Kwaliteitscontrole<\/td>\n<td class=\"et4\" style=\"width: 379.50pt;\" width=\"506\">Het geavanceerde Materiaal en het Ervaren QC Team zullen materiaal, halffabrikaten en ge\u00ebindigd - producten strikt in elke stap v\u00f3\u00f3r controleren<\/td>\n<\/tr>\n<tr style=\"height: 34.50pt;\">\n<td class=\"et4\" style=\"height: 34.50pt; width: 379.50pt;\" width=\"506\" height=\"46\">Prijs<\/td>\n<td class=\"et4\" style=\"width: 379.50pt;\" width=\"506\">De uiteindelijke prijs wordt afgestemd op je product en de hoeveelheid die je nodig hebt<\/td>\n<\/tr>\n<tr style=\"height: 16.50pt;\">\n<td class=\"et3\" style=\"height: 16.50pt;\" height=\"22\">Doorlooptijd<\/td>\n<td class=\"et3\">7-14 werkdagen , spoed<\/td>\n<\/tr>\n<tr style=\"height: 16.50pt;\">\n<td class=\"et3\" style=\"height: 16.50pt;\" height=\"22\">Papier<\/td>\n<td class=\"et3\">10pt tot 28pt (60lb tot 400lb) milieuvriendelijk kraft, e-flute golfkarton, bux board, cardstock<\/td>\n<\/tr>\n<tr style=\"height: 16.50pt;\">\n<td class=\"et3\" style=\"height: 16.50pt;\" height=\"22\">Bewijs<\/td>\n<td class=\"et3\">Platte weergave, 3D-mock-up, fysieke bemonstering (op aanvraag)<\/td>\n<\/tr>\n<\/tbody>\n<\/table>\n<div class=\"widget block block-static-block\">\n<div class=\"landing-page-section option-bottom\">\n<div class=\"custom-materials-tabs-content container container-adjustment\">\n<div class=\"custom-materials-tab-content active\">\n<div class=\"widget block block-static-block\">\n<div class=\"options-items\">\n<div class=\"flex-grid-row-option\">\n<div class=\"flex-grid-item-option\">\n<div class=\"material-box\">\n<div class=\"material-des\">\n<p>&nbsp;<\/p>\n<\/div>\n<p>&nbsp;<\/p>\n<\/div>\n<\/div>\n<\/div>\n<\/div>\n<p><!---end of option item--><\/p>\n<\/div>\n<\/div>\n<\/div>\n<\/div>\n<\/div>","protected":false},"excerpt":{"rendered":"<p>Wij kunnen de meest premium en hoge kwaliteit dozen voor parfum geur verpakking dozen uit China groothandel. we kunnen eindeloos aangepaste afgedrukte verpakking dozen en gratis monster.<\/p>","protected":false},"featured_media":6915,"template":"","meta":[],"product_brand":[],"product_cat":[30,417,425,31],"product_tag":[498,503,504],"class_list":{"0":"post-6908","1":"product","2":"type-product","3":"status-publish","4":"has-post-thumbnail","6":"product_cat-by-industry","7":"product_cat-custom-perfume-boxes-by-industry","8":"product_cat-lid-and-base-gift-box","9":"product_cat-paper-box-style","10":"product_tag-custom-perfume-packaging","11":"product_tag-fragrance-packaging-boxes","12":"product_tag-perfume-fragrance-packaging-wholesale","14":"first","15":"instock","16":"shipping-taxable","17":"product-type-grouped"},"_links":{"self":[{"href":"https:\/\/zojopackaging.com\/nl\/wp-json\/wp\/v2\/product\/6908","targetHints":{"allow":["GET"]}}],"collection":[{"href":"https:\/\/zojopackaging.com\/nl\/wp-json\/wp\/v2\/product"}],"about":[{"href":"https:\/\/zojopackaging.com\/nl\/wp-json\/wp\/v2\/types\/product"}],"version-history":[{"count":2,"href":"https:\/\/zojopackaging.com\/nl\/wp-json\/wp\/v2\/product\/6908\/revisions"}],"predecessor-version":[{"id":8078,"href":"https:\/\/zojopackaging.com\/nl\/wp-json\/wp\/v2\/product\/6908\/revisions\/8078"}],"wp:featuredmedia":[{"embeddable":true,"href":"https:\/\/zojopackaging.com\/nl\/wp-json\/wp\/v2\/media\/6915"}],"wp:attachment":[{"href":"https:\/\/zojopackaging.com\/nl\/wp-json\/wp\/v2\/media?parent=6908"}],"wp:term":[{"taxonomy":"product_brand","embeddable":true,"href":"https:\/\/zojopackaging.com\/nl\/wp-json\/wp\/v2\/product_brand?post=6908"},{"taxonomy":"product_cat","embeddable":true,"href":"https:\/\/zojopackaging.com\/nl\/wp-json\/wp\/v2\/product_cat?post=6908"},{"taxonomy":"product_tag","embeddable":true,"href":"https:\/\/zojopackaging.com\/nl\/wp-json\/wp\/v2\/product_tag?post=6908"}],"curies":[{"name":"wp","href":"https:\/\/api.w.org\/{rel}","templated":true}]}}