{"id":6917,"date":"2024-07-19T10:26:44","date_gmt":"2024-07-19T02:26:44","guid":{"rendered":"https:\/\/zojopackaging.com\/?post_type=product&#038;p=6917"},"modified":"2025-03-23T22:53:25","modified_gmt":"2025-03-23T14:53:25","slug":"rigid-paper-perfume-gift-box","status":"publish","type":"product","link":"https:\/\/zojopackaging.com\/nl\/product\/rigid-paper-perfume-gift-box\/","title":{"rendered":"Aangepaste stijve klassieke Keulen parfumdozen fabrikant"},"content":{"rendered":"<h1>Aangepaste stijve klassieke Keulen parfumdozen fabrikant<\/h1>\n<p>Onze aangepaste stevige fabrikant van klassieke eau de cologne parfumdoosjes kan ALLES maken! Stem je pakket af op elke maat, materiaal en hoeveelheid die je nodig hebt zonder dat je extra hoeft te betalen.<\/p>\n<p>Creatieve kartonnen geschenkverpakkingen met opdruk die producten en merken aantrekkelijker maken.<\/p>\n<table style=\"border-collapse: collapse; width: 759.02pt;\" border=\"0\" width=\"1012\" cellspacing=\"0\" cellpadding=\"0\">\n<tbody>\n<tr style=\"height: 16.50pt;\">\n<td class=\"et3\" style=\"height: 16.50pt; width: 379.50pt;\" width=\"506\" height=\"22\">Afmetingen<\/td>\n<td class=\"et3\" style=\"width: 379.50pt;\" width=\"506\">Alle aangepaste maten en vormen<\/td>\n<\/tr>\n<tr style=\"height: 16.50pt;\">\n<td class=\"et3\" style=\"height: 16.50pt;\" height=\"22\">Min.hoeveelheid<\/td>\n<td class=\"et3\">500st<\/td>\n<\/tr>\n<tr style=\"height: 16.50pt;\">\n<td class=\"et3\" style=\"height: 16.50pt;\" height=\"22\">Standaardproces<\/td>\n<td class=\"et3\">Stansen, lijmen, rillen, perforeren<\/td>\n<\/tr>\n<tr style=\"height: 16.50pt;\">\n<td class=\"et3\" style=\"height: 16.50pt;\" height=\"22\">Afdrukken<\/td>\n<td class=\"et3\">Cmyk, pms, geen afdrukken<\/td>\n<\/tr>\n<tr style=\"height: 16.50pt;\">\n<td class=\"et3\" style=\"height: 16.50pt;\" height=\"22\">Materiaal Optie<\/td>\n<td class=\"et3\">Wit kartonpapier, gecoat papier, kunstpapier, kraftpapier, ivoorkarton, duplexkarton, speciaal papier, enz.<\/td>\n<\/tr>\n<tr style=\"height: 17.25pt;\">\n<td class=\"et3\" style=\"height: 17.25pt;\" height=\"23\">Oppervlakteafwerking<\/td>\n<td class=\"et4\" style=\"width: 379.50pt;\" width=\"506\">Matte\/glanzende laminering, spot UVDebossing, reli\u00ebfdruk, foliedruk enz.<\/td>\n<\/tr>\n<tr style=\"height: 17.25pt;\">\n<td class=\"et4\" style=\"height: 17.25pt; width: 379.50pt;\" width=\"506\" height=\"23\">Industrieel gebruik<\/td>\n<td class=\"et4\" style=\"width: 379.50pt;\" width=\"506\">cosmetica, parfum, kleding, sieraden, tabak, voedsel, geschenken en dagelijkse goederen,<\/td>\n<\/tr>\n<tr style=\"height: 34.50pt;\">\n<td class=\"et4\" style=\"height: 34.50pt; width: 379.50pt;\" width=\"506\" height=\"46\">Kwaliteitscontrole<\/td>\n<td class=\"et4\" style=\"width: 379.50pt;\" width=\"506\">Het geavanceerde Materiaal en het Ervaren QC Team zullen materiaal, halffabrikaten en ge\u00ebindigd - producten strikt in elke stap v\u00f3\u00f3r controleren<\/td>\n<\/tr>\n<tr style=\"height: 34.50pt;\">\n<td class=\"et4\" style=\"height: 34.50pt; width: 379.50pt;\" width=\"506\" height=\"46\">Prijs<\/td>\n<td class=\"et4\" style=\"width: 379.50pt;\" width=\"506\">De uiteindelijke prijs wordt afgestemd op je product en de hoeveelheid die je nodig hebt<\/td>\n<\/tr>\n<tr style=\"height: 16.50pt;\">\n<td class=\"et3\" style=\"height: 16.50pt;\" height=\"22\">Doorlooptijd<\/td>\n<td class=\"et3\">7-14 werkdagen , spoed<\/td>\n<\/tr>\n<tr style=\"height: 16.50pt;\">\n<td class=\"et3\" style=\"height: 16.50pt;\" height=\"22\">Papier<\/td>\n<td class=\"et3\">10pt tot 28pt (60lb tot 400lb) milieuvriendelijk kraft, e-flute golfkarton, bux board, cardstock<\/td>\n<\/tr>\n<tr style=\"height: 16.50pt;\">\n<td class=\"et3\" style=\"height: 16.50pt;\" height=\"22\">Bewijs<\/td>\n<td class=\"et3\">Platte weergave, 3D-mock-up, fysieke bemonstering (op aanvraag)<\/td>\n<\/tr>\n<\/tbody>\n<\/table>\n<div class=\"widget block block-static-block\">\n<div class=\"landing-page-section option-bottom\">\n<div class=\"custom-materials-tabs-content container container-adjustment\">\n<div class=\"custom-materials-tab-content active\">\n<div class=\"widget block block-static-block\">\n<div class=\"options-items\">\n<div class=\"flex-grid-row-option\">\n<div class=\"flex-grid-item-option\">\n<div class=\"material-box\">\n<div class=\"material-des\">\n<p>&nbsp;<\/p>\n<\/div>\n<p>&nbsp;<\/p>\n<\/div>\n<\/div>\n<\/div>\n<\/div>\n<p><!---end of option item--><\/p>\n<\/div>\n<\/div>\n<\/div>\n<\/div>\n<\/div>","protected":false},"excerpt":{"rendered":"<p>Als u op zoek bent naar aangepaste stijve klassieke cologne parfumdozen voor uw merken uit China fabrikant, kunnen wij de gratis monsters met snelle levering voor u.<\/p>","protected":false},"featured_media":6922,"template":"","meta":[],"product_brand":[],"product_cat":[30,417,425,31],"product_tag":[502,225,501],"class_list":{"0":"post-6917","1":"product","2":"type-product","3":"status-publish","4":"has-post-thumbnail","6":"product_cat-by-industry","7":"product_cat-custom-perfume-boxes-by-industry","8":"product_cat-lid-and-base-gift-box","9":"product_cat-paper-box-style","10":"product_tag-cologne-perfume-boxes","11":"product_tag-custom-perfume-boxes","12":"product_tag-perfume-boxes-manufacturer","14":"first","15":"instock","16":"shipping-taxable","17":"product-type-grouped"},"_links":{"self":[{"href":"https:\/\/zojopackaging.com\/nl\/wp-json\/wp\/v2\/product\/6917","targetHints":{"allow":["GET"]}}],"collection":[{"href":"https:\/\/zojopackaging.com\/nl\/wp-json\/wp\/v2\/product"}],"about":[{"href":"https:\/\/zojopackaging.com\/nl\/wp-json\/wp\/v2\/types\/product"}],"version-history":[{"count":2,"href":"https:\/\/zojopackaging.com\/nl\/wp-json\/wp\/v2\/product\/6917\/revisions"}],"predecessor-version":[{"id":8076,"href":"https:\/\/zojopackaging.com\/nl\/wp-json\/wp\/v2\/product\/6917\/revisions\/8076"}],"wp:featuredmedia":[{"embeddable":true,"href":"https:\/\/zojopackaging.com\/nl\/wp-json\/wp\/v2\/media\/6922"}],"wp:attachment":[{"href":"https:\/\/zojopackaging.com\/nl\/wp-json\/wp\/v2\/media?parent=6917"}],"wp:term":[{"taxonomy":"product_brand","embeddable":true,"href":"https:\/\/zojopackaging.com\/nl\/wp-json\/wp\/v2\/product_brand?post=6917"},{"taxonomy":"product_cat","embeddable":true,"href":"https:\/\/zojopackaging.com\/nl\/wp-json\/wp\/v2\/product_cat?post=6917"},{"taxonomy":"product_tag","embeddable":true,"href":"https:\/\/zojopackaging.com\/nl\/wp-json\/wp\/v2\/product_tag?post=6917"}],"curies":[{"name":"wp","href":"https:\/\/api.w.org\/{rel}","templated":true}]}}