{"id":7195,"date":"2024-08-09T09:08:27","date_gmt":"2024-08-09T01:08:27","guid":{"rendered":"https:\/\/zojopackaging.com\/?post_type=product&#038;p=7195"},"modified":"2025-03-23T18:24:33","modified_gmt":"2025-03-23T10:24:33","slug":"custom-premium-rose-gift-box","status":"publish","type":"product","link":"https:\/\/zojopackaging.com\/nl\/product\/custom-premium-rose-gift-box\/","title":{"rendered":"Luxe aangepaste bloem sieraden geschenk verpakking doos groothandel"},"content":{"rendered":"<h2 dir=\"ltr\">Handige geschenkdozen - geschenkverpakkingen op een hoger niveau<\/h2>\n<p dir=\"ltr\">Bij onze Packaging Boxes zijn we gespecialiseerd in het leveren van groothandel aangepaste geschenkdozen tegen goedkope groothandelstarieven. We hebben een gevarieerde collectie aangepaste geschenkdozen, waaronder bakkerijdozen, CBD-dozen en nog veel meer. Je hebt de luxe om te kiezen uit zo'n verbazingwekkende verscheidenheid aan verpakkingsdozen van hoge kwaliteit. Wij zorgen ervoor dat u indruk maakt met uw geschenken aan uw klanten en geliefden. We kunnen perfect aangepaste handige geschenkdozen maken die voldoen aan jouw eisen. Ontdek onze collectie handige geschenkdozen en kies je gewenste stijl, ontwerp en kleur!<\/p>\n<h2 dir=\"ltr\">Exclusieve stijlen van handige cadeauverpakkingen bij onze verpakkingsdozen<\/h2>\n<p dir=\"ltr\">Wij bij Zojoprint Verpakkingsdozen hebben een prachtige collectie op maat gemaakte geschenkdozen. Bekijk onze selectie en er komt geen einde aan. We hebben een exclusief assortiment van handige geschenkdozen met deksels, aangepaste geschenkdozen met vensters, en nog veel meer. Nog belangrijker is dat we nooit idee\u00ebn tekort komen. Praat met onze experts en bepaal je wensen, zodat ze kunnen komen met aanpasbare geschenkverpakkingsdozen.<\/p>\n<h2 dir=\"ltr\">Milieuvriendelijke, duurzame aangepaste handige geschenkdozen!<\/h2>\n<p dir=\"ltr\">Onze op maat gemaakte geschenkverpakkingen zijn zeer milieuvriendelijk. We gebruiken materialen van topkwaliteit om je\u00a0<a href=\"https:\/\/www.instantcustomboxes.com\/custom-gift-boxes\/\" target=\"_blank\" rel=\"noopener\"><strong>gepersonaliseerde geschenkdozen<\/strong><\/a>\u00a0om hun duurzaamheid te garanderen. Bovendien maken we milieuvriendelijke verpakkingsdozen om je spullen veilig te verpakken. Bovendien wordt er niet ingeleverd op kwaliteit!<\/p>\n<h2 dir=\"ltr\">Gratis ondersteuning voor grafisch ontwerp<\/h2>\n<p dir=\"ltr\">We gebruiken de nieuwste grafische ontwerptechnieken om handige geschenkdozen op maat te maken! We beschikken over de beste machines en ervaren ontwerpers om perfecte ontwerpen te maken voor uw geschenkverpakkingen op maat. En wat nog belangrijker is: we bieden gratis ondersteuning bij het grafisch ontwerp terwijl we voldoen aan uw ontwerpspecificaties.<\/p>\n<h2 dir=\"ltr\">We verwelkomen uw aangepaste handige cadeauverpakkingsidee\u00ebn<\/h2>\n<p dir=\"ltr\">Wij luisteren naar onze klanten! Ja, bij Zojoprint Verpakkingsdozen vervullen we graag jouw verpakkingswensen op maat. Je kunt je specificaties bepalen of een ontwerp of stijlidee voorstellen. Onze deskundige professionals komen met perfect op maat gemaakte handige geschenkdozen om aan je verpakkingsbehoeften te voldoen.<\/p>\n<h2 dir=\"ltr\">Groothandel Geschenkdozen bij 50% Korting<\/h2>\n<p dir=\"ltr\">Er zijn geen stans- en plaatkosten! Je krijgt je handige geschenkdozen voor de groothandel tegen gereduceerde prijzen. Niet alleen zijn onze prijzen de laagste op de markt, maar we bieden ook kortingen. Als je onze aangepaste geschenkdozen in bulk koopt, krijg je een\u00a0<strong>enorme korting op 50%<\/strong>.<\/p>\n<h2 dir=\"ltr\">Gratis verzending in een snel tempo!<\/h2>\n<p dir=\"ltr\">Bij Zojoprint Verpakkingsdozen doen we twee cruciale beloftes als het op verzenden aankomt. Ten eerste zorgen we voor gratis verzending, en we houden ons aan onze belofte.  Ten tweede zorgen we voor een snelle verzending, zodat je je handige geschenkdozen snel en zonder oponthoud op je adres krijgt!<\/p>\n<h2 dir=\"ltr\">Hoe neem je contact met ons op?<\/h2>\n<p dir=\"ltr\">Dus laten we aan de slag gaan. Bel ons op +<a href=\"tel:+86%200755%2027398291\"><span class=\"elementor-icon-list-text\">86 15017910372<\/span><\/a> of e-mail ons op\u00a0 <a href=\"mailto:info@zojoprint.com\"><span class=\"elementor-icon-list-text\">info@zojoprint.com <\/span><\/a>of vickio@zojoprint.com om je bestelling te plaatsen. Praat bovendien met onze experts als je informatie of vragen hebt. We luisteren graag naar je wensen!<\/p>\n<h2 class=\"yikes-custom-woo-tab-title yikes-custom-woo-tab-title-specifications\">Specificaties<\/h2>\n<table border=\"0\" width=\"1012\" cellspacing=\"0\" cellpadding=\"0\">\n<tbody>\n<tr>\n<td class=\"et3\" width=\"506\" height=\"22\">Afmetingen<\/td>\n<td class=\"et3\" width=\"506\">Alle aangepaste maten en vormen<\/td>\n<\/tr>\n<tr>\n<td class=\"et3\" height=\"22\">Min.hoeveelheid<\/td>\n<td class=\"et3\">500 dozen (optie voor harde monsters beschikbaar)<\/td>\n<\/tr>\n<tr>\n<td class=\"et3\" height=\"22\">Standaardproces<\/td>\n<td class=\"et3\">Stansen, lijmen, rillen, perforeren<\/td>\n<\/tr>\n<tr>\n<td class=\"et3\" height=\"22\">Afdrukken<\/td>\n<td class=\"et3\">Cmyk, pms, geen afdrukken<\/td>\n<\/tr>\n<tr>\n<td class=\"et3\" height=\"22\">Materiaal Optie<\/td>\n<td class=\"et3\">Wit kartonpapier, gecoat papier, kunstpapier, kraftpapier, ivoorkarton, duplexkarton, speciaal papier, enz.<\/td>\n<\/tr>\n<tr>\n<td class=\"et3\" height=\"23\">Oppervlakteafwerking<\/td>\n<td class=\"et4\" width=\"506\">Matte\/glanzende laminering, spot UVDebossing, reli\u00ebfdruk, foliedruk enz.<\/td>\n<\/tr>\n<tr>\n<td class=\"et4\" width=\"506\" height=\"23\">Industrieel gebruik<\/td>\n<td class=\"et4\" width=\"506\">cosmetica, parfum, kleding, sieraden, tabak, voedsel, geschenken en dagelijkse goederen,<\/td>\n<\/tr>\n<tr>\n<td class=\"et4\" width=\"506\" height=\"46\">Kwaliteitscontrole<\/td>\n<td class=\"et4\" width=\"506\">Het geavanceerde Materiaal en het Ervaren QC Team zullen materiaal, halffabrikaten en ge\u00ebindigd - producten strikt in elke stap v\u00f3\u00f3r controleren<\/td>\n<\/tr>\n<tr>\n<td class=\"et4\" width=\"506\" height=\"46\">Prijs<\/td>\n<td class=\"et4\" width=\"506\">De uiteindelijke prijs wordt afgestemd op je product en de hoeveelheid die je nodig hebt<\/td>\n<\/tr>\n<tr>\n<td class=\"et3\" height=\"22\">Doorlooptijd<\/td>\n<td class=\"et3\">7-14 werkdagen , spoed<\/td>\n<\/tr>\n<tr>\n<td class=\"et3\" height=\"22\">Papier<\/td>\n<td class=\"et3\">10pt tot 28pt (60lb tot 400lb) milieuvriendelijk kraft, e-flute golfkarton, bux board, cardstock<\/td>\n<\/tr>\n<tr>\n<td class=\"et3\" height=\"22\">Bewijs<\/td>\n<td class=\"et3\">Platte weergave, 3D-mock-up, fysieke bemonstering (op aanvraag)<\/td>\n<\/tr>\n<\/tbody>\n<\/table>","protected":false},"excerpt":{"rendered":"<p>Sieradendoos op maat, mat zwart speciaal papier, fijne textuur. Directe levering van de fabriek van China, vrij citaat\/steekproef\/ontwerpinspectie, snelle steekproeflevering in 3 dagen!<\/p>","protected":false},"featured_media":7196,"template":"","meta":[],"product_brand":[],"product_cat":[30,415,31,426],"product_tag":[492,493,494],"class_list":{"0":"post-7195","1":"product","2":"type-product","3":"status-publish","4":"has-post-thumbnail","6":"product_cat-by-industry","7":"product_cat-custom-jewelry-boxes-by-industry","8":"product_cat-paper-box-style","9":"product_cat-paper-drawer-boxes","10":"product_tag-flower-jewelry-packaging-box","11":"product_tag-jewelry-gift-packaging","12":"product_tag-jewelry-packaging-wholesale","14":"first","15":"instock","16":"shipping-taxable","17":"product-type-simple"},"_links":{"self":[{"href":"https:\/\/zojopackaging.com\/nl\/wp-json\/wp\/v2\/product\/7195","targetHints":{"allow":["GET"]}}],"collection":[{"href":"https:\/\/zojopackaging.com\/nl\/wp-json\/wp\/v2\/product"}],"about":[{"href":"https:\/\/zojopackaging.com\/nl\/wp-json\/wp\/v2\/types\/product"}],"version-history":[{"count":3,"href":"https:\/\/zojopackaging.com\/nl\/wp-json\/wp\/v2\/product\/7195\/revisions"}],"predecessor-version":[{"id":8071,"href":"https:\/\/zojopackaging.com\/nl\/wp-json\/wp\/v2\/product\/7195\/revisions\/8071"}],"wp:featuredmedia":[{"embeddable":true,"href":"https:\/\/zojopackaging.com\/nl\/wp-json\/wp\/v2\/media\/7196"}],"wp:attachment":[{"href":"https:\/\/zojopackaging.com\/nl\/wp-json\/wp\/v2\/media?parent=7195"}],"wp:term":[{"taxonomy":"product_brand","embeddable":true,"href":"https:\/\/zojopackaging.com\/nl\/wp-json\/wp\/v2\/product_brand?post=7195"},{"taxonomy":"product_cat","embeddable":true,"href":"https:\/\/zojopackaging.com\/nl\/wp-json\/wp\/v2\/product_cat?post=7195"},{"taxonomy":"product_tag","embeddable":true,"href":"https:\/\/zojopackaging.com\/nl\/wp-json\/wp\/v2\/product_tag?post=7195"}],"curies":[{"name":"wp","href":"https:\/\/api.w.org\/{rel}","templated":true}]}}