{"id":7376,"date":"2024-08-23T10:53:32","date_gmt":"2024-08-23T02:53:32","guid":{"rendered":"https:\/\/zojopackaging.com\/?post_type=product&#038;p=7376"},"modified":"2025-03-24T18:42:09","modified_gmt":"2025-03-24T10:42:09","slug":"custom-cbd-tincture-boxes","status":"publish","type":"product","link":"https:\/\/zojopackaging.com\/nl\/product\/custom-cbd-tincture-boxes\/","title":{"rendered":"Op maat gemaakte gedrukte Cannabis CBD-verpakkingen Magazijn"},"content":{"rendered":"<h1>Op maat gemaakte gedrukte Cannabis CBD-verpakkingen Magazijn<\/h1>\n<p>CBD Tinctuurdozen op maat worden beschouwd als een van de meest veelzijdige verpakkingsoplossingen in de cannabisindustrie. Het is vanwege hun extreem effectieve bescherming dat ze de productkwaliteit kunnen behouden en beschermen. Naast de bescherming zijn ze ook verkrijgbaar in talloze vormen en ontwerpen die de presentatie van je producten kunnen verbeteren.<\/p>\n<h3>Ervaring met de productie van diensten met <a href=\"https:\/\/zojopackaging.com\/nl\/product-category\/custom-e-cigarette-box\/\">Aangepaste CBD tinctuurdozen<\/a><\/h3>\n<p>Om uw productverpakking opvallend te maken, zodat u uw logo, merkkleuren en ontwerpelementen kunt integreren om de aankoopbeslissingen van consumenten te be\u00efnvloeden, kunnen uw aangepaste dozen zo worden ontworpen dat ze opvallen in het schap en de aandacht trekken, waardoor merkherkenning en -loyaliteit worden opgebouwd.<\/p>\n<h3><strong>Custom CBD Tinctuur Doosjes met Unieke Bedrukkingen &amp; Ontwerpen<\/strong><\/h3>\n<p>Dat betekent <a href=\"https:\/\/zojoprint.en.alibaba.com\/productgrouplist-941131925\/Child_Resistant_Packaging_Box.html\" target=\"_blank\" rel=\"noopener\">CBD verpakking<\/a> CBD producten fabrikanten helpen bij het veilig verzenden van goederen naar klanten. We gebruiken verpakkingsmateriaal van hoge kwaliteit voor de productie van deze CBD tinctuurdozen, die de veiligheid van de medicinale producten die erin verpakt zijn garanderen. Je kunt ons vragen om de gewenste details (ingredi\u00ebnten, houdbaarheid, hoe te gebruiken, etc.) op de doosjes te drukken met jouw specifieke merknaam of logo, waardoor jouw naam bekend wordt op de markt. Dergelijke CBD tinctuurverpakkingen met opdruk op maat kunnen ervoor zorgen dat een pas gelanceerd CBD merk opvalt bij potenti\u00eble kopers.<\/p>\n<h3><strong>Voordelige Gepersonaliseerde CBD Dozen bij de Groothandel<\/strong><\/h3>\n<p>Aangepaste CBD tinctuurdozen worden beschouwd als een betaalbare en gepersonaliseerde verpakkingsoplossing in de cannabisindustrie. Met deze verpakking kunnen handelaren unieke verpakkingsdozen ontwerpen op basis van het merkimago en de productkenmerken, zoals grootte, vorm, kleur en materiaal, enz. Het beschermt niet alleen het product, maar versterkt ook het merkimago en de aantrekkingskracht op de markt. Op maat gemaakte CBD tinctuurdozen voor de groothandel kunnen de kosten per eenheid verlagen.<\/p>\n<h3>Beste Ambachten Kies voor Aangepaste CBD tinctuurdozen<\/h3>\n<p>Zilver\/goud foli\u00ebn, spot UV, waterige coating, mat\/glanzend lamineren, ruiten, stansen en nog veel meer. Je hoeft onze ontwerpers alleen maar je gewenste ontwerp te vertellen of hen te vragen gratis een uniek idee te geven. We brengen geen kosten in rekening voor deze extra toevoegingen als je ze wilt toepassen.<\/p>\n<p>Wil je een gratis offerte op maat? Chat dan nu met ons. Je kunt ook contact met ons opnemen via e-mail of telefoonnummer. Geniet van onze kwaliteitsdiensten en kortingen op groothandelsaankopen zonder gratis verzending in de VS en Canada.<\/p>\n<div class=\"product-specification-details sp-details-sec active full spec-title-details\">\n<h1><strong>Specificatie<\/strong><\/h1>\n<div class=\"widget block block-static-block\">\n<div class=\"landing-page-section option-bottom\">\n<div class=\"custom-materials-tabs-content container container-adjustment\">\n<div class=\"custom-materials-tab-content active\">\n<div class=\"widget block block-static-block\">\n<div class=\"options-items\">\n<div class=\"flex-grid-row-option\">\n<div class=\"flex-grid-item-option\">\n<div class=\"material-box\">\n<div class=\"material-des\">\n<table width=\"1070\">\n<tbody>\n<tr>\n<td width=\"373\">Afmetingen<\/td>\n<td width=\"373\">Alle aangepaste maten en vormen<\/td>\n<\/tr>\n<tr>\n<td width=\"373\">MOQ<\/td>\n<td width=\"373\">500 stuks (ondersteuning steekproefcontrole kwaliteit\uff09<\/td>\n<\/tr>\n<tr>\n<td width=\"373\">Steekproeftijd<\/td>\n<td width=\"373\">3-5 werkdagen<\/td>\n<\/tr>\n<tr>\n<td width=\"373\">Standaardproces<\/td>\n<td width=\"373\">Stansen, lijmen, rillen, perforeren<\/td>\n<\/tr>\n<tr>\n<td width=\"373\">Afdrukken<\/td>\n<td width=\"373\">Cmyk, pms, geen afdrukken<\/td>\n<\/tr>\n<tr>\n<td width=\"373\">Materiaal Optie<\/td>\n<td width=\"373\">Wit kartonpapier, gecoat papier, kunstpapier, kraftpapier, ivoorkarton, duplexkarton, speciaal papier, enz.<\/td>\n<\/tr>\n<tr>\n<td width=\"373\">Oppervlakteafwerking<\/td>\n<td width=\"373\">Matte\/glanzende laminering, spot UVDebossing, reli\u00ebfdruk, foliedruk enz.<\/td>\n<\/tr>\n<tr>\n<td width=\"373\">Industrieel gebruik<\/td>\n<td width=\"373\">cosmetica, parfum, kleding, sieraden, tabak, voedsel, geschenken en dagelijkse goederen,<\/td>\n<\/tr>\n<tr>\n<td width=\"373\">Kwaliteitscontrole<\/td>\n<td width=\"373\">Het geavanceerde Materiaal en het Ervaren QC Team zullen materiaal, halffabrikaten en ge\u00ebindigd - producten strikt in elke stap v\u00f3\u00f3r controleren<\/td>\n<\/tr>\n<tr>\n<td width=\"373\">Prijs<\/td>\n<td width=\"373\">De uiteindelijke prijs wordt afgestemd op je product en de hoeveelheid die je nodig hebt<\/td>\n<\/tr>\n<tr>\n<td width=\"373\">Doorlooptijd<\/td>\n<td width=\"373\">7-14 werkdagen<\/td>\n<\/tr>\n<tr>\n<td width=\"373\">Papier<\/td>\n<td width=\"373\">10pt tot 28pt (60lb tot 400lb) milieuvriendelijk kraft, e-flute golfkarton, bux board, cardstock<\/td>\n<\/tr>\n<tr>\n<td width=\"373\">Formaat kunstwerk<\/td>\n<td width=\"373\">JPG, PDF, AI, CDR, EPS, GIF....<\/td>\n<\/tr>\n<tr>\n<td width=\"373\">Accessoires<\/td>\n<td width=\"373\">Magneet, lint, EVA-vorm, plastic dienblad, spons, PVC\/PET\/PP...<\/td>\n<\/tr>\n<tr>\n<td width=\"373\">Betalingstermijn<\/td>\n<td width=\"373\">T\/T, Western Union, Paypal, 30% aanbetaling en 70% saldo v\u00f3\u00f3r verzending.<\/td>\n<\/tr>\n<\/tbody>\n<\/table>\n<\/div>\n<\/div>\n<\/div>\n<\/div>\n<\/div>\n<\/div>\n<\/div>\n<\/div>\n<\/div>\n<\/div>\n<\/div>","protected":false},"excerpt":{"rendered":"<ul>\n<li>MOQ: 500 stuks<\/li>\n<li>Levertijd: 7-14 werkdagen, Rush<\/li>\n<li>Maatwerk in afmeting (diameter x hoogte)<\/li>\n<li>Aangepast afdrukken<\/li>\n<li>Milieuvriendelijk, recyclebaar en plasticvrij<\/li>\n<li>Prijs\uff1aDe uiteindelijke prijs wordt afgestemd op je product en de hoeveelheid die je nodig hebt<\/li>\n<\/ul>","protected":false},"featured_media":7382,"template":"","meta":[],"product_brand":[],"product_cat":[31,30,420,430],"product_tag":[587,588,589],"class_list":{"0":"post-7376","1":"product","2":"type-product","3":"status-publish","4":"has-post-thumbnail","6":"product_cat-paper-box-style","7":"product_cat-by-industry","8":"product_cat-custom-cannabis-boxes","9":"product_cat-folding-cartons","10":"product_tag-cannabis-cbd-packaging","11":"product_tag-cbd-packaging-warehouse","12":"product_tag-custom-cannabis-packaging","14":"first","15":"instock","16":"shipping-taxable","17":"product-type-simple"},"_links":{"self":[{"href":"https:\/\/zojopackaging.com\/nl\/wp-json\/wp\/v2\/product\/7376","targetHints":{"allow":["GET"]}}],"collection":[{"href":"https:\/\/zojopackaging.com\/nl\/wp-json\/wp\/v2\/product"}],"about":[{"href":"https:\/\/zojopackaging.com\/nl\/wp-json\/wp\/v2\/types\/product"}],"version-history":[{"count":3,"href":"https:\/\/zojopackaging.com\/nl\/wp-json\/wp\/v2\/product\/7376\/revisions"}],"predecessor-version":[{"id":8117,"href":"https:\/\/zojopackaging.com\/nl\/wp-json\/wp\/v2\/product\/7376\/revisions\/8117"}],"wp:featuredmedia":[{"embeddable":true,"href":"https:\/\/zojopackaging.com\/nl\/wp-json\/wp\/v2\/media\/7382"}],"wp:attachment":[{"href":"https:\/\/zojopackaging.com\/nl\/wp-json\/wp\/v2\/media?parent=7376"}],"wp:term":[{"taxonomy":"product_brand","embeddable":true,"href":"https:\/\/zojopackaging.com\/nl\/wp-json\/wp\/v2\/product_brand?post=7376"},{"taxonomy":"product_cat","embeddable":true,"href":"https:\/\/zojopackaging.com\/nl\/wp-json\/wp\/v2\/product_cat?post=7376"},{"taxonomy":"product_tag","embeddable":true,"href":"https:\/\/zojopackaging.com\/nl\/wp-json\/wp\/v2\/product_tag?post=7376"}],"curies":[{"name":"wp","href":"https:\/\/api.w.org\/{rel}","templated":true}]}}