{"id":8017,"date":"2025-03-23T11:29:24","date_gmt":"2025-03-23T03:29:24","guid":{"rendered":"https:\/\/zojopackaging.com\/?post_type=product&#038;p=8017"},"modified":"2025-03-23T16:53:44","modified_gmt":"2025-03-23T08:53:44","slug":"exquisite-unique-gourmet-gift-packaging-boxes-wholesaler","status":"publish","type":"product","link":"https:\/\/zojopackaging.com\/nl\/product\/exquisite-unique-gourmet-gift-packaging-boxes-wholesaler\/","title":{"rendered":"Uitstekende unieke gastronomische geschenk verpakking dozen groothandelaar"},"content":{"rendered":"<h3 id=\"manufacturer-s-description-of-custom-clothing-packaging-boxes-in-china\">Beschrijving van de fabrikant van aangepaste kleding verpakkingsdozen in China<\/h3>\n<h4 id=\"1-magnetic-double-layer-pull-out-box-product-presentation-and-experience-upgrade\">1. Magnetische dubbellaagse uittrekdoos: productpresentatie en ervaringsupgrade<\/h4>\n<p>Chinese fabrikanten hebben op innovatieve wijze\u00a0<strong>magnetische dubbellaagse uittrekbare box<\/strong>\u00a0op het gebied van hoogwaardige kledingverpakkingen, die het effect van de productdisplay verbeteren door een gelaagd structuurontwerp. Het ingebouwde magnetische apparaat wordt bijvoorbeeld gebruikt voor een geruisloze sluiting en nauwkeurige adsorptie. In de bovenste laag kan de belangrijkste kleding worden getoond en in de onderste laag kunnen accessoires of instructies worden opgeslagen om te voldoen aan de vraag van het merk naar \"ritueel gevoel bij het uitpakken\". De ladebox van Guangzhou Kelda Packaging is ontworpen met slipvaste kaartsleuven, die geschikt zijn voor het onafhankelijk opbergen van dunne accessoires zoals sjaals en stropdassen. Tegelijkertijd geeft de magnetische openings- en sluitingsmethode de verpakkingsdoos een luxe uitstraling. Dit type ontwerp verbetert niet alleen de productkwaliteit, maar vergroot ook het bewustzijn van gebruikers over het vakmanschap van het merk door middel van interactieve ervaring.<\/p>\n<h4 id=\"2-natural-color-printing-emotional-visual-expression\">2. Afdrukken in natuurlijke kleuren: emotionele visuele expressie<\/h4>\n<p>Fabrikanten gebruiken\u00a0<strong>natuurlijke kleuren met lage verzadiging<\/strong>\u00a0om een gedifferentieerde verpakkingsesthetiek te cre\u00ebren. De INS-stijl geschenkdoos met kleurverloop van Yiwu Xianchuang Packaging Factory simuleert de veranderingen in natuurlijk licht met kleuren zoals nevelblauw en mintgroen, en vormt een zachte diffuse reflectie met matte lamineertechnologie, wat in lijn is met het streven van de stedelijke consumentengroep naar \"winkelen met minder stress\". De transparante kraftpapieren vensterdoos van Zhejiang Wenzhou Aoyin Packaging behoudt de natuurlijke textuur van het oorspronkelijke pulp papiermateriaal en laat het merklogo opdoemen door het gedeeltelijke hot-through proces, dat niet alleen het concept van milieubescherming overbrengt, maar ook een visuele sfeer van terugkeer naar de natuur cre\u00ebert. Studies hebben aangetoond dat dergelijke ontwerpen het plezier van de consument bij het uitpakken kunnen verhogen met 32%.<\/p>\n<h4 id=\"3-diversified-accessories-system-brand-value-extension\">3. Gediversifieerd accessoiresysteem: merkwaardevergroting<\/h4>\n<p>Chinese fabrieken leveren\u00a0<strong>modulaire accessoires maatwerkservices<\/strong>\u00a0om merken te helpen een driedimensionale productmatrix op te bouwen:<\/p>\n<ul>\n<li><strong>Functionele accessoires<\/strong>: de nauwkeurigheid van de vochtigheidscontrole bereikt \u00b13%RH, geschikt voor high-end stoffen zoals kasjmier en zijde;<\/li>\n<li><strong>Slimme interactieve accessoires<\/strong>: Link met merk APP om anti-vervalsing verificatie en push dressing suggesties te realiseren;<\/li>\n<li><strong>Scenariodecoratie<\/strong>: met afneembare satijnen bandjes, voldoet het aan de flexibele schakelbehoeften van vakantie limited editions en dagelijkse stijlen.<\/li>\n<\/ul>\n<h4 id=\"4-full-size-customization-system-precise-adaptation-of-product-form\">4. Aanpassingssysteem op ware grootte: nauwkeurige aanpassing van productvorm<\/h4>\n<p>Dankzij de millimeterniveau-precisietechnologie kan de Chinese toeleveringsketen voldoen aan de volledige dekkingsbehoeften van\u00a0<strong>5cm\u00d75cm tot 120cm\u00d780cm<\/strong>. Door gebruik te maken van de dynamische aanpassingstechnologie van de vouwlijn, kan een enkele batch geschikt zijn voor gemengde kleding van verschillende diktes, zoals donsjassen en trouwjurken. Door het pre-indentatieontwerp kunnen de transportmodus en weergavemodus snel worden omgeschakeld, waardoor 40% opslagruimte wordt bespaard.<\/p>\n<h4 id=\"5-box-type-and-brand-visual-fusion-design\">5. Doostype en ontwerp van de visuele fusie van het merk<\/h4>\n<p>De fabrikant heeft een oplossingenbibliotheek gemaakt met\u00a0<strong>15+ soorten kerndozen<\/strong>:<\/p>\n<ol>\n<li><strong>Magnetische zuignap in boekstijl<\/strong>: imiteert de rugvorm van een hardcover boek, met ingesloten merkverhalen;<\/li>\n<li><strong>Variabele boven- en onderkant<\/strong>ondersteunt omgekeerde druktechnologie, zodat het LOGO dynamische visuele effecten heeft bij verschillende openings- en sluitingshoeken;<\/li>\n<li><strong>Magnetische zuig flipbox<\/strong>Met behulp van een combinatie van speciaal papier en metalen bevestigingsmiddelen wordt een driedimensionale presentatie van het merk VI-systeem verkregen.<\/li>\n<\/ol>\n<h4 id=\"vi-unlimited-customization-service-ecosystem\">VI. Onbeperkt maatwerk service-ecosysteem<\/h4>\n<p>Chinese fabrieken doorbreken de traditionele barri\u00e8res voor maatwerk door\u00a0<strong>digitaal flexibel productiesysteem<\/strong>:<\/p>\n<ul>\n<li>Dongguan Yuhong Packaging gebruikt dubbelzijdige kleurendruktechnologie, ondersteunt 500 dozen per batch en geen kosten voor patroonvervanging;<\/li>\n<li>Shenzhen Shunhuang Paper Products implementeert een vormvrij productiemodel en realiseert \"\u00e9\u00e9n doos, \u00e9\u00e9n foto\" gepersonaliseerd maatwerk via de HP Indigo digitale drukpers;<\/li>\n<li>Fabrikanten in Zhejiang bieden volledige procesdiensten, van 3D-modellering tot fysieke drukproeven, voltooien de productie van effen witte monsters in 8 uur en leveren geverfde eindproducten in 24 uur.<\/li>\n<\/ul>\n<h4 id=\"vii-factory-direct-service-and-quality-assurance\">VII. Directe service en kwaliteitsgarantie van de fabriek<\/h4>\n<p>China's toonaangevende verpakkingsbedrijven implementeren de\u00a0<strong>\"drie gratis en \u00e9\u00e9n garantie\" beleid<\/strong>:<\/p>\n<ul>\n<li><strong>Gratis ontwerp<\/strong>: Guangzhou Hainabaichuan Packaging biedt visuele diagnoseservices voor merken, gecombineerd met big data-analyse om verpakkingsstrategie\u00ebn uit te voeren;<\/li>\n<li><strong>Gratis monsters<\/strong>: Yiwu Lelang Packaging ondersteunt 48-uurs wereldwijde monsterlevering, met dezelfde materialen als de oorspronkelijke fabriek;<\/li>\n<li><strong>Kwaliteit<\/strong>: De ISO9001 certificering van het kwaliteitssysteem is geslaagd, biedt een garantieperiode van 12 maanden en het percentage transportschade is minder dan 0,5%.<\/li>\n<\/ul>","protected":false},"excerpt":{"rendered":"<p>Het C2S gecoate kunstpapiermateriaal kan oneindig worden aangepast, ondersteunt speciale druk- en warmdrukprocessen, voldoet aan de afdichtingsvereisten voor levensmiddelen en wordt al 20 jaar rechtstreeks geleverd door de bronfabriek.<\/p>","protected":false},"featured_media":8018,"template":"","meta":[],"product_brand":[],"product_cat":[31,30,422,424],"product_tag":[474,476,475],"class_list":{"0":"post-8017","1":"product","2":"type-product","3":"status-publish","4":"has-post-thumbnail","6":"product_cat-paper-box-style","7":"product_cat-by-industry","8":"product_cat-custom-gourmet-boxes-by-industry","9":"product_cat-magnetic-closure-boxes","10":"product_tag-exquisite-gourmet-packaging","11":"product_tag-gourmet-boxes-wholesaler","12":"product_tag-unique-gourmet-packaging","14":"first","15":"instock","16":"shipping-taxable","17":"product-type-simple"},"_links":{"self":[{"href":"https:\/\/zojopackaging.com\/nl\/wp-json\/wp\/v2\/product\/8017","targetHints":{"allow":["GET"]}}],"collection":[{"href":"https:\/\/zojopackaging.com\/nl\/wp-json\/wp\/v2\/product"}],"about":[{"href":"https:\/\/zojopackaging.com\/nl\/wp-json\/wp\/v2\/types\/product"}],"version-history":[{"count":2,"href":"https:\/\/zojopackaging.com\/nl\/wp-json\/wp\/v2\/product\/8017\/revisions"}],"predecessor-version":[{"id":8063,"href":"https:\/\/zojopackaging.com\/nl\/wp-json\/wp\/v2\/product\/8017\/revisions\/8063"}],"wp:featuredmedia":[{"embeddable":true,"href":"https:\/\/zojopackaging.com\/nl\/wp-json\/wp\/v2\/media\/8018"}],"wp:attachment":[{"href":"https:\/\/zojopackaging.com\/nl\/wp-json\/wp\/v2\/media?parent=8017"}],"wp:term":[{"taxonomy":"product_brand","embeddable":true,"href":"https:\/\/zojopackaging.com\/nl\/wp-json\/wp\/v2\/product_brand?post=8017"},{"taxonomy":"product_cat","embeddable":true,"href":"https:\/\/zojopackaging.com\/nl\/wp-json\/wp\/v2\/product_cat?post=8017"},{"taxonomy":"product_tag","embeddable":true,"href":"https:\/\/zojopackaging.com\/nl\/wp-json\/wp\/v2\/product_tag?post=8017"}],"curies":[{"name":"wp","href":"https:\/\/api.w.org\/{rel}","templated":true}]}}