{"id":8220,"date":"2025-03-25T17:19:48","date_gmt":"2025-03-25T09:19:48","guid":{"rendered":"https:\/\/zojopackaging.com\/?post_type=product&#038;p=8220"},"modified":"2025-03-25T17:19:50","modified_gmt":"2025-03-25T09:19:50","slug":"premium-custom-made-headphone-packaging-boxes-wholesale","status":"publish","type":"product","link":"https:\/\/zojopackaging.com\/nl\/product\/premium-custom-made-headphone-packaging-boxes-wholesale\/","title":{"rendered":"Premium op maat gemaakte verpakking dozen wholesale hoofdtelefoon"},"content":{"rendered":"<h1>Premium op maat gemaakte verpakking dozen wholesale hoofdtelefoon<\/h1>\n<h3 id=\"-1-double-sided-printed-airplane-box-environmental-protection-and-brand-dual-effect-empowerment-\"><strong>1. Dubbelzijdig bedrukte mailer box: milieubescherming en merk dubbel-effect empowerment<\/strong><\/h3>\n<p>De dubbelzijdig bedrukte mailer box geproduceerd met milieuvriendelijk papier is gebaseerd op FSC-gecertificeerd ruw pulp papier en voldoet aan de EU RoHS-norm voor milieubescherming. De dubbelzijdige druktechnologie kan gelijktijdig het merklogo, productverkooppunten en artistiek visueel ontwerp weergeven, waardoor een 360\u00b0 dekking van de merkinformatie ontstaat. De in pulp gegoten verpakking van de Sony WF-1000XM4 hoofdtelefoon vermindert bijvoorbeeld het gebruik van inkt door middel van reli\u00ebfdruktechnologie, waardoor een balans wordt bereikt tussen milieubescherming en esthetiek. Dit ontwerp kan de merkherkenning verhogen met 20%-30% en is vooral geschikt voor high-end consumentenelektronica.<\/p>\n<h3 id=\"-2-tearable-unboxing-design-extremely-fast-experience-upgrade-\"><strong>2. Ritsscheurontwerp: Extreem snelle ervaring upgrade<\/strong><\/h3>\n<p>Innovatieve scheurbare structuur (zoals voorgesneden lijn + gemakkelijk rits scheurstrip ontwerp) om 1 seconde unboxing te bereiken, kunnen gebruikers snel toegang tot producten zonder gereedschap. Dit ontwerp verwijst naar het \"lotusblad hydrofobe laag\" procesconcept van Donglaiye AirPods beschermhoes, en verbetert de interactie-effici\u00ebntie door optimalisatie van de fysieke structuur. Volgens statistieken kan dit type ontwerp de tevredenheid van gebruikers bij het uitpakken met 35% verhogen, vooral in lijn met de behoeften van snelle consumentenscenario's.<\/p>\n<h3 id=\"-three-full-size-customization-service-precise-adaptation-to-multiple-categories-\"><strong>3. Full-size maatwerkservice: nauwkeurige aanpassing aan meerdere categorie\u00ebn<\/strong><\/h3>\n<p>Ondersteunt het op maat maken van consumentenelektronica in alle categorie\u00ebn, waaronder:<\/p>\n<ul>\n<li><strong>Oortelefoon<\/strong>: Aanpassen aan TWS oortelefoons (150\u00d7100\u00d740mm tot 300\u00d7200\u00d7100mm)<\/li>\n<li><strong>Accessoires<\/strong>zoals oplaadbakken, opbergdozen voor datakabels<\/li>\n<li><strong>Uitbreidingen<\/strong>: Samengestelde verpakkingsoplossingen zoals slimme horloges en Bluetooth-luidsprekers Door middel van 3D-scanning modelleringstechnologie, ervoor te zorgen dat de binnenste holte ruimte fout is \u2264 0,3 mm, voldoen aan de industrie hoge standaard van 66% volume compressie voor Sony Xperia mobiele telefoon verpakking.<\/li>\n<\/ul>\n<h3 id=\"-fourth-matte-film-coating-process-triple-protection-system-\"><strong>4. Mat filmcoatingproces: drievoudig beschermingssysteem<\/strong><\/h3>\n<p>Duitse ge\u00efmporteerde coatingtechnologie op basis van matte film op waterbasis om dit te bereiken:<\/p>\n<ul>\n<li><strong>Fysieke bescherming<\/strong>: Waterdicht niveau bereikt IPX4, en anti-olie prestaties passeert ASTM D618 standaardtest<\/li>\n<li><strong>Visuele optimalisatie<\/strong>: 7H de anti-kras oppervlakte van de hardheid, die het verschil van de merkdrukkleur \u0394E\u22641.5 handhaven<\/li>\n<li><strong>Tactiele verbetering<\/strong>: Huid-achtige matte textuur, die gedifferentieerde concurrentie vormt met de vloeibare siliconen aanraking van Apple AirPods Pro beschermhoesje<\/li>\n<\/ul>\n<h3 id=\"-five-smart-lining-customization-brand-and-function-resonance-\"><strong>5. Slimme voering op maat: merk en functie resonantie<\/strong><\/h3>\n<p>Geef een stapsgewijze oplossing:<\/p>\n<ol>\n<li><strong>Basisversie<\/strong>: EVA schokbestendige voering (kostenreductie van 15%-20%)<\/li>\n<li><strong>Geavanceerde versie<\/strong>: Flocking\/parelkatoen speciaal gestanst (past zich aan de contouren van gebogen oortelefoons aan)<\/li>\n<li><strong>Ultieme versie<\/strong>: Slimme magnetische gelaagde structuur (ge\u00efntegreerde accessoires opslagfunctie) Ondersteuning van merk kleur implantatie (Pantone spot kleur dekkingspercentage 98%), het realiseren van de meeslepende ervaring van \"uit de doos is merk\".<\/li>\n<\/ol>\n<h3 id=\"-sixth-corrugated-material-application-cost-and-protection-\"><strong>6. Toepassing van golfkarton: kosten en bescherming<\/strong><\/h3>\n<p>Er is gekozen voor BC dubbel golfkarton (dikte 3,5-5 mm), dat de volgende eigenschappen heeft:<\/p>\n<ul>\n<li><strong>Zuinig<\/strong>: 30% lagere kosten dan traditionele blisterverpakkingen<\/li>\n<li><strong>Beschermend<\/strong>: Randdruksterkte \u22658KN\/m, in overeenstemming met ISTA 3A transportteststandaarden<\/li>\n<li><strong>Milieu<\/strong>: Het recyclingpercentage van het materiaal is hoger dan 95%, de koolstofuitstoot is 62% lager dan bij een plastic verpakking. Door het ontwerp van de honingraatstructuur is de transportschade minder dan 0,5%.<\/li>\n<\/ul>\n<h3 id=\"-seventh-all-black-minimalist-aesthetics-high-end-visual-language-\"><strong>7. Volledig zwarte minimalistische esthetiek: hoogwaardige visuele taal<\/strong><\/h3>\n<p>Met behulp van de 8-kleuren UV-printtechnologie kan het:<\/p>\n<ul>\n<li><strong>Kleurprestaties<\/strong>: Zwarte zuiverheid L* waarde \u22642.5, het bereiken van de RAL 9005 kleurenkaart standaard<\/li>\n<li><strong>Procescombinatie<\/strong>: Gedeeltelijk heet mat zilver + reli\u00ebf reli\u00ebf (zoals driedimensionale verwerking van merklogo)<\/li>\n<li><strong>Stijl uitbreiding<\/strong>: Verwijs naar het minimalistische designconcept van de Huawei oortelefoonverpakking om de merkassociatie van \"technologisch zwart\" en \"lichte luxe\" te versterken.<\/li>\n<\/ul>\n<h3 id=\"-eight-china-smart-manufacturing-service-zero-risk-cooperation-model-\"><strong>8. De slimme Productie van China: Samenwerkingsmodel zonder risico<\/strong><\/h3>\n<p>Direct ge\u00ebxploiteerde fabrieken in de industri\u00eble gordel van de Parelrivierdelta bieden:<\/p>\n<ul>\n<li><strong>Gratis ondersteuning<\/strong>: 48-uur snelle offerte + 72-uur proefdruk + origineel ontwerp (inclusief 3 sets voorstellen)<\/li>\n<li><strong>Kwaliteitscontrolesysteem<\/strong>: Overgegaane ISO9001\/BSCI-certificatie, de kwalificatietarief van de massaproduktiepartij \u2265 99.3%<\/li>\n<li><strong>Capaciteitsgarantie<\/strong>20 geautomatiseerde productielijnen, ondersteunen 500.000 stuks\/maand flexibele orders Vertrouwend op de volwassen ervaring van lokale bedrijven zoals Chengguang Color Printing, bieden we een one-stop oplossing van ontwerp tot logistiek.<\/li>\n<\/ul>\n<p><strong>Onmiddellijke actie<\/strong>:<\/p>\n<ol>\n<li>Exclusief kostenoptimalisatierapport<\/li>\n<li>3D mockup effect<\/li>\n<li>48-uurs bezorgservice voor monsters<\/li>\n<\/ol>\n<p>Door een aangepaste verpakking wordt de merkpremie verhoogd met 40%+, waardoor elk unboxing-moment een gouden touchpoint wordt voor merkcommunicatie.<\/p>","protected":false},"excerpt":{"rendered":"<p>Gegolfd papier rits scheuren mailer doos voor koptelefoon, onbeperkte grootte maatwerk, directe levering van Chinese fabrieken, platte verzending bespaart 60% van de ruimte, dubbelzijdige afdrukken merk is meer in het oog springend.<\/p>","protected":false},"featured_media":8222,"template":"","meta":[],"product_brand":[],"product_cat":[413,433],"product_tag":[625,626,627],"class_list":{"0":"post-8220","1":"product","2":"type-product","3":"status-publish","4":"has-post-thumbnail","6":"product_cat-consumer-electronics-boxes","7":"product_cat-shipping-mailer-boxes","8":"product_tag-custom-headphone-packaging","9":"product_tag-headphone-packaging-boxes","10":"product_tag-premium-headphone-boxes-wholesale","12":"first","13":"instock","14":"shipping-taxable","15":"product-type-simple"},"_links":{"self":[{"href":"https:\/\/zojopackaging.com\/nl\/wp-json\/wp\/v2\/product\/8220","targetHints":{"allow":["GET"]}}],"collection":[{"href":"https:\/\/zojopackaging.com\/nl\/wp-json\/wp\/v2\/product"}],"about":[{"href":"https:\/\/zojopackaging.com\/nl\/wp-json\/wp\/v2\/types\/product"}],"version-history":[{"count":2,"href":"https:\/\/zojopackaging.com\/nl\/wp-json\/wp\/v2\/product\/8220\/revisions"}],"predecessor-version":[{"id":8230,"href":"https:\/\/zojopackaging.com\/nl\/wp-json\/wp\/v2\/product\/8220\/revisions\/8230"}],"wp:featuredmedia":[{"embeddable":true,"href":"https:\/\/zojopackaging.com\/nl\/wp-json\/wp\/v2\/media\/8222"}],"wp:attachment":[{"href":"https:\/\/zojopackaging.com\/nl\/wp-json\/wp\/v2\/media?parent=8220"}],"wp:term":[{"taxonomy":"product_brand","embeddable":true,"href":"https:\/\/zojopackaging.com\/nl\/wp-json\/wp\/v2\/product_brand?post=8220"},{"taxonomy":"product_cat","embeddable":true,"href":"https:\/\/zojopackaging.com\/nl\/wp-json\/wp\/v2\/product_cat?post=8220"},{"taxonomy":"product_tag","embeddable":true,"href":"https:\/\/zojopackaging.com\/nl\/wp-json\/wp\/v2\/product_tag?post=8220"}],"curies":[{"name":"wp","href":"https:\/\/api.w.org\/{rel}","templated":true}]}}