{"id":8626,"date":"2025-03-29T16:56:23","date_gmt":"2025-03-29T08:56:23","guid":{"rendered":"https:\/\/zojopackaging.com\/?post_type=product&#038;p=8626"},"modified":"2025-03-29T17:22:16","modified_gmt":"2025-03-29T09:22:16","slug":"premium-custom-printed-perfume-fragrance-boxes-manufacturer","status":"publish","type":"product","link":"https:\/\/zojopackaging.com\/nl\/product\/premium-custom-printed-perfume-fragrance-boxes-manufacturer\/","title":{"rendered":"Premium aangepaste geprinte parfumdoosjes fabrikant"},"content":{"rendered":"<h3 id=\"manufacturer-s-description-of-high-quality-custom-printed-perfume-and-aromatherapy-boxes\">Beschrijving van de fabrikant van hoogwaardige bedrukte parfum- en aromatherapie doosjes op maat<\/h3>\n<h4 id=\"-1-innovative-design-and-humanized-experience-\"><strong>1. Innovatief ontwerp en menselijke ervaring<\/strong><\/h4>\n<p>Als een professionele fabriek die zich al vele jaren bezighoudt met de productie van verpakkingen, herdefini\u00ebren we het gemak van parfum- en aromatherapiedoosjes met\u00a0<strong>ladepapier en sluitontwerp<\/strong>\u00a0als kern. De doosbehuizing heeft een precisieschuifrailstructuur en het deksel van de doos kan soepel worden geopend en gesloten met \u00e9\u00e9n enkele handdruk, zonder dat er met twee handen moet worden gedrukt of ingewikkelde stappen moeten worden uitgevoerd (zie het gepatenteerde structurele optimalisatieconcept). De binnenste lade en de buitenste schaal zijn bevestigd met magnetische gespen, wat niet alleen zorgt voor transportstabiliteit, maar gebruikers ook in staat stelt om snel producten op te pakken en neer te zetten. De randen van het dooslichaam zijn afgerond en voorzien van een matte oppervlaktetechnologie, die delicaat aanvoelt en antislip is, rekening houdend met het praktische en hoogwaardige gevoel.<\/p>\n<h4 id=\"-2-luxury-materials-and-environmental-protection-concept-\"><strong>2. Luxe materialen en milieubeschermingsconcept<\/strong><\/h4>\n<p>Het hoofdgedeelte van de verpakking maakt gebruik van\u00a0<strong>157 g C2S gecoat papier + 1200 g hard karton<\/strong>en het oppervlak is behandeld met een zeer nauwkeurige coatingtechnologie, met een sterke drukhechting en krasbestendigheid. De glans van het gecoate papier kan procesdetails zoals hot stamping en UV-embossing nauwkeurig weergeven, terwijl het hardboard de FSC-boscertificering heeft doorstaan om ervoor te zorgen dat de bron van de grondstoffen voldoet aan de milieunormen en recycling ondersteunt. De voering maakt gebruik van biologisch afbreekbare\u00a0<strong>custom flocking of EVA-materiaal<\/strong>en komt nauwkeurig overeen met de contouren van het product met behulp van 3D-modelleringstechnologie. Het ronde parfumflesje wordt bijvoorbeeld bevestigd met een ringgroef en het aromatherapiestaafje is ontworpen met een klikbeugel om de verpakkingsruimte te verkleinen en de schokbestendigheid te verbeteren.<\/p>\n<h4 id=\"-third-visual-aesthetics-and-brand-value-transmission-\"><strong>3. Visuele esthetiek en overdracht van merkwaarde<\/strong><\/h4>\n<ol>\n<li><strong>Lintdecoratiesysteem<\/strong>:\u00a0<strong>Handgeweven linten<\/strong>\u00a0worden ingebed in het midden of aan de zijkant van de doos. Er zijn zijden, satijnen of warmgestempelde materialen beschikbaar en er worden strikjes, kwastjes en andere vormen gebruikt om de merkherkenning te vergroten. Een lichtroze lint met parelmoeren gespen is bijvoorbeeld geschikt voor de romantische toon van vrouwelijke parfums; een donkerblauw gevlochten lint past bij het kalme temperament van neutrale parfums.<\/li>\n<li><strong>Minimalistische ontwerptaal<\/strong>: Met Morandi kleur als de hoofdtoon, wordt de elegante esthetiek van \"minder is meer\" benadrukt door het contrast van matte en glanzende materialen, lege lay-out en andere technieken. Het merklogo maakt gebruik van lokale UV-preegtechnologie, die driedimensionaal en slijtvast is en een uniek visueel geheugenpunt vormt onder licht en schaduw.<\/li>\n<\/ol>\n<h4 id=\"-fourth-full-link-customized-service-\"><strong>4. Full-link aangepaste service<\/strong><\/h4>\n<p>Vertrouwen op\u00a0<strong>16 jaar ervaring in de productie van verpakkingen<\/strong>We bieden een one-stop oplossing van ontwerp tot massaproductie:<\/p>\n<ul>\n<li><strong>Flexibele doosaanpassing<\/strong>: Ondersteunt afgeleide structuren zoals boven- en onderdeksels, boekvormige doosjes en magnetische flappen. Het formaat beslaat 30mm\u00d730mm tot 300mm\u00d7300mm, en is geschikt voor proefverpakkingen van 1ml parfum tot 200ml aromatherapie geschenkdozen.<\/li>\n<li><strong>Functie-uitbreiding<\/strong>: Er kunnen RFID-chips tegen vervalsing en NFC-detectietags in worden ge\u00efntegreerd, zodat gebruikers informatie over de traceerbaarheid van producten kunnen krijgen door hun mobiele telefoon aan te raken; of er kunnen geurmodules voor vertraagde afgifte worden toegevoegd om van de verpakkingsdoos zelf een geurdrager te maken.<\/li>\n<li><strong>Intelligent productiesysteem<\/strong>20 volautomatische productielijnen uitgerust met CNC stansmachines en hoge-precisie hot stamping apparatuur, ondersteunen 48-uurs ultra-snelle proofing, leveren 100.000 stuks binnen 15 dagen en voldoen aan ISO 9001 kwaliteitssysteem certificering.<\/li>\n<\/ul>\n<h4 id=\"-v-scenario-based-application-and-market-competitiveness-\"><strong>5. Scenariogebaseerde toepassing en concurrentievermogen op de markt<\/strong><\/h4>\n<p>Dit type verpakking is niet alleen geschikt voor parfum en aromatherapie producten, maar kan ook worden uitgebreid naar high-end huidverzorgingsproducten, sieraden geschenken en andere gebieden. Bijvoorbeeld:<\/p>\n<ul>\n<li><strong>Festival gelimiteerde geschenkverpakking<\/strong>: Combineer warm stempelende sneeuwvloklinten met grenen houtnerfkarton om een winterse themaset te maken;<\/li>\n<li><strong>Merk gezamenlijke serie<\/strong>: Samenwerken met kunstenaars om linten met abstracte patronen te ontwerpen, die passen bij de matzwarte doos en een lichte luxestijl cre\u00ebren. Door merkverhalen over te brengen via verpakkingsmedia kan de premiumruimte van producten van klanten worden vergroot met meer dan 30%, terwijl het transportverlies wordt teruggebracht tot minder dan 0,5%.<\/li>\n<\/ul>\n<p><strong>Samenwerkingswaarde<\/strong>: Als u voor ons kiest, krijgt u een verpakkingsoplossing die functionaliteit, kunstzinnigheid en milieuverantwoordelijkheid combineert en die een upgrade van de merkwaarde met vakmanschap mogelijk maakt.<\/p>","protected":false},"excerpt":{"rendered":"<p>1. Voor het openen en sluiten van de lade zijn geen ingewikkelde stappen nodig. Gebruikers kunnen producten gemakkelijk met \u00e9\u00e9n hand pakken en neerleggen, waardoor de doos effici\u00ebnter kan worden geopend.<br \/>\n2. Lintaccessoires zijn de belangrijkste decoratieve elementen die de toegevoegde waarde van het product kunnen verhogen.<br \/>\n3. 157 g C2S gecoat kunstpapier, 1200 g stevig karton zijn milieuvriendelijke, sterke en duurzame materialen.<\/p>","protected":false},"featured_media":8627,"template":"","meta":[],"product_brand":[],"product_cat":[30,417,31,426],"product_tag":[225,910,911],"class_list":{"0":"post-8626","1":"product","2":"type-product","3":"status-publish","4":"has-post-thumbnail","6":"product_cat-by-industry","7":"product_cat-custom-perfume-boxes-by-industry","8":"product_cat-paper-box-style","9":"product_cat-paper-drawer-boxes","10":"product_tag-custom-perfume-boxes","11":"product_tag-fragrance-boxes-manufacturer","12":"product_tag-premium-perfume-boxes","14":"first","15":"instock","16":"shipping-taxable","17":"product-type-simple"},"_links":{"self":[{"href":"https:\/\/zojopackaging.com\/nl\/wp-json\/wp\/v2\/product\/8626","targetHints":{"allow":["GET"]}}],"collection":[{"href":"https:\/\/zojopackaging.com\/nl\/wp-json\/wp\/v2\/product"}],"about":[{"href":"https:\/\/zojopackaging.com\/nl\/wp-json\/wp\/v2\/types\/product"}],"version-history":[{"count":1,"href":"https:\/\/zojopackaging.com\/nl\/wp-json\/wp\/v2\/product\/8626\/revisions"}],"predecessor-version":[{"id":8636,"href":"https:\/\/zojopackaging.com\/nl\/wp-json\/wp\/v2\/product\/8626\/revisions\/8636"}],"wp:featuredmedia":[{"embeddable":true,"href":"https:\/\/zojopackaging.com\/nl\/wp-json\/wp\/v2\/media\/8627"}],"wp:attachment":[{"href":"https:\/\/zojopackaging.com\/nl\/wp-json\/wp\/v2\/media?parent=8626"}],"wp:term":[{"taxonomy":"product_brand","embeddable":true,"href":"https:\/\/zojopackaging.com\/nl\/wp-json\/wp\/v2\/product_brand?post=8626"},{"taxonomy":"product_cat","embeddable":true,"href":"https:\/\/zojopackaging.com\/nl\/wp-json\/wp\/v2\/product_cat?post=8626"},{"taxonomy":"product_tag","embeddable":true,"href":"https:\/\/zojopackaging.com\/nl\/wp-json\/wp\/v2\/product_tag?post=8626"}],"curies":[{"name":"wp","href":"https:\/\/api.w.org\/{rel}","templated":true}]}}