{"id":8676,"date":"2025-03-29T19:09:27","date_gmt":"2025-03-29T11:09:27","guid":{"rendered":"https:\/\/zojopackaging.com\/?post_type=product&#038;p=8676"},"modified":"2025-03-29T19:35:04","modified_gmt":"2025-03-29T11:35:04","slug":"custom-personalized-rings-necklaces-gift-box-wholesale","status":"publish","type":"product","link":"https:\/\/zojopackaging.com\/nl\/product\/custom-personalized-rings-necklaces-gift-box-wholesale\/","title":{"rendered":"Aangepaste gepersonaliseerde ringen kettingen geschenkdoos groothandel"},"content":{"rendered":"<h3 id=\"customized-personalized-ring-and-necklace-gift-box-wholesale-product-description\">Gepersonaliseerde ring en halsketting geschenkdoos groothandel<\/h3>\n<h4 id=\"1-head-and-bottom-lid-box-type-the-perfect-balance-of-ritual-and-convenience-\">1.\u00a0<strong>Type deksel en onderbak: de perfecte balans tussen ritueel en gemak<\/strong><\/h4>\n<p>Dit product neemt\u00a0<strong>type deksel en basisdoos<\/strong>De bovenklep en onderbak kunnen met \u00e9\u00e9n hand worden geopend en gesloten dankzij een nauwkeurige neststructuur, die het uitpakken vergemakkelijkt en tegelijkertijd bescherming biedt.<\/p>\n<ul>\n<li><strong>Functionele voordelen<\/strong>: De interne ruimte van het dooslichaam is aangepast aan de grootte van ringen, kettingen en andere accessoires, de openingshoek van het bovendeksel is \u226560\u00b0 en het openen en sluiten kan worden voltooid met \u00e9\u00e9n enkele handdruk, waardoor verpakkingsschade door omslachtige handelingen wordt voorkomen.<\/li>\n<li><strong>Esthetisch ontwerp<\/strong>: Het deksel van de doos sluit naadloos aan en het oppervlak kan worden aangepast met reli\u00ebftexturen of merktotems, met een matte macaronblauwe hoofdkleur om een helende sfeer te cre\u00ebren.<\/li>\n<\/ul>\n<h4 id=\"2-special-paper-material-a-double-breakthrough-in-environmental-protection-and-high-end-\">2.\u00a0<strong>Speciaal papiermateriaal: een dubbele doorbraak in milieubescherming en high-end<\/strong><\/h4>\n<p>Selecteer\u00a0<strong>FSC-gecertificeerd speciaal papier<\/strong>Doorbreken de beperkingen van traditioneel papier en combineren milieubeschermingstechnologie om duurzame verpakkingsoplossingen te realiseren.<\/p>\n<ul>\n<li><strong>Materiaaleigenschappen<\/strong>:<\/li>\n<li>De oppervlaktelaag is gemaakt van\u00a0<strong>lederachtig touch papier<\/strong>\u00a0of\u00a0<strong>speciaal papier met gaatjesstructuur<\/strong>met een dikte van 0,12 mm, stijfheid volgens ASTM D774-norm en barstweerstand \u226580 kPa;<\/li>\n<li>De binnenlaag is afgestemd op\u00a0<strong>1200g gerecycled karton<\/strong>Het lijmvrije hechtproces vermindert chemische vervuiling en de afbreekcyclus is \u2264180 dagen.<\/li>\n<li><strong>Toepassingsscenario's<\/strong>: Geschikt voor juwelenopslagvertoning, e-commercetransport, high-end giftaanpassing en andere scenario's, ondersteunend recycling.<\/li>\n<\/ul>\n<h4 id=\"3-hot-stamping-process-details-empower-brand-value-\">3. Zilver h<strong>ot stempelen folie proces: details macht merkwaarde<\/strong><\/h4>\n<p>Via\u00a0<strong>warmdruktechnologie op nanoniveau<\/strong>Er kunnen stempellijnen en logo's zo dun als 0,1 mm worden aangebracht om de toegevoegde waarde van het product te verhogen.<\/p>\n<ul>\n<li><strong>Hoogtepunten van technologie<\/strong>:<\/li>\n<li>Ondersteuning\u00a0<strong>driedimensionaal reli\u00ebf warm stempelen<\/strong>,\u00a0<strong>spiegel laser effect<\/strong>Kleurverschil standaard \u0394E\u22641,5 (ISO 12647-2), hechting bereikt 4B niveau van Baige test;<\/li>\n<li>Aanpasbaar merk LOGO, artistieke tekst of culturele totem, referentie gevallen omvatten Chow Tai Fook ING serie hot stamping ring box en Tiffany Blue Book geschenkdoos ontwerp.<\/li>\n<\/ul>\n<h4 id=\"4-unlimited-customization-comprehensive-adaptation-from-function-to-aesthetics-\">4.\u00a0<strong>Onbeperkt aanpasbaar: uitgebreide aanpassing van functie tot esthetiek<\/strong><\/h4>\n<ol>\n<li><strong>Type en grootte doos<\/strong>: Ondersteunt doosjes zoals boven- en onderdeksel, type lade, magnetisch klapdeksel, etc., aangepast aan ringen (5\u00d75cm tot 9\u00d79cm), kettingen (22\u00d75cm lang doosje) en andere maten, met een foutmarge van \u22640,1mm.<\/li>\n<li><strong>Kleur en materiaal<\/strong>:<\/li>\n<li><strong>Hoofdkleur<\/strong>: 12 Pantone kleurenkaarten inclusief\u00a0<strong>Morandi blauw<\/strong>\u00a0en champagnegoud beschikbaar en mat\/glanseffecten kunnen worden omgeschakeld;<\/li>\n<li><strong>Upgrade-opties<\/strong>: Optioneel flockpapier, samengesteld papier van metaalfolie of een aangepast tactiel oppervlak met reli\u00ebf.<\/li>\n<li><strong>Optimalisatie binnenvoering<\/strong>:<\/li>\n<li><strong>EVA gestanste binnenlade<\/strong>: Precies gesneden volgens de contouren van het product, pori\u00ebnverhouding \u22645%, dempende prestaties voldoen aan de ASTM D4169-norm;<\/li>\n<li><strong>Gelaagd ontwerp<\/strong>: Onafhankelijke blokken kunnen worden toegevoegd om certificaten en onderhoudsgereedschap in op te bergen. Referentiekoffers zijn voorzien van de parelmoerkatoenen fluwelen voering van de Little Prince-serie.<\/li>\n<\/ol>\n<h4 id=\"5-production-strength-and-delivery-guarantee-\">5.\u00a0<strong>Productiekracht en leveringsgarantie<\/strong><\/h4>\n<ul>\n<li><strong>Volautomatische productie<\/strong>: Rechtstreeks aangesloten op de\u00a0<strong>professionele verpakking doos fabriek<\/strong>\u00a0in de regio van de Parelrivierdelta, uitgerust met meer dan 20 volautomatische productielijnen voor warm stempelen, stansen, lijmen van dozen en andere processen, met een gemiddelde dagelijkse productiecapaciteit van meer dan 100.000 stuks en een levertijd van 7-14 dagen.<\/li>\n<li><strong>Servicevoordelen<\/strong>:<\/li>\n<li><strong>Gratis monsters en ontwerpen<\/strong>: 3D proefbestanden worden binnen 48 uur geleverd, fysieke voorbeelddozen worden binnen 72 uur geleverd en een minimumbestelling van 50 stuks wordt ondersteund zonder versievergoedingen;<\/li>\n<li><strong>Prijsvoordelen<\/strong>: Het directe verkoopmodel in de fabriek vermindert het prijsverschil tussen tussenpersonen en de eenheidsprijs is zo laag als 1,6 yuan\/doos (bespreekbaar voor grote hoeveelheden).<\/li>\n<li><strong>Normen voor kwaliteitscontrole<\/strong>: Geslaagd voor ISO 9001 kwaliteitssysteem certificering, load-bearing \u226515kg, anti-val hoogte 1,5m, en volledige vergoeding voor transportschade.<\/li>\n<\/ul>\n<h4 id=\"vi-technical-parameters-and-brand-empowerment-\">6. <strong>Technische parameters en merkversterking<\/strong><\/h4>\n<table>\n<thead>\n<tr>\n<th>Project<\/th>\n<th>Parameters\/opdrachten<\/th>\n<\/tr>\n<\/thead>\n<tbody>\n<tr>\n<td>Milieucertificering<\/td>\n<td>FSC, SGS, RoHS, REACH<\/td>\n<\/tr>\n<tr>\n<td>Nauwkeurigheid bij heet stempelen<\/td>\n<td>Lijnnauwkeurigheid 0,1 mm, patroonresolutie 300 dpi<\/td>\n<\/tr>\n<tr>\n<td>Minimum bestelhoeveelheid<\/td>\n<td>500 stuks<\/td>\n<\/tr>\n<tr>\n<td>Leveringscyclus<\/td>\n<td>7-14 dagen (minder dan 10.000 stuks)<\/td>\n<\/tr>\n<\/tbody>\n<\/table>\n<p><strong>Kiezen voor ons is niet alleen kiezen voor een verpakking, maar ook je merk een duurzame luxe geven.<\/strong><\/p>","protected":false},"excerpt":{"rendered":"<p>1. Het deksel en de basisdoos zijn stevig in elkaar geschoven en kunnen met \u00e9\u00e9n hand worden geopend voor eenvoudige bediening<br \/>\n2. Het speciale papiermateriaal doorbreekt het gebruik van traditioneel papier en voldoet aan de trend van duurzame ontwikkeling<br \/>\n3. Zilveren hot stamp folie verhoogt de toegevoegde waarde van het product, en het kleine hot stamping effect kan ook duidelijk worden weergegeven.<\/p>","protected":false},"featured_media":8678,"template":"","meta":[],"product_brand":[],"product_cat":[30,415,425,31],"product_tag":[948,947,946],"class_list":{"0":"post-8676","1":"product","2":"type-product","3":"status-publish","4":"has-post-thumbnail","6":"product_cat-by-industry","7":"product_cat-custom-jewelry-boxes-by-industry","8":"product_cat-lid-and-base-gift-box","9":"product_cat-paper-box-style","10":"product_tag-custom-box-wholesale","11":"product_tag-necklaces-gift-box","12":"product_tag-rings-gift-box","14":"first","15":"instock","16":"shipping-taxable","17":"product-type-simple"},"_links":{"self":[{"href":"https:\/\/zojopackaging.com\/nl\/wp-json\/wp\/v2\/product\/8676","targetHints":{"allow":["GET"]}}],"collection":[{"href":"https:\/\/zojopackaging.com\/nl\/wp-json\/wp\/v2\/product"}],"about":[{"href":"https:\/\/zojopackaging.com\/nl\/wp-json\/wp\/v2\/types\/product"}],"version-history":[{"count":2,"href":"https:\/\/zojopackaging.com\/nl\/wp-json\/wp\/v2\/product\/8676\/revisions"}],"predecessor-version":[{"id":8683,"href":"https:\/\/zojopackaging.com\/nl\/wp-json\/wp\/v2\/product\/8676\/revisions\/8683"}],"wp:featuredmedia":[{"embeddable":true,"href":"https:\/\/zojopackaging.com\/nl\/wp-json\/wp\/v2\/media\/8678"}],"wp:attachment":[{"href":"https:\/\/zojopackaging.com\/nl\/wp-json\/wp\/v2\/media?parent=8676"}],"wp:term":[{"taxonomy":"product_brand","embeddable":true,"href":"https:\/\/zojopackaging.com\/nl\/wp-json\/wp\/v2\/product_brand?post=8676"},{"taxonomy":"product_cat","embeddable":true,"href":"https:\/\/zojopackaging.com\/nl\/wp-json\/wp\/v2\/product_cat?post=8676"},{"taxonomy":"product_tag","embeddable":true,"href":"https:\/\/zojopackaging.com\/nl\/wp-json\/wp\/v2\/product_tag?post=8676"}],"curies":[{"name":"wp","href":"https:\/\/api.w.org\/{rel}","templated":true}]}}