{"id":8699,"date":"2025-03-29T20:43:56","date_gmt":"2025-03-29T12:43:56","guid":{"rendered":"https:\/\/zojopackaging.com\/?post_type=product&#038;p=8699"},"modified":"2025-03-29T21:48:00","modified_gmt":"2025-03-29T13:48:00","slug":"premium-gourmet-assorted-chocolates-truffles-candy-gift-box","status":"publish","type":"product","link":"https:\/\/zojopackaging.com\/nl\/product\/premium-gourmet-assorted-chocolates-truffles-candy-gift-box\/","title":{"rendered":"Premium gastronomische geassorteerde chocolade truffels snoep geschenkdoos"},"content":{"rendered":"<h2 id=\"-product-description-of-premium-gourmet-assorted-chocolate-truffle-candy-gift-box-\"><strong>Product Beschrijving van Premium Gourmet geassorteerde chocolade truffels geschenkdoos<\/strong><\/h2>\n<h3 id=\"2-special-paper-material-and-surface-technology-luxurious-tactile-and-visual-experience\">1. Speciaal papiermateriaal en oppervlaktetechnologie: luxe tactiele en visuele ervaring<\/h3>\n<p>De geschenkdoos gebruikt\u00a0<strong>ge\u00efmporteerd speciaal papiersubstraat<\/strong>zoals lycheeleerpapier, parelmoerpapier of vezelgeweven papier, met een natuurlijke leertextuur of matte metaaltextuur op het oppervlak. Door middel van reli\u00ebfdruk, warm stempelen, gedeeltelijke UV en andere processen wordt een driedimensionaal reli\u00ebfeffect gecre\u00eberd, zoals kalligrafietextuur of vergulde lijnen, waardoor de verpakking een culturele connotatie en artistieke waarde krijgt. De papiermaterialen zijn allemaal FSC-gecertificeerd, milieuvriendelijk en recyclebaar, rekening houdend met het gevoel van luxe en het concept van duurzame ontwikkeling.<\/p>\n<h3 id=\"3-highly-customized-service-all-round-adaptation-from-box-type-to-lining\">2. Service op maat: all-round aanpassing van type doos tot voering<\/h3>\n<ol>\n<li><strong>Flexibele aanpassing van type en formaat doos<\/strong>: ondersteunt een verscheidenheid aan structuren, zoals boven- en onderkap, type lade, speciaal vormsnijwerk, enz., om zich aan te passen aan de schikkingsvereisten van chocoladetruffels met verschillende specificaties (zoals diameter 15-30 mm).<\/li>\n<li><strong>Proces voor oppervlakteprinten<\/strong>: optionele polyurethaancoating op waterbasis (waterdicht en oliebestendig), lasergraveren, 3D-rasterdruk, enz. De coatingdikte bereikt bijvoorbeeld 8g\/\u33a1 en de krasbestendigheid is verbeterd met 200%.<\/li>\n<li><strong>Aangepaste voeringoplossing<\/strong>: met behulp van food-grade EVA of EPE parelkatoen, precieze mal opening door middel van 3D-scanning technologie, onafhankelijke positionering en fixatie van truffelsnoepjes, uitstekende bufferende prestaties, en seismische co\u00ebffici\u00ebnt van 320kPa te bereiken.<\/li>\n<\/ol>\n<h3 id=\"4-folding-structure-and-logistics-optimization-efficient-warehousing-and-low-cost-transportation\">3. Vouwstructuur en logistieke optimalisatie: effici\u00ebnte opslag en goedkoop transport<\/h3>\n<p>De geschenkverpakking neemt\u00a0<strong>plat opvouwbaar ontwerp<\/strong>waardoor het volume van de lege doos met 70% afneemt en het gebruik van de opslagruimte met 50% toeneemt. Bij het stapelen kan het ontwerp van de onderste versterkingsrib een lading van 15 kg dragen, wat geschikt is voor het geautomatiseerde verpakkingsproces van de productielijn. Het is compatibel met standaard palletmaten tijdens transport, waardoor de logistieke kosten met 20%-30% worden verlaagd.<\/p>\n<h3 id=\"5-triple-protection-process-all-round-guarantee-of-product-quality\">4. Drievoudig beschermingsproces: all-round garantie van productkwaliteit<\/h3>\n<ol>\n<li><strong>Technologie voor oppervlaktecoating<\/strong>: polyurethaancoating op waterbasis wordt gebruikt om een waterdichte barri\u00e8re op nanoniveau te vormen. De vochtbestendige prestaties doorstaan de 48-uur vochtigheidstest 90% en blokkeren effectief het binnendringen van waterdamp.<\/li>\n<\/ol>\n<h3 id=\"vi-advantages-of-china-s-source-factory-one-stop-service-and-cost-advantage\">5. Voordelen van de Chinese bronfabriek: one-stop service en kostenvoordeel<\/h3>\n<p>Als de\u00a0<strong>China's bronverpakkingsfabriek<\/strong>bieden wij:<\/p>\n<ul>\n<li><strong>Gratis monsters en ontwerpen<\/strong>: Prototypes worden binnen 3 werkdagen gemaakt en AI intelligente ontwerpgeneratie wordt ondersteund.<\/li>\n<li><strong>Flexibele productie<\/strong>: Ondersteunt een minimumbestelling van 100 dozen en de prijs is 30%-40% lager dan vergelijkbare producten op de markt.<\/li>\n<li><strong>Volledige proceskwaliteitsinspectie<\/strong>: Het voedselveiligheidscertificaat ISO 22000 is behaald en het voeringmateriaal voldoet aan de FDA-normen.<\/li>\n<\/ul>\n<p><strong>Pas nu je exclusieve geschenkdoos aan<\/strong>\u00a0Neem contact met ons op voor gratis monsters en ontwerpoplossingen, versterk de merkwaarde met een extreme verpakking en maak van elke truffelchocolade een kunstwerk dat uw hart overbrengt.<\/p>","protected":false},"excerpt":{"rendered":"<p>1. De dubbeldeurs verpakkingsdoos heeft een unieke symmetrische openingsinstelling, wat een onderscheidend voordeel cre\u00ebert in functionaliteit en visuele presentatie.<br \/>\n2. Speciaal papiermateriaal met speciale textuurlijnen, ziet er luxueus en high-end uit en versterkt het merkeffect.<br \/>\n3. Het doostype, de grootte, het materiaal, het ontwerp, en het proces van de oppervlaktedruk kunnen hoogst worden aangepast om uw gastronomische geassorteerde chocoladetruffelsnoep verpakking aan te passen<\/p>","protected":false},"featured_media":8700,"template":"","meta":[],"product_brand":[],"product_cat":[30,422,428,31],"product_tag":[956,955,957],"class_list":{"0":"post-8699","1":"product","2":"type-product","3":"status-publish","4":"has-post-thumbnail","6":"product_cat-by-industry","7":"product_cat-custom-gourmet-boxes-by-industry","8":"product_cat-irregular-shaped-gift-boxes","9":"product_cat-paper-box-style","10":"product_tag-chocolates-candy-gift-box","11":"product_tag-premium-chocolates-gift-box","12":"product_tag-truffles-candy-gift-box","14":"first","15":"instock","16":"shipping-taxable","17":"product-type-simple"},"_links":{"self":[{"href":"https:\/\/zojopackaging.com\/nl\/wp-json\/wp\/v2\/product\/8699","targetHints":{"allow":["GET"]}}],"collection":[{"href":"https:\/\/zojopackaging.com\/nl\/wp-json\/wp\/v2\/product"}],"about":[{"href":"https:\/\/zojopackaging.com\/nl\/wp-json\/wp\/v2\/types\/product"}],"version-history":[{"count":1,"href":"https:\/\/zojopackaging.com\/nl\/wp-json\/wp\/v2\/product\/8699\/revisions"}],"predecessor-version":[{"id":8707,"href":"https:\/\/zojopackaging.com\/nl\/wp-json\/wp\/v2\/product\/8699\/revisions\/8707"}],"wp:featuredmedia":[{"embeddable":true,"href":"https:\/\/zojopackaging.com\/nl\/wp-json\/wp\/v2\/media\/8700"}],"wp:attachment":[{"href":"https:\/\/zojopackaging.com\/nl\/wp-json\/wp\/v2\/media?parent=8699"}],"wp:term":[{"taxonomy":"product_brand","embeddable":true,"href":"https:\/\/zojopackaging.com\/nl\/wp-json\/wp\/v2\/product_brand?post=8699"},{"taxonomy":"product_cat","embeddable":true,"href":"https:\/\/zojopackaging.com\/nl\/wp-json\/wp\/v2\/product_cat?post=8699"},{"taxonomy":"product_tag","embeddable":true,"href":"https:\/\/zojopackaging.com\/nl\/wp-json\/wp\/v2\/product_tag?post=8699"}],"curies":[{"name":"wp","href":"https:\/\/api.w.org\/{rel}","templated":true}]}}