{"id":8737,"date":"2025-03-31T10:57:16","date_gmt":"2025-03-31T02:57:16","guid":{"rendered":"https:\/\/zojopackaging.com\/?post_type=product&#038;p=8737"},"modified":"2025-03-31T11:23:20","modified_gmt":"2025-03-31T03:23:20","slug":"custom-apparel-clothes-dress-collapsible-gift-box-wholesale","status":"publish","type":"product","link":"https:\/\/zojopackaging.com\/nl\/product\/custom-apparel-clothes-dress-collapsible-gift-box-wholesale\/","title":{"rendered":"Aangepaste kleding kleding opvouwbare geschenkdoos groothandel"},"content":{"rendered":"<h2 id=\"custom-clothing-dress-foldable-magnetic-gift-box-wholesale-product-description\">Aangepaste kleding kleding opvouwbare geschenkdoos groothandel<\/h2>\n<h3 id=\"-product-core-highlights-\"><strong>Belangrijkste productkenmerken<\/strong><\/h3>\n<ol>\n<li><strong>Inklapbaar ontwerp met magneetsluiting<\/strong> Door een verborgen magneet ingebedde structuur te gebruiken, is het magnetisch openen en sluiten soepel en wordt het slijtageprobleem dat wordt veroorzaakt door de zichtbare magneet vermeden. Na het inklappen kan het volume worden samengeperst tot 1\/3 van de uitgeklapte toestand, waardoor de transport- en opslagkosten aanzienlijk worden verlaagd. Dankzij de optimalisatietechnologie voor het magnetische circuit is de adsorptiekracht stabiel (3-5N), waardoor de sluiting stabiel blijft, met \u00e9\u00e9n hand kan worden bediend en een gevoel van uitpakceremonie ontstaat.<\/li>\n<li><strong>Roze Thema Dubbelzijdige Kleurendruk<\/strong>\u00a0Met behulp van 157g C2S gecoat papier als drager, dubbelzijdige hoge precisie kleurenprinttechnologie, de hoofdkleur is zachtroze (Pantone kleurenkaart op maat), gecombineerd met psychologische principes om romantische en zoete emotionele associaties te stimuleren. De binnenste laag is ontworpen met meisjesachtige patronen zoals bloemen en kant om de fantasie en het verlangen van de consument om kleding te kopen te versterken.<\/li>\n<li><strong>Lintaccessoires en merkidentificatie<\/strong>\u00a0Aangepaste linten (optionele satijn\/chiffon materialen) zijn standaard, met contrasterende strikken of LOGO hot stamping technologie om de schoonheid en het visuele niveau van het uitpakken te verbeteren. Ondersteun merklogo lint maatwerk, en versterking van het merk geheugen punten door kleur en ambacht differentiatie.<\/li>\n<li><strong>Lichte luxe gouden hot stamping folie technologie<\/strong> Gedeeltelijke gouden warmdrukfolie-technologie wordt gebruikt om matte en glanzende contrasteffecten te presenteren op details zoals het LOGO op het doosoppervlak en het frame, en bedrukt met milieuvriendelijke inkten, rekening houdend met luxe textuur en duurzame concepten.<\/li>\n<\/ol>\n<h4 id=\"-environmentally-friendly-materials-and-structural-innovation-\"><strong>Milieuvriendelijke materialen en structurele innovatie<\/strong><\/h4>\n<ul>\n<li><strong>Materiaalcombinatie<\/strong>: 157g C2S hoogwit gecoat papier (FSC-gecertificeerd) op de buitenlaag + 1200g hardgrijs karton op de binnenlaag, met een druksterkte van 200kg\/\u33a1 en een recycleerbaarheid van meer dan 90%.<\/li>\n<li><strong>Opvouwbare structuur<\/strong>: Imitatie honingraat driedimensionale structuur + 60 \u00b0 conische positionering hoek ontwerp, het bereiken van 0,1 mm niveau te herhalen positionering nauwkeurigheid, geschikt voor speciale vorm kleding verpakking behoeften.<\/li>\n<\/ul>\n<h4 id=\"-highly-customized-service-\"><strong>Service op maat<\/strong><\/h4>\n<ol>\n<li><strong>Type en grootte doos<\/strong>: Zorg voor 10+ doos types zoals boven- en onderkant deksel, lade type, flip book type, enz., met een groottebereik van 50\u00d730\u00d75cm tot 80\u00d750\u00d715cm, ondersteuning voor niet-standaard maataanpassing, en de fout wordt gecontroleerd binnen \u00b10,5 mm.<\/li>\n<li><strong>Aanpassing binnenvoering<\/strong>: EVA\/sponsvoering wordt aangepast aan de contouren van het product, met een dichtheid van 30-80 kg\/m\u00b3, nauwkeurig bufferen en schokbestendig, en het ruimtegebruik wordt verhoogd met 40%.<\/li>\n<li><strong>Oppervlaktechnologie<\/strong>: 20+ effecten zoals UV plaatselijke vernis, reli\u00ebf, laser, enz. zijn optioneel, ondersteunen speciale kleuren Pantone-kleurnummer, verloopdruk en 3D reli\u00ebfdruktechnologie.<\/li>\n<\/ol>\n<h4 id=\"-application-scenarios-and-benefits-\"><strong>Toepassingsscenario's en voordelen<\/strong><\/h4>\n<ul>\n<li><strong>Merk premium<\/strong>: Verhoog de toegevoegde waarde van het product door een verpakking van hoge kwaliteit. Uit klantonderzoeken blijkt dat de verpakking van geschenkdozen de prijs van jurken met 15%-20% kan verhogen.<\/li>\n<li><strong>Logistieke optimalisatie<\/strong>: Na het vouwen worden de transportkosten verlaagd met 30%, wat geschikt is voor containerisatie van kleine stukken in grensoverschrijdende e-commerce.<\/li>\n<li><strong>Milieucertificering<\/strong>: Voldoen aan de EU REACH en US FDA normen, en verkrijgen SGS biologisch afbreekbare certificering.<\/li>\n<\/ul>\n<h4 id=\"-ordering-process-\"><strong>Bestelproces<\/strong><\/h4>\n<ol>\n<li>Kledingmaat\/ontwerpvereisten aanleveren \u2192 2. 3D-modellering om de doosstructuur te bevestigen \u2192 3. Materiaal\/oplossing offerte \u2192 4. Het maken van monsters (5-7 werkdagen) \u2192 5. Massaproductie (MOQ 500 stuks, levertijd 10-15 dagen). Massaproductie (MOQ 500 stuks, levertijd 10-15 dagen).<\/li>\n<\/ol>\n<p><strong>Samenwerkingszaak<\/strong>: Heeft bediend merken zoals SHEIN en UR, met een gemiddelde maandelijkse productiecapaciteit van 300.000 stuks en een aanpassing tarief van 85%.<\/p>\n<p><strong>Nu aanpassen<\/strong>: Geef het merk warmte door exclusieve verpakking, waardoor elke jurk een droomcadeau voor meisjes wordt.<\/p>","protected":false},"excerpt":{"rendered":"<p>1. Magnetische sluitdoos, magneet ingebed ontwerp om externe slijtage te voorkomen, inklapbaar ontwerp om ruimtegebruik tijdens transport te verminderen<br \/>\n2. Roze druk kan romantische en zoete emotionele associaties inspireren, de fantasie van meisjes over kleding, kleding en jurken verbeteren<br \/>\n3. Dubbelzijdige kleurendruk om het kleuraanpassingseffect te verbeteren en aan de behoeften van meisjes te voldoen<\/p>","protected":false},"featured_media":8738,"template":"","meta":[],"product_brand":[],"product_cat":[30,427,414,31],"product_tag":[964,963,965],"class_list":{"0":"post-8737","1":"product","2":"type-product","3":"status-publish","4":"has-post-thumbnail","6":"product_cat-by-industry","7":"product_cat-collapsible-gift-boxes","8":"product_cat-custom-apparel-boxes","9":"product_cat-paper-box-style","10":"product_tag-clothes-box-wholesale","11":"product_tag-custom-apparel-gift-box","12":"product_tag-dress-collapsible-gift-box","14":"first","15":"instock","16":"shipping-taxable","17":"product-type-simple"},"_links":{"self":[{"href":"https:\/\/zojopackaging.com\/nl\/wp-json\/wp\/v2\/product\/8737","targetHints":{"allow":["GET"]}}],"collection":[{"href":"https:\/\/zojopackaging.com\/nl\/wp-json\/wp\/v2\/product"}],"about":[{"href":"https:\/\/zojopackaging.com\/nl\/wp-json\/wp\/v2\/types\/product"}],"version-history":[{"count":1,"href":"https:\/\/zojopackaging.com\/nl\/wp-json\/wp\/v2\/product\/8737\/revisions"}],"predecessor-version":[{"id":8743,"href":"https:\/\/zojopackaging.com\/nl\/wp-json\/wp\/v2\/product\/8737\/revisions\/8743"}],"wp:featuredmedia":[{"embeddable":true,"href":"https:\/\/zojopackaging.com\/nl\/wp-json\/wp\/v2\/media\/8738"}],"wp:attachment":[{"href":"https:\/\/zojopackaging.com\/nl\/wp-json\/wp\/v2\/media?parent=8737"}],"wp:term":[{"taxonomy":"product_brand","embeddable":true,"href":"https:\/\/zojopackaging.com\/nl\/wp-json\/wp\/v2\/product_brand?post=8737"},{"taxonomy":"product_cat","embeddable":true,"href":"https:\/\/zojopackaging.com\/nl\/wp-json\/wp\/v2\/product_cat?post=8737"},{"taxonomy":"product_tag","embeddable":true,"href":"https:\/\/zojopackaging.com\/nl\/wp-json\/wp\/v2\/product_tag?post=8737"}],"curies":[{"name":"wp","href":"https:\/\/api.w.org\/{rel}","templated":true}]}}