{"id":8768,"date":"2025-03-31T12:14:43","date_gmt":"2025-03-31T04:14:43","guid":{"rendered":"https:\/\/zojopackaging.com\/?post_type=product&#038;p=8768"},"modified":"2025-03-31T13:30:23","modified_gmt":"2025-03-31T05:30:23","slug":"custom-eyeshadow-makeup-palette-packaging-boxes-wholesale","status":"publish","type":"product","link":"https:\/\/zojopackaging.com\/nl\/product\/custom-eyeshadow-makeup-palette-packaging-boxes-wholesale\/","title":{"rendered":"Aangepaste oogschaduw make-up palet verpakking dozen groothandel"},"content":{"rendered":"<p>Ontworpen voor visagisten, make-upmerken en schoonheidsspecialisten, combineert het modieuze esthetiek met praktische functies om een one-stop opslag- en merkdisplayoplossing te bieden.<\/p>\n<h2 id=\"-core-selling-points-\"><strong>Belangrijkste verkoopargumenten<\/strong><\/h2>\n<ol>\n<li><strong>Hoogwaardig ontwerp met regenboogverloop<\/strong><\/li>\n<li>Het uiterlijk maakt gebruik van high-impact gradi\u00ebnt regenboogkleur technologie, en het oppervlak is bedekt met lichtgevende en reflecterende coatings (optioneel spuiten, UV-lak of PU flash lederen materiaal), die dynamische streamer effecten presenteert onder lichtbreking om te voldoen aan de behoeften van de visuele aantrekkingskracht.<\/li>\n<li>Ondersteunt gepersonaliseerde kleuraanpassing, biedt \u00e9\u00e9nkleurige, tweekleurige gradi\u00ebnt- of holografische regenboogeffecten en is geschikt voor themakleuren van merken.<\/li>\n<li><strong>Moderne en eenvoudige structuur<\/strong><\/li>\n<li>Het doosje heeft een gestroomlijnd contourontwerp, een dikte van slechts 16-20 mm en een gewicht van minder dan 200 gram, dat gemakkelijk kan worden meegenomen of in een make-uptasje kan worden gestopt.<\/li>\n<li>Optioneel vierkant of afgerond rechthoekig type doos, geen overbodige decoratie aan de rand, die voldoet aan de minimalistische behoeften van studio- en locatieopnamen.<\/li>\n<li><strong>Wetenschappelijke partitie opslag<\/strong><\/li>\n<li>Ingebouwd 12 onafhankelijke ronde compartimenten, diameter 25-30mm (instelbaar), diepte 12-15mm, geschikt voor oogschaduw in \u00e9\u00e9n kleur, blush, highlight poeder en andere producten om kleurvermenging te voorkomen.<\/li>\n<li>De bodem van het compartiment maakt gebruik van een antislip siliconen pad om te voorkomen dat het poeder schudt en breekt; ondersteunt gelaagd modulair ontwerp, flexibele aanpassing van de lay-out.<\/li>\n<li><strong>Veiligheid en duurzaamheid<\/strong><\/li>\n<li><strong>Magnetisch afdichtingssysteem<\/strong>: Het deksel heeft een ingebouwde sterke magneet, die stevig vergrendeld is na het sluiten, schokbestendig en valbestendig, geschikt voor reizen en mobiele sc\u00e8nes.<\/li>\n<li><strong>Anti-verbrijzelingsstructuur<\/strong>: De behuizing is gemaakt van ABS+PETG composietmateriaal, met 50% verhoogde schokbestendigheid; de interne verdikte bufferlaag is bestand tegen hoogfrequent gebruik in de studio.<\/li>\n<li><strong>Ruimte voor merkaanpassing<\/strong><\/li>\n<li>Aan de binnenkant van het deksel is een leeg gebied gereserveerd dat lasergraveren, zeefdrukken of warm stempelen ondersteunt en kan worden aangepast met een merklogo, slogan of artistiek patroon.<\/li>\n<li>Bied hoogwaardige ambachtelijke opties zoals laser hot stamping en 3D reli\u00ebf om de merkherkenning te vergroten.<\/li>\n<\/ol>\n<h2 id=\"-customization-options-\"><strong>Aanpassingsopties<\/strong><\/h2>\n<ul>\n<li><strong>Maat<\/strong>: Ondersteuning maatwerk van 70mm\u00d770mm tot 150mm\u00d7100mm, dikte instelbaar van 10-25mm.<\/li>\n<li><strong>Materiaal<\/strong>:<\/li>\n<li>Basismodel: Milieuvriendelijk ABS\/PETG-kunststof (lichtgewicht, corrosiebestendig).<\/li>\n<li>High-end model: Metalen aluminium doos (mat\/spiegel electroplating) of acryl materiaal (transparant\/gebloemd effect).<\/li>\n<li><strong>Oppervlaktebehandeling<\/strong>:<\/li>\n<li>Drukproces: zeefdruk, thermische overdracht, digitale inkjet.<\/li>\n<li>Speciale effecten: parelmoer coating, laser gradi\u00ebnt, frosted touch.<\/li>\n<li><strong>Extra verpakkingsdiensten<\/strong>:<\/li>\n<li>Ondersteuning van golfkarton of OPP zak verpakking, ondersteuning merk buitendoos afdrukken.<\/li>\n<li>Proefdrukservice (7-10 dagen), minimale bestelhoeveelheid 12.000 stuks, ondersteuning van flexibele productie in kleine series.<\/li>\n<\/ul>\n<h2 id=\"-applicable-scenarios-\"><strong>Toepasselijke scenario's<\/strong><\/h2>\n<ul>\n<li><strong>Professionele visagist<\/strong>: Draagbaar ontwerp is geschikt voor mobiele sc\u00e8nes zoals film en televisie, podium, bruidsmake-up.<\/li>\n<li><strong>Make-up merk<\/strong>: Aanpassing per batch als productverpakking om de merkboodschap te versterken.<\/li>\n<li><strong>Schoonheidsstudio<\/strong>: Anti-verbrijzelende structuur is geschikt voor hoogfrequent gebruik, wat handig is voor klanten om kleur te proberen.<\/li>\n<\/ul>\n<h2 id=\"-cooperation-advantages-\"><strong>Voordelen van samenwerking<\/strong><\/h2>\n<ul>\n<li><strong>Directe levering van bronfabriek<\/strong>: Professionele fabrikanten van verpakkingsmateriaal in Zhuhai, Shantou en andere plaatsen, 25 jaar ervaring in spuitgieten\/stempelen, ISO-kwaliteitscertificering.<\/li>\n<li><strong>One-stop service<\/strong>: Follow-up van ontwerp, proofing tot massaproductie, ondersteuning van grensoverschrijdende levering (Amazon, onafhankelijk station en andere platformaanpassing).<\/li>\n<\/ul>\n<p><strong>Neem contact met ons op<\/strong>: Ontvang gratis monsters en offertes, en pas je exclusieve regenboog make-up palet aan!<\/p>","protected":false},"excerpt":{"rendered":"<p>Veelzijdig ontwerp - Geschikt voor poeders, cr\u00e8mes of mengmediums.<br \/>\nDuurzaamheid van kunstenaarsklasse - Bestand tegen dagelijks gebruik in de studio.<br \/>\nKlaar voor Bulk Branding - Aanpasbare dekselruimte voor salons\/winkeliers.<br \/>\nTravel-Smart - Slank profiel past in professionele make-upkits.<br \/>\nTrendgerichte esthetiek - de iriserende afwerking sluit aan bij luxe schoonheidstrends.<\/p>","protected":false},"featured_media":8769,"template":"","meta":[],"product_brand":[],"product_cat":[30,390,424,31],"product_tag":[975,976,977],"class_list":{"0":"post-8768","1":"product","2":"type-product","3":"status-publish","4":"has-post-thumbnail","6":"product_cat-by-industry","7":"product_cat-custom-cosmetics-boxes","8":"product_cat-magnetic-closure-boxes","9":"product_cat-paper-box-style","10":"product_tag-custom-eyeshadow-palette-packaging","11":"product_tag-custom-makeup-boxes","12":"product_tag-eyeshadow-packaging-wholesale","14":"first","15":"instock","16":"shipping-taxable","17":"product-type-simple"},"_links":{"self":[{"href":"https:\/\/zojopackaging.com\/nl\/wp-json\/wp\/v2\/product\/8768","targetHints":{"allow":["GET"]}}],"collection":[{"href":"https:\/\/zojopackaging.com\/nl\/wp-json\/wp\/v2\/product"}],"about":[{"href":"https:\/\/zojopackaging.com\/nl\/wp-json\/wp\/v2\/types\/product"}],"version-history":[{"count":1,"href":"https:\/\/zojopackaging.com\/nl\/wp-json\/wp\/v2\/product\/8768\/revisions"}],"predecessor-version":[{"id":8775,"href":"https:\/\/zojopackaging.com\/nl\/wp-json\/wp\/v2\/product\/8768\/revisions\/8775"}],"wp:featuredmedia":[{"embeddable":true,"href":"https:\/\/zojopackaging.com\/nl\/wp-json\/wp\/v2\/media\/8769"}],"wp:attachment":[{"href":"https:\/\/zojopackaging.com\/nl\/wp-json\/wp\/v2\/media?parent=8768"}],"wp:term":[{"taxonomy":"product_brand","embeddable":true,"href":"https:\/\/zojopackaging.com\/nl\/wp-json\/wp\/v2\/product_brand?post=8768"},{"taxonomy":"product_cat","embeddable":true,"href":"https:\/\/zojopackaging.com\/nl\/wp-json\/wp\/v2\/product_cat?post=8768"},{"taxonomy":"product_tag","embeddable":true,"href":"https:\/\/zojopackaging.com\/nl\/wp-json\/wp\/v2\/product_tag?post=8768"}],"curies":[{"name":"wp","href":"https:\/\/api.w.org\/{rel}","templated":true}]}}