{"id":8776,"date":"2025-03-31T13:30:33","date_gmt":"2025-03-31T05:30:33","guid":{"rendered":"https:\/\/zojopackaging.com\/?post_type=product&#038;p=8776"},"modified":"2025-03-31T13:48:57","modified_gmt":"2025-03-31T05:48:57","slug":"personalize-custom-nail-polish-packaging-boxes-wholesale","status":"publish","type":"product","link":"https:\/\/zojopackaging.com\/nl\/product\/personalize-custom-nail-polish-packaging-boxes-wholesale\/","title":{"rendered":"Personaliseren aangepaste nagellak verpakking dozen groothandel"},"content":{"rendered":"<h2 id=\"-core-design-concept-\"><strong>Kernconcept<\/strong><\/h2>\n<p>Deze lade papieren nagellak verpakkingsdoos is gecentreerd op <strong>\"minimalistische esthetiek + functionele bescherming\"<\/strong>en is ontworpen voor high-end nagelsalons, luxe beautymerken en gepersonaliseerde maatwerkbehoeften. De combinatie van het milieubeschermingsconcept en het matte textuurontwerp van de Braziliaanse Hidrabene-serie op de webpagina, en de modulaire productie-ervaring van de toonaangevende fabriek van de webpagina in China, integreert kunstzinnigheid en functionaliteit om te voldoen aan de dubbele behoeften van het merk voor\u00a0<strong>Hoogwaardige beelduitvoer<\/strong>\u00a0en\u00a0<strong>productbescherming<\/strong>.<\/p>\n<h2 id=\"-product-highlights-and-function-analysis-\"><strong>Producthoogtepunten en functieanalyse<\/strong><\/h2>\n<h3 id=\"1-luxury-appearance-and-customized-brand-presentation-\">1.\u00a0<strong>Luxe uitstraling en aangepaste merkpresentatie<\/strong><\/h3>\n<ul>\n<li><strong>Matte afwerking + foliedrukproces<\/strong>: De\u00a0<strong>mat aanrakingsmateriaal<\/strong>\u00a0vermeld op de webpagina, gecombineerd met foliedruktechnologie zoals hot stamping\/heet zilver, om ervoor te zorgen dat het merklogo duidelijk is zonder vlekken en kleurverschillen, waardoor de verpakking een low-key en luxueuze visuele impact krijgt.<\/li>\n<li><strong>Uittrekbaar ontwerp voor openen en sluiten<\/strong>: Ge\u00efnspireerd door het gemak van de draagbare opbergdoos in de webpagina, gecombineerd met de flip cover structuur van de webpagina boek-vormige doos, het versterkt het gevoel van unboxing ceremonie en is geschikt voor cadeau-niveau sc\u00e8nes.<\/li>\n<\/ul>\n<h3 id=\"2-modular-multifunctional-lining-\">2.\u00a0<strong>Modulaire multifunctionele bekleding<\/strong><\/h3>\n<ul>\n<li><strong>Verstelbare tussenlaag van EVA-schuim<\/strong>: Verwijs naar het 12-raster tic-tac-toe ontwerp van Huangshi Huahong Carton Factory in Baiyun District, Guangzhou op de webpagina, met ingebed verwijderbaar EVA-schuim (dichtheid optioneel 0,3-0,5g\/cm\u00b3), flexibel aan te passen aan 12 flesjes nagellak van 15 ml en borstels, drooggereedschap en andere accessoires om botsingen tijdens het transport te voorkomen.<\/li>\n<li><strong>Blanco ruimte voor aanpassingen aan de binnenhoes<\/strong>: Aan de bovenkant is een leeg gebied gereserveerd voor UV-druk, reli\u00ebfdruk en andere processen om het merklogo of artistieke patronen in te bouwen om het merkgeheugen te versterken.<\/li>\n<\/ul>\n<h3 id=\"3-all-round-customization-service-\">3.\u00a0<strong>All-round maatwerkservice<\/strong><\/h3>\n<ul>\n<li><strong>Flexibele aanpassing van formaat en materiaal<\/strong>: Ondersteunt maatwerk van standaard 12-flessen dozen tot supergrote geschenkdozen, en de materialen kunnen worden geselecteerd uit milieuvriendelijk grijs karton, wit karton, speciaal papier, en kunnen ook worden opgewaardeerd tot luxe verpakkingsmaterialen zoals leerfineer.<\/li>\n<li><strong>Gediversifieerde oppervlaktetechnologie<\/strong>: Zorg voor matte lijm, hot stamping, UV reli\u00ebf en andere effecten om te voldoen aan de gedifferentieerde behoeften van mat, glanzend, getextureerde, enz.<\/li>\n<\/ul>\n<h3 id=\"4-advantages-of-china-s-source-factory-\">4.\u00a0<strong>Voordelen van de Chinese bronfabriek<\/strong><\/h3>\n<ul>\n<li><strong>Gratis monsters en ontwerpondersteuning<\/strong>: Ondersteuning van gratis proofing en \u00e9\u00e9n-op-\u00e9\u00e9n voorstellen van professionele ontwerpteams om een nauwkeurige implementatie van tekeningen tot afgewerkte producten te garanderen.<\/li>\n<\/ul>\n<h2 id=\"-applicable-scenarios-and-industry-trends-\"><strong>Toepasselijke scenario's en trends in de sector<\/strong><\/h2>\n<ul>\n<li><strong>Professionele salon<\/strong>: Modulair ontwerp vergemakkelijkt weergave en opslag, en high-end servicepositionering.<\/li>\n<li><strong>Luxe merken<\/strong>: De matte + foliedruktechnologie past bij de minimalistische luxetrend op de webpagina en voldoet aan de uniforme visuele uitvoerbehoeften van het merk.<\/li>\n<li><strong>Grensoverschrijdende e-commerce<\/strong>: Voldoet aan de strenge normen van Amazon, TikTok en andere platforms op de webpagina voor verpakkingsontwerp en transportveiligheid.<\/li>\n<\/ul>\n<h2 id=\"-customization-process-and-service-commitment-\"><strong>Aanpassingsproces en serviceverplichting<\/strong><\/h2>\n<ol>\n<li><strong>Vraagcommunicatie<\/strong>: Geef parameters op zoals grootte, materiaal en proces.<\/li>\n<li><strong>Bevestiging van 3D proefafdrukken<\/strong>: Volledige monsterproductie binnen 7 werkdagen.<\/li>\n<li><strong>Massaproductie<\/strong>: Levering binnen 7-14 dagen, met kwaliteitscontrole tijdens het hele proces.<\/li>\n<li><strong>Garantie na verkoop<\/strong>: diensten leveren zoals schadevervanging en uitgestelde vergoeding<\/li>\n<\/ol>\n<p><strong>Conclusie<\/strong>\u00a0Dit product neemt modulair ontwerp, matte textuur en diepe aanpassing als de kern concurrentievermogen, de integratie van de minimalistische esthetiek van de webpagina en de effici\u00ebnte productie voordelen van de webpagina China supply chain, het helpen van het merk om een gedifferentieerd imago in de schoonheid markt. Van monsters tot massaproductie, wij beloven luxe verpakkingsoplossingen te bieden tegen bronprijzen.<\/p>","protected":false},"excerpt":{"rendered":"<ul>\n<li><strong>Milieuvriendelijk<\/strong>: 100% recyclebare materialen sluiten aan bij wereldwijde duurzaamheidstrends.<\/li>\n<li><strong>Merkversterking<\/strong>: Hoogwaardige afwerkingen (warmdruk, reli\u00ebf) verbeteren de impact op het schap.<\/li>\n<li><strong>Klaar voor logistiek<\/strong>: Flat-pack ontwerp verlaagt de verzendkosten met 40% in vergelijking met voorgemonteerde dozen.<\/li>\n<li><strong>Aanpasbaar<\/strong>: Verwisselbare inzetstukken ondersteunen nagelkits, gels of geschenksets voor de detailhandel.<\/li>\n<\/ul>","protected":false},"featured_media":8777,"template":"","meta":[],"product_brand":[],"product_cat":[30,390,31,426],"product_tag":[837,979,978],"class_list":{"0":"post-8776","1":"product","2":"type-product","3":"status-publish","4":"has-post-thumbnail","6":"product_cat-by-industry","7":"product_cat-custom-cosmetics-boxes","8":"product_cat-paper-box-style","9":"product_cat-paper-drawer-boxes","10":"product_tag-custom-nail-polish-packaging","11":"product_tag-nail-polish-boxes-wholesale","12":"product_tag-nail-polish-packaging","14":"first","15":"instock","16":"shipping-taxable","17":"product-type-simple"},"_links":{"self":[{"href":"https:\/\/zojopackaging.com\/nl\/wp-json\/wp\/v2\/product\/8776","targetHints":{"allow":["GET"]}}],"collection":[{"href":"https:\/\/zojopackaging.com\/nl\/wp-json\/wp\/v2\/product"}],"about":[{"href":"https:\/\/zojopackaging.com\/nl\/wp-json\/wp\/v2\/types\/product"}],"version-history":[{"count":1,"href":"https:\/\/zojopackaging.com\/nl\/wp-json\/wp\/v2\/product\/8776\/revisions"}],"predecessor-version":[{"id":8782,"href":"https:\/\/zojopackaging.com\/nl\/wp-json\/wp\/v2\/product\/8776\/revisions\/8782"}],"wp:featuredmedia":[{"embeddable":true,"href":"https:\/\/zojopackaging.com\/nl\/wp-json\/wp\/v2\/media\/8777"}],"wp:attachment":[{"href":"https:\/\/zojopackaging.com\/nl\/wp-json\/wp\/v2\/media?parent=8776"}],"wp:term":[{"taxonomy":"product_brand","embeddable":true,"href":"https:\/\/zojopackaging.com\/nl\/wp-json\/wp\/v2\/product_brand?post=8776"},{"taxonomy":"product_cat","embeddable":true,"href":"https:\/\/zojopackaging.com\/nl\/wp-json\/wp\/v2\/product_cat?post=8776"},{"taxonomy":"product_tag","embeddable":true,"href":"https:\/\/zojopackaging.com\/nl\/wp-json\/wp\/v2\/product_tag?post=8776"}],"curies":[{"name":"wp","href":"https:\/\/api.w.org\/{rel}","templated":true}]}}