{"id":9080,"date":"2025-04-01T10:24:32","date_gmt":"2025-04-01T02:24:32","guid":{"rendered":"https:\/\/zojopackaging.com\/?post_type=product&#038;p=9080"},"modified":"2025-04-01T10:36:15","modified_gmt":"2025-04-01T02:36:15","slug":"luxury-custom-logo-printed-apparel-clothing-packaging-box","status":"publish","type":"product","link":"https:\/\/zojopackaging.com\/nl\/product\/luxury-custom-logo-printed-apparel-clothing-packaging-box\/","title":{"rendered":"Luxe aangepaste Logo afgedrukt kleding kleding verpakking doos"},"content":{"rendered":"<h2 id=\"1-foldable-flat-design-to-optimize-transportation-efficiency-\">1. Inklapbaar<strong>\u00a0Plat ontwerp om transporteffici\u00ebntie te optimaliseren<\/strong><\/h2>\n<p>Door een innovatieve opvouwbare structuur te gebruiken, is de dikte van de lege doos na het opvouwen slechts 25% van de oorspronkelijke grootte, wat veel opslag- en transportruimte bespaart. Het 1200g karton met hoge weerstand zorgt voor drukbestendigheid en schokbestendigheid tijdens het transport en vermindert het breukpercentage. De vlakke verzendwijze kan de logistieke kosten met meer dan 40% verlagen en is geschikt voor verschillende transportscenario's zoals zee- en luchttransport.<\/p>\n<h2 id=\"2-magnetic-flip-top-fun-opening-and-closing-\">2.\u00a0<strong>Magnetische sluitdozen<\/strong><\/h2>\n<p>Het deksel heeft een ingebouwd sterk magnetisch apparaat (magnetische kracht van meer dan 5N), dat gemakkelijk met \u00e9\u00e9n hand geopend en gesloten kan worden, vergezeld van een helder adsorptiegeluid, wat het rituele gevoel van uitpakken versterkt. De magnetische structuur heeft een verborgen ontwerp en het oppervlak is bedekt met 157 g C2S gecoat papier, dat delicaat aanvoelt en het drukeffect niet be\u00efnvloedt. Vergeleken met traditionele snapverpakkingen kan het magnetische ontwerp het verlies bij herhaald openen en sluiten met 30% verminderen.<\/p>\n<h2 id=\"3-full-dimensional-color-management-system-\">3.\u00a0<strong>Volledig dimensionaal kleurbeheersysteem<\/strong><\/h2>\n<p>Biedt Pantone steunkleuren, vierkleurendruk en metaalverloopprocessen en ondersteun aanpassing van hoofdkleuren volgens merkkleur:<\/p>\n<ul>\n<li><strong>High-end markt<\/strong>: verguld\/parelmoerwit\/obsidiaanzwart, met warm stempelen\/UV-stempelen<\/li>\n<li><strong>Jonge trend<\/strong>: fluorescerend oranje\/elektro-optisch blauw, met behulp van 3D stereo-printtechnologie<\/li>\n<li><strong>Milieubeschermingsconcept<\/strong>: originele houtkleur, bedrukt met soja-inkt en gemarkeerd met FSC-milieukeurmerklogo<\/li>\n<\/ul>\n<h2 id=\"4-aesthetic-details-strengthen-brand-recognition-\">4.\u00a0<strong>Esthetische details versterken de merkherkenning<\/strong><\/h2>\n<ul>\n<li><strong>Accessoires voor lint<\/strong>: optionele zijde, sneeuwgaren of gerecyclede polyester materialen, ondersteuning laser graveren merk LOGO<\/li>\n<li><strong>Voeringontwerp<\/strong>: 3mm EVA bufferlaag + flocking doek, beschermt kleding zonder kreuken, ingebedde merkverhaalkaart<\/li>\n<li><strong>Oppervlaktebehandeling<\/strong>: matte\/glanzende\/tactiele textuurcoating, anti-vingerafdruk en krasbestendig<\/li>\n<\/ul>\n<h2 id=\"5-full-link-deep-customization-service-\">5.\u00a0<strong>Full-link diepe aanpassingsservice<\/strong><\/h2>\n<ul>\n<li><strong>Type doos<\/strong>: Er zijn 12 soorten dozen beschikbaar, waaronder boven- en onderdeksel, boekvormige doos, ladebox, etc., geschikt voor verschillende kledingvormen zoals pakken, cheongsam, sportkleding, etc.<\/li>\n<li><strong>Maat<\/strong>: Ondersteunt volledige grootteaanpassing van 50\u00d730\u00d75cm tot 120\u00d780\u00d725cm, met een fout van \u22640,5mm<\/li>\n<li><strong>Drukproces<\/strong>: 20 effectcombinaties zoals koud stempelen, gedeeltelijke UV, zeefdruk, holografische laser, enz.<\/li>\n<\/ul>\n<h2 id=\"vii-advantages-of-direct-supply-from-chinese-source-factories-\">6. <strong>Voordelen van directe levering uit Chinese bronfabrieken<\/strong><\/h2>\n<ul>\n<li><strong>Gratis proefdruk<\/strong>: Levering van fysieke monsters binnen 3-5 werkdagen<\/li>\n<li><strong>0 yuan ontwerp<\/strong>: Professioneel team biedt oplossingen voor VI-integratie, AI genereert 3D-renderings<\/li>\n<li><strong>Ladder offerte<\/strong>: Minimum bestelhoeveelheid is 500 stuks, en de eenheidsprijs is 15%-20% lager dan de marktgemiddelde prijs<\/li>\n<\/ul>","protected":false},"excerpt":{"rendered":"<p>Door de integratie van een magnetisch interactieontwerp, milieuvriendelijke materialen en volledig op maat gemaakte diensten, wordt de conversiesnelheid van verpakkingsdozen verbeterd, waardoor het uitpakproces van de klant een belangrijk contactpunt wordt voor de overdracht van merkwaarde. Een licht luxe dameskledingmerk als voorbeeld: na het gebruik van ros\u00e9goud vergulde magnetische dozen + zijden linten steeg het aantal heraankopen met 19% en het aantal unboxing video's op sociale media overschreed de 5 miljoen keer.<\/p>","protected":false},"featured_media":9081,"template":"","meta":[],"product_brand":[],"product_cat":[30,414,424,31],"product_tag":[1063,1062,1064],"class_list":{"0":"post-9080","1":"product","2":"type-product","3":"status-publish","4":"has-post-thumbnail","6":"product_cat-by-industry","7":"product_cat-custom-apparel-boxes","8":"product_cat-magnetic-closure-boxes","9":"product_cat-paper-box-style","10":"product_tag-clothing-packaging-box","11":"product_tag-custom-apparel-box","12":"product_tag-luxury-clothing-box","14":"first","15":"instock","16":"shipping-taxable","17":"product-type-simple"},"_links":{"self":[{"href":"https:\/\/zojopackaging.com\/nl\/wp-json\/wp\/v2\/product\/9080","targetHints":{"allow":["GET"]}}],"collection":[{"href":"https:\/\/zojopackaging.com\/nl\/wp-json\/wp\/v2\/product"}],"about":[{"href":"https:\/\/zojopackaging.com\/nl\/wp-json\/wp\/v2\/types\/product"}],"version-history":[{"count":1,"href":"https:\/\/zojopackaging.com\/nl\/wp-json\/wp\/v2\/product\/9080\/revisions"}],"predecessor-version":[{"id":9086,"href":"https:\/\/zojopackaging.com\/nl\/wp-json\/wp\/v2\/product\/9080\/revisions\/9086"}],"wp:featuredmedia":[{"embeddable":true,"href":"https:\/\/zojopackaging.com\/nl\/wp-json\/wp\/v2\/media\/9081"}],"wp:attachment":[{"href":"https:\/\/zojopackaging.com\/nl\/wp-json\/wp\/v2\/media?parent=9080"}],"wp:term":[{"taxonomy":"product_brand","embeddable":true,"href":"https:\/\/zojopackaging.com\/nl\/wp-json\/wp\/v2\/product_brand?post=9080"},{"taxonomy":"product_cat","embeddable":true,"href":"https:\/\/zojopackaging.com\/nl\/wp-json\/wp\/v2\/product_cat?post=9080"},{"taxonomy":"product_tag","embeddable":true,"href":"https:\/\/zojopackaging.com\/nl\/wp-json\/wp\/v2\/product_tag?post=9080"}],"curies":[{"name":"wp","href":"https:\/\/api.w.org\/{rel}","templated":true}]}}