{"id":9190,"date":"2025-04-01T16:13:49","date_gmt":"2025-04-01T08:13:49","guid":{"rendered":"https:\/\/zojopackaging.com\/?post_type=product&#038;p=9190"},"modified":"2025-04-01T16:44:15","modified_gmt":"2025-04-01T08:44:15","slug":"wholesale-order-makeup-brush-cosmetic-set-packaging-boxes","status":"publish","type":"product","link":"https:\/\/zojopackaging.com\/nl\/product\/wholesale-order-makeup-brush-cosmetic-set-packaging-boxes\/","title":{"rendered":"Groothandel Bestel make-up borstel cosmetische Set verpakking dozen"},"content":{"rendered":"<h2 id=\"-product-highlights-ingenious-design-quality-first-\"><strong>Hoogtepunten van het product: ingenieus ontwerp, kwaliteit eerst<\/strong><\/h2>\n<h3 id=\"1-magnetic-box-design-high-end-opening-and-closing-experience-\">1.\u00a0<strong>Doos met magnetische sluiting, hoogwaardig openen en sluiten<\/strong><\/h3>\n<p>De in de magneet ge\u00efntegreerde structuur en de verborgen magnetische sluiting voorkomen slijtage van de magneet en de sluiting is stabiel en soepel en geeft een elegant ritueel gevoel tussen openen en sluiten. De matte textuur in combinatie met vloeiende lijnen geeft de verpakkingsdoos een low-key en luxueus high-end temperament.<\/p>\n<h3 id=\"2-deep-black-box-body-interpreting-the-brand-style-\">2.\u00a0<strong>Diepzwarte behuizing, die de merkstijl interpreteert<\/strong><\/h3>\n<p>Het dooslichaam maakt gebruik van klassieke pure zwarte tinten, met een delicate touch coating, visueel rustig en mysterieus, en high-end en delicaat. Zwart, als de symbolische kleur van luxe verpakkingen, kan de high-end positionering van het merk versterken, artisticiteit en kwaliteit overbrengen en een ervaring van \"verrassing bij het openen van de doos\" cre\u00ebren voor consumenten.<\/p>\n<h3 id=\"3-environmentally-friendly-materials-both-sturdy-and-sustainable-\">3.\u00a0<strong>Milieuvriendelijke materialen, zowel stevig als duurzaam<\/strong><\/h3>\n<p>Het belangrijkste materiaal is\u00a0<strong>157 g C2S gecoat kunstpapier + 1200 g hard karton<\/strong>dat zowel een hoge stijfheid als milieubeschermende eigenschappen heeft. Het papier is FSC-gecertificeerd, recyclebaar en afbreekbaar, in overeenstemming met internationale milieunormen, en helpt merken hun maatschappelijke verantwoordelijkheid te nemen terwijl de verpakking sterk is in het dragen van lasten, bestand is tegen druk en niet vervormt.<\/p>\n<h3 id=\"4-eva-lining-protection-comprehensive-product-protection-\">4.\u00a0<strong>EVA-voeringbescherming, uitgebreide productbescherming<\/strong><\/h3>\n<p>Aangepaste EVA-voering, zacht en zeer elastisch, sluit nauw aan bij de vorm van make-upkwasten en cosmetica, dempt effectief trillingen en extrusie tijdens transport en voorkomt productverplaatsing, vervorming of slijtage. De voering kan flexibel worden ontworpen als een gelaagde structuur, geschikt voor een combinatie van penselen van verschillende specificaties en verbetert het gevoel van orde in de productweergave.<\/p>\n<h2 id=\"-core-advantage-deep-customization-empowering-brand-value-\"><strong>Kernvoordeel: verregaand maatwerk, merkwaarde versterken<\/strong><\/h2>\n<h3 id=\"5-all-round-customization-service-to-meet-personalized-needs-\">5.\u00a0<strong>All-round aanpassingsservice om te voldoen aan persoonlijke behoeften<\/strong><\/h3>\n<ul>\n<li><strong>Type doos<\/strong>Ondersteunt het aanpassen van verschillende soorten dozen, zoals flipboxen, boekdozen, ladeboxen, enz;<\/li>\n<li><strong>Maat<\/strong>: nauwkeurig ontworpen op basis van producthoeveelheid en -specificaties om het ruimtegebruik te optimaliseren;<\/li>\n<li><strong>Handwerk<\/strong>: oppervlaktebehandelingen zoals warm stempelen, reli\u00ebfdruk, UV, zeefdruk, enz. met optionele matte\/glanzende effecten;<\/li>\n<li><strong>Kleur en materiaal<\/strong>: naast standaard zwart, ondersteuning voor Pantone steunkleur maatwerk, die kan worden opgewaardeerd naar speciaal papier, zoals leer textuur en metaal textuur.<\/li>\n<\/ul>\n<h3 id=\"6-precise-adaptation-of-lining-to-strengthen-brand-memory-\">6.\u00a0<strong>Nauwkeurige aanpassing van de voering om het merkgeheugen te versterken<\/strong><\/h3>\n<p>Afhankelijk van de lengte, diameter en indeling van de make-up kwastenset wordt de lay-out van de voeringgroef op maat gemaakt en kan het merklogo of de slogan in reli\u00ebf worden aangebracht. Door de uniforme visuele taal en het detailontwerp wordt de professionaliteit van het merk beter herkend door de consument en wordt de aankooployaliteit verbeterd.<\/p>","protected":false},"excerpt":{"rendered":"<ul>\n<li><strong>Gratis proefdruk<\/strong>: Zorg voor monsterlevering binnen 3-5 werkdagen, ervaar intu\u00eftief de kwaliteit;<\/li>\n<li><strong>Gratis ontwerp<\/strong>: Een professioneel team ondersteunt 3D-structuurdiagrammen en grafische aanpassingen;<\/li>\n<li><strong>Hoge kosten prestaties<\/strong>: Grootschalige productie + toeleveringsketen aan de bron, de prijs is 15% lager dan de industrie;<\/li>\n<li><strong>24-uurs reactie<\/strong>: E\u00e9n-op-\u00e9\u00e9n klantenservice tijdens het hele proces, follow-up van ontwerp tot levering, ondersteuning van spoedbestellingen.<\/li>\n<\/ul>","protected":false},"featured_media":9191,"template":"","meta":[],"product_brand":[],"product_cat":[30,390,424,31],"product_tag":[1099,1098,1100],"class_list":{"0":"post-9190","1":"product","2":"type-product","3":"status-publish","4":"has-post-thumbnail","6":"product_cat-by-industry","7":"product_cat-custom-cosmetics-boxes","8":"product_cat-magnetic-closure-boxes","9":"product_cat-paper-box-style","10":"product_tag-cosmetic-brush-set-packaging","11":"product_tag-makeup-brush-packaging","12":"product_tag-wholesale-makeup-brush-boxes","14":"first","15":"instock","16":"shipping-taxable","17":"product-type-simple"},"_links":{"self":[{"href":"https:\/\/zojopackaging.com\/nl\/wp-json\/wp\/v2\/product\/9190","targetHints":{"allow":["GET"]}}],"collection":[{"href":"https:\/\/zojopackaging.com\/nl\/wp-json\/wp\/v2\/product"}],"about":[{"href":"https:\/\/zojopackaging.com\/nl\/wp-json\/wp\/v2\/types\/product"}],"version-history":[{"count":2,"href":"https:\/\/zojopackaging.com\/nl\/wp-json\/wp\/v2\/product\/9190\/revisions"}],"predecessor-version":[{"id":9197,"href":"https:\/\/zojopackaging.com\/nl\/wp-json\/wp\/v2\/product\/9190\/revisions\/9197"}],"wp:featuredmedia":[{"embeddable":true,"href":"https:\/\/zojopackaging.com\/nl\/wp-json\/wp\/v2\/media\/9191"}],"wp:attachment":[{"href":"https:\/\/zojopackaging.com\/nl\/wp-json\/wp\/v2\/media?parent=9190"}],"wp:term":[{"taxonomy":"product_brand","embeddable":true,"href":"https:\/\/zojopackaging.com\/nl\/wp-json\/wp\/v2\/product_brand?post=9190"},{"taxonomy":"product_cat","embeddable":true,"href":"https:\/\/zojopackaging.com\/nl\/wp-json\/wp\/v2\/product_cat?post=9190"},{"taxonomy":"product_tag","embeddable":true,"href":"https:\/\/zojopackaging.com\/nl\/wp-json\/wp\/v2\/product_tag?post=9190"}],"curies":[{"name":"wp","href":"https:\/\/api.w.org\/{rel}","templated":true}]}}