{"id":9488,"date":"2025-04-02T17:39:29","date_gmt":"2025-04-02T09:39:29","guid":{"rendered":"https:\/\/zojopackaging.com\/?post_type=product&#038;p=9488"},"modified":"2025-04-02T18:18:37","modified_gmt":"2025-04-02T10:18:37","slug":"luxury-velvet-jewelry-necklace-box-wholesale-with-logo","status":"publish","type":"product","link":"https:\/\/zojopackaging.com\/nl\/product\/luxury-velvet-jewelry-necklace-box-wholesale-with-logo\/","title":{"rendered":"Luxe fluwelen sieraden ketting doos Groothandel met logo"},"content":{"rendered":"<h2 id=\"1-magnetic-opening-and-closing-system-\">1.\u00a0<strong>Magnetisch open- en sluitsysteem<\/strong><\/h2>\n<p>Zeer nauwkeurige magnetische afzuiging wordt gebruikt voor automatische uitlijning en adsorptie. De magnetische slag wordt geregeld op 0,3-0,5 mm en het openen en sluiten kan met \u00e9\u00e9n aanraking worden voltooid. De bediening is soepel en de tactiele feedback is duidelijk, waardoor het product een high-end gevoel van technologie en ritueel uitstraalt.<\/p>\n<h2 id=\"2-zero-color-difference-printing-process-\">2.\u00a0<strong>Drukproces zonder kleurverschillen<\/strong><\/h2>\n<p>Vertrouwend op uiterst nauwkeurige offsetdrukapparatuur en gestandaardiseerde kleurbeheerprocessen, wordt milieuvriendelijke inkt op waterbasis gebruikt om ervoor te zorgen dat het gedrukte patroon duidelijk is en geen kleurverschil vertoont. De kleurafwijking wordt gekalibreerd via een real-time online controlesysteem en de fout wordt gecontroleerd binnen \u00b11%, waardoor het merklogo en de ontwerpdetails perfect worden weergegeven en de visuele herkenning en het vertrouwen van de gebruiker worden verbeterd.<\/p>\n<h2 id=\"3-calming-pink-tone-design-\">3.\u00a0<strong>Kalmerende roze tint<\/strong><\/h2>\n<p>De Morandi roze fluwelen voering wordt gebruikt, waarvan experimenteel is vastgesteld dat het de hartslag met 8%-12% verlaagt en angst verlicht. Het oppervlak maakt gebruik van matte flocking technologie, die zacht en delicaat aanvoelt, esthetische waarde en emotionele helende functie combineert en past bij de elegante toon van high-end sieraden.<\/p>\n<h2 id=\"-customized-production-system-\"><strong>Aangepast productiesysteem<\/strong><\/h2>\n<ul>\n<li><strong>Type en grootte doos<\/strong>: Ondersteunt aanpassing van vierkante, ronde, hartvormige en andere speciaal gevormde dozen, met een groottebereik van 5\u00d75 cm tot 30\u00d730 cm, geschikt voor kettingen, hangers, armbanden en andere sieraden.<\/li>\n<li><strong>Materiaal en oppervlakte vakmanschap<\/strong>: Optioneel fluweel, fluweel of milieuvriendelijk gerecycled leer, het oppervlak ondersteunt warm stempelen, reli\u00ebf, UV reli\u00ebf en andere ambachten om het gevoel van aanraking en visuele hi\u00ebrarchie te verbeteren.<\/li>\n<li><strong>Structuur binnenvoering<\/strong>: Aangepaste bekleding van de compartimenten op basis van de grootte van de sieraden, met behulp van geheugenschuim of vlokkussens, met verstelbare gespen om de stabiliteit tijdens het transport en de weergave te garanderen.<\/li>\n<\/ul>","protected":false},"excerpt":{"rendered":"<p>1. De magnetische sluitdoos wordt automatisch uitgelijnd en geadsorbeerd. Het is gemakkelijk te openen en te sluiten en gemakkelijk met \u00e9\u00e9n hand te bedienen, wat de verfijning en het modegevoel van het product ten goede komt.<br \/>\n2. Roze heeft een aanzienlijk kalmerend effect, dat de hartslag en bloeddruk kan verlagen, angst en agressieve emoties kan verlichten.<br \/>\n3. Het doostype, de grootte, de kleur, het materiaal en het effect van de oppervlaktedruk kunnen hoogst worden aangepast om uw juwelenhalsband verpakking aan te passen<\/p>","protected":false},"featured_media":9489,"template":"","meta":[],"product_brand":[],"product_cat":[30,415,424,31],"product_tag":[1188,1189,1190],"class_list":{"0":"post-9488","1":"product","2":"type-product","3":"status-publish","4":"has-post-thumbnail","6":"product_cat-by-industry","7":"product_cat-custom-jewelry-boxes-by-industry","8":"product_cat-magnetic-closure-boxes","9":"product_cat-paper-box-style","10":"product_tag-luxury-jewelry-box","11":"product_tag-necklace-box-wholesale","12":"product_tag-velvet-jewelry-necklace-packaging-box","14":"first","15":"instock","16":"shipping-taxable","17":"product-type-grouped"},"_links":{"self":[{"href":"https:\/\/zojopackaging.com\/nl\/wp-json\/wp\/v2\/product\/9488","targetHints":{"allow":["GET"]}}],"collection":[{"href":"https:\/\/zojopackaging.com\/nl\/wp-json\/wp\/v2\/product"}],"about":[{"href":"https:\/\/zojopackaging.com\/nl\/wp-json\/wp\/v2\/types\/product"}],"version-history":[{"count":1,"href":"https:\/\/zojopackaging.com\/nl\/wp-json\/wp\/v2\/product\/9488\/revisions"}],"predecessor-version":[{"id":9496,"href":"https:\/\/zojopackaging.com\/nl\/wp-json\/wp\/v2\/product\/9488\/revisions\/9496"}],"wp:featuredmedia":[{"embeddable":true,"href":"https:\/\/zojopackaging.com\/nl\/wp-json\/wp\/v2\/media\/9489"}],"wp:attachment":[{"href":"https:\/\/zojopackaging.com\/nl\/wp-json\/wp\/v2\/media?parent=9488"}],"wp:term":[{"taxonomy":"product_brand","embeddable":true,"href":"https:\/\/zojopackaging.com\/nl\/wp-json\/wp\/v2\/product_brand?post=9488"},{"taxonomy":"product_cat","embeddable":true,"href":"https:\/\/zojopackaging.com\/nl\/wp-json\/wp\/v2\/product_cat?post=9488"},{"taxonomy":"product_tag","embeddable":true,"href":"https:\/\/zojopackaging.com\/nl\/wp-json\/wp\/v2\/product_tag?post=9488"}],"curies":[{"name":"wp","href":"https:\/\/api.w.org\/{rel}","templated":true}]}}