{"id":9606,"date":"2025-04-03T00:17:40","date_gmt":"2025-04-02T16:17:40","guid":{"rendered":"https:\/\/zojopackaging.com\/?post_type=product&#038;p=9606"},"modified":"2025-04-03T00:26:11","modified_gmt":"2025-04-02T16:26:11","slug":"custom-pre-roll-joints-paper-packaging-drawer-box-supplier","status":"publish","type":"product","link":"https:\/\/zojopackaging.com\/nl\/product\/custom-pre-roll-joints-paper-packaging-drawer-box-supplier\/","title":{"rendered":"Aangepaste pre-Rol gewrichten papier verpakking lade box leverancier"},"content":{"rendered":"<h3 id=\"1-highly-recognizable-brand-visual-system-\">1.\u00a0<strong>Zeer herkenbaar visueel merksysteem<\/strong><\/h3>\n<p>De uittrekbare box heeft een contrasterend kleurontwerp van\u00a0<strong>felgele achtergrond + groen logo<\/strong>die niet alleen tegemoetkomt aan het streven naar vitaliteit van jonge consumentengroepen, maar ook de natuurlijke en gezonde toon van het merk overbrengt via kleurenpsychologie.\u00a0<strong>Zeer nauwkeurige illustraties van merkverhalen<\/strong>\u00a0(zoals het groeiproces van planten, ambachtelijke elementen van immaterieel cultureel erfgoed) kunnen worden afgedrukt op het oppervlak van de doos, in combinatie met vierkleurendruk (CMYK) en lokale UV-preegtechnologie, die de visuele gelaagdheid met 60% verhoogt en onmiddellijk het geheugenanker van het merk bij de consument versterkt bij het openen van de doos.<\/p>\n<h3 id=\"2-intelligent-childproof-lock-safety-design-\">2.\u00a0<strong>Intelligent kindveilig veiligheidsontwerp<\/strong><\/h3>\n<p>Ingebouwd\u00a0<strong>kinderbeveiliging<\/strong>\u00a0die voldoet aan de internationale ISO 8317-normen, dankzij een dubbele verzekeringsgespstructuur (externe gesp + intern wigblok): -\u00a0<strong>Kinderen jonger dan 5 jaar kunnen niet openen<\/strong>: Het moet snel worden uitgetrokken meer dan 3 keer om te ontgrendelen, en de valse aanraking tarief is minder dan 0.1%; -\u00a0<strong>Volwassenen kunnen hem in enkele seconden met \u00e9\u00e9n hand openen<\/strong>: De dempingsco\u00ebffici\u00ebnt van de uittrekrail is geoptimaliseerd en de werksnelheid is verbeterd met 40%, rekening houdend met zowel veiligheid als gebruiksgemak.<\/p>\n<h3 id=\"3-environmentally-friendly-materials-process-upgrade-\">3.\u00a0<strong>Milieuvriendelijke materialen + procesupgrade<\/strong><\/h3>\n<p>-\u00a0<strong>Substraatselectie<\/strong>: Het neemt\u00a0<strong>157 g gecoat papier + 1200 g grijs karton<\/strong>\u00a0composietstructuur, en de oppervlaktegladheid van het gecoate papier bereikt 90s (Cobb-methode test), die high-definition afdrukken ondersteunt; de grijze kartonlaag is geslaagd voor FSC-boscertificering om de duurzaamheid van de grondstoffen te garanderen; - de grijze kartonlaag is geslaagd voor FSC-boscertificering om de duurzaamheid van de grondstoffen te garanderen.\u00a0<strong>Oppervlaktebehandeling<\/strong>: Het matte filmcoatingproces verhoogt de slijtvastheid van de doos met 3 keer (wrijvingsweerstand &gt; 5000 keer), terwijl het de reflectiviteit vermindert, wat voldoet aan de low-key luxevereisten van luxe verpakkingen.<\/p>\n<h3 id=\"4-brand-gene-implanted-lining-\">4.\u00a0<strong>Merk gen ge\u00efmplanteerde voering<\/strong><\/h3>\n<p>-\u00a0<strong>Kartonnen afscheiding op maat<\/strong>: Gemaakt van PP-materiaal van dezelfde kleur als het logo, wordt het merklogo nauwkeurig gereproduceerd door middel van stanstechnologie (zoals het uithollen van merkinitialen en kleurovergang met kleurverloop).\u00a0<strong>Visuele lijngeleiding<\/strong>: De rand van het tussenschot is ontworpen met microgravures van merksymbolen, zodat consumenten zich op natuurlijke wijze kunnen richten op de voorgerolde producten bij het openen van de doos, waardoor de merkbekendheid wordt versterkt.<\/p>\n<h3 id=\"5-application-of-spatial-aesthetics-and-consumer-psychology-\">5.\u00a0<strong>Toepassing van ruimtelijke esthetiek en consumentenpsychologie<\/strong><\/h3>\n<p>-\u00a0<strong>Gulden snede opslag<\/strong>: Het interne tussenschot fixeert 5 pre-rolls onder een hoek van 30\u00b0, wat overeenkomt met de gulden snede van het menselijk zicht (1:1.618). De ordelijke schoonheid van de productdisplay is te zien wanneer de doos wordt geopend.\u00a0<strong>Tactiele feedback optimaliseren<\/strong>: Het oppervlak van het tussenschot is gematteerd en de wrijvingsco\u00ebffici\u00ebnt wordt geregeld tussen 0,3-0,5. Er ontstaat een licht dempend gevoel wanneer de pre-roll wordt uitgetrokken, wat zorgt voor een \"delicate en gemakkelijk te controleren\" gebruikerservaring.<\/p>\n<h3 id=\"6-full-link-customized-service-system-\">6.\u00a0<strong>Service systeem op maat<\/strong><\/h3>\n<p>-\u00a0<strong>Kleur aanpassen<\/strong>: Zorg voor Pantone-kleurkaarten + steunkleurendruk, ondersteuning 100% matching van LOGO kleur en voering; -\u00a0<strong>Functie-uitbreiding<\/strong>: U kunt NFC-chips (ondersteuning voor het scannen van merkverhalen), anti-vervalsing laserlabels en andere modules met toegevoegde waarde toevoegen om \"\u00e9\u00e9n object, \u00e9\u00e9n code\" traceerbaarheid te bereiken.<\/p>\n<h3 id=\"7-16-years-of-manufacturing-heritage-and-quality-control-guarantee-\">7.\u00a0<strong>16 jaar productie-erfenis en kwaliteitscontrole garantie<\/strong><\/h3>\n<p>-\u00a0<strong>Capaciteit schaal<\/strong>: 5320\u33a1 intelligente productiebasis uitgerust met Duitse Heidelberg CD102-8 drukmachine (dagelijkse productiecapaciteit van 200.000 vellen), volautomatische stanslijn (snelheid 12.000 vellen\/uur), ondersteuning 500 stuks minimumbestelling, 12 dagen snelle levering\u00a0<strong>Kwaliteitssysteem<\/strong>: Geslaagd ISO 9001 certificering, AI visuele inspectie systeem opgezet voor de belangrijkste processen, automatische sortering tarief van defecte producten&gt; 99.5%, klant terugkooptarief bereikt 85%.<\/p>","protected":false},"excerpt":{"rendered":"<p><strong>Waarom kiezen voor ZOJO Print?\u00a0<\/strong><\/p>\n<ul>\n<li><strong>Certificering van naleving<\/strong>: Het product heeft de CR veiligheidscertificering voor kindveilige verpakkingen gehaald;<\/li>\n<li><strong>Kostenvoordeel<\/strong>: Gecentraliseerde productie verlaagt de logistieke kosten met 30% en ondersteunt maatwerk in kleine series;<\/li>\n<li><strong>Toepassingsscenario's<\/strong>high-end e-sigaret geschenkdozen, gezonde voeding proefpakketten, limited edition kruidenproducten, culturele en creatieve co-branded producten.<\/li>\n<\/ul>\n<p><strong>Neem nu contact op met het personalisatieteam om de upgrade van je merkverpakking te beginnen!<\/strong><\/p>","protected":false},"featured_media":9610,"template":"","meta":[],"product_brand":[],"product_cat":[30,420,31,426],"product_tag":[1222,1224,1223],"class_list":{"0":"post-9606","1":"product","2":"type-product","3":"status-publish","4":"has-post-thumbnail","6":"product_cat-by-industry","7":"product_cat-custom-cannabis-boxes","8":"product_cat-paper-box-style","9":"product_cat-paper-drawer-boxes","10":"product_tag-custom-pre-roll-joints-packaging","11":"product_tag-drawer-box-supplier","12":"product_tag-joints-paper-packaging","14":"first","15":"instock","16":"shipping-taxable","17":"product-type-simple"},"_links":{"self":[{"href":"https:\/\/zojopackaging.com\/nl\/wp-json\/wp\/v2\/product\/9606","targetHints":{"allow":["GET"]}}],"collection":[{"href":"https:\/\/zojopackaging.com\/nl\/wp-json\/wp\/v2\/product"}],"about":[{"href":"https:\/\/zojopackaging.com\/nl\/wp-json\/wp\/v2\/types\/product"}],"version-history":[{"count":1,"href":"https:\/\/zojopackaging.com\/nl\/wp-json\/wp\/v2\/product\/9606\/revisions"}],"predecessor-version":[{"id":9613,"href":"https:\/\/zojopackaging.com\/nl\/wp-json\/wp\/v2\/product\/9606\/revisions\/9613"}],"wp:featuredmedia":[{"embeddable":true,"href":"https:\/\/zojopackaging.com\/nl\/wp-json\/wp\/v2\/media\/9610"}],"wp:attachment":[{"href":"https:\/\/zojopackaging.com\/nl\/wp-json\/wp\/v2\/media?parent=9606"}],"wp:term":[{"taxonomy":"product_brand","embeddable":true,"href":"https:\/\/zojopackaging.com\/nl\/wp-json\/wp\/v2\/product_brand?post=9606"},{"taxonomy":"product_cat","embeddable":true,"href":"https:\/\/zojopackaging.com\/nl\/wp-json\/wp\/v2\/product_cat?post=9606"},{"taxonomy":"product_tag","embeddable":true,"href":"https:\/\/zojopackaging.com\/nl\/wp-json\/wp\/v2\/product_tag?post=9606"}],"curies":[{"name":"wp","href":"https:\/\/api.w.org\/{rel}","templated":true}]}}