{"id":9614,"date":"2025-04-03T00:40:47","date_gmt":"2025-04-02T16:40:47","guid":{"rendered":"https:\/\/zojopackaging.com\/?post_type=product&#038;p=9614"},"modified":"2025-04-03T00:52:44","modified_gmt":"2025-04-02T16:52:44","slug":"customized-rigid-slide-drawer-box-packaging-for-coffee","status":"publish","type":"product","link":"https:\/\/zojopackaging.com\/nl\/product\/customized-rigid-slide-drawer-box-packaging-for-coffee\/","title":{"rendered":"Aangepaste stijve dia lade vak verpakking voor koffie"},"content":{"rendered":"<h3 id=\"1-natural-color-matching-aesthetics-stimulating-consumer-desire-\">1.\u00a0<strong>Natuurlijke kleuraanpassende esthetiek, die het verlangen van de consument stimuleert<\/strong><\/h3>\n<p>De geschenkverpakking neemt\u00a0<strong>gecoat papier bedrukking donkergroen hoofdtint + zwarte binnendoos<\/strong>\u00a0contrasterend kleurontwerp. Donkergroen symboliseert de natuur en vitaliteit en weerspiegelt de oorspronkelijke smaak van koffiebonen; de zwarte binnendoos versterkt de textuur door de matte lamineringstechnologie en er ontstaat een sterk visueel contrast wanneer de doos wordt geopend. Het oppervlak maakt gebruik van\u00a0<strong>vierkleurendruk + gedeeltelijke zeefdruk<\/strong>\u00a0technologie om natuurlijke elementen zoals groeisc\u00e8nes van koffiebonen en handgeschilderde planttexturen te reproduceren, gecombineerd met het merklogo van hot stamping technologie, om de verhaalervaring van \"van boerderij tot kopje\" over te brengen.<\/p>\n<h3 id=\"2-environmentally-friendly-materials-conveying-sustainable-concepts-\">2.\u00a0<strong>Milieuvriendelijke materialen die duurzame concepten overbrengen<\/strong><\/h3>\n<p>-\u00a0<strong>Substraatselectie<\/strong>:\u00a0<strong>FSC-gecertificeerd 157g gestreken papier + 1200g grijs karton<\/strong>\u00a0er is gekozen voor een composietstructuur en de grijze kartonlaag vervangt de traditionele plastic voering door afbreekbaar EPE-materiaal (zie het geval van de geschenkdoos voor boetiekkoffie) om te zorgen voor schokbestendige en verse koffiebonen tijdens het transport.\u00a0<strong>Oppervlaktebehandeling<\/strong>: Het matte lamineerproces verhoogt de slijtvastheid van de doos met 3 keer (wrijvingsweerstand &gt; 5000 keer), terwijl het de reflectiviteit vermindert, wat in lijn is met het streven naar low-key luxe door high-end koffiemerken.<\/p>\n<h3 id=\"3-customized-expression-of-brand-genes-\">3.\u00a0<strong>Aangepaste expressie van merkgenen<\/strong><\/h3>\n<p>-\u00a0<strong>Kleur aanpassen<\/strong>: Zorg voor Pantone kleurenkaart + steunkleurendruk, ondersteuning 100% matching van LOGO kleur en voering, zoals het opnemen van de belangrijkste kleur van het merk in het lint of partitie ontwerp; -\u00a0<strong>Culturele empowerment<\/strong>: Verwerk elementen zoals de kaart met de herkomst van de koffie en notities van de landbouwkundige in het drukwerk om een meeslepende ervaring van \"\u00e9\u00e9n doos, \u00e9\u00e9n verhaal\" te cre\u00ebren, zoals verwijzend naar het traditionele culturele fusieontwerp van de AVEDA Mid-Autumn Festival geschenkdoos.<\/p>\n<h3 id=\"4-flexible-size-and-content-adaptation-\">4.\u00a0<strong>Flexibele aanpassing van grootte en inhoud<\/strong><\/h3>\n<p>-\u00a0<strong>Capaciteitsaanpassing<\/strong>: Ondersteunt gedifferentieerde opslagbehoeften van hele koffiebonen (6-8mm in diameter) of gemalen koffiepoeder (2-4mm in fijnheid), met een minimale afmeting van 12cm\u00d78cm\u00d75cm en een maximale afmeting van 25cm\u00d715cm\u00d710cm; -\u00a0<strong>Structurele optimalisatie<\/strong>: De diepte van het uittrekbare spoor kan worden aangepast tot 3 cm, passend bij verschillende verpakkingsvormen (zoals hangende oorzakjes, capsulekoffie, enz.), verwijzend naar de belangrijkste specificaties van de markt voor koffiegeschenken.<\/p>\n<h3 id=\"5-ribbon-pull-out-system-upgraded-opening-ritual-\">5.\u00a0<strong>Linttreksysteem, verbeterd openingsritueel<\/strong><\/h3>\n<p>-\u00a0<strong>Stil glijrailontwerp<\/strong>: Ingebouwd nylon lint met hoge dichtheid, de schuifweerstand wordt verminderd door 60%, en het kan soepel met \u00e9\u00e9n hand worden getrokken; -\u00a0<strong>Anti-mistouch bescherming<\/strong>: Optimaliseer de bufferstructuur aan het einde van de uittrekbeweging om te voorkomen dat koffiebonen morsen als gevolg van traagheid, en het succespercentage van het openen van de doos wordt verhoogd tot 99%.<\/p>\n<h3 id=\"6-full-link-creative-service-empowering-brand-differentiation-\">6.\u00a0<strong>Full-link creatieve service, die merkdifferentiatie mogelijk maakt<\/strong><\/h3>\n<p>-\u00a0<strong>Ondersteuning voor 3D-modellering<\/strong>: Biedt 20 basisstructuursjablonen, ondersteunt complexe ontwerpen zoals gebogen uittrekbare en dubbellaagse scheidingswanden\u00a0<strong>Module met toegevoegde waarde<\/strong>: Kan interactieve elementen integreren zoals NFC-chip (scancode om de herkomst van koffie te traceren), verwijderbare voering (voor het plaatsen van koffiedikplantkaarten) en verwijzen naar het zaadpapierontwerp van geschenkdozen voor liefdadigheidskoffie.<\/p>\n<h3 id=\"7-16-years-of-manufacturing-heritage-full-quality-control-\">7.\u00a0<strong>16 jaar productiegeschiedenis, volledige kwaliteitscontrole<\/strong><\/h3>\n<p>-\u00a0<strong>Capaciteitsgarantie<\/strong>: 5320\u33a1 intelligente productiebasis uitgerust met Duitse Heidelberg CD102-8 drukmachine (dagelijkse productiecapaciteit van 200.000 vellen), volautomatische stanslijn (snelheid 12.000 vellen\/uur), ondersteunt 500 stuks minimumbestelling, en snelle levering in 12 dagen\u00a0<strong>Kwaliteitscontrolesysteem<\/strong>: Geslaagd ISO 9001 certificering, AI visuele inspectie systeem opgezet in de belangrijkste processen, automatische sortering tarief van defecte producten&gt; 99.5%, klant terugkooptarief bereikt 85%.<\/p>","protected":false},"excerpt":{"rendered":"<p><strong>ZOJO afdrukken aangepaste harde schuiflade doos verpakking koffie - een fusie van natuurlijke esthetiek en functioneel ontwerp<\/strong><\/p>\n<p>Als China's toonaangevende aanbieder van verpakkingsoplossingen voor koffiegeschenken, richt ZOJO Print zich op het leveren van op maat gemaakte diensten aan boetiek koffiemerken die milieubeschermingsconcepten, visuele spanning en gebruikerservaring combineren.<\/p>","protected":false},"featured_media":9618,"template":"","meta":[],"product_brand":[],"product_cat":[30,422,31,426],"product_tag":[1227,1226,1225],"class_list":{"0":"post-9614","1":"product","2":"type-product","3":"status-publish","4":"has-post-thumbnail","6":"product_cat-by-industry","7":"product_cat-custom-gourmet-boxes-by-industry","8":"product_cat-paper-box-style","9":"product_cat-paper-drawer-boxes","10":"product_tag-packaging-for-coffee","11":"product_tag-rawer-box-packaging","12":"product_tag-slide-drawer-box","14":"first","15":"instock","16":"shipping-taxable","17":"product-type-simple"},"_links":{"self":[{"href":"https:\/\/zojopackaging.com\/nl\/wp-json\/wp\/v2\/product\/9614","targetHints":{"allow":["GET"]}}],"collection":[{"href":"https:\/\/zojopackaging.com\/nl\/wp-json\/wp\/v2\/product"}],"about":[{"href":"https:\/\/zojopackaging.com\/nl\/wp-json\/wp\/v2\/types\/product"}],"version-history":[{"count":1,"href":"https:\/\/zojopackaging.com\/nl\/wp-json\/wp\/v2\/product\/9614\/revisions"}],"predecessor-version":[{"id":9621,"href":"https:\/\/zojopackaging.com\/nl\/wp-json\/wp\/v2\/product\/9614\/revisions\/9621"}],"wp:featuredmedia":[{"embeddable":true,"href":"https:\/\/zojopackaging.com\/nl\/wp-json\/wp\/v2\/media\/9618"}],"wp:attachment":[{"href":"https:\/\/zojopackaging.com\/nl\/wp-json\/wp\/v2\/media?parent=9614"}],"wp:term":[{"taxonomy":"product_brand","embeddable":true,"href":"https:\/\/zojopackaging.com\/nl\/wp-json\/wp\/v2\/product_brand?post=9614"},{"taxonomy":"product_cat","embeddable":true,"href":"https:\/\/zojopackaging.com\/nl\/wp-json\/wp\/v2\/product_cat?post=9614"},{"taxonomy":"product_tag","embeddable":true,"href":"https:\/\/zojopackaging.com\/nl\/wp-json\/wp\/v2\/product_tag?post=9614"}],"curies":[{"name":"wp","href":"https:\/\/api.w.org\/{rel}","templated":true}]}}