{"id":9675,"date":"2025-04-03T11:25:30","date_gmt":"2025-04-03T03:25:30","guid":{"rendered":"https:\/\/zojopackaging.com\/?post_type=product&#038;p=9675"},"modified":"2025-04-03T12:04:40","modified_gmt":"2025-04-03T04:04:40","slug":"custom-perfume-atomizer-magnetic-closure-gift-boxes-factory","status":"publish","type":"product","link":"https:\/\/zojopackaging.com\/nl\/product\/custom-perfume-atomizer-magnetic-closure-gift-boxes-factory\/","title":{"rendered":"Aangepaste parfum verstuiver magnetische sluiting geschenkdozen fabriek"},"content":{"rendered":"<h2 id=\"1-magnetic-box-design-embedded-magnets-high-end-and-durable\">1. Magnetisch doosontwerp: ingebedde magneten, high-end en duurzaam<\/h2>\n<p>Er is gekozen voor een ingebedde magneetstructuur en de magnetische bevestigingen zijn volledig ingebed in het dooslichaam om het probleem van slijtage en krassen van traditionele blootliggende magneten te voorkomen. Het magnetische openen en sluiten verloopt soepel en soepel, en het sluit goed aan. Met donkere metalen accessoires geeft het de verpakkingsdoos een low-key en luxueuze visuele ervaring, die past bij de tonaliteit van luxe parfummerken.<\/p>\n<h2 id=\"2-combination-of-dark-green-main-tone-and-natural-aesthetics\">2. Combinatie van donkergroene hoofdtint en natuurlijke esthetiek<\/h2>\n<ol>\n<li><strong>Kleur en patroon<\/strong>: Met donkergroen als hoofdkleur, gecombineerd met handgeschilderde tropische bloemen en fruitillustraties (zoals granaatappels, hibiscus, magnolia's, etc.) om de aantrekkingskracht van uw producten op klanten te vergroten.<\/li>\n<\/ol>\n<h2 id=\"3-eva-lining-customization-precise-adaptation-zero-space-display\">3. EVA voering maatwerk: nauwkeurige aanpassing, nul ruimte weergave<\/h2>\n<ol>\n<li><strong>Volledig getailleerde voering<\/strong>: EVA-schuimvoering is nauwkeurig gevormd en aangepast aan de grootte van parfumflesjes en verstuivers, met optionele hardheid, die schokbestendige bufferende bescherming biedt en tegelijkertijd een \"nulruimte\" stabiel weergave-effect bereikt.<\/li>\n<li><strong>Multifunctionele indeling<\/strong>Ondersteunt gelaagd en rasterontwerp, kan magnetische kaartsleuven, fluwelen voering en andere accessoires inbouwen en is geschikt voor gecombineerde verpakkingsbehoeften van meerdere categorie\u00ebn, zoals parfumflesjes, verstuivers en instructies.<\/li>\n<\/ol>\n<h2 id=\"iv-material-and-printing-process-double-guarantee-of-quality-and-beauty\">4. Materiaal en drukproces: dubbele garantie van kwaliteit en schoonheid<\/h2>\n<ol>\n<li><strong>Kernmateriaal<\/strong>: De buitendoos is gemaakt van 157 g C2S gecoat kunstpapier met matte film, en is gevormd met 1200 g kartonnen beplakking om ervoor te zorgen dat de doos helder, slijtvast en delicaat aanvoelt.<\/li>\n<li><strong>Afdrukken in vier kleuren<\/strong>: De Heidelberg Speedmaster CS92 vierkleurendrukpers zorgt voor een zeer nauwkeurige kleurrestauratie en lokale UV-, warmdruk- en andere processen worden toegevoegd om het driedimensionale gevoel van het patroon en de luxe van de verpakking te versterken.<\/li>\n<\/ol>\n<h2 id=\"v-all-round-customization-service-one-stop-solution-from-design-to-production\">5. All-round maatwerkservice: one-stop-oplossing van ontwerp tot productie<\/h2>\n<ol>\n<li><strong>Flexibele aanpassing<\/strong>ondersteunt volledig dimensionale aanpassing van het formaat van de geschenkdoos, de structuur (omslag\/boekvormige doos\/lade), de lay-out van de voering, accessoires (lint\/groetkaart), enz. om te voldoen aan speciale behoeften, zoals co-branding van merken en beperkte edities tijdens de feestdagen.<\/li>\n<li><strong>Professionele ontwerpondersteuning<\/strong>: Het team biedt \u00e9\u00e9n-op-\u00e9\u00e9n communicatiediensten en volgt alles op van 3D-modellering en proefproductie tot massaproductie om ervoor te zorgen dat het ontwerp 100% de creativiteit van de klant herstelt.<\/li>\n<\/ol>\n<h2 id=\"vi-production-strength-16-years-of-experience-and-cutting-edge-equipment\">6. Productiekracht: 16 jaar ervaring en geavanceerde apparatuur<\/h2>\n<p>De fabriek is uitgerust met ge\u00efmporteerde apparatuur zoals een Manroland R700 vijfkleuren drukmachine en een Heidelberg 7-kleuren UV offset drukmachine, die een complex proces en effici\u00ebnte productie ondersteunt, met een gemiddelde dagelijkse productiecapaciteit van meer dan 100.000 dozen en een 30% kortere levercyclus. Geslaagd voor ISO-certificering van het kwaliteitsmanagementsysteem om ervoor te zorgen dat de kwaliteit controleerbaar is vanaf de inkoop van grondstoffen tot de levering van het eindproduct.<\/p>","protected":false},"excerpt":{"rendered":"<ul>\n<li>\u200b<strong>Luxe aantrekkingskracht:<\/strong>\u00a0Smaragdgroene afwerking met gouden accenten versterkt het prestige van het merk.<\/li>\n<li>\u200b<strong>Op maat gemaakt:<\/strong>\u00a0Ondersteunt multitechnieken voor branding (folie, reli\u00ebf, afdrukken).<\/li>\n<li>\u200b<strong>Beschermend ontwerp:<\/strong>\u00a0Krasbestendige coating beschermt de inhoud tijdens het transport.<\/li>\n<li>\u200b<strong>Schaalbaar:<\/strong>\u00a0Lage MOQ en kwantumkortingen voor starters\/ondernemingen.<\/li>\n<li>\u200b<strong>Milieubewust:<\/strong>\u00a0Recyclebare materialen sluiten aan bij duurzaamheidstrends.<\/li>\n<\/ul>","protected":false},"featured_media":9676,"template":"","meta":[],"product_brand":[],"product_cat":[30,417,424,31],"product_tag":[225,1241,1242],"class_list":{"0":"post-9675","1":"product","2":"type-product","3":"status-publish","4":"has-post-thumbnail","6":"product_cat-by-industry","7":"product_cat-custom-perfume-boxes-by-industry","8":"product_cat-magnetic-closure-boxes","9":"product_cat-paper-box-style","10":"product_tag-custom-perfume-boxes","11":"product_tag-perfume-atomizer-gift-boxes","12":"product_tag-perfume-boxes-factory","14":"first","15":"instock","16":"shipping-taxable","17":"product-type-grouped"},"_links":{"self":[{"href":"https:\/\/zojopackaging.com\/nl\/wp-json\/wp\/v2\/product\/9675","targetHints":{"allow":["GET"]}}],"collection":[{"href":"https:\/\/zojopackaging.com\/nl\/wp-json\/wp\/v2\/product"}],"about":[{"href":"https:\/\/zojopackaging.com\/nl\/wp-json\/wp\/v2\/types\/product"}],"version-history":[{"count":1,"href":"https:\/\/zojopackaging.com\/nl\/wp-json\/wp\/v2\/product\/9675\/revisions"}],"predecessor-version":[{"id":9682,"href":"https:\/\/zojopackaging.com\/nl\/wp-json\/wp\/v2\/product\/9675\/revisions\/9682"}],"wp:featuredmedia":[{"embeddable":true,"href":"https:\/\/zojopackaging.com\/nl\/wp-json\/wp\/v2\/media\/9676"}],"wp:attachment":[{"href":"https:\/\/zojopackaging.com\/nl\/wp-json\/wp\/v2\/media?parent=9675"}],"wp:term":[{"taxonomy":"product_brand","embeddable":true,"href":"https:\/\/zojopackaging.com\/nl\/wp-json\/wp\/v2\/product_brand?post=9675"},{"taxonomy":"product_cat","embeddable":true,"href":"https:\/\/zojopackaging.com\/nl\/wp-json\/wp\/v2\/product_cat?post=9675"},{"taxonomy":"product_tag","embeddable":true,"href":"https:\/\/zojopackaging.com\/nl\/wp-json\/wp\/v2\/product_tag?post=9675"}],"curies":[{"name":"wp","href":"https:\/\/api.w.org\/{rel}","templated":true}]}}