{"id":9922,"date":"2025-04-04T10:44:14","date_gmt":"2025-04-04T02:44:14","guid":{"rendered":"https:\/\/zojopackaging.com\/?post_type=product&#038;p=9922"},"modified":"2025-04-04T10:53:16","modified_gmt":"2025-04-04T02:53:16","slug":"custom-paper-pre-roll-boxes-packaging-manufacture-supplier","status":"publish","type":"product","link":"https:\/\/zojopackaging.com\/nl\/product\/custom-paper-pre-roll-boxes-packaging-manufacture-supplier\/","title":{"rendered":"Aangepaste papier Pre Roll Dozen verpakking Vervaardiging Leverancier"},"content":{"rendered":"<h2 id=\"-1-environmentally-friendly-materials-and-structural-design-safe-durable-green-and-sustainable-\"><strong>1. Milieuvriendelijke materialen en constructief ontwerp: veilig, duurzaam, groen en duurzaam<\/strong><\/h2>\n<ul>\n<li><strong>Materiaalkeuze<\/strong>: Het dooslichaam is gemaakt van hoge-sterkte\u00a0<strong>grijs bord<\/strong>\u00a0en\u00a0<strong>gecoat papier<\/strong>\u00a0composietmateriaal, dat milieuvriendelijk en duurzaam is<\/li>\n<\/ul>\n<h2 id=\"-2-customized-lining-and-capacity-precise-adaptation-upgraded-protection-\"><strong>2. Aangepaste voering en capaciteit: nauwkeurige aanpassing, verbeterde bescherming<\/strong><\/h2>\n<ul>\n<li><strong>Flexibele maat<\/strong>: De voering is gemaakt van\u00a0<strong>350g wit karton met hoog gewicht<\/strong>die kan worden aangepast aan de wensen van de klant, van enkele tot 5 pakjes (gebruikelijke afmetingen: lengte 50-150 mm, breedte 20-50 mm, hoogte 10-30 mm), perfect geschikt voor voorgerolde sigarettenproducten met verschillende diameters.<\/li>\n<li><strong>Bufferontwerp<\/strong>: De rand van de voering maakt gebruik van stans- en riltechnologie om een buffergroef te vormen om te voorkomen dat het product gaat schudden, en tegelijkertijd is er een ventilatieopening aan de bovenkant gemaakt om het product vers te houden.<\/li>\n<\/ul>\n<h2 id=\"-3-child-proof-lock-buckle-design-safety-and-convenience-are-taken-into-account-\"><strong>3. Ontwerp met kinderveilige gespsluiting: veiligheid en gemak zijn in acht genomen<\/strong><\/h2>\n<ul>\n<li><strong>Dubbele bescherming<\/strong>: Optioneel\u00a0<strong>structuur kinderslot met drukknop<\/strong>waarbij de gereserveerde gespen aan beide zijden van de doos tegelijkertijd moeten worden ingedrukt om te openen, en het succespercentage bij het openen van kinderen is minder dan 5%.<\/li>\n<li><strong>Kindvriendelijk<\/strong>: Het slot heeft een elastische gesp, die gemakkelijk met \u00e9\u00e9n hand kan worden geopend en gesloten zonder de gebruikerservaring te be\u00efnvloeden.<\/li>\n<\/ul>\n<h2 id=\"-4-printing-technology-high-definition-visual-effects-enhance-brand-premium-\"><strong>4. Druktechnologie: high-definition visuele effecten, verbeteren merkpremie<\/strong><\/h2>\n<ul>\n<li><strong>Drukproces<\/strong>: Adopteer\u00a0<strong>Heidelberg 6-kleuren UV-offsetdrukmachine<\/strong>Ondersteunt speciale kleuren, heet stempelen, lokale vernis en andere processen, de minimale afdruknauwkeurigheid is 300 dpi, om ervoor te zorgen dat de randen van het logo en het patroon scherp en braamvrij zijn.<\/li>\n<li><strong>Anti-vervalsingsfunctie<\/strong>: Optionele holografische laserprints of microtekst om de anti-vervalsing van verpakkingen te verbeteren, geschikt voor high-end merkbehoeften.<\/li>\n<\/ul>\n<h2 id=\"-5-cost-optimization-plan-flexible-order-the-king-of-cost-effectiveness-\"><strong>5. Kostenoptimalisatieplan: flexibele bestelling, de koning van kosteneffectiviteit<\/strong><\/h2>\n<ul>\n<li><strong>Ladder offerte<\/strong>: Ondersteuning van gestaffelde MOQ-kortingen, kleine en middelgrote ondernemingen en grote merken kunnen het beste kostenplan krijgen.<\/li>\n<li><strong>Productiecyclus<\/strong>: Levering 7-15 dagen na monsterbevestiging, dagelijkse productiecapaciteit van 100.000 stuks, ondersteuning spoedbestellingen.<\/li>\n<\/ul>\n<h2 id=\"-6-value-added-services-full-link-support-from-packaging-to-marketing-\"><strong>6. Diensten met toegevoegde waarde: volledige ondersteuning van verpakking tot marketing<\/strong><\/h2>\n<ul>\n<li><strong>Ontwerpdiensten<\/strong>: Gratis AI\/CDR\/PSD ontwerpoptimalisatie, automatische kalibratie van aflooppositie en meslay-out, waardoor de communicatiekosten voor de klant worden verlaagd.<\/li>\n<li><strong>Groothandelskorting<\/strong>: Geniet van\u00a0<strong>15% korting<\/strong>\u00a0voor de eerste bestelling, en upgrade naar VIP-klanten met een jaarlijks aankoopvolume van meer dan 500.000 stuks, en exclusieve kredietvoorwaarden en voorrangsrechten krijgen.<\/li>\n<\/ul>\n<h2 id=\"-7-quality-assurance-and-certification-source-factory-full-control-\"><strong>7. Kwaliteitsborging en certificering: bronfabriek, volledige controle<\/strong><\/h2>\n<ul>\n<li><strong>Voordelen van de toeleveringsketen<\/strong>: Integratie van zelfgebouwde papierfabriek en drukkerij, geen tussenhandel van grondstoffen tot afgewerkte producten en kostenreductie van 30%.<\/li>\n<li><strong>Kwaliteitsinspectiesysteem<\/strong>: Geslaagd ISO 9001 en GMI certificering, de bemonsteringsfrequentie van elke batch van producten is niet minder dan 10%, ervoor te zorgen dat de grootte fout is \u22640.1mm en de kleur verschil \u0394E\u22641.5.<\/li>\n<\/ul>","protected":false},"excerpt":{"rendered":"<p>1. Deze doos voor voorgerolde sigaretten is gemaakt van milieuvriendelijk, recyclebaar en duurzaam gecoat papier en grijs karton, dat zeer geschikt is voor het verpakken van marihuana voorgerolde sigarettenproducten. Tegelijkertijd zorgt de materiaalkeuze ook voor de veiligheid van je producten.<br \/>\n2. De grootte van de voering in de uittrekbare box kan worden aangepast aan uw product. Er passen gemakkelijk 1 tot 5 voorgerolde sigaretten in. Geen probleem. De voering is gemaakt van wit karton van hoge kwaliteit, dat het product probleemloos kan beschermen. Het kan ervoor zorgen dat consumenten er meteen verliefd op worden en dat de koopvraag van klanten toeneemt.<\/p>","protected":false},"featured_media":9923,"template":"","meta":[],"product_brand":[],"product_cat":[30,420,31,426],"product_tag":[1213,1299,1281],"class_list":{"0":"post-9922","1":"product","2":"type-product","3":"status-publish","4":"has-post-thumbnail","6":"product_cat-by-industry","7":"product_cat-custom-cannabis-boxes","8":"product_cat-paper-box-style","9":"product_cat-paper-drawer-boxes","10":"product_tag-custom-pre-roll-boxes","11":"product_tag-pre-roll-joint-boxes","12":"product_tag-pre-roll-packaging","14":"first","15":"instock","16":"shipping-taxable","17":"product-type-grouped"},"_links":{"self":[{"href":"https:\/\/zojopackaging.com\/nl\/wp-json\/wp\/v2\/product\/9922","targetHints":{"allow":["GET"]}}],"collection":[{"href":"https:\/\/zojopackaging.com\/nl\/wp-json\/wp\/v2\/product"}],"about":[{"href":"https:\/\/zojopackaging.com\/nl\/wp-json\/wp\/v2\/types\/product"}],"version-history":[{"count":1,"href":"https:\/\/zojopackaging.com\/nl\/wp-json\/wp\/v2\/product\/9922\/revisions"}],"predecessor-version":[{"id":9929,"href":"https:\/\/zojopackaging.com\/nl\/wp-json\/wp\/v2\/product\/9922\/revisions\/9929"}],"wp:featuredmedia":[{"embeddable":true,"href":"https:\/\/zojopackaging.com\/nl\/wp-json\/wp\/v2\/media\/9923"}],"wp:attachment":[{"href":"https:\/\/zojopackaging.com\/nl\/wp-json\/wp\/v2\/media?parent=9922"}],"wp:term":[{"taxonomy":"product_brand","embeddable":true,"href":"https:\/\/zojopackaging.com\/nl\/wp-json\/wp\/v2\/product_brand?post=9922"},{"taxonomy":"product_cat","embeddable":true,"href":"https:\/\/zojopackaging.com\/nl\/wp-json\/wp\/v2\/product_cat?post=9922"},{"taxonomy":"product_tag","embeddable":true,"href":"https:\/\/zojopackaging.com\/nl\/wp-json\/wp\/v2\/product_tag?post=9922"}],"curies":[{"name":"wp","href":"https:\/\/api.w.org\/{rel}","templated":true}]}}