{"id":6490,"date":"2024-07-04T13:49:51","date_gmt":"2024-07-04T05:49:51","guid":{"rendered":"https:\/\/zojopackaging.com\/?page_id=6490"},"modified":"2024-07-04T13:49:53","modified_gmt":"2024-07-04T05:49:53","slug":"terms-conditions","status":"publish","type":"page","link":"https:\/\/zojopackaging.com\/pl\/terms-conditions\/","title":{"rendered":"Regulamin"},"content":{"rendered":"<p>Witamy w Zojoprint!<\/p>\n\n\n\n<p>Niniejsze warunki okre\u015blaj\u0105 zasady i przepisy dotycz\u0105ce korzystania z witryny internetowej Zojoprint Print LLC, znajduj\u0105cej si\u0119 pod adresem <a href=\"https:\/\/zojopackaging.com\/pl\/\">https:\/\/zojopackaging.com\/<\/a>.<\/p>\n\n\n\n<p>Uzyskuj\u0105c dost\u0119p do tej witryny, zak\u0142adamy, \u017ce u\u017cytkownik akceptuje niniejsze warunki. Nie kontynuuj korzystania z witryny Zojoprint, je\u015bli nie zgadzasz si\u0119 na wszystkie warunki okre\u015blone na tej stronie.<\/p>\n\n\n\n<h4 class=\"wp-block-heading\">Pliki cookie:<\/h4>\n\n\n\n<p>Witryna wykorzystuje pliki cookie, aby pom\u00f3c spersonalizowa\u0107 korzystanie z niej. Uzyskuj\u0105c dost\u0119p do witryny Zojoprint, u\u017cytkownik wyra\u017ca zgod\u0119 na korzystanie z wymaganych plik\u00f3w cookie.<\/p>\n\n\n\n<p>Plik cookie to plik tekstowy umieszczany na dysku twardym u\u017cytkownika przez serwer strony internetowej. Pliki cookie nie mog\u0105 by\u0107 wykorzystywane do uruchamiania program\u00f3w lub dostarczania wirus\u00f3w do komputera u\u017cytkownika. Pliki cookie s\u0105 jednoznacznie przypisane do u\u017cytkownika i mog\u0105 by\u0107 odczytywane wy\u0142\u0105cznie przez serwer WWW w domenie, kt\u00f3ra wyda\u0142a u\u017cytkownikowi plik cookie.<\/p>\n\n\n\n<p>Mo\u017cemy u\u017cywa\u0107 plik\u00f3w cookie do gromadzenia, przechowywania i \u015bledzenia informacji do cel\u00f3w statystycznych lub marketingowych w celu obs\u0142ugi naszej witryny internetowej. U\u017cytkownik ma mo\u017cliwo\u015b\u0107 zaakceptowania lub odrzucenia opcjonalnych plik\u00f3w cookie. Istniej\u0105 pewne wymagane pliki cookie, kt\u00f3re s\u0105 niezb\u0119dne do dzia\u0142ania naszej witryny. Te pliki cookie nie wymagaj\u0105 zgody u\u017cytkownika, poniewa\u017c zawsze dzia\u0142aj\u0105. Nale\u017cy pami\u0119ta\u0107, \u017ce akceptuj\u0105c wymagane pliki cookie, u\u017cytkownik akceptuje r\u00f3wnie\u017c pliki cookie stron trzecich, kt\u00f3re mog\u0105 by\u0107 u\u017cywane za po\u015brednictwem us\u0142ug \u015bwiadczonych przez strony trzecie, je\u015bli u\u017cytkownik korzysta z takich us\u0142ug na naszej stronie internetowej, na przyk\u0142ad okna wy\u015bwietlania wideo dostarczanego przez strony trzecie i zintegrowanego z nasz\u0105 stron\u0105 internetow\u0105.<\/p>\n\n\n\n<h4 class=\"wp-block-heading\">Licencja:<\/h4>\n\n\n\n<p>O ile nie okre\u015blono inaczej, firma Zojoprint Print LLC i\/lub jej licencjodawcy s\u0105 w\u0142a\u015bcicielami praw w\u0142asno\u015bci intelektualnej do wszystkich materia\u0142\u00f3w w witrynie Zojoprint. Wszelkie prawa w\u0142asno\u015bci intelektualnej s\u0105 zastrze\u017cone. U\u017cytkownik mo\u017ce uzyska\u0107 dost\u0119p do tych materia\u0142\u00f3w z witryny Zojoprint na w\u0142asny u\u017cytek, z zastrze\u017ceniem ogranicze\u0144 okre\u015blonych w niniejszych warunkach.<\/p>\n\n\n\n<p>Nie wolno:<\/p>\n\n\n\n<ul class=\"wp-block-list\">\n<li>Kopiowanie lub ponowne publikowanie materia\u0142\u00f3w z Zojoprint<\/li>\n\n\n\n<li>Sprzedawa\u0107, wynajmowa\u0107 lub udziela\u0107 sublicencji na materia\u0142y z Zojoprint<\/li>\n\n\n\n<li>Powielanie, powielanie lub kopiowanie materia\u0142\u00f3w z Zojoprint<\/li>\n\n\n\n<li>Redystrybucja tre\u015bci z Zojoprint<\/li>\n<\/ul>\n\n\n\n<p>Niniejsza Umowa rozpoczyna si\u0119 w dniu jej zawarcia.<\/p>\n\n\n\n<p>Cz\u0119\u015bci tej witryny oferuj\u0105 u\u017cytkownikom mo\u017cliwo\u015b\u0107 publikowania i wymiany opinii i informacji w niekt\u00f3rych obszarach witryny. Firma ZojoprintPrint LLC nie filtruje, nie edytuje, nie publikuje ani nie przegl\u0105da komentarzy przed ich umieszczeniem w witrynie internetowej. Komentarze nie odzwierciedlaj\u0105 pogl\u0105d\u00f3w i opinii firmy Zojoprint Print LLC, jej przedstawicieli i\/lub podmiot\u00f3w stowarzyszonych. Komentarze odzwierciedlaj\u0105 pogl\u0105dy i opinie osoby, kt\u00f3ra je zamieszcza. W zakresie dozwolonym przez obowi\u0105zuj\u0105ce prawo firma Zojoprint Print LLC nie ponosi odpowiedzialno\u015bci za Komentarze ani za jak\u0105kolwiek odpowiedzialno\u015b\u0107, szkody lub wydatki spowodowane i\/lub poniesione w wyniku jakiegokolwiek wykorzystania i\/lub opublikowania i\/lub pojawienia si\u0119 Komentarzy w tej witrynie.<\/p>\n\n\n\n<p>Firma Zojoprint Print LLC zastrzega sobie prawo do monitorowania wszystkich komentarzy i usuwania wszelkich komentarzy, kt\u00f3re mo\u017cna uzna\u0107 za nieodpowiednie, obra\u017aliwe lub powoduj\u0105ce naruszenie niniejszych Warunk\u00f3w.<\/p>\n\n\n\n<p>U\u017cytkownik gwarantuje i o\u015bwiadcza, \u017ce<\/p>\n\n\n\n<ul class=\"wp-block-list\">\n<li>U\u017cytkownik jest uprawniony do zamieszczania Komentarzy na naszej stronie internetowej i posiada na to wszelkie niezb\u0119dne licencje i zgody;<\/li>\n\n\n\n<li>Komentarze nie naruszaj\u0105 \u017cadnych praw w\u0142asno\u015bci intelektualnej, w tym mi\u0119dzy innymi praw autorskich, patent\u00f3w lub znak\u00f3w towarowych os\u00f3b trzecich;<\/li>\n\n\n\n<li>Komentarze nie zawieraj\u0105 \u017cadnych znies\u0142awiaj\u0105cych, oszczerczych, obra\u017aliwych, nieprzyzwoitych lub w inny spos\u00f3b niezgodnych z prawem materia\u0142\u00f3w, kt\u00f3re stanowi\u0105 naruszenie prywatno\u015bci.<\/li>\n\n\n\n<li>Komentarze nie b\u0119d\u0105 wykorzystywane do pozyskiwania lub promowania dzia\u0142alno\u015bci gospodarczej lub zwyczaj\u00f3w, ani do prezentowania dzia\u0142alno\u015bci komercyjnej lub niezgodnej z prawem.<\/li>\n<\/ul>\n\n\n\n<p>U\u017cytkownik niniejszym udziela firmie Zojoprint Print LLC niewy\u0142\u0105cznej licencji na wykorzystywanie, powielanie, edytowanie i upowa\u017cnianie innych os\u00f3b do wykorzystywania, powielania i edytowania wszelkich jego Komentarzy we wszelkich formach, formatach lub mediach.<\/p>\n\n\n\n<h4 class=\"wp-block-heading\">Hiper\u0142\u0105cza do Tre\u015bci:<\/h4>\n\n\n\n<p>Nast\u0119puj\u0105ce organizacje mog\u0105 zamieszcza\u0107 \u0142\u0105cza do naszej Witryny bez uprzedniej pisemnej zgody:<\/p>\n\n\n\n<ul class=\"wp-block-list\">\n<li>Agencje rz\u0105dowe;<\/li>\n\n\n\n<li>Wyszukiwarki;<\/li>\n\n\n\n<li>Organizacje informacyjne;<\/li>\n\n\n\n<li>Dystrybutorzy katalog\u00f3w online mog\u0105 umieszcza\u0107 \u0142\u0105cza do naszej Witryny w taki sam spos\u00f3b, w jaki umieszczaj\u0105 hiper\u0142\u0105cza do Witryn innych wymienionych firm; oraz<\/li>\n\n\n\n<li>Akredytowane firmy w ca\u0142ym systemie, z wyj\u0105tkiem organizacji non-profit, charytatywnych centr\u00f3w handlowych i grup zbieraj\u0105cych fundusze na cele charytatywne, kt\u00f3re nie mog\u0105 umieszcza\u0107 hiper\u0142\u0105czy do naszej witryny internetowej.<\/li>\n<\/ul>\n\n\n\n<p>Organizacje te mog\u0105 zamieszcza\u0107 \u0142\u0105cza do naszej strony g\u0142\u00f3wnej, publikacji lub innych informacji w witrynie, o ile \u0142\u0105cze to (a) nie jest w \u017caden spos\u00f3b myl\u0105cy; (b) nie sugeruje fa\u0142szywie sponsorowania, poparcia lub zatwierdzenia strony linkuj\u0105cej i jej produkt\u00f3w i\/lub us\u0142ug; oraz (c) pasuje do kontekstu strony strony linkuj\u0105cej.<\/p>\n\n\n\n<p>Mo\u017cemy rozpatrywa\u0107 i zatwierdza\u0107 inne pro\u015bby o linki od nast\u0119puj\u0105cych typ\u00f3w organizacji:<\/p>\n\n\n\n<ul class=\"wp-block-list\">\n<li>powszechnie znane \u017ar\u00f3d\u0142a informacji konsumenckich i\/lub biznesowych;<\/li>\n\n\n\n<li>witryny spo\u0142eczno\u015bci dot.com;<\/li>\n\n\n\n<li>stowarzyszenia lub inne grupy reprezentuj\u0105ce organizacje charytatywne;<\/li>\n\n\n\n<li>dystrybutorzy katalog\u00f3w online;<\/li>\n\n\n\n<li>portale internetowe;<\/li>\n\n\n\n<li>firmy ksi\u0119gowe, prawnicze i konsultingowe; oraz<\/li>\n\n\n\n<li>instytucje edukacyjne i stowarzyszenia handlowe.<\/li>\n<\/ul>\n\n\n\n<p>Zatwierdzimy pro\u015bby o link od tych organizacji, je\u015bli uznamy, \u017ce: (a) link nie sprawi, \u017ce b\u0119dziemy wygl\u0105da\u0107 niekorzystnie dla nas samych lub dla naszych akredytowanych firm; (b) organizacja nie ma \u017cadnych negatywnych zapis\u00f3w z nami; (c) korzy\u015b\u0107 dla nas z widoczno\u015bci hiper\u0142\u0105cza rekompensuje brak Zojoprint Print LLC; oraz (d) link jest w kontek\u015bcie og\u00f3lnych informacji o zasobach.<\/p>\n\n\n\n<p>Organizacje te mog\u0105 zamieszcza\u0107 odno\u015bniki do naszej strony g\u0142\u00f3wnej, o ile odno\u015bnik taki (a) nie jest w \u017caden spos\u00f3b zwodniczy; (b) nie sugeruje fa\u0142szywie sponsorowania, poparcia lub zatwierdzenia strony linkuj\u0105cej i jej produkt\u00f3w lub us\u0142ug; oraz (c) pasuje do kontekstu strony strony linkuj\u0105cej.<\/p>\n\n\n\n<p>Je\u015bli jeste\u015b jedn\u0105 z organizacji wymienionych w paragrafie 2 powy\u017cej i jeste\u015b zainteresowany umieszczeniem linku do naszej strony internetowej, musisz nas o tym poinformowa\u0107, wysy\u0142aj\u0105c wiadomo\u015b\u0107 e-mail do Zojoprint Print LLC. Prosimy o podanie swojego imienia i nazwiska, nazwy organizacji, danych kontaktowych, a tak\u017ce adresu URL swojej witryny, listy adres\u00f3w URL, z kt\u00f3rych u\u017cytkownik zamierza utworzy\u0107 \u0142\u0105cza do naszej witryny, oraz listy adres\u00f3w URL w naszej witrynie, do kt\u00f3rych u\u017cytkownik chcia\u0142by utworzy\u0107 \u0142\u0105cza. Na odpowied\u017a nale\u017cy poczeka\u0107 2-3 tygodnie.<\/p>\n\n\n\n<p>Zatwierdzone organizacje mog\u0105 umieszcza\u0107 hiper\u0142\u0105cza do naszej Witryny w nast\u0119puj\u0105cy spos\u00f3b:<\/p>\n\n\n\n<ul class=\"wp-block-list\">\n<li>Poprzez u\u017cycie nazwy firmy; lub<\/li>\n\n\n\n<li>Poprzez u\u017cycie jednolitego lokalizatora zasob\u00f3w, do kt\u00f3rego prowadzi link; lub<\/li>\n\n\n\n<li>Korzystanie z dowolnego innego opisu naszej Witryny, do kt\u00f3rej prowadzi \u0142\u0105cze, kt\u00f3ry ma sens w kontek\u015bcie i formacie tre\u015bci w witrynie strony, do kt\u00f3rej prowadzi \u0142\u0105cze.<\/li>\n<\/ul>\n\n\n\n<p>W przypadku braku umowy licencyjnej dotycz\u0105cej znaku towarowego nie b\u0119dzie dozwolone wykorzystywanie logo Zojoprint Print LLC ani innych element\u00f3w graficznych w celu tworzenia link\u00f3w.<\/p>\n\n\n\n<h4 class=\"wp-block-heading\">Odpowiedzialno\u015b\u0107 za tre\u015b\u0107:<\/h4>\n\n\n\n<p>Nie ponosimy odpowiedzialno\u015bci za jakiekolwiek tre\u015bci pojawiaj\u0105ce si\u0119 w Witrynie u\u017cytkownika. U\u017cytkownik zgadza si\u0119 chroni\u0107 i broni\u0107 nas przed wszelkimi roszczeniami zg\u0142aszanymi w jego Witrynie. W \u017cadnej Witrynie nie powinny pojawia\u0107 si\u0119 linki, kt\u00f3re mog\u0105 by\u0107 interpretowane jako znies\u0142awiaj\u0105ce, obsceniczne lub przest\u0119pcze, lub kt\u00f3re naruszaj\u0105, w inny spos\u00f3b naruszaj\u0105 lub popieraj\u0105 naruszenie lub inne naruszenie praw os\u00f3b trzecich.<\/p>\n\n\n\n<h4 class=\"wp-block-heading\">Zastrze\u017cenie praw:<\/h4>\n\n\n\n<p>Zastrzegamy sobie prawo do za\u017c\u0105dania od u\u017cytkownika usuni\u0119cia wszystkich link\u00f3w lub poszczeg\u00f3lnych link\u00f3w do naszej Witryny. U\u017cytkownik wyra\u017ca zgod\u0119 na natychmiastowe usuni\u0119cie wszystkich link\u00f3w do naszej Witryny na \u017c\u0105danie. Zastrzegamy sobie r\u00f3wnie\u017c prawo do zmiany niniejszych warunk\u00f3w i zasad linkowania w dowolnym momencie. Poprzez ci\u0105g\u0142e \u0142\u0105czenie si\u0119 z nasz\u0105 Witryn\u0105, u\u017cytkownik wyra\u017ca zgod\u0119 na przestrzeganie niniejszych zasad i warunk\u00f3w.<\/p>\n\n\n\n<h4 class=\"wp-block-heading\">Usuni\u0119cie link\u00f3w z naszej strony internetowej:<\/h4>\n\n\n\n<p>W przypadku znalezienia na naszej Stronie linku, kt\u00f3ry z jakiegokolwiek powodu jest obra\u017aliwy, u\u017cytkownik mo\u017ce skontaktowa\u0107 si\u0119 z nami i poinformowa\u0107 nas o tym w dowolnym momencie. Rozwa\u017cymy pro\u015bby o usuni\u0119cie link\u00f3w, ale nie jeste\u015bmy do tego zobowi\u0105zani ani nie odpowiemy bezpo\u015brednio u\u017cytkownikowi.<\/p>\n\n\n\n<p>Nie zapewniamy, \u017ce informacje na tej stronie s\u0105 prawid\u0142owe. Nie gwarantujemy ich kompletno\u015bci ani dok\u0142adno\u015bci, ani te\u017c nie obiecujemy, \u017ce strona internetowa pozostanie dost\u0119pna lub \u017ce materia\u0142y na niej zawarte b\u0119d\u0105 aktualizowane.<\/p>\n\n\n\n<h4 class=\"wp-block-heading\">Zastrze\u017cenie:<\/h4>\n\n\n\n<p>W maksymalnym zakresie dozwolonym przez obowi\u0105zuj\u0105ce prawo wy\u0142\u0105czamy wszelkie o\u015bwiadczenia, gwarancje i warunki zwi\u0105zane z nasz\u0105 witryn\u0105 internetow\u0105 i korzystaniem z niej. \u017badne z postanowie\u0144 niniejszego wy\u0142\u0105czenia odpowiedzialno\u015bci nie b\u0119dzie<\/p>\n\n\n\n<ul class=\"wp-block-list\">\n<li>ogranicza\u0107 lub wy\u0142\u0105cza\u0107 naszej lub u\u017cytkownika odpowiedzialno\u015bci za \u015bmier\u0107 lub obra\u017cenia cia\u0142a;<\/li>\n\n\n\n<li>ogranicza\u0107 lub wy\u0142\u0105cza\u0107 naszej lub u\u017cytkownika odpowiedzialno\u015bci za oszustwo lub \u015bwiadome wprowadzenie w b\u0142\u0105d;<\/li>\n\n\n\n<li>ograniczy\u0107 jakiekolwiek nasze lub u\u017cytkownika zobowi\u0105zania w jakikolwiek spos\u00f3b, kt\u00f3ry nie jest dozwolony przez obowi\u0105zuj\u0105ce prawo; lub<\/li>\n\n\n\n<li>wy\u0142\u0105cza\u0107 jakichkolwiek zobowi\u0105za\u0144 naszych lub u\u017cytkownika, kt\u00f3re nie mog\u0105 zosta\u0107 wy\u0142\u0105czone na mocy obowi\u0105zuj\u0105cego prawa.<\/li>\n<\/ul>\n\n\n\n<p>Ograniczenia i zakazy odpowiedzialno\u015bci okre\u015blone w niniejszej sekcji i w innych miejscach niniejszego wy\u0142\u0105czenia odpowiedzialno\u015bci: (a) podlegaj\u0105 poprzedniemu akapitowi; oraz (b) reguluj\u0105 wszystkie zobowi\u0105zania wynikaj\u0105ce z wy\u0142\u0105czenia odpowiedzialno\u015bci, w tym zobowi\u0105zania wynikaj\u0105ce z umowy, czynu niedozwolonego i naruszenia obowi\u0105zk\u00f3w ustawowych.<\/p>\n\n\n\n<p>Tak d\u0142ugo, jak strona internetowa oraz informacje i us\u0142ugi na stronie internetowej s\u0105 dostarczane bezp\u0142atnie, nie ponosimy odpowiedzialno\u015bci za jakiekolwiek straty lub szkody jakiegokolwiek rodzaju.<\/p>\n\n\n\n<h3 class=\"wp-block-heading\">Kontakt<\/h3>\n\n\n\n<p>W przypadku jakichkolwiek pyta\u0144 lub w\u0105tpliwo\u015bci dotycz\u0105cych naszego Regulaminu, mo\u017cesz skontaktowa\u0107 si\u0119 z nami, korzystaj\u0105c z poni\u017cszych danych:<\/p>\n\n\n\n<p>Wu Lian Su:<\/p>\n\n\n\n<p><a href=\"mailto:info@zojoprint.com\">info@zojoprint.com<\/a><\/p>","protected":false},"excerpt":{"rendered":"<p>Welcome to Zojoprint! These terms and conditions outline the rules and regulations for the use of Zojoprint Print LLC\u2019s Website, located at https:\/\/zojopackaging.com\/. By accessing this website, we assume you accept these terms and conditions. Do not continue to use Zojoprint if you do not agree to take all of the terms and conditions stated [&hellip;]<\/p>\n","protected":false},"author":1,"featured_media":0,"parent":0,"menu_order":0,"comment_status":"closed","ping_status":"closed","template":"","meta":{"footnotes":""},"class_list":["post-6490","page","type-page","status-publish","hentry"],"_links":{"self":[{"href":"https:\/\/zojopackaging.com\/pl\/wp-json\/wp\/v2\/pages\/6490","targetHints":{"allow":["GET"]}}],"collection":[{"href":"https:\/\/zojopackaging.com\/pl\/wp-json\/wp\/v2\/pages"}],"about":[{"href":"https:\/\/zojopackaging.com\/pl\/wp-json\/wp\/v2\/types\/page"}],"author":[{"embeddable":true,"href":"https:\/\/zojopackaging.com\/pl\/wp-json\/wp\/v2\/users\/1"}],"replies":[{"embeddable":true,"href":"https:\/\/zojopackaging.com\/pl\/wp-json\/wp\/v2\/comments?post=6490"}],"version-history":[{"count":1,"href":"https:\/\/zojopackaging.com\/pl\/wp-json\/wp\/v2\/pages\/6490\/revisions"}],"predecessor-version":[{"id":6491,"href":"https:\/\/zojopackaging.com\/pl\/wp-json\/wp\/v2\/pages\/6490\/revisions\/6491"}],"wp:attachment":[{"href":"https:\/\/zojopackaging.com\/pl\/wp-json\/wp\/v2\/media?parent=6490"}],"curies":[{"name":"wp","href":"https:\/\/api.w.org\/{rel}","templated":true}]}}