{"id":897,"date":"2023-11-24T00:01:11","date_gmt":"2023-11-23T16:01:11","guid":{"rendered":"https:\/\/zojopackaging.com\/?page_id=897"},"modified":"2024-05-15T23:37:30","modified_gmt":"2024-05-15T15:37:30","slug":"packaging-box-manufacturing-process","status":"publish","type":"page","link":"https:\/\/zojopackaging.com\/pl\/packaging-box-manufacturing-process\/","title":{"rendered":"Proces produkcji opakowa\u0144"},"content":{"rendered":"<div data-elementor-type=\"wp-page\" data-elementor-id=\"897\" class=\"elementor elementor-897\" data-elementor-post-type=\"page\">\n\t\t\t\t<div class=\"elementor-element elementor-element-0ffa265 e-flex e-con-boxed e-con e-parent\" data-id=\"0ffa265\" data-element_type=\"container\" data-e-type=\"container\" data-settings=\"{&quot;background_background&quot;:&quot;classic&quot;}\">\n\t\t\t\t\t<div class=\"e-con-inner\">\n\t\t\t\t<div class=\"elementor-element elementor-element-62abf0e elementor-widget elementor-widget-woocommerce-breadcrumb\" data-id=\"62abf0e\" data-element_type=\"widget\" data-e-type=\"widget\" data-widget_type=\"woocommerce-breadcrumb.default\">\n\t\t\t\t<div class=\"elementor-widget-container\">\n\t\t\t\t\t<nav class=\"woocommerce-breadcrumb\" aria-label=\"Breadcrumb\" data-no-translation=\"\" data-trp-gettext=\"\">Strona g\u0142\u00f3wna<\/nav>\t\t\t\t<\/div>\n\t\t\t\t<\/div>\n\t\t\t\t\t<\/div>\n\t\t\t\t<\/div>\n\t\t<div class=\"elementor-element elementor-element-7ee81d9 e-con-full e-flex e-con e-parent\" data-id=\"7ee81d9\" data-element_type=\"container\" data-e-type=\"container\" data-settings=\"{&quot;background_background&quot;:&quot;classic&quot;}\">\n\t\t\t\t<div class=\"elementor-element elementor-element-a8be8f9 hd-title elementor-widget elementor-widget-heading\" data-id=\"a8be8f9\" data-element_type=\"widget\" data-e-type=\"widget\" data-widget_type=\"heading.default\">\n\t\t\t\t<div class=\"elementor-widget-container\">\n\t\t\t\t\t<h1 class=\"elementor-heading-title elementor-size-default\">Proces produkcji opakowa\u0144<\/h1>\t\t\t\t<\/div>\n\t\t\t\t<\/div>\n\t\t\t\t<div class=\"elementor-element elementor-element-59072c8 elementor-widget-divider--view-line elementor-widget elementor-widget-divider\" data-id=\"59072c8\" data-element_type=\"widget\" data-e-type=\"widget\" data-widget_type=\"divider.default\">\n\t\t\t\t<div class=\"elementor-widget-container\">\n\t\t\t\t\t\t\t<div class=\"elementor-divider\">\n\t\t\t<span class=\"elementor-divider-separator\">\n\t\t\t\t\t\t<\/span>\n\t\t<\/div>\n\t\t\t\t\t\t<\/div>\n\t\t\t\t<\/div>\n\t\t\t\t<div class=\"elementor-element elementor-element-506007a elementor-widget__width-initial elementor-widget elementor-widget-video\" data-id=\"506007a\" data-element_type=\"widget\" data-e-type=\"widget\" data-settings=\"{&quot;youtube_url&quot;:&quot;https:\\\/\\\/www.youtube.com\\\/watch?v=6JlO25DoCUc&quot;,&quot;autoplay&quot;:&quot;yes&quot;,&quot;video_type&quot;:&quot;youtube&quot;,&quot;controls&quot;:&quot;yes&quot;}\" data-widget_type=\"video.default\">\n\t\t\t\t<div class=\"elementor-widget-container\">\n\t\t\t\t\t\t\t<div class=\"elementor-wrapper elementor-open-inline\">\n\t\t\t<div class=\"elementor-video\"><\/div>\t\t<\/div>\n\t\t\t\t\t\t<\/div>\n\t\t\t\t<\/div>\n\t\t\t\t<\/div>\n\t\t<div class=\"elementor-element elementor-element-566103f e-flex e-con-boxed e-con e-parent\" data-id=\"566103f\" data-element_type=\"container\" data-e-type=\"container\">\n\t\t\t\t\t<div class=\"e-con-inner\">\n\t\t\t\t<div class=\"elementor-element elementor-element-b666dc2 elementor-widget__width-auto elementor-widget elementor-widget-image\" data-id=\"b666dc2\" data-element_type=\"widget\" data-e-type=\"widget\" data-widget_type=\"image.default\">\n\t\t\t\t<div class=\"elementor-widget-container\">\n\t\t\t\t\t\t\t\t\t\t\t\t\t\t\t<img fetchpriority=\"high\" decoding=\"async\" width=\"1737\" height=\"2560\" src=\"https:\/\/zojopackaging.com\/wp-content\/uploads\/2024\/03\/\u751f\u4ea7\u6d41\u7a0b-scaled.jpg\" class=\"attachment-full size-full wp-image-4963\" alt=\"Proces produkcji\" srcset=\"https:\/\/zojopackaging.com\/wp-content\/uploads\/2024\/03\/\u751f\u4ea7\u6d41\u7a0b-scaled.jpg 1737w, https:\/\/zojopackaging.com\/wp-content\/uploads\/2024\/03\/\u751f\u4ea7\u6d41\u7a0b-204x300.jpg 204w, https:\/\/zojopackaging.com\/wp-content\/uploads\/2024\/03\/\u751f\u4ea7\u6d41\u7a0b-699x1030.jpg 699w, https:\/\/zojopackaging.com\/wp-content\/uploads\/2024\/03\/\u751f\u4ea7\u6d41\u7a0b-768x1132.jpg 768w, https:\/\/zojopackaging.com\/wp-content\/uploads\/2024\/03\/\u751f\u4ea7\u6d41\u7a0b-1042x1536.jpg 1042w, https:\/\/zojopackaging.com\/wp-content\/uploads\/2024\/03\/\u751f\u4ea7\u6d41\u7a0b-1389x2048.jpg 1389w, https:\/\/zojopackaging.com\/wp-content\/uploads\/2024\/03\/\u751f\u4ea7\u6d41\u7a0b-600x884.jpg 600w\" sizes=\"(max-width: 1737px) 100vw, 1737px\" title=\"\">\t\t\t\t\t\t\t\t\t\t\t\t\t\t\t<\/div>\n\t\t\t\t<\/div>\n\t\t\t\t\t<\/div>\n\t\t\t\t<\/div>\n\t\t<div class=\"elementor-element elementor-element-80f2626 e-flex e-con-boxed e-con e-parent\" data-id=\"80f2626\" data-element_type=\"container\" data-e-type=\"container\">\n\t\t\t\t\t<div class=\"e-con-inner\">\n\t\t\t\t<div class=\"elementor-element elementor-element-f7818c0 elementor-widget__width-inherit elementor-widget-mobile__width-inherit elementor-widget elementor-widget-text-editor\" data-id=\"f7818c0\" data-element_type=\"widget\" data-e-type=\"widget\" data-widget_type=\"text-editor.default\">\n\t\t\t\t<div class=\"elementor-widget-container\">\n\t\t\t\t\t\t\t\t\t<ul><li><strong>Projekt<\/strong>: Proces rozpoczyna si\u0119 od zaprojektowania opakowania. Obejmuje to stworzenie projektu, kt\u00f3ry okre\u015bla wymiary, struktur\u0119, materia\u0142 i wszelkie elementy projektu graficznego pude\u0142ka.<\/li>\n<li><strong>Wyb\u00f3r materia\u0142u<\/strong>: Po sfinalizowaniu projektu wybierane s\u0105 odpowiednie materia\u0142y do produkcji pude\u0142ka. Typowe materia\u0142y u\u017cywane do pakowania pude\u0142ek obejmuj\u0105 karton, tektur\u0119 falist\u0105, tektur\u0119 i plastik.<\/li>\n<li><strong>Ci\u0119cie<\/strong>: Wybrany materia\u0142 jest nast\u0119pnie przycinany do wymaganego kszta\u0142tu i rozmiaru za pomoc\u0105 maszyn tn\u0105cych. Precyzyjne ci\u0119cie jest niezb\u0119dne, aby zapewni\u0107 dok\u0142adne dopasowanie element\u00f3w podczas monta\u017cu.<\/li>\n<li><strong>Drukowanie<\/strong>: Je\u015bli opakowanie wymaga oznakowania, etykietowania lub element\u00f3w graficznych, zostanie ono poddane procesowi drukowania. Mo\u017ce to obejmowa\u0107 techniki takie jak druk offsetowy, druk cyfrowy lub sitodruk.<\/li>\n<li><strong>Sk\u0142adanie i klejenie<\/strong>: Wyci\u0119te kawa\u0142ki opakowania s\u0105 sk\u0142adane wzd\u0142u\u017c linii zagi\u0119cia, aby utworzy\u0107 struktur\u0119 pude\u0142ka. Klej jest nak\u0142adany na odpowiednie obszary, a nast\u0119pnie pude\u0142ko jest sklejane, aby zachowa\u0107 sw\u00f3j kszta\u0142t.<\/li>\n<li><strong>Wykrawanie<\/strong>: W niekt\u00f3rych przypadkach opakowanie mo\u017ce wymaga\u0107 dodatkowego dostosowania, takiego jak okienka, uchwyty lub unikalne kszta\u0142ty. Osi\u0105ga si\u0119 to poprzez proces sztancowania, kt\u00f3ry przycina materia\u0142 do okre\u015blonych kszta\u0142t\u00f3w.<\/li>\n<li><strong>Kontrola jako\u015bci<\/strong>: W trakcie ca\u0142ego procesu produkcyjnego przeprowadzane s\u0105 kontrole jako\u015bci, aby upewni\u0107 si\u0119, \u017ce pude\u0142ka spe\u0142niaj\u0105 okre\u015blone wymagania. Mo\u017ce to obejmowa\u0107 dok\u0142adno\u015b\u0107 wymiarow\u0105, jako\u015b\u0107 druku, integralno\u015b\u0107 strukturaln\u0105 i og\u00f3lny wygl\u0105d.<\/li>\n<li><strong>Pakowanie i wysy\u0142ka<\/strong>: Po przej\u015bciu kontroli jako\u015bci pude\u0142ka s\u0105 pakowane do wi\u0119kszych pojemnik\u00f3w w celu wysy\u0142ki do klient\u00f3w lub centr\u00f3w dystrybucyjnych.<\/li>\n<\/ul>\t\t\t\t\t\t\t\t<\/div>\n\t\t\t\t<\/div>\n\t\t\t\t\t<\/div>\n\t\t\t\t<\/div>\n\t\t\t\t<\/div>","protected":false},"excerpt":{"rendered":"<p>Packaging Box Manufacturing Process Design: The process begins with the design of the packaging box. This involves creating a blueprint that specifies the dimensions, structure, material, and any graphic design elements of the box. Material selection: Once the design is finalized, the appropriate materials are selected for the production of the box. Common materials used [&hellip;]<\/p>\n","protected":false},"author":1,"featured_media":0,"parent":0,"menu_order":0,"comment_status":"closed","ping_status":"closed","template":"","meta":{"footnotes":""},"class_list":["post-897","page","type-page","status-publish","hentry"],"_links":{"self":[{"href":"https:\/\/zojopackaging.com\/pl\/wp-json\/wp\/v2\/pages\/897","targetHints":{"allow":["GET"]}}],"collection":[{"href":"https:\/\/zojopackaging.com\/pl\/wp-json\/wp\/v2\/pages"}],"about":[{"href":"https:\/\/zojopackaging.com\/pl\/wp-json\/wp\/v2\/types\/page"}],"author":[{"embeddable":true,"href":"https:\/\/zojopackaging.com\/pl\/wp-json\/wp\/v2\/users\/1"}],"replies":[{"embeddable":true,"href":"https:\/\/zojopackaging.com\/pl\/wp-json\/wp\/v2\/comments?post=897"}],"version-history":[{"count":77,"href":"https:\/\/zojopackaging.com\/pl\/wp-json\/wp\/v2\/pages\/897\/revisions"}],"predecessor-version":[{"id":5044,"href":"https:\/\/zojopackaging.com\/pl\/wp-json\/wp\/v2\/pages\/897\/revisions\/5044"}],"wp:attachment":[{"href":"https:\/\/zojopackaging.com\/pl\/wp-json\/wp\/v2\/media?parent=897"}],"curies":[{"name":"wp","href":"https:\/\/api.w.org\/{rel}","templated":true}]}}