{"id":10001,"date":"2025-04-04T14:38:24","date_gmt":"2025-04-04T06:38:24","guid":{"rendered":"https:\/\/zojopackaging.com\/?post_type=product&#038;p=10001"},"modified":"2025-04-04T15:05:50","modified_gmt":"2025-04-04T07:05:50","slug":"custom-skin-care-drawer-box-cosmetic-carton-folding-packaging","status":"publish","type":"product","link":"https:\/\/zojopackaging.com\/pl\/product\/custom-skin-care-drawer-box-cosmetic-carton-folding-packaging\/","title":{"rendered":"Niestandardowe pude\u0142ko do piel\u0119gnacji sk\u00f3ry Sk\u0142adane opakowanie kartonowe kosmetyczne"},"content":{"rendered":"<h3 id=\"-1-folding-drawer-gift-box-\"><strong>1. Pude\u0142ko prezentowe ze sk\u0142adan\u0105 szuflad\u0105<\/strong><\/h3>\n<p>Pude\u0142ko prezentowe ze sk\u0142adan\u0105 szuflad\u0105 przyjmuje innowacyjny projekt strukturalny, kt\u00f3ry skutecznie osi\u0105ga cel kontroli koszt\u00f3w przy jednoczesnym zachowaniu wysokiej jako\u015bci tekstury pude\u0142ka prezentowego<\/p>\n<h3 id=\"-2-single-powder-card-material-\"><strong>2. Materia\u0142 pojedynczej karty proszkowej<\/strong><\/h3>\n<p>Nasz pojedynczy materia\u0142 karty proszkowej jest pozycjonowany jako wysokiej jako\u015bci, z delikatn\u0105 i g\u0142adk\u0105 powierzchni\u0105 w dotyku, siln\u0105 zdolno\u015bci\u0105 adaptacji druku i mo\u017ce prezentowa\u0107 wyra\u017ane i jasne efekty kolorystyczne<\/p>\n<h3 id=\"-3-environmentally-friendly-and-recyclable-materials-\"><strong>3. Materia\u0142y przyjazne dla \u015brodowiska i nadaj\u0105ce si\u0119 do recyklingu<\/strong><\/h3>\n<p>Produkt wykorzystuje materia\u0142y przyjazne dla \u015brodowiska i nadaj\u0105ce si\u0119 do recyklingu, przeszed\u0142 certyfikacj\u0119 systemu certyfikacji las\u00f3w FSC i jest w pe\u0142ni zgodny z mi\u0119dzynarodowymi normami \u015brodowiskowymi<\/p>\n<h3 id=\"-4-surface-processing-solutions-\"><strong>4. Rozwi\u0105zania do obr\u00f3bki powierzchni<\/strong><\/h3>\n<p>Rozwi\u0105zania w zakresie obr\u00f3bki powierzchni s\u0105 bogate i r\u00f3\u017cnorodne, i mog\u0105 osi\u0105gn\u0105\u0107 spersonalizowane dostosowanie, takie jak t\u0142oczenie na gor\u0105co, cz\u0119\u015bciowe powlekanie UV, wyt\u0142aczanie, rze\u017abienie wg\u0142\u0119bne itp.<\/p>\n<h3 id=\"-5-zojo-print-industry-reputation-\"><strong>5. Reputacja w bran\u017cy druku ZOJO<\/strong><\/h3>\n<p>Jako profesjonalny dostawca us\u0142ug dostosowywania opakowa\u0144 papierowych, ZOJO Print cieszy si\u0119 doskona\u0142\u0105 reputacj\u0105 w bran\u017cy zar\u00f3wno na rynku krajowym, jak i zagranicznym<\/p>\n<h3 id=\"-6-senior-design-team-\"><strong>6. Starszy zesp\u00f3\u0142 projektowy<\/strong><\/h3>\n<p>Jeste\u015bmy wyposa\u017ceni w starszy zesp\u00f3\u0142 projektant\u00f3w, kt\u00f3ry mo\u017ce g\u0142\u0119boko uczestniczy\u0107 w procesie kreatywnej realizacji marki, aby zapewni\u0107 dok\u0142adne wdro\u017cenie koncepcji projektowej<\/p>\n<h3 id=\"-7-professional-packaging-technology-consultant-team-\"><strong>7. Profesjonalny zesp\u00f3\u0142 konsultant\u00f3w ds. technologii pakowania<\/strong><\/h3>\n<p>Profesjonalny zesp\u00f3\u0142 konsultant\u00f3w ds. technologii pakowania dostosuje optymalne rozwi\u0105zanie opakowaniowe w oparciu o charakterystyk\u0119 produktu.<\/p>","protected":false},"excerpt":{"rendered":"<p><strong>ZOJO Print | Indywidualny ekspert w dziedzinie sk\u0142adanych szuflad do piel\u0119gnacji sk\u00f3ry - interpretacja nowego szczytu pi\u0119kna dzi\u0119ki innowacyjnemu wzornictwu<\/strong><\/p>\n<p>W dziedzinie opakowa\u0144 do piel\u0119gnacji sk\u00f3ry projekt powinien nie tylko nie\u015b\u0107 warto\u015b\u0107 estetyczn\u0105, ale tak\u017ce uwzgl\u0119dnia\u0107 funkcjonalno\u015b\u0107, ochron\u0119 \u015brodowiska i op\u0142acalno\u015b\u0107. Firma ZOJO Print jest g\u0142\u0119boko zaanga\u017cowana w t\u0119 bran\u017c\u0119 od 16 lat, koncentruj\u0105c si\u0119 na dostarczaniu wysokiej klasy markom kosmetycznym sk\u0142adanych pude\u0142ek z szufladami, kt\u00f3re s\u0105 zar\u00f3wno innowacyjne, jak i konkurencyjne pod wzgl\u0119dem komercyjnym.<\/p>","protected":false},"featured_media":10007,"template":"","meta":[],"product_brand":[],"product_cat":[30,390,31,426],"product_tag":[1322,817,1321],"class_list":{"0":"post-10001","1":"product","2":"type-product","3":"status-publish","4":"has-post-thumbnail","6":"product_cat-by-industry","7":"product_cat-custom-cosmetics-boxes","8":"product_cat-paper-box-style","9":"product_cat-paper-drawer-boxes","10":"product_tag-carton-folding-packaging","11":"product_tag-custom-box","12":"product_tag-skin-care-drawer-box","14":"first","15":"instock","16":"shipping-taxable","17":"product-type-grouped"},"_links":{"self":[{"href":"https:\/\/zojopackaging.com\/pl\/wp-json\/wp\/v2\/product\/10001","targetHints":{"allow":["GET"]}}],"collection":[{"href":"https:\/\/zojopackaging.com\/pl\/wp-json\/wp\/v2\/product"}],"about":[{"href":"https:\/\/zojopackaging.com\/pl\/wp-json\/wp\/v2\/types\/product"}],"version-history":[{"count":1,"href":"https:\/\/zojopackaging.com\/pl\/wp-json\/wp\/v2\/product\/10001\/revisions"}],"predecessor-version":[{"id":10016,"href":"https:\/\/zojopackaging.com\/pl\/wp-json\/wp\/v2\/product\/10001\/revisions\/10016"}],"wp:featuredmedia":[{"embeddable":true,"href":"https:\/\/zojopackaging.com\/pl\/wp-json\/wp\/v2\/media\/10007"}],"wp:attachment":[{"href":"https:\/\/zojopackaging.com\/pl\/wp-json\/wp\/v2\/media?parent=10001"}],"wp:term":[{"taxonomy":"product_brand","embeddable":true,"href":"https:\/\/zojopackaging.com\/pl\/wp-json\/wp\/v2\/product_brand?post=10001"},{"taxonomy":"product_cat","embeddable":true,"href":"https:\/\/zojopackaging.com\/pl\/wp-json\/wp\/v2\/product_cat?post=10001"},{"taxonomy":"product_tag","embeddable":true,"href":"https:\/\/zojopackaging.com\/pl\/wp-json\/wp\/v2\/product_tag?post=10001"}],"curies":[{"name":"wp","href":"https:\/\/api.w.org\/{rel}","templated":true}]}}