{"id":10009,"date":"2025-04-04T14:44:34","date_gmt":"2025-04-04T06:44:34","guid":{"rendered":"https:\/\/zojopackaging.com\/?post_type=product&#038;p=10009"},"modified":"2025-04-04T15:06:02","modified_gmt":"2025-04-04T07:06:02","slug":"custom-luxury-cosmetic-skin-care-face-cream-packaging-boxes","status":"publish","type":"product","link":"https:\/\/zojopackaging.com\/pl\/product\/custom-luxury-cosmetic-skin-care-face-cream-packaging-boxes\/","title":{"rendered":"Niestandardowe luksusowe kosmetyczne pude\u0142ka do piel\u0119gnacji sk\u00f3ry z kremem do twarzy"},"content":{"rendered":"<h2 id=\"-customized-luxury-cosmetic-skin-care-cream-packaging-box-product-description-\"><strong>Dostosowane luksusowe kosmetyczne pude\u0142ka do pakowania krem\u00f3w do piel\u0119gnacji sk\u00f3ry<\/strong><\/h2>\n<h2 id=\"-i-box-structure-and-material-design-\"><strong>1. Struktura pude\u0142ka i projekt materia\u0142u<\/strong><\/h2>\n<ol>\n<li><strong>Klasyczne pude\u0142ko z pokryw\u0105 g\u00f3rn\u0105 i doln\u0105<\/strong>\u00a0Dzi\u0119ki zastosowaniu dzielonej konstrukcji g\u00f3rnej i dolnej pokrywy, bez skomplikowanej konstrukcji otwierania i zamykania, \u0142\u0105czy w sobie praktyczno\u015b\u0107 z prost\u0105 estetyk\u0105. Pude\u0142ko otwiera si\u0119 i zamyka p\u0142ynnie, ze wska\u017anikiem wykorzystania materia\u0142u przekraczaj\u0105cym 95%, zmniejszaj\u0105c ilo\u015b\u0107 odpad\u00f3w i wykorzystuj\u0105c szar\u0105 tektur\u0119 lub bia\u0142e pod\u0142o\u017ce kartonowe o du\u017cej g\u0119sto\u015bci, aby zapewni\u0107, \u017ce pude\u0142ko jest wyra\u017ane, przyjazne dla \u015brodowiska i trwa\u0142e.<\/li>\n<li><strong>Luksusowa tekstura w niskim tonie<\/strong>\u00a0G\u0142\u00f3wnym kolorem jest g\u0142\u0119boka czer\u0144, a powierzchnia wykonana jest z matowego w dotyku specjalnego papieru lub technologii laminowania, z lokalnymi t\u0142oczonymi na gor\u0105co \/ gor\u0105cymi srebrnymi liniami lub logo marki, aby zapewni\u0107 spokojne i wysokiej klasy wra\u017cenia wizualne. Powierzchnia pude\u0142ka mo\u017ce by\u0107 zintegrowana z wyt\u0142oczonymi teksturami (takimi jak imitacja sk\u00f3ry, tekstura marmuru), aby zwi\u0119kszy\u0107 tr\u00f3jwymiarowo\u015b\u0107 i zr\u00f3\u017cnicowan\u0105 rozpoznawalno\u015b\u0107.<\/li>\n<\/ol>\n<h2 id=\"-second-customized-technology-and-brand-presentation-\"><strong>2. Dostosowana technologia i prezentacja marki<\/strong><\/h2>\n<ol>\n<li><strong>Wszechstronna technologia druku<\/strong><\/li>\n<li><strong>T\u0142oczenie na gor\u0105co<\/strong>: Logo, nazwa marki lub elementy dekoracyjne s\u0105 wyt\u0142oczone 24-karatow\u0105 z\u0142ot\u0105\/srebrn\u0105 foli\u0105, aby zwi\u0119kszy\u0107 poczucie luksusu;<\/li>\n<li><strong>T\u0142oczenie UV<\/strong>: Lokalne wzory lub teksty s\u0105 formowane w tr\u00f3jwymiarowy dotyk dzi\u0119ki pow\u0142oce UV, aby zwi\u0119kszy\u0107 ostro\u015b\u0107 wizualn\u0105;<\/li>\n<li><strong>Technologia wyt\u0142aczania<\/strong>: Niestandardowe, ekskluzywne tekstury (takie jak geometryczne linie, naturalne tekstury) nadaj\u0105 opakowaniu wyj\u0105tkow\u0105 pami\u0119\u0107 dotykow\u0105.<\/li>\n<li><strong>Elastyczna adaptacja do wielu kategorii<\/strong>\u00a0Rozmiar pude\u0142ka mo\u017cna dostosowa\u0107 (zakres referencyjny: d\u0142ugo\u015b\u0107 10-30 cm \u00d7 szeroko\u015b\u0107 8-25 cm \u00d7 wysoko\u015b\u0107 5-15 cm), odpowiedni do krem\u00f3w, perfum, \u015bwiec zapachowych, wysokiej klasy herbat i innych kategorii. Podszewka mo\u017ce by\u0107 dopasowana do:<\/li>\n<li><strong>Rowek z g\u0105bki EVA<\/strong>: Dok\u0142adnie zamocowa\u0107 produkt, aby zapobiec wstrz\u0105som podczas transportu;<\/li>\n<li><strong>Flokowana taca wewn\u0119trzna<\/strong>: Czarny lub z\u0142oty materia\u0142 flokowany, aby zwi\u0119kszy\u0107 poczucie ceremonii podczas otwierania pude\u0142ka;<\/li>\n<li><strong>Przezroczysty uchwyt akrylowy<\/strong>: Podkre\u015bla wygl\u0105d produktu, nadaje si\u0119 do pude\u0142ek prezentowych.<\/li>\n<\/ol>\n<h2 id=\"-iii-supply-chain-guarantee-and-quality-commitment-\"><strong>3. Gwarancja \u0142a\u0144cucha dostaw i zobowi\u0105zanie jako\u015bciowe<\/strong><\/h2>\n<ol>\n<li><strong>Source Factory Advantage<\/strong>\u00a0Opieraj\u0105c si\u0119 na 16-letnim do\u015bwiadczeniu w produkcji, zbudowali\u015bmy zintegrowany system \u0142a\u0144cucha dostaw, od projektowania, wyboru materia\u0142\u00f3w, produkcji po kontrol\u0119 jako\u015bci, aby zapewni\u0107:<\/li>\n<li><strong>Optymalizacja koszt\u00f3w<\/strong>: Zakup surowc\u00f3w na du\u017c\u0105 skal\u0119 w celu obni\u017cenia kosztu jednostkowego opakowania;<\/li>\n<li><strong>\u015acis\u0142a kontrola jako\u015bci<\/strong>: Kontrola b\u0142\u0119d\u00f3w w zakresie \u00b10,5 mm, brak wypacze\u0144 podczas formowania, brak wad powierzchni;<\/li>\n<li><strong>Szybka dostawa<\/strong>: Obs\u0142uga 500 sztuk minimalnego zam\u00f3wienia, 7-14 dni na uko\u0144czenie proofingu do masowej produkcji.<\/li>\n<\/ol>\n<h2 id=\"-iv-design-service-and-brand-empowerment-\"><strong>4. Us\u0142ugi projektowe i wzmocnienie marki<\/strong><\/h2>\n<ol>\n<li><strong>Ekskluzywne wsparcie w zakresie dostosowywania<\/strong><\/li>\n<li><strong>Wsp\u00f3\u0142praca projektowa<\/strong>: Dostarczanie rysunk\u00f3w do modelowania 3D i fizycznych wydruk\u00f3w pr\u00f3bnych w celu zapewnienia dok\u0142adnego wdro\u017cenia efekt\u00f3w projektowych;<\/li>\n<li><strong>Integracja historii marki<\/strong>: Dostarczenie podstawowej warto\u015bci produktu poprzez projekt KV opakowania (np. poz\u0142acane elementy, motywy czasowe);<\/li>\n<li><strong>Certyfikacja \u015brodowiskowa<\/strong>: Opcjonalny papier z certyfikatem FSC lub materia\u0142y degradowalne, zgodnie z koncepcj\u0105 zr\u00f3wnowa\u017conego brandingu.<\/li>\n<\/ol>\n<p><strong>Obowi\u0105zuj\u0105ce scenariusze<\/strong>Wysokiej klasy pude\u0142ka upominkowe na produkty do piel\u0119gnacji sk\u00f3ry, \u015bwi\u0105teczne zestawy limitowane, opakowania pod wsp\u00f3ln\u0105 mark\u0105 itp.<\/p>\n<p><strong>Proces wsp\u00f3\u0142pracy<\/strong>Komunikacja z zapotrzebowaniem \u2192 propozycja projektu \u2192 potwierdzenie proofingu \u2192 produkcja masowa \u2192 kontrola jako\u015bci i dostawa.<\/p>\n<p>Dzi\u0119ki r\u00f3wnowadze minimalistycznej struktury i wykwintnych detali, ta seria opakowa\u0144 pomo\u017ce marce zaj\u0105\u0107 umys\u0142y wysokiej klasy rynku konsumenckiego za pomoc\u0105 wizualnego j\u0119zyka \"luksusu w niskim kluczu\"<\/p>","protected":false},"excerpt":{"rendered":"<p>Nasze opakowania kosmetyczne \u0142\u0105cz\u0105 w sobie funkcjonalno\u015b\u0107 i walory estetyczne, co mo\u017ce skutecznie zwi\u0119kszy\u0107 konkurencyjno\u015b\u0107 marki i wra\u017cenia konsument\u00f3w. Po pierwsze, je\u015bli chodzi o ochron\u0119, opakowania wykorzystuj\u0105 wysokiej jako\u015bci materia\u0142y, a szczelna struktura i odporna na \u015bwiat\u0142o konstrukcja wyd\u0142u\u017caj\u0105 okres przydatno\u015bci do spo\u017cycia kosmetyk\u00f3w, jednocze\u015bnie zmniejszaj\u0105c straty transportowe. Po drugie, pod wzgl\u0119dem atrakcyjno\u015bci wizualnej, minimalistyczne linie lub naturalne elementy estetyczne.<\/p>","protected":false},"featured_media":10010,"template":"","meta":[],"product_brand":[],"product_cat":[30,390,425,31],"product_tag":[1323,1324,1060],"class_list":{"0":"post-10009","1":"product","2":"type-product","3":"status-publish","4":"has-post-thumbnail","6":"product_cat-by-industry","7":"product_cat-custom-cosmetics-boxes","8":"product_cat-lid-and-base-gift-box","9":"product_cat-paper-box-style","10":"product_tag-cosmetic-packaging-boxes","11":"product_tag-custom-face-cream-packaging","12":"product_tag-skin-care-packaging-boxes","14":"first","15":"instock","16":"shipping-taxable","17":"product-type-grouped"},"_links":{"self":[{"href":"https:\/\/zojopackaging.com\/pl\/wp-json\/wp\/v2\/product\/10009","targetHints":{"allow":["GET"]}}],"collection":[{"href":"https:\/\/zojopackaging.com\/pl\/wp-json\/wp\/v2\/product"}],"about":[{"href":"https:\/\/zojopackaging.com\/pl\/wp-json\/wp\/v2\/types\/product"}],"version-history":[{"count":1,"href":"https:\/\/zojopackaging.com\/pl\/wp-json\/wp\/v2\/product\/10009\/revisions"}],"predecessor-version":[{"id":10017,"href":"https:\/\/zojopackaging.com\/pl\/wp-json\/wp\/v2\/product\/10009\/revisions\/10017"}],"wp:featuredmedia":[{"embeddable":true,"href":"https:\/\/zojopackaging.com\/pl\/wp-json\/wp\/v2\/media\/10010"}],"wp:attachment":[{"href":"https:\/\/zojopackaging.com\/pl\/wp-json\/wp\/v2\/media?parent=10009"}],"wp:term":[{"taxonomy":"product_brand","embeddable":true,"href":"https:\/\/zojopackaging.com\/pl\/wp-json\/wp\/v2\/product_brand?post=10009"},{"taxonomy":"product_cat","embeddable":true,"href":"https:\/\/zojopackaging.com\/pl\/wp-json\/wp\/v2\/product_cat?post=10009"},{"taxonomy":"product_tag","embeddable":true,"href":"https:\/\/zojopackaging.com\/pl\/wp-json\/wp\/v2\/product_tag?post=10009"}],"curies":[{"name":"wp","href":"https:\/\/api.w.org\/{rel}","templated":true}]}}