{"id":10018,"date":"2025-04-04T15:06:06","date_gmt":"2025-04-04T07:06:06","guid":{"rendered":"https:\/\/zojopackaging.com\/?post_type=product&#038;p=10018"},"modified":"2025-04-04T16:26:33","modified_gmt":"2025-04-04T08:26:33","slug":"custom-eyebrow-pencil-folding-boxes-packaging-supplier","status":"publish","type":"product","link":"https:\/\/zojopackaging.com\/pl\/product\/custom-eyebrow-pencil-folding-boxes-packaging-supplier\/","title":{"rendered":"Niestandardowe sk\u0142adane pude\u0142ka na o\u0142\u00f3wki do brwi Dostawca opakowa\u0144"},"content":{"rendered":"<h3 id=\"-1-structural-innovation-dual-advantages-of-double-insert-box-design-\"><strong>1. Innowacja strukturalna: podw\u00f3jne zalety konstrukcji skrzynki z podw\u00f3jn\u0105 wk\u0142adk\u0105<\/strong><\/h3>\n<p>Przyj\u0119cie\u00a0<strong>Konstrukcja skrzynki z podw\u00f3jn\u0105 wk\u0142adk\u0105<\/strong>Symetryczna konstrukcja g\u00f3rnej i dolnej wtyczki umo\u017cliwia szybki monta\u017c, nie jest wymagane klejenie, a 30% oszcz\u0119dza czas pakowania.<\/p>\n<h3 id=\"-2-printing-process-luxurious-expression-of-four-color-hot-stamping-\"><strong>2. Proces drukowania: luksusowy wyraz czterokolorowego t\u0142oczenia na gor\u0105co<\/strong><\/h3>\n<p>-\u00a0<strong>Dok\u0142adno\u015b\u0107 kolor\u00f3w<\/strong>: Przyj\u0119cie czterokolorowej prasy drukarskiej Heidelberg, r\u00f3\u017cnica kolor\u00f3w \u0394E\u22641,5, obs\u0142uga nadruku gradientowego Pantone 15-1247 TCX (szampa\u0144skie z\u0142oto) i 18-1755 TCX (per\u0142owa biel);<\/p>\n<p>-\u00a0<strong>Proces t\u0142oczenia na gor\u0105co<\/strong>Dzi\u0119ki wysokotemperaturowemu prasowaniu elektrochemicznej folii aluminiowej po\u0142ysk metalu osi\u0105ga 90GU, odporno\u015b\u0107 na zu\u017cycie jest poprawiona o 50%, a odporno\u015b\u0107 na podrabianie jest certyfikowana przez SGS;<\/p>\n<p>-\u00a0<strong>Psychologia wizualna<\/strong>: Po\u0142\u0105czenie srebra i per\u0142owej bieli oddaje wysokiej klasy i czysty ton marki, kt\u00f3ry pasuje do estetycznego trendu kobiet z pokolenia Z.<\/p>\n<h3 id=\"-3-precision-fit-the-ultimate-design-of-eyelash-card-box-\"><strong>3. Precyzyjne dopasowanie: najlepszy projekt pude\u0142ka na rz\u0119sy<\/strong><\/h3>\n<p>-\u00a0<strong>Dostosowanie rozmiaru<\/strong>: Minimalny rozmiar mo\u017cna dostosowa\u0107 do 5 cm x 3 cm (dla pojedynczego skupiska rz\u0119s), a maksymalny rozmiar obs\u0142uguje 15 cm x 10 cm (wiele opakowa\u0144), z regulowan\u0105 grubo\u015bci\u0105 0,8-3 cm;<\/p>\n<p>-\u00a0<strong>Przeno\u015bna konstrukcja<\/strong>: Magnetyczna konstrukcja klapki, si\u0142a otwierania jedn\u0105 r\u0119k\u0105 \u22642N, zgodna z normami bezpiecze\u0144stwa dzieci EU EN 71-3;<\/p>\n<p>-\u00a0<strong>Optymalizacja wy\u015bwietlania<\/strong>: Przezroczyste okienko + wyt\u0142oczone LOGO UV, widoczno\u015b\u0107 produktu zwi\u0119kszona o 80% i atrakcyjno\u015b\u0107 na p\u00f3\u0142ce (patrz przypadek projektu opakowania rz\u0119s).<\/p>\n<h3 id=\"-4-smart-customization-full-link-service-from-concept-to-mass-production-\"><strong>4. Inteligentna personalizacja: kompleksowa obs\u0142uga od koncepcji do masowej produkcji<\/strong><\/h3>\n<p>-\u00a0<strong>Elastyczno\u015b\u0107 rozmiaru<\/strong>Obs\u0142uga podgl\u0105du modelowania 3D w czasie rzeczywistym, pe\u0142ne potwierdzenie projektu konstrukcyjnego w ci\u0105gu 8 godzin;<\/p>\n<p>-\u00a0<strong>Matryca materia\u0142owa<\/strong>: -\u00a0<strong>Przyjazna dla \u015brodowiska szara p\u0142yta<\/strong>: Certyfikowana przez FSC pulpa drzewna 100%, opcjonalna grubo\u015b\u0107 0,5-2 mm;<\/p>\n<p>-\u00a0<strong>Papier specjalny<\/strong>per\u0142owy papier\/imitacja wzoru krokodyla, w dotyku przypomina jedwab;<\/p>\n<p>-\u00a0<strong>Szybki proofing<\/strong>Wyposa\u017cony w pi\u0119ciokolorow\u0105 pras\u0119 drukarsk\u0105 Manroland R700, dostawa pude\u0142ka pr\u00f3bnego w ci\u0105gu 8 godzin, cykl produkcji masowej skr\u00f3cony do 10 dni.<\/p>\n<h3 id=\"-5-smart-manufacturing-foundation-16-years-of-industry-experience-\"><strong>5. Inteligentne podstawy produkcji: 16 lat do\u015bwiadczenia w bran\u017cy<\/strong><\/h3>\n<p>-\u00a0<strong>Matryca urz\u0105dze\u0144<\/strong>: 5 w pe\u0142ni zautomatyzowanych linii do produkcji pude\u0142ek na karty, wyposa\u017conych w system sterowania PLC Schneider, dzienna wydajno\u015b\u0107 100 000 sztuk, poziom b\u0142\u0119du &lt;0,1%;<\/p>\n<p>-\u00a0<strong>System kontroli jako\u015bci<\/strong>: Przeszed\u0142 certyfikacj\u0119 ISO 9001\/BSCI, ka\u017cda partia produkt\u00f3w przechodzi 12 kontroli jako\u015bci (testy kompresji\/kropli\/trwa\u0142o\u015bci koloru);<\/p>\n<p>-\u00a0<strong>Zdolno\u015b\u0107 produkcyjna<\/strong>: Dzienna zdolno\u015b\u0107 produkcyjna 200 000 sztuk, obs\u0142uga zam\u00f3wie\u0144 od 500 sztuk do masowej produkcji na poziomie miliona sztuk oraz 24-godzinna dostawa pilnych zam\u00f3wie\u0144.<\/p>\n<h3 id=\"-6-design-empowerment-precise-transformation-from-demand-to-implementation-\"><strong>6. Uprawnienia projektowe: precyzyjna transformacja od popytu do wdro\u017cenia<\/strong><\/h3>\n<p>Specjalny zesp\u00f3\u0142 8 projektant\u00f3w z ponad 10-letnim do\u015bwiadczeniem zapewnia trzy g\u0142\u00f3wne us\u0142ugi dostosowane do indywidualnych potrzeb:<\/p>\n<p>-\u00a0<strong>Innowacje strukturalne<\/strong>: Opracowanie 12 opatentowanych typ\u00f3w pude\u0142ek (takich jak obrotowe warstwy, magnetyczne zamki na has\u0142o), kompatybilnych z umieszczaniem produkt\u00f3w o specjalnych kszta\u0142tach;<\/p>\n<p>-\u00a0<strong>Interaktywna optymalizacja<\/strong>: Wbudowany chip NFC (opcjonalnie), skanowanie kodu w celu uzyskania informacji o identyfikowalno\u015bci produktu i samouczki kosmetyczne;<\/p>\n<p>-\u00a0<strong>Szybka iteracja<\/strong>: Obs\u0142uga inteligentnego systemu dopasowywania kolor\u00f3w AI, 200 schemat\u00f3w dopasowywania kolor\u00f3w jest generowanych w ci\u0105gu 10 minut.<\/p>\n<h3 id=\"-7-value-commitment-triple-balance-of-quality-efficiency-and-cost-\"><strong>7. Zaanga\u017cowanie w warto\u015b\u0107: potr\u00f3jna r\u00f3wnowaga jako\u015bci, wydajno\u015bci i koszt\u00f3w<\/strong><\/h3>\n<p>-\u00a0<strong>Optymalizacja koszt\u00f3w<\/strong>: Cyfrowy system sk\u0142adu zmniejsza straty materia\u0142u do 2,5%, oszcz\u0119dzaj\u0105c 20% koszt\u00f3w w por\u00f3wnaniu z tradycyjnymi procesami;<\/p>\n<p>-\u00a0<strong>Zwinna reakcja<\/strong>: Ustanowienie systemu logistycznego z dwoma magazynami we wschodnich i po\u0142udniowych Chinach, z 48-godzinn\u0105 bezpo\u015bredni\u0105 dostaw\u0105 na terenie ca\u0142ego kraju;<\/p>\n<p>-\u00a0<strong>Us\u0142uga d\u0142ugoterminowa<\/strong>: Zapewnienie zarz\u0105dzania cyklem \u017cycia opakowania, w tym ostrzeganie o zapasach, plan uzupe\u0142niania zapas\u00f3w i plan recyklingu starych opakowa\u0144.<\/p>","protected":false},"excerpt":{"rendered":"<p><strong>ZOJO Print | Indywidualny ekspert w dziedzinie opakowa\u0144 sk\u0142adanych o\u0142\u00f3wk\u00f3w do brwi - zdefiniuj nowy poziom pi\u0119kna dzi\u0119ki innowacyjnemu projektowi<\/strong><\/p>\n<p>W dzisiejszej, coraz bardziej konkurencyjnej bran\u017cy kosmetycznej, opakowanie kredki do brwi jest nie tylko pojemnikiem na produkt, ale tak\u017ce g\u0142\u00f3wnym no\u015bnikiem wizerunku marki i do\u015bwiadczenia konsumenta. Firma ZOJO Print jest g\u0142\u0119boko zaanga\u017cowana w bran\u017c\u0119 opakowa\u0144 od 16 lat, koncentruj\u0105c si\u0119 na dostarczaniu rozwi\u0105za\u0144 sk\u0142adanych pude\u0142ek, kt\u00f3re \u0142\u0105cz\u0105 funkcjonalno\u015b\u0107, walory estetyczne i konkurencyjno\u015b\u0107 handlow\u0105 dla produkt\u00f3w kosmetycznych, takich jak o\u0142\u00f3wki do brwi i rz\u0119sy.<\/p>","protected":false},"featured_media":10030,"template":"","meta":[],"product_brand":[],"product_cat":[30,390,430,31],"product_tag":[1326,757,1325],"class_list":{"0":"post-10018","1":"product","2":"type-product","3":"status-publish","4":"has-post-thumbnail","6":"product_cat-by-industry","7":"product_cat-custom-cosmetics-boxes","8":"product_cat-folding-cartons","9":"product_cat-paper-box-style","10":"product_tag-boxes-packaging-supplier","11":"product_tag-custom-boxes","12":"product_tag-eyebrow-pencil-folding-boxes","14":"first","15":"instock","16":"shipping-taxable","17":"product-type-grouped"},"_links":{"self":[{"href":"https:\/\/zojopackaging.com\/pl\/wp-json\/wp\/v2\/product\/10018","targetHints":{"allow":["GET"]}}],"collection":[{"href":"https:\/\/zojopackaging.com\/pl\/wp-json\/wp\/v2\/product"}],"about":[{"href":"https:\/\/zojopackaging.com\/pl\/wp-json\/wp\/v2\/types\/product"}],"version-history":[{"count":1,"href":"https:\/\/zojopackaging.com\/pl\/wp-json\/wp\/v2\/product\/10018\/revisions"}],"predecessor-version":[{"id":10035,"href":"https:\/\/zojopackaging.com\/pl\/wp-json\/wp\/v2\/product\/10018\/revisions\/10035"}],"wp:featuredmedia":[{"embeddable":true,"href":"https:\/\/zojopackaging.com\/pl\/wp-json\/wp\/v2\/media\/10030"}],"wp:attachment":[{"href":"https:\/\/zojopackaging.com\/pl\/wp-json\/wp\/v2\/media?parent=10018"}],"wp:term":[{"taxonomy":"product_brand","embeddable":true,"href":"https:\/\/zojopackaging.com\/pl\/wp-json\/wp\/v2\/product_brand?post=10018"},{"taxonomy":"product_cat","embeddable":true,"href":"https:\/\/zojopackaging.com\/pl\/wp-json\/wp\/v2\/product_cat?post=10018"},{"taxonomy":"product_tag","embeddable":true,"href":"https:\/\/zojopackaging.com\/pl\/wp-json\/wp\/v2\/product_tag?post=10018"}],"curies":[{"name":"wp","href":"https:\/\/api.w.org\/{rel}","templated":true}]}}