{"id":10019,"date":"2025-04-04T15:06:28","date_gmt":"2025-04-04T07:06:28","guid":{"rendered":"https:\/\/zojopackaging.com\/?post_type=product&#038;p=10019"},"modified":"2025-04-04T15:16:20","modified_gmt":"2025-04-04T07:16:20","slug":"custom-luxury-perfume-packaging-gift-boxes-wholesale","status":"publish","type":"product","link":"https:\/\/zojopackaging.com\/pl\/product\/custom-luxury-perfume-packaging-gift-boxes-wholesale\/","title":{"rendered":"Niestandardowe luksusowe opakowania na perfumy Pude\u0142ka na prezenty Hurtownia"},"content":{"rendered":"<h2 id=\"customized-luxury-perfume-packaging-gift-box-wholesale-product-description\">Dostosowane luksusowe opakowanie na perfumy hurtowo<\/h2>\n<h2 id=\"-1-environmentally-friendly-materials-and-solid-structure-\"><strong>1. Przyjazne dla \u015brodowiska materia\u0142y i solidna konstrukcja<\/strong><\/h2>\n<p>W tym kwadratowym pude\u0142ku zastosowano przyjazn\u0105 dla \u015brodowiska technologi\u0119 czarnego kartonu i jednostronnej czarnej szarej tektury kompozytowej, kt\u00f3ra nie tylko jest zgodna z trendem ekologicznej konsumpcji, ale tak\u017ce zapewnia pude\u0142ku prezentowemu doskona\u0142\u0105 odporno\u015b\u0107 na \u015bciskanie i trwa\u0142o\u015b\u0107. Sztywna tekstura czarnej tektury jest po\u0142\u0105czona z w\u0142a\u015bciwo\u015bciami buforuj\u0105cymi szarej tektury, aby zapewni\u0107, \u017ce butelka perfum jest chroniona przed uderzeniami podczas transportu i ekspozycji.<\/p>\n<h2 id=\"-2-luxury-craftsmanship-and-brand-customization-\"><strong>2. Luksusowe rzemios\u0142o i personalizacja marki<\/strong><\/h2>\n<ol>\n<li><strong>Technologia t\u0142oczenia na gor\u0105co<\/strong>: Powierzchnia pude\u0142ka wykorzystuje wysoce precyzyjn\u0105 technologi\u0119 t\u0142oczenia na gor\u0105co, a z\u0142ote LOGO l\u015bni, pokazuj\u0105c szlachetny temperament marki (odnosz\u0105 si\u0119 do koncepcji projektowych luksusowych marek, takich jak PRADA i Tom Ford).<\/li>\n<li><strong>Tr\u00f3jwymiarowa modernizacja procesu<\/strong>: Obs\u0142uguje dodatkowe procesy, takie jak wyt\u0142aczanie i lokalne promieniowanie UV w celu zwi\u0119kszenia poziomu dotykowego i wizualnego LOGO oraz zwi\u0119kszenia rozpoznawalno\u015bci marki (np. znakomity efekt rze\u017abienia wzoru Gucci FLORA).<\/li>\n<li><strong>Elastyczna konstrukcja<\/strong>: Obszar t\u0142oczenia na gor\u0105co i kombinacj\u0119 proces\u00f3w mo\u017cna dostosowa\u0107 do potrzeb klienta, aby dostosowa\u0107 si\u0119 do r\u00f3\u017cnych odcieni marki, takich jak biznes, sztuka i minimalizm.<\/li>\n<\/ol>\n<h2 id=\"-iii-square-aesthetics-and-ritual-design-\"><strong>3. Estetyka placu i projekt rytua\u0142u<\/strong><\/h2>\n<ol>\n<li><strong>Sp\u00f3jno\u015b\u0107 kszta\u0142tu<\/strong>: Kwadratowy korpus pude\u0142ka nawi\u0105zuje do geometrycznych linii flakonu perfum, wzmacniaj\u0105c og\u00f3ln\u0105 harmoni\u0119 projektu (odnie\u015b si\u0119 do ujednoliconej estetyki prostego flakonu i pude\u0142ka Herm\u00e8s).<\/li>\n<li><strong>Konstrukcja g\u0142owicy i dolnej pokrywy<\/strong>: G\u00f3rna i dolna pokrywa s\u0105 zaprojektowane tak, aby otwiera\u0107 si\u0119 i zamyka\u0107 p\u0142ynnie, a magnetyczne zamkni\u0119cie nadaje otwarciu poczucie rytua\u0142u, co jest odpowiednie dla wysokiej klasy scen prezentowych.<\/li>\n<li><strong>Wewn\u0119trzna ochrona podszewki<\/strong>: Dostosowana podszewka EVA dok\u0142adnie pozycjonuje butelk\u0119 perfum, kt\u00f3ra jest odporna na wstrz\u0105sy i antypo\u015blizgowa; czarna bibu\u0142ka jest dopasowana do z\u0142otej ramki, aby stworzy\u0107 stonowany i luksusowy kontrast wizualny.<\/li>\n<\/ol>\n<h2 id=\"-iv-diversified-styles-and-scene-adaptation-\"><strong>4. Zr\u00f3\u017cnicowane style i adaptacja scen<\/strong><\/h2>\n<p>Oferujemy r\u00f3\u017cnorodne rozwi\u0105zania w zakresie projektowania pude\u0142ek, w tym<\/p>\n<ul>\n<li><strong>Nowoczesny minimalistyczny styl<\/strong>: Matowa czarna powierzchnia z cienkimi liniami t\u0142oczonymi na gor\u0105co, kt\u00f3re pasuj\u0105 do marki z poczuciem technologii;<\/li>\n<li><strong>Klasyczny styl retro<\/strong>: Tekstura imitacji sk\u00f3ry i rze\u017abiona metalowa klamra, odtwarzaj\u0105ca tradycj\u0119 europejskich arystokratycznych pude\u0142ek zapachowych;<\/li>\n<li><strong>Styl dostosowywania grafiki<\/strong>: Wspieranie klient\u00f3w w dostarczaniu wzor\u00f3w lub symboli kulturowych i uzyskiwanie spersonalizowanej ekspresji poprzez drukowanie UV lub grawerowanie laserowe.<\/li>\n<\/ul>\n<h2 id=\"-v-professional-customization-service-and-brand-empowerment-\"><strong>5. Profesjonalna us\u0142uga dostosowywania i wzmocnienie marki<\/strong><\/h2>\n<ol>\n<li><strong>Pe\u0142na obs\u0142uga proces\u00f3w<\/strong>: Od sprawdzenia projektu (3-5 dni na produkcj\u0119 pr\u00f3bek) do masowej produkcji (7-14 dni na dostaw\u0119), zapewniamy kompleksowe rozwi\u0105zanie. Obs\u0142uga g\u0142\u0119bokiego dostosowywania LOGO, rozmiaru i materia\u0142u (takiego jak wyt\u0142oczona nazwa 3D) w celu zaspokojenia potrzeb wielu kana\u0142\u00f3w, takich jak handel elektroniczny i liczniki offline.<\/li>\n<li><strong>Zwi\u0119kszenie konkurencyjno\u015bci marki<\/strong>: Dostarczanie historii marki poprzez opakowanie (takie jak j\u0119zyk projektowania tr\u00f3jk\u0105tnego logo Chanel) w celu wzmocnienia punkt\u00f3w pami\u0119ci konsumenta i przestrzeni premium produktu.<\/li>\n<li><strong>Optymalizacja koszt\u00f3w<\/strong>: Przyj\u0119cie modu\u0142owej konstrukcji w celu zmniejszenia presji na zapasy; produkcja na du\u017c\u0105 skal\u0119 zapewnia konkurencyjno\u015b\u0107 cen jednostkowych.<\/li>\n<\/ol>\n<h2 id=\"-sixth-factory-strength-and-quality-commitment-\"><strong>6. Si\u0142a fabryki i zaanga\u017cowanie w jako\u015b\u0107<\/strong><\/h2>\n<p>Jako producent opakowa\u0144 z 10-letnim do\u015bwiadczeniem posiadamy:<\/p>\n<ul>\n<li><strong>Gwarancja techniczna<\/strong>: W pe\u0142ni automatyczny sprz\u0119t do produkcji pude\u0142ek osi\u0105ga milimetrow\u0105 dok\u0142adno\u015b\u0107<\/li>\n<li><strong>System kontroli jako\u015bci<\/strong>: Dzi\u0119ki rygorystycznym kontrolom jako\u015bci, takim jak test upadku i tolerancja na wilgo\u0107 (<\/li>\n<li><strong>Koncepcja us\u0142ugi<\/strong>: Maj\u0105c na celu \"wygrana-wygrana\", zmniejszamy op\u00f3r sprzeda\u017cy klient\u00f3w poprzez projektowanie opakowa\u0144, a jednocze\u015bnie pomagamy wizerunkowi marki ESG dzi\u0119ki innowacjom w zakresie ochrony \u015brodowiska.<\/li>\n<\/ul>","protected":false},"excerpt":{"rendered":"<p>1. To sztywne pude\u0142ko jest wykonane z czarnego kartonu i jednostronnej czarno-szarej tektury. Oba materia\u0142y s\u0105 przyjazne dla \u015brodowiska, dzi\u0119ki czemu to pude\u0142ko na perfumy jest mocniejsze i bardziej praktyczne.<br \/>\n2. Powierzchnia pude\u0142ka wykonana jest w technologii t\u0142oczenia na gor\u0105co, a z\u0142ote logo jest bardzo ol\u015bniewaj\u0105ce. Jednocze\u015bnie, je\u015bli klienci chc\u0105 podkre\u015bli\u0107 sens projektu logo, mog\u0105 doda\u0107 wyt\u0142aczanie, lokalne UV i inne procesy, kt\u00f3re mog\u0105 w pewnym stopniu zwi\u0119kszy\u0107 rozpoznawalno\u015b\u0107 logo klient\u00f3w.<br \/>\n3. Kwadratowy kszta\u0142t pude\u0142ka i kwadratowy kszta\u0142t butelki perfum zapewniaj\u0105 sp\u00f3jno\u015b\u0107 ca\u0142ego projektu oraz wizualn\u0105 harmoni\u0119 i pi\u0119kno. Pude\u0142ko ma wyrafinowan\u0105 struktur\u0119 z g\u00f3rn\u0105 i doln\u0105 pokryw\u0105, kt\u00f3ra jest nie tylko \u0142atwa do otwierania i zamykania, ale tak\u017ce dodaje uroczystego charakteru podczas otwierania.<\/p>","protected":false},"featured_media":10023,"template":"","meta":[],"product_brand":[],"product_cat":[30,417,425,31],"product_tag":[764,540,1058],"class_list":{"0":"post-10019","1":"product","2":"type-product","3":"status-publish","4":"has-post-thumbnail","6":"product_cat-by-industry","7":"product_cat-custom-perfume-boxes-by-industry","8":"product_cat-lid-and-base-gift-box","9":"product_cat-paper-box-style","10":"product_tag-custom-perfume-gift-boxes","11":"product_tag-perfume-boxes-wholesale","12":"product_tag-perfume-packaging","14":"first","15":"instock","16":"shipping-taxable","17":"product-type-grouped"},"_links":{"self":[{"href":"https:\/\/zojopackaging.com\/pl\/wp-json\/wp\/v2\/product\/10019","targetHints":{"allow":["GET"]}}],"collection":[{"href":"https:\/\/zojopackaging.com\/pl\/wp-json\/wp\/v2\/product"}],"about":[{"href":"https:\/\/zojopackaging.com\/pl\/wp-json\/wp\/v2\/types\/product"}],"version-history":[{"count":1,"href":"https:\/\/zojopackaging.com\/pl\/wp-json\/wp\/v2\/product\/10019\/revisions"}],"predecessor-version":[{"id":10032,"href":"https:\/\/zojopackaging.com\/pl\/wp-json\/wp\/v2\/product\/10019\/revisions\/10032"}],"wp:featuredmedia":[{"embeddable":true,"href":"https:\/\/zojopackaging.com\/pl\/wp-json\/wp\/v2\/media\/10023"}],"wp:attachment":[{"href":"https:\/\/zojopackaging.com\/pl\/wp-json\/wp\/v2\/media?parent=10019"}],"wp:term":[{"taxonomy":"product_brand","embeddable":true,"href":"https:\/\/zojopackaging.com\/pl\/wp-json\/wp\/v2\/product_brand?post=10019"},{"taxonomy":"product_cat","embeddable":true,"href":"https:\/\/zojopackaging.com\/pl\/wp-json\/wp\/v2\/product_cat?post=10019"},{"taxonomy":"product_tag","embeddable":true,"href":"https:\/\/zojopackaging.com\/pl\/wp-json\/wp\/v2\/product_tag?post=10019"}],"curies":[{"name":"wp","href":"https:\/\/api.w.org\/{rel}","templated":true}]}}