{"id":10033,"date":"2025-04-04T15:16:35","date_gmt":"2025-04-04T07:16:35","guid":{"rendered":"https:\/\/zojopackaging.com\/?post_type=product&#038;p=10033"},"modified":"2025-04-04T15:25:19","modified_gmt":"2025-04-04T07:25:19","slug":"premium-customize-fragrance-perfume-gift-boxes-wholesale","status":"publish","type":"product","link":"https:\/\/zojopackaging.com\/pl\/product\/premium-customize-fragrance-perfume-gift-boxes-wholesale\/","title":{"rendered":"Premium Dostosuj perfumy Perfumy Pude\u0142ka na prezenty Hurtownia"},"content":{"rendered":"<h2 id=\"-high-end-customized-perfume-gift-box-wholesale-\"><strong>Wysokiej klasy niestandardowe pude\u0142ko na perfumy hurtowo<\/strong><\/h2>\n<h2 id=\"-1-environmentally-friendly-materials-quality-assurance-\"><strong>1. Materia\u0142y przyjazne dla \u015brodowiska, zapewnienie jako\u015bci<\/strong><\/h2>\n<ul>\n<li><strong>Po\u0142\u0105czenie szarej tektury i papieru powlekanego<\/strong>Po\u0142\u0105czenie szarej tektury o grubo\u015bci 2,0 mm i papieru powlekanego o gramaturze 157 g. Szara tektura jest wykonana z odnawialnej masy celulozowej, kt\u00f3ra jest trwa\u0142a i spe\u0142nia normy \u015brodowiskowe;<\/li>\n<\/ul>\n<h2 id=\"-2-brand-customization-process-highlighting-uniqueness-\"><strong>2. Proces dostosowywania marki, podkre\u015blaj\u0105cy wyj\u0105tkowo\u015b\u0107<\/strong><\/h2>\n<ul>\n<li><strong>Aktualizacja procesu logo<\/strong>: Obs\u0142uga t\u0142oczenia na gor\u0105co, wyt\u0142aczania, lokalnego UV i innych proces\u00f3w dostosowywania:<\/li>\n<li><strong>T\u0142oczenie na gor\u0105co\/gor\u0105ce srebro<\/strong>: Metaliczny po\u0142ysk wzmacnia logo marki, odpowiednie do pozycjonowania biznesowego wysokiej klasy;<\/li>\n<li><strong>Wyt\u0142aczanie 3D<\/strong>: Tr\u00f3jwymiarowy dotyk zwi\u0119ksza poziom wizualny i tworzy luksusowe wra\u017cenia dotykowe;<\/li>\n<li><strong>Lokalne promieniowanie UV<\/strong>: Lakier pokrywa kluczowe wzory, zwi\u0119ksza lokaln\u0105 jasno\u015b\u0107 i zapobiega porastaniu oraz dostosowuje si\u0119 do modnego wzornictwa.<\/li>\n<li><strong>Precyzyjne dopasowanie rozmiaru<\/strong>: Dostosuj typ pude\u0142ka zgodnie ze specyfikacjami butelki perfum dostarczonymi przez klienta (takimi jak wysoko\u015b\u0107, \u015brednica i specjalna struktura), aby zapewni\u0107, \u017ce podszewka i korpus butelki pasuj\u0105 do siebie p\u0142ynnie, bior\u0105c pod uwag\u0119 zar\u00f3wno estetyk\u0119, jak i praktyczno\u015b\u0107.<\/li>\n<\/ul>\n<h2 id=\"-three-scientific-protection-design-worry-free-transportation-\"><strong>3. Naukowa konstrukcja ochronna, bezproblemowy transport<\/strong><\/h2>\n<ul>\n<li><strong>Technologia wykrawania podszewki EVA<\/strong>: Wykorzystuj\u0105c materia\u0142 EVA o wysokiej g\u0119sto\u015bci, sprz\u0119t CNC dok\u0142adnie wycina rowek w kszta\u0142cie butelki perfum, aby zapewni\u0107 ochron\u0119 bufora 360 \u00b0, odporno\u015b\u0107 na wstrz\u0105sy i ci\u015bnienie oraz unikn\u0105\u0107 ryzyka uszkodzenia spowodowanego wstrz\u0105sami podczas transportu.<\/li>\n<li><strong>Optymalizacja konstrukcji g\u0142owicy i skrzyni uziemiaj\u0105cej<\/strong>: G\u00f3rne i dolne pude\u0142ka s\u0105 oddzielone, co jest wygodne do otwierania i zamykania oraz ma dobre uszczelnienie, co jest wygodne dla konsument\u00f3w w u\u017cyciu i przechowywaniu.<\/li>\n<\/ul>\n<h2 id=\"-four-one-stop-service-full-process-control-\"><strong>4. Kompleksowa obs\u0142uga, pe\u0142na kontrola procesu<\/strong><\/h2>\n<ul>\n<li><strong>P\u0142ynne po\u0142\u0105czenie od projektu do dostawy<\/strong>:<\/li>\n<li><strong>Kreatywny projekt<\/strong>: Profesjonalny zesp\u00f3\u0142 zapewnia renderingi 3D, wyb\u00f3r materia\u0142\u00f3w i sugestie dotycz\u0105ce procesu;<\/li>\n<li><strong>Elastyczna produkcja<\/strong>: Obs\u0142uga produkcji pr\u00f3bnej ma\u0142ych partii do du\u017cych zam\u00f3wie\u0144 seryjnych, szybka dostawa w ci\u0105gu 5-15 dni (w zale\u017cno\u015bci od z\u0142o\u017cono\u015bci procesu);<\/li>\n<li><strong>Globalna logistyka<\/strong>: Zapewniamy transport morski, lotniczy i specjalne dostawy samochodowe, obejmuj\u0105ce transgraniczny handel elektroniczny, liczniki offline i inne scenariusze.<\/li>\n<li><strong>Gwarancja certyfikacji jako\u015bci<\/strong>: Przej\u015bcie systemu zarz\u0105dzania jako\u015bci\u0105 ISO i certyfikacji ochrony \u015brodowiska w celu zapewnienia, \u017ce produkty spe\u0142niaj\u0105 mi\u0119dzynarodowe standardy eksportowe i wspieraj\u0105 wystawianie faktur podatku od warto\u015bci dodanej.<\/li>\n<\/ul>\n<h2 id=\"-v-brand-value-added-services-to-help-break-through-the-market-\"><strong>5. Markowe us\u0142ugi o warto\u015bci dodanej pomagaj\u0105ce przebi\u0107 si\u0119 na rynku<\/strong><\/h2>\n<ul>\n<li><strong>Pozycjonowanie r\u00f3\u017cnicuj\u0105ce<\/strong>: Zwi\u0119kszenie atrakcyjno\u015bci produktu poprzez spersonalizowane opakowanie w celu przyci\u0105gni\u0119cia grup konsument\u00f3w, kt\u00f3rzy koncentruj\u0105 si\u0119 na ochronie \u015brodowiska i wysokiej jako\u015bci do\u015bwiadczeniach;<\/li>\n<li><strong>Obs\u0142uga danych<\/strong>: Zapewnienie analizy trend\u00f3w na rynku opakowa\u0144 i odniesie\u0144 do konkurencyjnych produkt\u00f3w, aby pom\u00f3c markom w dok\u0142adnym pozycjonowaniu.<\/li>\n<\/ul>","protected":false},"excerpt":{"rendered":"<p>\u2705\u00a0<strong>16 lat akumulacji w bran\u017cy<\/strong>: Obs\u0142uguje ponad 3000 marek, obejmuj\u0105cych perfumy, kosmetyki, towary luksusowe i inne dziedziny;<br \/>\n\u2705\u00a0<strong>Rozwi\u0105zanie do optymalizacji koszt\u00f3w<\/strong>: Zam\u00f3wienia na du\u017c\u0105 skal\u0119 i wydajny \u0142a\u0144cuch produkcyjny w celu obni\u017cenia koszt\u00f3w jednostkowych;<br \/>\n\u2705\u00a0<strong>Beztroskie zaanga\u017cowanie po sprzeda\u017cy<\/strong>: Bezp\u0142atne uzupe\u0142nienie lub przer\u00f3bka w przypadku strat spowodowanych problemami z jako\u015bci\u0105.<\/p>","protected":false},"featured_media":10040,"template":"","meta":[],"product_brand":[],"product_cat":[30,417,425,31],"product_tag":[764,912,540,1058],"class_list":{"0":"post-10033","1":"product","2":"type-product","3":"status-publish","4":"has-post-thumbnail","6":"product_cat-by-industry","7":"product_cat-custom-perfume-boxes-by-industry","8":"product_cat-lid-and-base-gift-box","9":"product_cat-paper-box-style","10":"product_tag-custom-perfume-gift-boxes","11":"product_tag-fragrance-box","12":"product_tag-perfume-boxes-wholesale","13":"product_tag-perfume-packaging","15":"first","16":"instock","17":"shipping-taxable","18":"product-type-grouped"},"_links":{"self":[{"href":"https:\/\/zojopackaging.com\/pl\/wp-json\/wp\/v2\/product\/10033","targetHints":{"allow":["GET"]}}],"collection":[{"href":"https:\/\/zojopackaging.com\/pl\/wp-json\/wp\/v2\/product"}],"about":[{"href":"https:\/\/zojopackaging.com\/pl\/wp-json\/wp\/v2\/types\/product"}],"version-history":[{"count":1,"href":"https:\/\/zojopackaging.com\/pl\/wp-json\/wp\/v2\/product\/10033\/revisions"}],"predecessor-version":[{"id":10042,"href":"https:\/\/zojopackaging.com\/pl\/wp-json\/wp\/v2\/product\/10033\/revisions\/10042"}],"wp:featuredmedia":[{"embeddable":true,"href":"https:\/\/zojopackaging.com\/pl\/wp-json\/wp\/v2\/media\/10040"}],"wp:attachment":[{"href":"https:\/\/zojopackaging.com\/pl\/wp-json\/wp\/v2\/media?parent=10033"}],"wp:term":[{"taxonomy":"product_brand","embeddable":true,"href":"https:\/\/zojopackaging.com\/pl\/wp-json\/wp\/v2\/product_brand?post=10033"},{"taxonomy":"product_cat","embeddable":true,"href":"https:\/\/zojopackaging.com\/pl\/wp-json\/wp\/v2\/product_cat?post=10033"},{"taxonomy":"product_tag","embeddable":true,"href":"https:\/\/zojopackaging.com\/pl\/wp-json\/wp\/v2\/product_tag?post=10033"}],"curies":[{"name":"wp","href":"https:\/\/api.w.org\/{rel}","templated":true}]}}