{"id":10041,"date":"2025-04-04T15:22:19","date_gmt":"2025-04-04T07:22:19","guid":{"rendered":"https:\/\/zojopackaging.com\/?post_type=product&#038;p=10041"},"modified":"2025-04-04T16:26:09","modified_gmt":"2025-04-04T08:26:09","slug":"custom-hand-cream-boxes-packaging-folding-carton-supplier","status":"publish","type":"product","link":"https:\/\/zojopackaging.com\/pl\/product\/custom-hand-cream-boxes-packaging-folding-carton-supplier\/","title":{"rendered":"Niestandardowe pude\u0142ka na kremy do r\u0105k Opakowanie Sk\u0142adany karton Dostawca"},"content":{"rendered":"<h3 id=\"-1-structural-innovation-visual-revolution-of-double-insert-box-with-window-\"><strong>1. Innowacja strukturalna: wizualna rewolucja podw\u00f3jnej skrzynki z okienkiem<\/strong><\/h3>\n<p>Przyj\u0119cie\u00a0<strong>Konstrukcja z podw\u00f3jn\u0105 wk\u0142adk\u0105 i \u0142\u0105cznikiem okiennym<\/strong>Precyzyjna struktura sk\u0142adania umo\u017cliwia szybkie otwieranie i zamykanie w 0,5 sekundy, a powierzchnia okna wynosi 30%-50%, dzi\u0119ki czemu konsumenci mog\u0105 bezpo\u015brednio doceni\u0107 tekstur\u0119 i kolor produktu.<\/p>\n<h3 id=\"-2-color-psychology-romantic-expression-of-gentle-purple-\"><strong>2. Psychologia kolor\u00f3w: romantyczny wyraz delikatnego fioletu<\/strong><\/h3>\n<p>-\u00a0<strong>Wyb\u00f3r koloru<\/strong>: G\u0142\u00f3wny kolor przyjmuje\u00a0<strong>Pantone 18-3838 TCX (lawendowy fiolet)<\/strong>i pasuje do\u00a0<strong>15-3717 TCX (bia\u0142y per\u0142owy)<\/strong>\u00a0tworz\u0105c wizualny kontrast i osi\u0105ga przej\u015bcie gradientowe 0,1 mm dzi\u0119ki precyzyjnemu drukowaniu 1200 dpi;<\/p>\n<p>-\u00a0<strong>Wgl\u0105d w sytuacj\u0119 konsument\u00f3w<\/strong>: Fioletowy kojarzy si\u0119 z elegancj\u0105 i leczeniem, co spe\u0142nia oczekiwania konsumentek dotycz\u0105ce romantycznej i wykwintnej piel\u0119gnacji (patrz \"2024 Beauty Consumption Trend Report\");<\/p>\n<p>-\u00a0<strong>Hierarchia wizualna<\/strong>: Kraw\u0119d\u017a okna przyjmuje\u00a0<strong>T\u0142oczenie UV + grawerowanie laserowe<\/strong>\u00a0technologia, aby zwi\u0119kszy\u0107 poczucie wysokiej klasy produktu i rozpoznawalno\u015b\u0107 marki.<\/p>\n<h3 id=\"-3-process-empowerment-the-artistic-fusion-of-spot-color-printing-and-surface-treatment-\"><strong>3. Wzmocnienie procesu: artystyczne po\u0142\u0105czenie druku punktowego i obr\u00f3bki powierzchni.<\/strong><\/h3>\n<p>-\u00a0<strong>Druk w kolorze dodatkowym<\/strong>: Przyj\u0119cie sze\u015bciokolorowej prasy drukarskiej Heidelberg, r\u00f3\u017cnica kolor\u00f3w \u0394E\u22641,2, obs\u0142uga nadruku punktowego Pantone, nasycenie kolor\u00f3w zwi\u0119kszone o 40%;<\/p>\n<p>-\u00a0<strong>Obr\u00f3bka powierzchni<\/strong>: -\u00a0<strong>Proces t\u0142oczenia na gor\u0105co<\/strong>: R\u00f3\u017cowe z\u0142oto \/ szampa\u0144skie z\u0142oto niestandardowa karta kolor\u00f3w, po\u0142ysk metalu osi\u0105ga 90GU, odporno\u015b\u0107 na zu\u017cycie przechodzi test ISO 2838; -.\u00a0<strong>Wyt\u0142oczenia<\/strong>: 0,3 mm tr\u00f3jwymiarowe t\u0142oczenie kwiatowe, wyrazisto\u015b\u0107 w dotyku zwi\u0119kszona o 50%, odporno\u015b\u0107 na podrabianie osi\u0105ga mi\u0119dzynarodowe standardy certyfikacji;<\/p>\n<p>-\u00a0<strong>Wyb\u00f3r materia\u0142u<\/strong>: 350g pojedyncza karta proszkowa o wysokiej gramaturze, chropowato\u015b\u0107 powierzchni Ra\u22641,2\u03bcm, zdolno\u015b\u0107 adaptacji druku zwi\u0119kszona o 30%.<\/p>\n<h3 id=\"-4-logistics-optimization-cost-reduction-and-efficiency-improvement-through-flat-design-\"><strong>4. Optymalizacja logistyki: Redukcja koszt\u00f3w i poprawa wydajno\u015bci dzi\u0119ki p\u0142askiej konstrukcji<\/strong><\/h3>\n<p>-\u00a0<strong>Wykorzystanie przestrzeni<\/strong>: P\u0142aska konstrukcja zwi\u0119ksza wydajno\u015b\u0107 za\u0142adunku o 70% i zmniejsza koszty wysy\u0142ki o 25%;<\/p>\n<p>-\u00a0<strong>Certyfikacja \u015brodowiskowa<\/strong>: Wszystkie materia\u0142y posiadaj\u0105 certyfikat FSC i s\u0105 zgodne z unijnymi przepisami REACH;<\/p>\n<p>-\u00a0<strong>Inteligentne opakowanie<\/strong>: Dzi\u0119ki zastosowaniu sk\u0142adanej podszewki obj\u0119to\u015b\u0107 pustego pude\u0142ka zosta\u0142a zmniejszona o 60%, co pomaga osi\u0105gn\u0105\u0107 cel neutralno\u015bci w\u0119glowej (patrz raport z oceny cyklu \u017cycia).<\/p>\n<h3 id=\"-5-functional-design-refined-solution-for-lining-system-\"><strong>5. Funkcjonalny projekt: Udoskonalone rozwi\u0105zanie dla systemu ok\u0142adzin<\/strong><\/h3>\n<p>-\u00a0<strong>Konfigurowalna struktura karty wewn\u0119trznej<\/strong>: -\u00a0<strong>Papierowa podszewka<\/strong>: Szara deska z certyfikatem FSC + flokowana podszewka, w dotyku jak jedwab, mo\u017ce utrwali\u0107 3-6 krem\u00f3w do r\u0105k;<\/p>\n<p>-\u00a0<strong>Wewn\u0119trzna karta blistra<\/strong>: Materia\u0142 PET klasy spo\u017cywczej, obs\u0142uguje warstwowe wy\u015bwietlanie zestaw\u00f3w i poprawia odporno\u015b\u0107 na wstrz\u0105sy dzi\u0119ki 80%;<\/p>\n<p>-\u00a0<strong>Adaptacja sceny<\/strong>: Konfigurowalne pude\u0142ka na prezenty \u015bwi\u0105teczne (takie jak \u015bwi\u0105teczne kszta\u0142ty p\u0142atk\u00f3w \u015bniegu), zestawy podr\u00f3\u017cne (podzielone przechowywanie) i inne segmentowane rozwi\u0105zania sceniczne.<\/p>\n<h3 id=\"-6-smart-manufacturing-foundation-16-years-of-industry-experience-\"><strong>6. Inteligentne podstawy produkcji: 16 lat do\u015bwiadczenia w bran\u017cy<\/strong><\/h3>\n<p>-\u00a0<strong>Matryca urz\u0105dze\u0144<\/strong>: Wyposa\u017cony w 5 w pe\u0142ni zautomatyzowanych linii do produkcji pude\u0142ek na karty, wyposa\u017cony w system sterowania PLC Schneider, dzienna wydajno\u015b\u0107 100 000 sztuk, poziom b\u0142\u0119du &lt;0,1%;<\/p>\n<p>-\u00a0<strong>System kontroli jako\u015bci<\/strong>: Przeszed\u0142 certyfikacj\u0119 ISO 9001\/BSCI, ka\u017cda partia produkt\u00f3w przechodzi 12 kontroli jako\u015bci (testy kompresji\/kropli\/trwa\u0142o\u015bci koloru);<\/p>\n<p>-\u00a0<strong>Zdolno\u015b\u0107 produkcyjna<\/strong>: Dzienna zdolno\u015b\u0107 produkcyjna 200 000 sztuk, obs\u0142uga zam\u00f3wie\u0144 od 500 sztuk do masowej produkcji na poziomie miliona sztuk oraz 24-godzinna dostawa pilnych zam\u00f3wie\u0144.<\/p>\n<h3 id=\"-7-design-empowerment-precise-transformation-from-demand-to-implementation-\"><strong>7. Uprawnienia projektowe: precyzyjna transformacja od popytu do wdro\u017cenia<\/strong><\/h3>\n<p>Specjalny zesp\u00f3\u0142 8 projektant\u00f3w z ponad 10-letnim do\u015bwiadczeniem zapewnia trzy g\u0142\u00f3wne us\u0142ugi dostosowane do indywidualnych potrzeb:<\/p>\n<p>-\u00a0<strong>Innowacje strukturalne<\/strong>: Opracowanie 12 opatentowanych typ\u00f3w pude\u0142ek (takich jak obrotowe warstwy, magnetyczne zamki na has\u0142o), kompatybilnych z umieszczaniem produkt\u00f3w o specjalnych kszta\u0142tach;<\/p>\n<p>-\u00a0<strong>Interaktywna optymalizacja<\/strong>: Wbudowany chip NFC (opcjonalnie), skanowanie kodu w celu uzyskania informacji o identyfikowalno\u015bci produktu i samouczki kosmetyczne;<\/p>\n<p>-\u00a0<strong>Szybka iteracja<\/strong>: Obs\u0142uga podgl\u0105du modelowania 3D w czasie rzeczywistym i pe\u0142ne potwierdzenie planu projektu w ci\u0105gu 8 godzin.<\/p>","protected":false},"excerpt":{"rendered":"<p><strong>ZOJO Print | Spersonalizowany ekspert w dziedzinie sk\u0142adanych karton\u00f3w do krem\u00f3w do r\u0105k - wzmacniaj\u0105cy design, interpretuj\u0105cy now\u0105 estetyk\u0119 pi\u0119kna<\/strong><\/p>\n<p>W czasach, gdy konkurencja na rynku krem\u00f3w do r\u0105k staje si\u0119 coraz bardziej zaci\u0119ta, opakowanie jest nie tylko pojemnikiem na produkt, ale tak\u017ce no\u015bnikiem emocjonalnej wi\u0119zi mi\u0119dzy markami a konsumentami. ZOJO Print od 16 lat jest g\u0142\u0119boko zaanga\u017cowane w bran\u017c\u0119 opakowa\u0144, koncentruj\u0105c si\u0119 na dostarczaniu sk\u0142adanych rozwi\u0105za\u0144 kartonowych dla krem\u00f3w do r\u0105k i produkt\u00f3w kosmetycznych, kt\u00f3re \u0142\u0105cz\u0105 funkcjonalno\u015b\u0107, walory estetyczne i konkurencyjno\u015b\u0107 handlow\u0105.<\/p>","protected":false},"featured_media":10059,"template":"","meta":[],"product_brand":[],"product_cat":[30,390,430,31],"product_tag":[817,1330,1331],"class_list":{"0":"post-10041","1":"product","2":"type-product","3":"status-publish","4":"has-post-thumbnail","6":"product_cat-by-industry","7":"product_cat-custom-cosmetics-boxes","8":"product_cat-folding-cartons","9":"product_cat-paper-box-style","10":"product_tag-custom-box","11":"product_tag-custom-hand-cream-boxes","12":"product_tag-packaging-folding-carton-supplier","14":"first","15":"instock","16":"shipping-taxable","17":"product-type-grouped"},"_links":{"self":[{"href":"https:\/\/zojopackaging.com\/pl\/wp-json\/wp\/v2\/product\/10041","targetHints":{"allow":["GET"]}}],"collection":[{"href":"https:\/\/zojopackaging.com\/pl\/wp-json\/wp\/v2\/product"}],"about":[{"href":"https:\/\/zojopackaging.com\/pl\/wp-json\/wp\/v2\/types\/product"}],"version-history":[{"count":1,"href":"https:\/\/zojopackaging.com\/pl\/wp-json\/wp\/v2\/product\/10041\/revisions"}],"predecessor-version":[{"id":10064,"href":"https:\/\/zojopackaging.com\/pl\/wp-json\/wp\/v2\/product\/10041\/revisions\/10064"}],"wp:featuredmedia":[{"embeddable":true,"href":"https:\/\/zojopackaging.com\/pl\/wp-json\/wp\/v2\/media\/10059"}],"wp:attachment":[{"href":"https:\/\/zojopackaging.com\/pl\/wp-json\/wp\/v2\/media?parent=10041"}],"wp:term":[{"taxonomy":"product_brand","embeddable":true,"href":"https:\/\/zojopackaging.com\/pl\/wp-json\/wp\/v2\/product_brand?post=10041"},{"taxonomy":"product_cat","embeddable":true,"href":"https:\/\/zojopackaging.com\/pl\/wp-json\/wp\/v2\/product_cat?post=10041"},{"taxonomy":"product_tag","embeddable":true,"href":"https:\/\/zojopackaging.com\/pl\/wp-json\/wp\/v2\/product_tag?post=10041"}],"curies":[{"name":"wp","href":"https:\/\/api.w.org\/{rel}","templated":true}]}}