{"id":10043,"date":"2025-04-04T15:25:32","date_gmt":"2025-04-04T07:25:32","guid":{"rendered":"https:\/\/zojopackaging.com\/?post_type=product&#038;p=10043"},"modified":"2025-04-04T15:34:29","modified_gmt":"2025-04-04T07:34:29","slug":"jade-roller-stone-mailing-face-roller-and-guasha-set-box","status":"publish","type":"product","link":"https:\/\/zojopackaging.com\/pl\/product\/jade-roller-stone-mailing-face-roller-and-guasha-set-box\/","title":{"rendered":"Jadeitowy wa\u0142ek z kamieniem do twarzy i zestaw Guasha Box"},"content":{"rendered":"<h2 id=\"jade-roller-gua-sha-gift-box-product-description\">Jadeitowy wa\u0142ek z kamieniem do twarzy i zestaw Guasha Box<\/h2>\n<h2 id=\"-1-environmentally-friendly-materials-and-high-end-craftsmanship-\"><strong>1. Przyjazne dla \u015brodowiska materia\u0142y i wysokiej jako\u015bci wykonanie<\/strong><\/h2>\n<p>To wysuwane pude\u0142ko upominkowe jest wykonane z\u00a0<strong>Papier powlekany 157 g<\/strong>\u00a0oraz\u00a0<strong>Jednostronna bia\u0142a szara tektura 1200 g<\/strong>kt\u00f3ry jest zar\u00f3wno przyjazny dla \u015brodowiska, jak i pi\u0119kny. Powierzchnia powlekanego papieru jest g\u0142adka i delikatna, odpowiednia do precyzyjnego drukowania, a dzi\u0119ki sztywnej strukturze szarej tektury mo\u017ce skutecznie chroni\u0107 produkty wewn\u0119trzne przed uszkodzeniami transportowymi. Korpus pude\u0142ka obs\u0142uguje\u00a0<strong>t\u0142oczenie, wyt\u0142aczanie, t\u0142oczenie na gor\u0105co, powlekanie UV<\/strong>\u00a0i inne przetwarzanie. Na przyk\u0142ad t\u0142oczenie na gor\u0105co mo\u017ce doda\u0107 metaliczn\u0105 tekstur\u0119 i tr\u00f3jwymiarowy efekt do logo marki, a pow\u0142oka UV mo\u017ce poprawi\u0107 odporno\u015b\u0107 na zu\u017cycie i po\u0142ysk.<\/p>\n<h2 id=\"-2-simple-design-and-blank-art-\"><strong>2. Prosty design i pusta grafika<\/strong><\/h2>\n<p>Podszewka pude\u0142ka prezentowego wykonana jest z\u00a0<strong>Czysty bia\u0142y materia\u0142 przyjazny dla \u015brodowiska<\/strong>kt\u00f3ry odzwierciedla prost\u0105 tonacj\u0119 kolorystyczn\u0105 nadwozia i przekazuje orientaln\u0105 koncepcj\u0119 estetyczn\u0105 poprzez\u00a0<strong>pusty projekt nadruku<\/strong>. Projekt ten nie tylko podkre\u015bla szlachetn\u0105 tekstur\u0119 naturalnego jadeitu produktu, ale tak\u017ce tworzy wci\u0105gaj\u0105ce do\u015bwiadczenie dla konsument\u00f3w, stymuluj\u0105c emocjonalny rezonans z kultur\u0105 marki.<\/p>\n<h2 id=\"-3-deep-customization-and-brand-empowerment-\"><strong>3. G\u0142\u0119boka personalizacja i wzmocnienie marki<\/strong><\/h2>\n<p>Obs\u0142uga pe\u0142nej personalizacji procesu:<\/p>\n<ul>\n<li><strong>Projekt wizualny<\/strong>: Mo\u017cliwo\u015b\u0107 dostosowania obraz\u00f3w, tekstu i kolor\u00f3w marki do r\u00f3\u017cnych pozycji rynkowych (takich jak nowoczesna prostota lub elegancja w stylu chi\u0144skim).<\/li>\n<li><strong>Rozszerzenie funkcji<\/strong>: Udost\u0119pnij\u00a0<strong>R\u00f3\u017cne specyfikacje i rozmiary<\/strong>\u00a0(takie jak zestaw wa\u0142ek + deska do skrobania lub po\u0142\u0105czenie z butelk\u0105 z wa\u0142kiem), aby zaspokoi\u0107 potrzeby narz\u0119dzi kosmetycznych, prezent\u00f3w biznesowych, prezent\u00f3w \u015bwi\u0105tecznych i innych scenariuszy.<\/li>\n<li><strong>Po\u0142\u0105czenie rzemios\u0142a<\/strong>: Na przyk\u0142ad logo t\u0142oczone na gor\u0105co jest dopasowane do wyt\u0142aczanej tekstury jadeitu, aby wzmocni\u0107 zwi\u0105zek produktu z naturalnymi materia\u0142ami.<\/li>\n<\/ul>\n<h2 id=\"-4-high-end-retail-experience-\"><strong>4. Wysokiej klasy do\u015bwiadczenie w handlu detalicznym<\/strong><\/h2>\n<p>Wysuwana konstrukcja otwierania pude\u0142ka nadaje produktowi\u00a0<strong>poczucie rytua\u0142u i godno\u015bci<\/strong>kt\u00f3re spe\u0142nia potrzeby w zakresie pakowania towar\u00f3w luksusowych, wysokiej klasy handlu elektronicznego i us\u0142ug subskrypcyjnych. Jadeitowy wa\u0142ek, deska do skrobania i instrukcja obs\u0142ugi mog\u0105 by\u0107 wy\u015bwietlane warstwami w pude\u0142ku, ze wst\u0105\u017ckami lub spersonalizowanymi kartami, aby zwi\u0119kszy\u0107 zaskoczenie klient\u00f3w podczas rozpakowywania.<\/p>\n<h2 id=\"-5-production-strength-and-quality-assurance-\"><strong>5. Si\u0142a produkcyjna i zapewnienie jako\u015bci<\/strong><\/h2>\n<p>Poleganie na\u00a0<strong>5320 metr\u00f3w kwadratowych nowoczesnego warsztatu<\/strong>\u00a0i \u015bcis\u0142y system jako\u015bci, zapewniaj\u0105 dok\u0142adne wykonanie ka\u017cdego \u0142\u0105cza:<\/p>\n<ul>\n<li><strong>Kontrola surowc\u00f3w<\/strong>: Wyb\u00f3r papieru przyjaznego dla \u015brodowiska z certyfikatem FSC, zgodnego z normami eksportu transgranicznego.<\/li>\n<li><strong>Standard procesu<\/strong>: Przej\u015bcie certyfikacji zarz\u0105dzania jako\u015bci\u0105 ISO9001 w celu zapewnienia bezb\u0142\u0119dnego t\u0142oczenia na gor\u0105co, UV i innych proces\u00f3w.<\/li>\n<li><strong>Wydajno\u015b\u0107 dostaw<\/strong>: Obs\u0142uga produkcji pr\u00f3bnej ma\u0142ych partii i dostosowywania du\u017cych partii, szybka dostawa w ci\u0105gu 7-15 dni, obejmuj\u0105ca globalne potrzeby logistyczne.<\/li>\n<\/ul>\n<h2 id=\"-6-application-scenarios-and-market-adaptability-\"><strong>6. Scenariusze zastosowa\u0144 i mo\u017cliwo\u015bci adaptacji rynkowej<\/strong><\/h2>\n<ul>\n<li><strong>Przemys\u0142 kosmetyczny<\/strong>: Jako naturalny zestaw narz\u0119dzi kosmetycznych z jadeitu, podkre\u015bla takie punkty sprzeda\u017cy, jak \"Kryszta\u0142 proszkowy wspomaga kr\u0105\u017cenie krwi\" i \"Skrobanie detoksykacji i pi\u0119kna\".<\/li>\n<li><strong>Rynek prezent\u00f3w<\/strong>: Nadaje si\u0119 na prezenty \u015bwi\u0105teczne, biznesowe i socjalne, a tak\u017ce mo\u017ce dostosowa\u0107 logo firmy i b\u0142ogos\u0142awie\u0144stwa.<\/li>\n<li><strong>Transgraniczny handel elektroniczny<\/strong>: Spe\u0142nia wymagania Amazon, niezale\u017cnych stacji i innych platform w zakresie pi\u0119kna i praktyczno\u015bci opakowania.<\/li>\n<\/ul>\n<h2 id=\"-7-service-commitment-\"><strong>7. Zobowi\u0105zanie do \u015bwiadczenia us\u0142ug<\/strong><\/h2>\n<p>Od projektu po dostaw\u0119, zapewniamy kompleksowe rozwi\u0105zania:<\/p>\n<ul>\n<li><strong>Bezp\u0142atne sprawdzanie<\/strong>: Pr\u00f3bki fizyczne zostan\u0105 dostarczone w ci\u0105gu 3-5 dni roboczych, a produkcja rozpocznie si\u0119 po potwierdzeniu szczeg\u00f3\u0142\u00f3w.<\/li>\n<li><strong>Globalna logistyka<\/strong>: Obs\u0142uga wielu kana\u0142\u00f3w, takich jak DHL i transport morski, oraz dostarczanie eksportowych dokument\u00f3w zg\u0142oszenia celnego.<\/li>\n<li><strong>Wsparcie posprzeda\u017cowe<\/strong>: Bezwarunkowe ponowienie lub zwrot pieni\u0119dzy w przypadku problem\u00f3w z jako\u015bci\u0105 w celu ochrony praw klienta.<\/li>\n<\/ul>\n<p><strong>Kontakt<\/strong>: Uzyskaj natychmiast ekskluzywne rozwi\u0105zania opakowaniowe, aby Twoje jadeitowe narz\u0119dzia kosmetyczne mog\u0142y dotrze\u0107 do globalnych konsument\u00f3w w osza\u0142amiaj\u0105cy spos\u00f3b!<\/p>","protected":false},"excerpt":{"rendered":"<ul>\n<li><strong>Upodmiotowienie kulturowe<\/strong>: W\u0142\u0105czenie tradycyjnych element\u00f3w kulturowych, takich jak \"Jade Beauty\" i \"Chinese Medicine Gua Sha\", aby wzmocni\u0107 histori\u0119 produktu.<\/li>\n<li><strong>Optymalizacja koszt\u00f3w<\/strong>: Du\u017ca ilo\u015b\u0107 i dobra cena, minimalna ilo\u015b\u0107 zam\u00f3wienia ju\u017c od 500 zestaw\u00f3w, obs\u0142uga dostosowywania partii mieszanych.<\/li>\n<li><strong>Zr\u00f3wnowa\u017cony rozw\u00f3j<\/strong>: U\u017cywaj materia\u0142\u00f3w degradowalnych, aby sprosta\u0107 trendowi ochrony \u015brodowiska na rynku europejskim i ameryka\u0144skim.<\/li>\n<\/ul>","protected":false},"featured_media":10047,"template":"","meta":[],"product_brand":[],"product_cat":[30,390,31,426],"product_tag":[1327,1328,1329],"class_list":{"0":"post-10043","1":"product","2":"type-product","3":"status-publish","4":"has-post-thumbnail","6":"product_cat-by-industry","7":"product_cat-custom-cosmetics-boxes","8":"product_cat-paper-box-style","9":"product_cat-paper-drawer-boxes","10":"product_tag-jade-roller-set-box","11":"product_tag-jade-stone-roller-box","12":"product_tag-roller-and-guasha-set-box","14":"first","15":"instock","16":"shipping-taxable","17":"product-type-grouped"},"_links":{"self":[{"href":"https:\/\/zojopackaging.com\/pl\/wp-json\/wp\/v2\/product\/10043","targetHints":{"allow":["GET"]}}],"collection":[{"href":"https:\/\/zojopackaging.com\/pl\/wp-json\/wp\/v2\/product"}],"about":[{"href":"https:\/\/zojopackaging.com\/pl\/wp-json\/wp\/v2\/types\/product"}],"version-history":[{"count":1,"href":"https:\/\/zojopackaging.com\/pl\/wp-json\/wp\/v2\/product\/10043\/revisions"}],"predecessor-version":[{"id":10050,"href":"https:\/\/zojopackaging.com\/pl\/wp-json\/wp\/v2\/product\/10043\/revisions\/10050"}],"wp:featuredmedia":[{"embeddable":true,"href":"https:\/\/zojopackaging.com\/pl\/wp-json\/wp\/v2\/media\/10047"}],"wp:attachment":[{"href":"https:\/\/zojopackaging.com\/pl\/wp-json\/wp\/v2\/media?parent=10043"}],"wp:term":[{"taxonomy":"product_brand","embeddable":true,"href":"https:\/\/zojopackaging.com\/pl\/wp-json\/wp\/v2\/product_brand?post=10043"},{"taxonomy":"product_cat","embeddable":true,"href":"https:\/\/zojopackaging.com\/pl\/wp-json\/wp\/v2\/product_cat?post=10043"},{"taxonomy":"product_tag","embeddable":true,"href":"https:\/\/zojopackaging.com\/pl\/wp-json\/wp\/v2\/product_tag?post=10043"}],"curies":[{"name":"wp","href":"https:\/\/api.w.org\/{rel}","templated":true}]}}