{"id":10051,"date":"2025-04-04T15:34:43","date_gmt":"2025-04-04T07:34:43","guid":{"rendered":"https:\/\/zojopackaging.com\/?post_type=product&#038;p=10051"},"modified":"2025-04-04T16:01:30","modified_gmt":"2025-04-04T08:01:30","slug":"rainbow-a5-deep-holographic-magnetic-collapsible-shiny-box","status":"publish","type":"product","link":"https:\/\/zojopackaging.com\/pl\/product\/rainbow-a5-deep-holographic-magnetic-collapsible-shiny-box\/","title":{"rendered":"T\u0119czowe A5 g\u0142\u0119boko holograficzne magnetyczne sk\u0142adane b\u0142yszcz\u0105ce pude\u0142ko"},"content":{"rendered":"<h2 id=\"-1-minimalist-dynamic-aesthetics-visual-narrative-of-holographic-iridescent-purple-\"><strong>1. Minimalistyczna, dynamiczna estetyka: wizualna narracja holograficznego, opalizuj\u0105cego fioletu<\/strong><\/h2>\n<p>Na podstawie\u00a0<strong>Technologia powlekania na poziomie nano<\/strong>w\u00a0<strong>Wielowarstwowa pow\u0142oka interferencyjna<\/strong>\u00a0kompresuje t\u0119czowe spektrum kolor\u00f3w, tworz\u0105c unikalny \"opalizuj\u0105cy fioletowy\" odcie\u0144 g\u0142\u00f3wny. Gdy pada na ni\u0105 \u015bwiat\u0142o, powierzchnia prezentuje holograficzny, dynamiczny po\u0142ysk, kt\u00f3ry stopniowo zmienia si\u0119 z ciemnofioletowego na niebiesko-zielony, symuluj\u0105c efekt zorzy polarnej. W obudowie zastosowano\u00a0<strong>Technologia t\u0142oczenia laserowego na zimno<\/strong>integruj\u0105c mikro-rze\u017abione tekstury z minimalistycznymi liniami. Kiedy jest statyczny, jest tak g\u0142\u0119boki jak ametyst, a pod dynamicznym \u015bwiat\u0142em i cieniem pokazuje wielopoziomow\u0105 aureol\u0119, kt\u00f3ra pasuje do tajemniczej i interaktywnej ekspresji marek z najwy\u017cszej p\u00f3\u0142ki.<\/p>\n<h2 id=\"-2-highly-customized-full-dimensional-adaptation-solution-\"><strong>2. Wysoce spersonalizowane: pe\u0142nowymiarowe rozwi\u0105zanie adaptacyjne<\/strong><\/h2>\n<ul>\n<li><strong>Typ i rozmiar pude\u0142ka<\/strong>: Obs\u0142uguje standardowy rozmiar A5 (148 \u00d7 210 mm) i niestandardowe dostosowanie, regulowany zakres grubo\u015bci 0,5-5 mm;<\/li>\n<li><strong>Wyb\u00f3r materia\u0142u<\/strong>: BOPET (przyjazny dla \u015brodowiska i nadaj\u0105cy si\u0119 do recyklingu), matowy\/b\u0142yszcz\u0105cy PVC, metalowa folia kompozytowa i inne opcje;<\/li>\n<li><strong>Technologia powierzchniowa<\/strong>: Kompatybilny z holograficznym t\u0142oczeniem na gor\u0105co, wyt\u0142aczaniem folii w chmurze 3D, kodowaniem laserowym zapobiegaj\u0105cym podrabianiu itp.\u00a0<strong>mikrotekst grawerowanie technologia wkl\u0119s\u0142odruku<\/strong>\u00a0Moutai w celu zwi\u0119kszenia ochrony przed podrabianiem;<\/li>\n<li><strong>System kolor\u00f3w<\/strong>: Opr\u00f3cz opalizuj\u0105cego ultrafioletu, obs\u0142uguje dopasowywanie kolor\u00f3w punktowych Pantone i osi\u0105ga metaliczn\u0105 tekstur\u0119 lub efekt gradientu poprzez\u00a0<strong>pow\u0142oka do napylania magnetronowego<\/strong>.<\/li>\n<\/ul>\n<h2 id=\"-3-smart-manufacturing-service-16-years-of-one-stop-solution-\"><strong>3. Inteligentne us\u0142ugi produkcyjne: 16 lat kompleksowych rozwi\u0105za\u0144<\/strong><\/h2>\n<p>Poleganie na\u00a0<strong>16 lat do\u015bwiadczenia w dostosowywaniu opakowa\u0144<\/strong>Zapewniamy kompleksowe us\u0142ugi od projektu koncepcyjnego do masowej produkcji:<\/p>\n<ul>\n<li><strong>Wsparcie projektowe<\/strong>: \u0141\u0105cz\u0105c modelowanie AI i r\u0119czn\u0105 korekt\u0119, w ci\u0105gu 72 godzin otrzymujemy renderingi 3D i fizyczne pude\u0142ka z pr\u00f3bkami;<\/li>\n<li><strong>Gwarancja produkcji<\/strong>: Dzi\u0119ki zastosowaniu w pe\u0142ni automatycznej maszyny sztancuj\u0105cej i linii monta\u017cowej z pozycjonowaniem magnetycznym, dok\u0142adno\u015b\u0107 osi\u0105ga \u00b10,1 mm;<\/li>\n<li><strong>Optymalizacja logistyki<\/strong>: Rozwi\u0105zanie sk\u0142adanego opakowania zwi\u0119ksza \u0142adowno\u015b\u0107 pojedynczego pojazdu o 300%.<\/li>\n<\/ul>\n<h2 id=\"-technical-parameters-\"><strong>Parametry techniczne<\/strong><\/h2>\n<table>\n<thead>\n<tr>\n<th>Projekt<\/th>\n<th>Parametry<\/th>\n<\/tr>\n<\/thead>\n<tbody>\n<tr>\n<td>Si\u0142a magnetyczna<\/td>\n<td>3-5N (konfigurowalna klasa wojskowa 8N)<\/td>\n<\/tr>\n<tr>\n<td>Sk\u0142adanie \u017cycia<\/td>\n<td>\u2265200 razy (test ASTM D4169)<\/td>\n<\/tr>\n<tr>\n<td>Certyfikacja \u015brodowiskowa<\/td>\n<td>Certyfikacja RoHS\/REACH\/FSC<\/td>\n<\/tr>\n<\/tbody>\n<\/table>\n<p>To opakowanie na nowo definiuje form\u0119 i granice funkcjonalne wysokiej klasy opakowa\u0144 dzi\u0119ki koncepcji\u00a0<strong>technologia wzmacniaj\u0105ca estetyk\u0119<\/strong>. To nie tylko pojemnik na produkt, ale tak\u017ce artystyczny no\u015bnik narracji marki.<\/p>","protected":false},"excerpt":{"rendered":"<p>1. To opakowanie koncentruje si\u0119 na minimalistycznej estetyce, prezentuj\u0105c wizualn\u0105 narracj\u0119 t\u0119czowego b\u0142yszcz\u0105cego pojemnika od statycznego do dynamicznego, od pojedynczego do interaktywnego<br \/>\n2. T\u0119czowe spektrum kolor\u00f3w jest skompresowane w g\u0142\u00f3wnym fioletowym odcieniu dzi\u0119ki technologii powlekania nanopoziomowego, tworz\u0105c unikalne zjawisko \"fioletu t\u0119cz\u00f3wki\", kt\u00f3re jest bardzo odpowiednie do pakowania pude\u0142ek z produktami wysokiej klasy<br \/>\n3. Typ pude\u0142ka, rozmiar, kolor, materia\u0142 i nadruk powierzchni mo\u017cna w du\u017cym stopniu dostosowa\u0107 do t\u0119czowego A5 g\u0142\u0119bokiego holograficznego magnetycznego sk\u0142adanego b\u0142yszcz\u0105cego opakowania<br \/>\n4. 16 lat us\u0142ug dostosowywania opakowa\u0144, specjalizuj\u0105cych si\u0119 w projektowaniu i obs\u0142udze produkcji, od projektu po produkcj\u0119 i transport, kompleksowa obs\u0142uga jest wykonywana!<\/p>","protected":false},"featured_media":10053,"template":"","meta":[],"product_brand":[],"product_cat":[30,390,31,426],"product_tag":[1327,1328,1329],"class_list":{"0":"post-10051","1":"product","2":"type-product","3":"status-publish","4":"has-post-thumbnail","6":"product_cat-by-industry","7":"product_cat-custom-cosmetics-boxes","8":"product_cat-paper-box-style","9":"product_cat-paper-drawer-boxes","10":"product_tag-jade-roller-set-box","11":"product_tag-jade-stone-roller-box","12":"product_tag-roller-and-guasha-set-box","14":"first","15":"instock","16":"shipping-taxable","17":"product-type-grouped"},"_links":{"self":[{"href":"https:\/\/zojopackaging.com\/pl\/wp-json\/wp\/v2\/product\/10051","targetHints":{"allow":["GET"]}}],"collection":[{"href":"https:\/\/zojopackaging.com\/pl\/wp-json\/wp\/v2\/product"}],"about":[{"href":"https:\/\/zojopackaging.com\/pl\/wp-json\/wp\/v2\/types\/product"}],"version-history":[{"count":1,"href":"https:\/\/zojopackaging.com\/pl\/wp-json\/wp\/v2\/product\/10051\/revisions"}],"predecessor-version":[{"id":10065,"href":"https:\/\/zojopackaging.com\/pl\/wp-json\/wp\/v2\/product\/10051\/revisions\/10065"}],"wp:featuredmedia":[{"embeddable":true,"href":"https:\/\/zojopackaging.com\/pl\/wp-json\/wp\/v2\/media\/10053"}],"wp:attachment":[{"href":"https:\/\/zojopackaging.com\/pl\/wp-json\/wp\/v2\/media?parent=10051"}],"wp:term":[{"taxonomy":"product_brand","embeddable":true,"href":"https:\/\/zojopackaging.com\/pl\/wp-json\/wp\/v2\/product_brand?post=10051"},{"taxonomy":"product_cat","embeddable":true,"href":"https:\/\/zojopackaging.com\/pl\/wp-json\/wp\/v2\/product_cat?post=10051"},{"taxonomy":"product_tag","embeddable":true,"href":"https:\/\/zojopackaging.com\/pl\/wp-json\/wp\/v2\/product_tag?post=10051"}],"curies":[{"name":"wp","href":"https:\/\/api.w.org\/{rel}","templated":true}]}}