{"id":10066,"date":"2025-04-04T16:02:38","date_gmt":"2025-04-04T08:02:38","guid":{"rendered":"https:\/\/zojopackaging.com\/?post_type=product&#038;p=10066"},"modified":"2025-04-04T16:47:10","modified_gmt":"2025-04-04T08:47:10","slug":"custom-perfume-packaging-kraft-paper-tubes-boxes-wholesale","status":"publish","type":"product","link":"https:\/\/zojopackaging.com\/pl\/product\/custom-perfume-packaging-kraft-paper-tubes-boxes-wholesale\/","title":{"rendered":"Niestandardowe opakowania na perfumy Pude\u0142ka papierowe Kraft hurtowo"},"content":{"rendered":"<h2 id=\"-customized-perfume-packaging-kraft-paper-tube-box-wholesale-products-\"><strong>Indywidualne opakowanie perfum Kraft Paper Tube Box Produkty hurtowe<\/strong><\/h2>\n<h2 id=\"1-multi-functional-applicability-\">1.\u00a0<strong>Wielofunkcyjne zastosowanie<\/strong><\/h2>\n<ul>\n<li>Nadaje si\u0119 do perfum, \u015bwiec, ziaren kawy, herbaty, produkt\u00f3w do piel\u0119gnacji sk\u00f3ry i innych zr\u00f3\u017cnicowanych opakowa\u0144 produkt\u00f3w, a wewn\u0119trzna przestrze\u0144 mo\u017ce by\u0107 dostosowana pod wzgl\u0119dem g\u0142\u0119boko\u015bci i \u015brednicy, aby dostosowa\u0107 si\u0119 do r\u00f3\u017cnych rozmiar\u00f3w produkt\u00f3w.<\/li>\n<\/ul>\n<h2 id=\"2-flexible-customization-service-\">2.\u00a0<strong>Elastyczna us\u0142uga dostosowywania<\/strong><\/h2>\n<ul>\n<li>Zapewniamy pe\u0142ne wsparcie procesu, od proofingu pojedynczej sztuki do produkcji masowej, bez ogranicze\u0144 ilo\u015bciowych, aby zaspokoi\u0107 potrzeby zar\u00f3wno pocz\u0105tkuj\u0105cych marek, jak i du\u017cych przedsi\u0119biorstw.<\/li>\n<li>Obs\u0142uga dostosowywania obrazu, tekstu, kolor\u00f3w, zapewnienie podgl\u0105du projektu 3D i fizycznego potwierdzenia pr\u00f3bki, aby upewni\u0107 si\u0119, \u017ce gotowy produkt jest zgodny z oczekiwaniami.<\/li>\n<\/ul>\n<h2 id=\"-production-process-and-quality-assurance-\"><strong>Proces produkcji i zapewnienie jako\u015bci<\/strong><\/h2>\n<ul>\n<li><strong>\u015acis\u0142y system kontroli jako\u015bci<\/strong>: Fabryka posiada znormalizowany warsztat o powierzchni 5 320 metr\u00f3w kwadratowych wyposa\u017cony w pe\u0142ni automatyczn\u0105 lini\u0119 produkcyjn\u0105. Od przesiewania materia\u0142\u00f3w po pakowanie gotowych produkt\u00f3w, przeszed\u0142 certyfikacj\u0119 jako\u015bci ISO, aby zapewni\u0107 zero wad w ka\u017cdym ogniwie.<\/li>\n<li><strong>Kompleksowa obs\u0142uga<\/strong>: Zesp\u00f3\u0142 z 16-letnim do\u015bwiadczeniem w bran\u017cy zapewnia pe\u0142ne wsparcie procesowe w zakresie projektowania, produkcji i logistyki, obs\u0142ug\u0119 klienta 7 \u00d7 24 godziny na dob\u0119 i rozwi\u0105zuje r\u00f3\u017cne potrzeby, od optymalizacji rysunk\u00f3w po \u015bledzenie transportu.<\/li>\n<\/ul>\n<h2 id=\"-application-scenarios-\"><strong>Scenariusze zastosowa\u0144<\/strong><\/h2>\n<ul>\n<li><strong>Prezenty biznesowe<\/strong>: wysokiej klasy pude\u0142ka na perfumy, zestawy zapachowe z limitowanej edycji.<\/li>\n<li><strong>Opakowanie detaliczne<\/strong>: puszki na herbat\u0119, pude\u0142ka do przechowywania ziaren kawy, pojemniki do piel\u0119gnacji sk\u00f3ry.<\/li>\n<li><strong>Personalizacja marki<\/strong>upominki na imprezy firmowe, \u015bwi\u0105teczne opakowania z limitowanej edycji.<\/li>\n<\/ul>\n<h2 id=\"-service-commitment-\"><strong>Zobowi\u0105zanie do \u015bwiadczenia us\u0142ug<\/strong><\/h2>\n<ul>\n<li><strong>Szybka dostawa<\/strong>Masowa produkcja zostanie zako\u0144czona w ci\u0105gu 7-15 dni po potwierdzeniu pr\u00f3bki, przy wsparciu globalnej logistyki (l\u0105dowej\/powietrznej\/morskiej).<\/li>\n<li><strong>Gwarancja posprzeda\u017cna<\/strong>Us\u0142uga wymiany uszkodzonego urz\u0105dzenia i do\u017cywotnie wsparcie w zakresie doradztwa technicznego.<\/li>\n<\/ul>\n<p><strong>Skontaktuj si\u0119 z nami<\/strong>\u00a0Rozpocznij projektowanie ekskluzywnych opakowa\u0144 ju\u017c teraz i zinterpretuj warto\u015b\u0107 marki za pomoc\u0105 szczeg\u00f3\u0142\u00f3w! Zapewniamy bezp\u0142atne konsultacje projektowe i us\u0142ugi wyceny, aby pom\u00f3c Twoim produktom wyr\u00f3\u017cni\u0107 si\u0119 na rynku.<\/p>\n<blockquote><p><em>\"Od projektu po dostaw\u0119, sprawiamy, \u017ce opakowanie staje si\u0119 j\u0119zykiem marki\".<\/em><\/p><\/blockquote>","protected":false},"excerpt":{"rendered":"<p>Nasze przyjazne dla \u015brodowiska i nadaj\u0105ce si\u0119 do recyklingu pude\u0142ko z papieru pakowego jest przeznaczone do wysokiej klasy perfum i produkt\u00f3w zapachowych, a tak\u017ce nadaje si\u0119 do pakowania r\u00f3\u017cnych wykwintnych produkt\u00f3w, takich jak \u015bwiece, ziarna kawy, herbata, kosmetyki itp. Wykonany jest z naturalnego br\u0105zowego papieru pakowego o g\u0142adkiej i delikatnej powierzchni, kt\u00f3ry nie tylko prezentuje naturalne i proste pi\u0119kno, ale tak\u017ce jest zgodny z nowoczesn\u0105 koncepcj\u0105 ochrony \u015brodowiska. Standardowa cylindryczna konstrukcja jest dopasowana do pokrywy uszczelniaj\u0105cej w tym samym kolorze, kraw\u0119d\u017a otworu jest p\u0142aska, a przestrze\u0144 wewn\u0119trzna jest przestronna, co mo\u017ce pomie\u015bci\u0107 r\u00f3\u017cne specyfikacje produkt\u00f3w, zapewniaj\u0105c zar\u00f3wno szczelno\u015b\u0107, jak i estetyk\u0119.<\/p>","protected":false},"featured_media":10072,"template":"","meta":[],"product_brand":[],"product_cat":[30,417,31,429],"product_tag":[1334,1058,521],"class_list":{"0":"post-10066","1":"product","2":"type-product","3":"status-publish","4":"has-post-thumbnail","6":"product_cat-by-industry","7":"product_cat-custom-perfume-boxes-by-industry","8":"product_cat-paper-box-style","9":"product_cat-paper-tube-boxes","10":"product_tag-perfume-kraft-packaging","11":"product_tag-perfume-packaging","12":"product_tag-perfume-paper-tubes","14":"first","15":"instock","16":"shipping-taxable","17":"product-type-grouped"},"_links":{"self":[{"href":"https:\/\/zojopackaging.com\/pl\/wp-json\/wp\/v2\/product\/10066","targetHints":{"allow":["GET"]}}],"collection":[{"href":"https:\/\/zojopackaging.com\/pl\/wp-json\/wp\/v2\/product"}],"about":[{"href":"https:\/\/zojopackaging.com\/pl\/wp-json\/wp\/v2\/types\/product"}],"version-history":[{"count":1,"href":"https:\/\/zojopackaging.com\/pl\/wp-json\/wp\/v2\/product\/10066\/revisions"}],"predecessor-version":[{"id":10081,"href":"https:\/\/zojopackaging.com\/pl\/wp-json\/wp\/v2\/product\/10066\/revisions\/10081"}],"wp:featuredmedia":[{"embeddable":true,"href":"https:\/\/zojopackaging.com\/pl\/wp-json\/wp\/v2\/media\/10072"}],"wp:attachment":[{"href":"https:\/\/zojopackaging.com\/pl\/wp-json\/wp\/v2\/media?parent=10066"}],"wp:term":[{"taxonomy":"product_brand","embeddable":true,"href":"https:\/\/zojopackaging.com\/pl\/wp-json\/wp\/v2\/product_brand?post=10066"},{"taxonomy":"product_cat","embeddable":true,"href":"https:\/\/zojopackaging.com\/pl\/wp-json\/wp\/v2\/product_cat?post=10066"},{"taxonomy":"product_tag","embeddable":true,"href":"https:\/\/zojopackaging.com\/pl\/wp-json\/wp\/v2\/product_tag?post=10066"}],"curies":[{"name":"wp","href":"https:\/\/api.w.org\/{rel}","templated":true}]}}