{"id":10082,"date":"2025-04-04T16:35:34","date_gmt":"2025-04-04T08:35:34","guid":{"rendered":"https:\/\/zojopackaging.com\/?post_type=product&#038;p=10082"},"modified":"2025-04-04T16:58:22","modified_gmt":"2025-04-04T08:58:22","slug":"premium-quality-high-quality-custom-soap-boxes-manufacturer","status":"publish","type":"product","link":"https:\/\/zojopackaging.com\/pl\/product\/premium-quality-high-quality-custom-soap-boxes-manufacturer\/","title":{"rendered":"Producent wysokiej jako\u015bci niestandardowych mydelniczek najwy\u017cszej jako\u015bci"},"content":{"rendered":"<h2 id=\"-high-quality-custom-soap-box-manufacturer-product-description-\"><strong>Opis produktu wysokiej jako\u015bci producenta niestandardowych mydelniczek<\/strong><\/h2>\n<p>Jako producent z 16-letnim do\u015bwiadczeniem w profesjonalnym projektowaniu i produkcji opakowa\u0144, jeste\u015bmy zaanga\u017cowani w dostarczanie klientom niestandardowych rozwi\u0105za\u0144 w zakresie mydelniczek, kt\u00f3re \u0142\u0105cz\u0105 w sobie funkcjonalno\u015b\u0107, walory estetyczne i koncepcje ochrony \u015brodowiska. Opieraj\u0105c si\u0119 na nowoczesnym warsztacie produkcyjnym o powierzchni 5 320 metr\u00f3w kwadratowych i \u015bcis\u0142ym systemie zarz\u0105dzania jako\u015bci\u0105, zapewniamy, \u017ce ka\u017cdy produkt spe\u0142nia wiod\u0105ce w bran\u017cy standardy. Poni\u017cej przedstawiamy g\u0142\u00f3wne zalety naszych produkt\u00f3w i najwa\u017cniejsze us\u0142ugi:<\/p>\n<h2 id=\"-1-corrugated-paper-material-scientific-buffering-protecting-product-safety-\"><strong>1. Materia\u0142 z tektury falistej: buforowanie naukowe, ochrona bezpiecze\u0144stwa produktu<\/strong><\/h2>\n<p>Dzi\u0119ki zastosowaniu wielowarstwowej struktury tektury falistej, poprzez proces \u0142\u0105czenia falistej warstwy po\u015bredniej papieru rdzeniowego i p\u0142askiej tektury, opakowanie ma doskona\u0142\u0105 odporno\u015b\u0107 na \u015bciskanie i poch\u0142anianie uderze\u0144. Jego struktura plastra miodu mo\u017ce skutecznie rozproszy\u0107 ci\u015bnienie zewn\u0119trzne podczas transportu, zapobiec uszkodzeniu myd\u0142a przez wyt\u0142aczanie, kolizj\u0119 lub wibracje i zapewni\u0107, \u017ce produkt jest zawsze nienaruszony od fabryki do r\u0105k konsument\u00f3w.<\/p>\n<h2 id=\"-2-folding-mailer-box-efficient-packaging-convenient-and-environmentally-friendly-\"><strong>2. Sk\u0142adane pude\u0142ko pocztowe: Wydajne opakowanie, wygodne i przyjazne dla \u015brodowiska<\/strong><\/h2>\n<p>Innowacyjna sk\u0142adana konstrukcja upraszcza proces pakowania, a pakowanie i demonta\u017c mo\u017cna szybko zako\u0144czy\u0107 bez u\u017cycia kleju lub skomplikowanych narz\u0119dzi. Korpus pude\u0142ka przyjmuje proces linii wst\u0119pnego wgniatania, bior\u0105c pod uwag\u0119 dok\u0142adno\u015b\u0107 i stabilno\u015b\u0107 formowania oraz dostosowuj\u0105c si\u0119 do wymaga\u0144 masowej produkcji zautomatyzowanej linii produkcyjnej. Lekka konstrukcja strukturalna zmniejsza koszty logistyczne, a puste pude\u0142ko mo\u017cna skompresowa\u0107 do przechowywania, zmniejszaj\u0105c zajmowan\u0105 przestrze\u0144 magazynow\u0105.<\/p>\n<h2 id=\"-three-soothing-pink-tone-psychological-empowerment-conveying-brand-temperature-\"><strong>3. Koj\u0105cy r\u00f3\u017cowy odcie\u0144: wzmocnienie psychologiczne, przekazywanie temperatury marki<\/strong><\/h2>\n<p>Korpus pude\u0142ka jest g\u0142\u00f3wnie delikatnie r\u00f3\u017cowy, zainspirowany psychologicznym \"efektem r\u00f3\u017cowego s\u0142onia\" - wskaz\u00f3wki wizualne \u0142agodz\u0105 niepok\u00f3j i stymuluj\u0105 pozytywne nastawienie. Badania wykaza\u0142y, \u017ce r\u00f3\u017cowy kolor mo\u017ce tworzy\u0107 ciep\u0142\u0105 i spokojn\u0105 atmosfer\u0119, zwi\u0119ksza\u0107 przyjemno\u015b\u0107 konsument\u00f3w podczas rozpakowywania pude\u0142ka i pomaga\u0107 markom w nawi\u0105zywaniu wi\u0119zi emocjonalnych.<\/p>\n<h2 id=\"-four-double-sided-printing-process-double-exposure-strengthen-brand-memory-\"><strong>4. Dwustronny proces drukowania: podw\u00f3jna ekspozycja, wzmocnienie pami\u0119ci marki<\/strong><\/h2>\n<p>Przyj\u0119cie technologii druku dwustronnego w wysokiej rozdzielczo\u015bci, obs\u0142uga pe\u0142nokolorowego logo, informacji o produkcie i niestandardowych wzor\u00f3w. Tekstura jest ulepszana poprzez t\u0142oczenie na gor\u0105co, lokalne oszklenie UV i inne procesy, aby zapewni\u0107, \u017ce elementy wizualne marki zawsze przyci\u0105gaj\u0105 wzrok podczas ekspozycji na p\u00f3\u0142ce i transportu. Na przyk\u0142ad, prz\u00f3d mo\u017ce wy\u015bwietla\u0107 punkt sprzeda\u017cy produktu, a ty\u0142 mo\u017ce drukowa\u0107 instrukcje lub deklaracje ochrony \u015brodowiska, aby osi\u0105gn\u0105\u0107 podw\u00f3jne ulepszenie funkcji i estetyki.<\/p>\n<h2 id=\"-v-in-depth-customization-service-flexible-adaptation-exclusive-brand-style-\"><strong>5. Dog\u0142\u0119bna us\u0142uga dostosowywania: elastyczna adaptacja, ekskluzywny styl marki<\/strong><\/h2>\n<p>Zapewniamy wszechstronne opcje dostosowywania:<\/p>\n<ul>\n<li><strong>Wyb\u00f3r stylu<\/strong>Dost\u0119pne s\u0105: nowoczesny minimalizm, narodowy trend retro, biznesowy lekki luksus i inne motywy;<\/li>\n<li><strong>Dostosowanie specyfikacji<\/strong>Obs\u0142uguje r\u00f3\u017cne rozmiary, typy skrzynek (takie jak pokrywy g\u00f3rne i dolne, skrzynki szuflad) i projekty okien;<\/li>\n<li><strong>Spersonalizowane elementy<\/strong>Dowolne \u0142\u0105czenie obraz\u00f3w, tekst\u00f3w, kolor\u00f3w, a nawet interaktywnych struktur (takich jak pude\u0142ka na prezenty);<\/li>\n<li><strong>Modernizacja \u015brodowiskowa<\/strong>opcjonalne ekologiczne materia\u0142y, takie jak pulpa z wyt\u0142ok\u00f3w trzciny cukrowej i degradowalne tusze, zgodnie z koncepcj\u0105 ESG.<\/li>\n<\/ul>\n<h2 id=\"-six-one-stop-service-worry-free-from-design-to-delivery-\"><strong>6. kompleksowa obs\u0142uga: bez obaw od projektu do dostawy<\/strong><\/h2>\n<p>Opieraj\u0105c si\u0119 na 16-letnim do\u015bwiadczeniu w bran\u017cy, zbudowali\u015bmy kompleksowy system us\u0142ug w zakresie projektowania, produkcji, kontroli jako\u015bci i logistyki:<\/p>\n<ol>\n<li><strong>Profesjonalny zesp\u00f3\u0142 projektant\u00f3w<\/strong>: Zapewnienie modelowania 3D i fizycznego proofingu zgodnie z tonem marki, aby zapewni\u0107 wdro\u017cenie projektu;<\/li>\n<li><strong>Inteligentna produkcja<\/strong>: Wprowadzenie niemieckiej maszyny do druku offsetowego Heidelberg i zautomatyzowanego sprz\u0119tu do sztancowania w celu wsparcia szybkiej reakcji na zam\u00f3wienia wielkoseryjne;<\/li>\n<li><strong>\u015acis\u0142y proces kontroli jako\u015bci<\/strong>: Przej\u015bcie ponad 20 test\u00f3w, takich jak test trwa\u0142o\u015bci, test wodoodporno\u015bci, test przeciwstarzeniowy itp. w celu zapewnienia jako\u015bci produktu;<\/li>\n<li><strong>Globalna sie\u0107 logistyczna<\/strong>: Wsp\u00f3\u0142praca z wiod\u0105cymi firmami logistycznymi w celu zapewnienia transportu od drzwi do drzwi oraz us\u0142ug magazynowania i przechowywania.<\/li>\n<\/ol>\n<h2 id=\"-vii-customer-service-commitment-professional-companionship-full-time-escort-\"><strong>7. Zaanga\u017cowanie w obs\u0142ug\u0119 klienta: Profesjonalne towarzystwo, eskorta w pe\u0142nym wymiarze godzin<\/strong><\/h2>\n<p>Praktykujemy koncepcj\u0119 \"sukcesu klienta\" i zapewniamy:<\/p>\n<ul>\n<li><strong>24-godzinna reakcja<\/strong>: Ekskluzywna obs\u0142uga klienta \u015bledzi post\u0119p zam\u00f3wienia i rozwi\u0105zuje problemy techniczne w ci\u0105gu 48 godzin;<\/li>\n<li><strong>Elastyczna minimalna ilo\u015b\u0107 zam\u00f3wienia<\/strong>: MOQ 500 sztuk w celu zmniejszenia koszt\u00f3w pr\u00f3b i b\u0142\u0119d\u00f3w w ma\u0142ych i \u015brednich przedsi\u0119biorstwach;<\/li>\n<li><strong>Gwarancja posprzeda\u017cna<\/strong>: Bezp\u0142atna naprawa\/wymiana w okresie gwarancyjnym, do\u017cywotnie wsparcie techniczne.<\/li>\n<\/ul>","protected":false},"excerpt":{"rendered":"<p>Wyb\u00f3r nas to nie tylko wyb\u00f3r mydelniczki, ale tak\u017ce wyb\u00f3r wytrwa\u0142o\u015bci w jako\u015bci, odpowiedzialno\u015bci za ochron\u0119 \u015brodowiska i g\u0142\u0119bokiego wzmocnienia warto\u015bci marki. Skontaktuj si\u0119 z nami ju\u017c teraz, aby rozpocz\u0105\u0107 ekskluzywn\u0105 podr\u00f3\u017c dostosowywania i pozw\u00f3l, aby opakowanie produktu sta\u0142o si\u0119 idealnym no\u015bnikiem historii Twojej marki<\/p>","protected":false},"featured_media":10083,"template":"","meta":[],"product_brand":[],"product_cat":[30,390,31,433],"product_tag":[1306,1337,1338],"class_list":{"0":"post-10082","1":"product","2":"type-product","3":"status-publish","4":"has-post-thumbnail","6":"product_cat-by-industry","7":"product_cat-custom-cosmetics-boxes","8":"product_cat-paper-box-style","9":"product_cat-shipping-mailer-boxes","10":"product_tag-custom-soap-boxes","11":"product_tag-premium-soap-boxes","12":"product_tag-soap-boxes-manufacturer","14":"first","15":"instock","16":"shipping-taxable","17":"product-type-grouped"},"_links":{"self":[{"href":"https:\/\/zojopackaging.com\/pl\/wp-json\/wp\/v2\/product\/10082","targetHints":{"allow":["GET"]}}],"collection":[{"href":"https:\/\/zojopackaging.com\/pl\/wp-json\/wp\/v2\/product"}],"about":[{"href":"https:\/\/zojopackaging.com\/pl\/wp-json\/wp\/v2\/types\/product"}],"version-history":[{"count":1,"href":"https:\/\/zojopackaging.com\/pl\/wp-json\/wp\/v2\/product\/10082\/revisions"}],"predecessor-version":[{"id":10098,"href":"https:\/\/zojopackaging.com\/pl\/wp-json\/wp\/v2\/product\/10082\/revisions\/10098"}],"wp:featuredmedia":[{"embeddable":true,"href":"https:\/\/zojopackaging.com\/pl\/wp-json\/wp\/v2\/media\/10083"}],"wp:attachment":[{"href":"https:\/\/zojopackaging.com\/pl\/wp-json\/wp\/v2\/media?parent=10082"}],"wp:term":[{"taxonomy":"product_brand","embeddable":true,"href":"https:\/\/zojopackaging.com\/pl\/wp-json\/wp\/v2\/product_brand?post=10082"},{"taxonomy":"product_cat","embeddable":true,"href":"https:\/\/zojopackaging.com\/pl\/wp-json\/wp\/v2\/product_cat?post=10082"},{"taxonomy":"product_tag","embeddable":true,"href":"https:\/\/zojopackaging.com\/pl\/wp-json\/wp\/v2\/product_tag?post=10082"}],"curies":[{"name":"wp","href":"https:\/\/api.w.org\/{rel}","templated":true}]}}