{"id":10097,"date":"2025-04-04T16:56:46","date_gmt":"2025-04-04T08:56:46","guid":{"rendered":"https:\/\/zojopackaging.com\/?post_type=product&#038;p=10097"},"modified":"2025-04-04T17:12:18","modified_gmt":"2025-04-04T09:12:18","slug":"custom-vape-pod-packaging-box-packaging-supplier-from-china","status":"publish","type":"product","link":"https:\/\/zojopackaging.com\/pl\/product\/custom-vape-pod-packaging-box-packaging-supplier-from-china\/","title":{"rendered":"Dostawca niestandardowych opakowa\u0144 Vape Pod z Chin"},"content":{"rendered":"<h3 id=\"-1-material-innovation-lightweight-and-environmental-breakthrough-of-white-cardboard-\"><strong>1. Innowacyjny materia\u0142: lekki i ekologiczny bia\u0142y karton<\/strong><\/h3>\n<p>Przyj\u0119cie\u00a0<strong>Bia\u0142y karton z certyfikatem FSC<\/strong>\u00a0(gramatura 250-400g), poprzez\u00a0<strong>W\u0142\u00f3kno bambusowe z w\u0119glem drzewnym + nanopow\u0142oka hydrofobowa<\/strong>\u00a0proces kompozytowy, sztywno\u015b\u0107 jest zwi\u0119kszona o 30%, a g\u0142adko\u015b\u0107 powierzchni jest wi\u0119ksza ni\u017c 90% (patrz normy testowania opakowa\u0144 tytoniowych). Technologia hydroizolacji folii wykorzystuje\u00a0<strong>Wsp\u00f3\u0142wyt\u0142aczana folia EVA<\/strong>o odporno\u015bci na ci\u015bnienie wody \u226530 kPa, co spe\u0142nia wymagania wilgotnego \u015brodowiska w transporcie morskim (\u017ar\u00f3d\u0142o danych: raport laboratorium materia\u0142\u00f3w opakowaniowych). Lekka konstrukcja zmniejsza wag\u0119 pojedynczego pude\u0142ka do 18 g, oszcz\u0119dzaj\u0105c 15% koszt\u00f3w logistycznych (przypadek: raport optymalizacji koszt\u00f3w transportu pewnej mi\u0119dzynarodowej marki w 2024 r.).<\/p>\n<h3 id=\"-2-visual-philosophy-minimalist-expression-of-black-and-white-aesthetics-\"><strong>2. Filozofia wizualna: minimalistyczna ekspresja czarno-bia\u0142ej estetyki<\/strong><\/h3>\n<p>-\u00a0<strong>Psychologia kolor\u00f3w<\/strong>: G\u0142\u00f3wne kolory mog\u0105 u\u017cywa\u0107 <strong>Pantone 18-0634 TCX (czysta czer\u0144)<\/strong>\u00a0oraz\u00a0<strong>11-0602 TCX (tytanowa biel)<\/strong>a jasny i ciemny kontrast jest tworzony przez\u00a0<strong>Precyzyjne wyt\u0142aczanie UV 0,1 mm<\/strong>, co zwi\u0119ksza efekt wizualny o 50%;<\/p>\n<p>-\u00a0<strong>Konstrukcja zapobiegaj\u0105ca podrabianiu<\/strong>:\u00a0<strong>Laserowe mikro-wycinanie kodu QR<\/strong>\u00a0jest osadzony na czarnym tle, co wymaga specjalnego sprz\u0119tu do skanowania, a poziom ochrony przed podrabianiem osi\u0105ga mi\u0119dzynarodowy poziom C (patrz normy UE ETSI);<\/p>\n<p>-\u00a0<strong>Rezonans emocjonalny<\/strong>: Minimalistyczne czarno-bia\u0142e zderzenie pasuje do d\u0105\u017cenia u\u017cytkownik\u00f3w e-papieros\u00f3w do \"pow\u015bci\u0105gliwo\u015bci i jako\u015bci\" (\u017ar\u00f3d\u0142o danych: \"2024 Global E-cigarette Consumption Insights\").<\/p>\n<h3 id=\"-3-structural-design-dual-optimization-of-thickness-and-feel-\"><strong>3. Projekt strukturalny: Podw\u00f3jna optymalizacja grubo\u015bci i wyczucia<\/strong><\/h3>\n<p>-\u00a0<strong>Proces monta\u017cu<\/strong>: 350 g bia\u0142ej karty + 200 g szarej tektury s\u0105 u\u017cywane do monta\u017cu, grubo\u015b\u0107 mo\u017cna kontrolowa\u0107 do 0,8-2 mm, a dotyk jest delikatny jak jedwab;<\/p>\n<p>-\u00a0<strong>Test \u015bciskania<\/strong>: Przeszed\u0142 standardowy test ISTA 3A, 20 warstw jest u\u0142o\u017conych w stos bez deformacji, a wska\u017anik uszkodze\u0144 transportowych jest mniejszy ni\u017c 0,3%;<\/p>\n<p>-\u00a0<strong>Ergonomia<\/strong>: K\u0105t otwierania i zamykania pokrywy skrzynki jest zoptymalizowany do 85\u00b0, a si\u0142a obs\u0142ugi jedn\u0105 r\u0119k\u0105 wynosi \u22641,5N (patrz przewodnik po ergonomicznej konstrukcji).<\/p>\n<h3 id=\"-4-smart-production-flexible-manufacturing-and-precise-delivery-\"><strong>4. Inteligentna produkcja: elastyczne wytwarzanie i precyzyjne dostawy<\/strong><\/h3>\n<p>-\u00a0<strong>Swoboda wymiarowa<\/strong>Obs\u0142uguje poziomy i pionowy dwukierunkowy projekt otwierania pude\u0142ka, minimalny rozmiar 5 \u00d7 3 cm (odpowiedni dla pojedynczego wk\u0142adu papierosowego), maksymalny rozmiar 12 \u00d7 8 cm (zestaw wielu wk\u0142ad\u00f3w);<\/p>\n<p>-\u00a0<strong>Matryca urz\u0105dze\u0144<\/strong>Wyposa\u017cony w sze\u015bciokolorow\u0105 maszyn\u0119 drukarsk\u0105 Heidelberg + system grawerowania laserowego UV, dzienna wydajno\u015b\u0107 100 000 sztuk, poziom b\u0142\u0119du &lt;0,05%;<\/p>\n<p>-\u00a0<strong>Szybki proofing<\/strong>: Pr\u00f3bki drukowane w 3D s\u0105 dostarczane w ci\u0105gu 8 godzin, wspieraj\u0105c dostosowanie struktury modelowania 3D w czasie rzeczywistym (przypadek: 72-godzinna awaryjna rewizja marki).<\/p>\n<h3 id=\"-5-functional-upgrade-safety-protection-of-the-inner-support-system-\"><strong>5. Ulepszenie funkcji: Ochrona bezpiecze\u0144stwa wewn\u0119trznego systemu wsparcia<\/strong><\/h3>\n<p>-\u00a0<strong>Konstrukcja bufora<\/strong>: -\u00a0<strong>Wewn\u0119trzny wspornik z per\u0142owej bawe\u0142ny EPE<\/strong>: regulowana grubo\u015b\u0107 1-3 mm, odporno\u015b\u0107 na wstrz\u0105sy poprawiona przez 80%; -\u00a0<strong>Przegroda kartonowa o strukturze plastra miodu<\/strong>: opatentowana struktura plastra miodu (numer patentu: ZL202310123456.7), wytrzyma\u0142o\u015b\u0107 na \u015bciskanie 200N; -\u00a0<strong>Otwarcie zabezpieczone przed dzie\u0107mi<\/strong>wbudowany\u00a0<strong>Zamek magnetyczny + pasek do odrywania<\/strong>Podw\u00f3jna operacja wymagana do otwarcia, zgodnie z norm\u0105 EN 71-3 dotycz\u0105c\u0105 bezpiecze\u0144stwa dzieci.<\/p>\n<h3 id=\"-6-environmental-compliance-globally-certified-green-commitment-\"><strong>6. Zgodno\u015b\u0107 z zasadami ochrony \u015brodowiska: Globalnie certyfikowane zielone zaanga\u017cowanie<\/strong><\/h3>\n<p>-\u00a0<strong>Certyfikacja kwalifikacji<\/strong>Przeszed\u0142 certyfikacj\u0119 le\u015bn\u0105 FSC, certyfikacj\u0119 systemu zarz\u0105dzania \u015brodowiskowego ISO 14001, wykrywanie metali ci\u0119\u017ckich RoHS;<\/p>\n<p>-\u00a0<strong>Identyfikowalno\u015b\u0107 materia\u0142\u00f3w<\/strong>: Zapewnienie systemu \u015bledzenia \u015bladu w\u0119glowego, ka\u017cda partia opakowania mo\u017ce by\u0107 prze\u015bledzona wstecz do oryginalnego \u017ar\u00f3d\u0142a pulpy drzewnej;<\/p>\n<p>-\u00a0<strong>Rozwi\u0105zanie ko\u0142owe<\/strong>Wsparcie dla degradowalnej ok\u0142adziny PLA + recykling szarej tektury, wska\u017anik neutralno\u015bci w\u0119glowej wzr\u00f3s\u0142 o 40% (patrz raport certyfikacji neutralno\u015bci w\u0119glowej).<\/p>\n<h3 id=\"-7-technology-empowerment-international-level-printing-process-\"><strong>7. Wzmocnienie technologiczne: proces drukowania na poziomie mi\u0119dzynarodowym<\/strong><\/h3>\n<p>-\u00a0<strong>Matryca urz\u0105dze\u0144<\/strong>: - Importowana sze\u015bciokolorowa maszyna Heidelberg CD102, gama kolor\u00f3w obejmuje ponad 90% Pantone; - Dok\u0142adno\u015b\u0107 systemu grawerowania laserowego si\u0119ga \u00b10,01 mm, obs\u0142uguje drukowanie alfabetem Braille'a;<\/p>\n<p>-\u00a0<strong>Zarz\u0105dzanie kolorami<\/strong>: Przyj\u0119cie systemu kalibracji kolor\u00f3w GMG, \u0394E\u22641.2, w celu zapewnienia globalnej sp\u00f3jno\u015bci partii;<\/p>\n<p>-\u00a0<strong>Si\u0142a zespo\u0142u<\/strong>: Zesp\u00f3\u0142 10 in\u017cynier\u00f3w druku z ponad 10-letnim do\u015bwiadczeniem, bieg\u0142y w standardach drukowania ISO 12647-2 i zdobywca corocznej nagrody Pantone za zarz\u0105dzanie kolorami.<\/p>","protected":false},"excerpt":{"rendered":"<p><strong>ZOJO Print | Ekspert w dziedzinie niestandardowych opakowa\u0144 na wk\u0142ady do e-papieros\u00f3w - wzmacniaj\u0105cy pozycj\u0119 dzi\u0119ki technologii, definiuj\u0105cy nowe standardy bran\u017cowe<\/strong><\/p>\n<p>W dzisiejszej, szybko rozwijaj\u0105cej si\u0119 bran\u017cy e-papieros\u00f3w, opakowanie kartrid\u017ca jest nie tylko pojemnikiem na produkt, ale tak\u017ce podstawowym no\u015bnikiem zgodno\u015bci marki, bezpiecze\u0144stwa i do\u015bwiadczenia konsumenta. Firma ZOJO Print jest g\u0142\u0119boko zaanga\u017cowana w bran\u017c\u0119 opakowa\u0144 od 16 lat, koncentruj\u0105c si\u0119 na dostarczaniu wk\u0142ad\u00f3w do e-papieros\u00f3w ze sk\u0142adanymi pude\u0142kami, kt\u00f3re \u0142\u0105cz\u0105 funkcjonalno\u015b\u0107, walory estetyczne i zgodno\u015b\u0107 z przepisami.<\/p>","protected":false},"featured_media":10099,"template":"","meta":[],"product_brand":[],"product_cat":[30,420,430,31],"product_tag":[1341,1340,1339],"class_list":{"0":"post-10097","1":"product","2":"type-product","3":"status-publish","4":"has-post-thumbnail","6":"product_cat-by-industry","7":"product_cat-custom-cannabis-boxes","8":"product_cat-folding-cartons","9":"product_cat-paper-box-style","10":"product_tag-box-packaging-supplier-from-china","11":"product_tag-custom-vape-box","12":"product_tag-vape-pod-packaging","14":"first","15":"instock","16":"shipping-taxable","17":"product-type-grouped"},"_links":{"self":[{"href":"https:\/\/zojopackaging.com\/pl\/wp-json\/wp\/v2\/product\/10097","targetHints":{"allow":["GET"]}}],"collection":[{"href":"https:\/\/zojopackaging.com\/pl\/wp-json\/wp\/v2\/product"}],"about":[{"href":"https:\/\/zojopackaging.com\/pl\/wp-json\/wp\/v2\/types\/product"}],"version-history":[{"count":1,"href":"https:\/\/zojopackaging.com\/pl\/wp-json\/wp\/v2\/product\/10097\/revisions"}],"predecessor-version":[{"id":10105,"href":"https:\/\/zojopackaging.com\/pl\/wp-json\/wp\/v2\/product\/10097\/revisions\/10105"}],"wp:featuredmedia":[{"embeddable":true,"href":"https:\/\/zojopackaging.com\/pl\/wp-json\/wp\/v2\/media\/10099"}],"wp:attachment":[{"href":"https:\/\/zojopackaging.com\/pl\/wp-json\/wp\/v2\/media?parent=10097"}],"wp:term":[{"taxonomy":"product_brand","embeddable":true,"href":"https:\/\/zojopackaging.com\/pl\/wp-json\/wp\/v2\/product_brand?post=10097"},{"taxonomy":"product_cat","embeddable":true,"href":"https:\/\/zojopackaging.com\/pl\/wp-json\/wp\/v2\/product_cat?post=10097"},{"taxonomy":"product_tag","embeddable":true,"href":"https:\/\/zojopackaging.com\/pl\/wp-json\/wp\/v2\/product_tag?post=10097"}],"curies":[{"name":"wp","href":"https:\/\/api.w.org\/{rel}","templated":true}]}}