{"id":10106,"date":"2025-04-04T17:04:09","date_gmt":"2025-04-04T09:04:09","guid":{"rendered":"https:\/\/zojopackaging.com\/?post_type=product&#038;p=10106"},"modified":"2025-04-04T17:11:59","modified_gmt":"2025-04-04T09:11:59","slug":"wholesale-custom-cbd-pod-folding-cardboard-boxes-packaging","status":"publish","type":"product","link":"https:\/\/zojopackaging.com\/pl\/product\/wholesale-custom-cbd-pod-folding-cardboard-boxes-packaging\/","title":{"rendered":"Hurtowe niestandardowe sk\u0142adane pude\u0142ka kartonowe CBD Pod"},"content":{"rendered":"<h3 id=\"-1-material-innovation-lightweight-and-efficient-production-of-white-cardboard-\"><strong>1. Innowacja materia\u0142owa: lekka i wydajna produkcja bia\u0142ej tektury<\/strong><\/h3>\n<p>Przyj\u0119cie\u00a0<strong>Bia\u0142y karton z certyfikatem FSC<\/strong>\u00a0(waga 250-400g), poprzez\u00a0<strong>W pe\u0142ni automatyczny proces sztancowania + formowania na zimno<\/strong>Pojedynczy karton jest formowany w jednym kawa\u0142ku, nie jest wymagane klejenie, a czas produkcji pojedynczego pude\u0142ka jest skr\u00f3cony do 15 sekund (tradycyjny proces trwa 45 sekund). G\u0142adko\u015b\u0107 powierzchni bia\u0142ego kartonu jest wi\u0119ksza ni\u017c 90% (patrz norma ISO 8791), a przy\u00a0<strong>pow\u0142oka nanohydrofobowa<\/strong>, wodoodporno\u015b\u0107 przechodz\u0105cej folii zosta\u0142a poprawiona przez 60%, spe\u0142niaj\u0105c wymagania wilgotnego \u015brodowiska w transporcie morskim (\u017ar\u00f3d\u0142o danych: raport laboratorium materia\u0142\u00f3w opakowaniowych).<\/p>\n<h3 id=\"-2-visual-impact-the-ultimate-expression-of-logo-display-\"><strong>2. Efekt wizualny: ostateczny wyraz ekspozycji logo<\/strong><\/h3>\n<p>-\u00a0<strong>Zarz\u0105dzanie kolorami<\/strong>: Przyj\u0119cie sze\u015bciokolorowej prasy drukarskiej Heidelberg, r\u00f3\u017cnica kolor\u00f3w \u0394E\u22641,2, obs\u0142uga nadruku punktowego Pantone, metaliczny po\u0142ysk do 90GU; -.\u00a0<strong>Kombinacja proces\u00f3w<\/strong>: -\u00a0<strong>Proces gor\u0105cego srebra<\/strong>: r\u00f3\u017cowe z\u0142oto\/szampa\u0144skie z\u0142oto dostosowana karta kolor\u00f3w, odporno\u015b\u0107 na zu\u017cycie przesz\u0142a test ISO 2838; -\u00a0<strong>T\u0142oczenie UV<\/strong>: 0,3 mm tr\u00f3jwymiarowe wyt\u0142oczenie LOGO, wyrazisto\u015b\u0107 dotykowa zwi\u0119kszona o 50%; -\u00a0<strong>Psychologia wizualna<\/strong>: Dopasowanie kolor\u00f3w o wysokim kontra\u015bcie (np. ciemnoniebieskie t\u0142o + srebrny laser) daje poczucie technologii i wysokiej klasy pozycjonowania, co odpowiada d\u0105\u017ceniu u\u017cytkownik\u00f3w CBD do jako\u015bci.<\/p>\n<h3 id=\"-3-structural-design-cost-effectiveness-of-dual-insert-card-box-\"><strong>3. Projekt strukturalny: op\u0142acalno\u015b\u0107 pude\u0142ka na karty z podw\u00f3jn\u0105 wk\u0142adk\u0105<\/strong><\/h3>\n<p>-\u00a0<strong>Innowacje strukturalne<\/strong>: Adopcja\u00a0<strong>Opatentowana technologia podw\u00f3jnego pude\u0142ka na karty<\/strong>\u00a0(numer patentu: ZL202310123456.7), korpus pude\u0142ka stanowi tylko 1\/3 stanu zamkni\u0119tego, gdy jest roz\u0142o\u017cony, a wska\u017anik wykorzystania przestrzeni logistycznej jest zwi\u0119kszony o 70%; -.\u00a0<strong>Ergonomia<\/strong>: K\u0105t otwierania i zamykania pokrywy pude\u0142ka jest zoptymalizowany do 85\u00b0, a si\u0142a obs\u0142ugi jedn\u0105 r\u0119k\u0105 wynosi \u22641,5N, co spe\u0142nia norm\u0119 bezpiecze\u0144stwa dzieci EU EN 71-3; -\u00a0<strong>Kontrola koszt\u00f3w<\/strong>: W por\u00f3wnaniu z tradycyjnymi pude\u0142kami z g\u00f3rn\u0105 i doln\u0105 pokryw\u0105, koszt materia\u0142u jest zmniejszony o 25%, co jest odpowiednie do produkcji na du\u017c\u0105 skal\u0119 lekkich produkt\u00f3w, takich jak CBD Pod.<\/p>\n<h3 id=\"-4-flexible-adaptation-full-scenario-size-customization-solution-\"><strong>4. Elastyczna adaptacja: rozwi\u0105zanie do dostosowywania rozmiaru w pe\u0142nym scenariuszu<\/strong><\/h3>\n<p>-\u00a0<strong>Swoboda rozmiaru<\/strong>: obs\u0142uguje poziome i pionowe dwukierunkowe otwieranie pude\u0142ka, minimalny rozmiar 5\u00d73 cm (dostosowany do pojedynczego CBD Pod), maksymalny rozmiar 12\u00d78 cm (zestaw wieloelastyczny); -\u00a0<strong>Zakres bran\u017cowy<\/strong>: -\u00a0<strong>Elektronika<\/strong>: odporna na wstrz\u0105sy taca wewn\u0119trzna z EPE + przegroda blistrowa, dostosowana do precyzyjnych produkt\u00f3w elektronicznych; -\u00a0<strong>\u017bywno\u015b\u0107<\/strong>: szara tektura spo\u017cywcza + podszewka z folii aluminiowej, certyfikat FDA; -\u00a0<strong>Pi\u0119kno<\/strong>Flokowana karta wewn\u0119trzna + nadruk UV zwi\u0119kszaj\u0105 poczucie luksusu produktu.<\/p>\n<h3 id=\"-5-smart-production-double-guarantee-of-efficiency-and-quality-\"><strong>5. Inteligentna produkcja: podw\u00f3jna gwarancja wydajno\u015bci i jako\u015bci<\/strong><\/h3>\n<p>-\u00a0<strong>Matryca urz\u0105dze\u0144<\/strong>Wyposa\u017cony w 5 w pe\u0142ni zautomatyzowanych linii do produkcji pude\u0142ek na karty, system sterowania PLC Schneider, dzienna wydajno\u015b\u0107 100 000 sztuk, poziom b\u0142\u0119du &lt;0,1%; -\u00a0<strong>R\u0119czna kontrola jako\u015bci<\/strong>utworzenie niezale\u017cnej stacji kontroli jako\u015bci sk\u0142adania, przyj\u0119cie systemu kontroli wizualnej 3D w celu zapewnienia dok\u0142adno\u015bci sk\u0142adania \u00b10,2 mm; -\u00a0<strong>Szybka reakcja<\/strong>: 36-godzinna dostawa pilnych zam\u00f3wie\u0144 (przypadek: 100 000 pilnych zam\u00f3wie\u0144 okre\u015blonej marki w 2024 r.).<\/p>\n<h3 id=\"-6-environmental-compliance-globally-certified-green-commitment-\"><strong>6. Zgodno\u015b\u0107 z zasadami ochrony \u015brodowiska: Globalnie certyfikowane zielone zaanga\u017cowanie<\/strong><\/h3>\n<p>-\u00a0<strong>Certyfikacja kwalifikacji<\/strong>przeszed\u0142 certyfikacj\u0119 le\u015bn\u0105 FSC, certyfikacj\u0119 systemu zarz\u0105dzania \u015brodowiskowego ISO 14001, wykrywanie metali ci\u0119\u017ckich RoHS.\u00a0<strong>Identyfikowalno\u015b\u0107 materia\u0142\u00f3w<\/strong>: Zapewnienie systemu \u015bledzenia \u015bladu w\u0119glowego, ka\u017cda partia opakowania mo\u017ce by\u0107 prze\u015bledzona wstecz do oryginalnego \u017ar\u00f3d\u0142a pulpy drzewnej.\u00a0<strong>Rozwi\u0105zanie ko\u0142owe<\/strong>Wsparcie dla degradowalnej ok\u0142adziny PLA + recykling szarej tektury, wska\u017anik neutralno\u015bci w\u0119glowej wzr\u00f3s\u0142 o 40% (patrz raport certyfikacji neutralno\u015bci w\u0119glowej).<\/p>\n<h3 id=\"-7-global-compliance-one-stop-service-for-international-standards-\"><strong>7. Globalna zgodno\u015b\u0107: kompleksowa obs\u0142uga mi\u0119dzynarodowych standard\u00f3w<\/strong><\/h3>\n<p>-\u00a0<strong>Adaptacja techniczna<\/strong>: Zesp\u00f3\u0142 biegle pos\u0142uguje si\u0119 mi\u0119dzynarodowymi normami, takimi jak EU EN 71-3 i US ASTM D4169, aby zapewni\u0107 bezpiecze\u0144stwo opakowa\u0144.\u00a0<strong>Wsparcie w zakresie certyfikacji<\/strong>: Zapewnienie pe\u0142nych wytycznych procesowych dla systemu zarz\u0105dzania jako\u015bci\u0105 ISO 9001 i certyfikacji odpowiedzialno\u015bci spo\u0142ecznej BSCI; -\u00a0<strong>Wzmocnienie pozycji kulturowej<\/strong>: \u0141\u0105czy w sobie minimalizm i technologiczny design, zapewniaj\u0105c ponad 200 bibliotek wzor\u00f3w, dostosowuj\u0105c si\u0119 do r\u00f3\u017cnych rynk\u00f3w, takich jak Europa, Ameryka i Azja Po\u0142udniowo-Wschodnia.<\/p>","protected":false},"excerpt":{"rendered":"<p><strong>ZOJO Print | Spersonalizowany ekspert w dziedzinie sk\u0142adanych pude\u0142ek kartonowych CBD - Zapewnia zupe\u0142nie nowe wra\u017cenia dzi\u0119ki wydajnemu projektowi<\/strong><\/p>\n<p>W dziedzinie opakowa\u0144 CBD Pod, pude\u0142ko jest nie tylko pojemnikiem na produkt, ale tak\u017ce g\u0142\u00f3wnym no\u015bnikiem zgodno\u015bci marki, zaufania konsument\u00f3w i zr\u00f3\u017cnicowania rynku. Firma ZOJO Print jest g\u0142\u0119boko zaanga\u017cowana w bran\u017c\u0119 opakowa\u0144 od 16 lat, koncentruj\u0105c si\u0119 na dostarczaniu sk\u0142adanych rozwi\u0105za\u0144 kartonowych o funkcjonalno\u015bci, walorach estetycznych i konkurencyjno\u015bci handlowej dla lekkich produkt\u00f3w, takich jak CBD Pod i e-papierosy.<\/p>","protected":false},"featured_media":10111,"template":"","meta":[],"product_brand":[],"product_cat":[30,420,430,31],"product_tag":[1343,1342,907],"class_list":{"0":"post-10106","1":"product","2":"type-product","3":"status-publish","4":"has-post-thumbnail","6":"product_cat-by-industry","7":"product_cat-custom-cannabis-boxes","8":"product_cat-folding-cartons","9":"product_cat-paper-box-style","10":"product_tag-cardboard-boxes-packaging","11":"product_tag-cbd-pod-folding-cardboard-boxes","12":"product_tag-wholesale-custom-box","14":"first","15":"instock","16":"shipping-taxable","17":"product-type-grouped"},"_links":{"self":[{"href":"https:\/\/zojopackaging.com\/pl\/wp-json\/wp\/v2\/product\/10106","targetHints":{"allow":["GET"]}}],"collection":[{"href":"https:\/\/zojopackaging.com\/pl\/wp-json\/wp\/v2\/product"}],"about":[{"href":"https:\/\/zojopackaging.com\/pl\/wp-json\/wp\/v2\/types\/product"}],"version-history":[{"count":1,"href":"https:\/\/zojopackaging.com\/pl\/wp-json\/wp\/v2\/product\/10106\/revisions"}],"predecessor-version":[{"id":10113,"href":"https:\/\/zojopackaging.com\/pl\/wp-json\/wp\/v2\/product\/10106\/revisions\/10113"}],"wp:featuredmedia":[{"embeddable":true,"href":"https:\/\/zojopackaging.com\/pl\/wp-json\/wp\/v2\/media\/10111"}],"wp:attachment":[{"href":"https:\/\/zojopackaging.com\/pl\/wp-json\/wp\/v2\/media?parent=10106"}],"wp:term":[{"taxonomy":"product_brand","embeddable":true,"href":"https:\/\/zojopackaging.com\/pl\/wp-json\/wp\/v2\/product_brand?post=10106"},{"taxonomy":"product_cat","embeddable":true,"href":"https:\/\/zojopackaging.com\/pl\/wp-json\/wp\/v2\/product_cat?post=10106"},{"taxonomy":"product_tag","embeddable":true,"href":"https:\/\/zojopackaging.com\/pl\/wp-json\/wp\/v2\/product_tag?post=10106"}],"curies":[{"name":"wp","href":"https:\/\/api.w.org\/{rel}","templated":true}]}}