{"id":10114,"date":"2025-04-04T17:20:31","date_gmt":"2025-04-04T09:20:31","guid":{"rendered":"https:\/\/zojopackaging.com\/?post_type=product&#038;p=10114"},"modified":"2025-04-04T17:30:39","modified_gmt":"2025-04-04T09:30:39","slug":"high-quality-irregular-shape-custom-perfume-boxes-wholesale","status":"publish","type":"product","link":"https:\/\/zojopackaging.com\/pl\/product\/high-quality-irregular-shape-custom-perfume-boxes-wholesale\/","title":{"rendered":"Wysokiej jako\u015bci niestandardowe pude\u0142ka na perfumy o nieregularnym kszta\u0142cie hurtowo"},"content":{"rendered":"<h2 id=\"high-end-customized-irregular-flip-top-shaped-perfume-box-product-description\">Wysokiej klasy niestandardowe nieregularne pude\u0142ko na perfumy w kszta\u0142cie klapki Opis produktu<\/h2>\n<h2 id=\"-i-product-core-highlights-\"><strong>1. Najwa\u017cniejsze cechy produktu<\/strong><\/h2>\n<ol>\n<li><strong>Luksusowy projekt wizualny<\/strong>\u00a0To pude\u0142ko na perfumy przyjmuje klasyczn\u0105 kontrastow\u0105 kombinacj\u0119 kolor\u00f3w\u00a0<strong>czerwony papier specjalny<\/strong>\u00a0oraz\u00a0<strong>czarna szara tablica<\/strong>. G\u0142\u00f3wny czerwony kolor przekazuje entuzjazm i wra\u017cenie wysokiej klasy, a pomocniczy czarny kolor dodaje spokoju i tajemniczego temperamentu. Powierzchnia pude\u0142ka przedstawia LOGO marki poprzez\u00a0<strong>Proces t\u0142oczenia na gor\u0105co<\/strong>Z\u0142ote linie i czerwony papier bazowy wzajemnie si\u0119 uzupe\u0142niaj\u0105, co nie tylko zachowuje tradycyjny klasyczny urok, ale tak\u017ce podkre\u015bla nowoczesn\u0105 minimalistyczn\u0105 estetyk\u0119. Nieregularny kszta\u0142t klapki obudowy prze\u0142amuje konwencjonaln\u0105 symetryczn\u0105 struktur\u0119, a\u00a0<strong>Uko\u015bna konstrukcja otwierania i zamykania<\/strong>\u00a0Wzmacnia efekt wizualny i staje si\u0119 w centrum uwagi zaraz po otwarciu pude\u0142ka.<\/li>\n<li><strong>Przyjazny dla \u015brodowiska i degradowalny materia\u0142<\/strong>\u00a0Zgodnie z koncepcj\u0105 zr\u00f3wnowa\u017conego rozwoju, korpus pude\u0142ka jest wykonany z\u00a0<strong>degradowalne i przyjazne dla \u015brodowiska materia\u0142y<\/strong>a g\u0142\u00f3wnymi materia\u0142ami s\u0105 specjalny papier z certyfikatem FSC i kleje na bazie ro\u015blin, bior\u0105c pod uwag\u0119 zar\u00f3wno wytrzyma\u0142o\u015b\u0107, jak i ekologiczno\u015b\u0107. Podszewka wykonana jest z czarnego tworzywa EVA pochodz\u0105cego z recyklingu.\u00a0<strong>czarna flanela<\/strong>, kt\u00f3ry nie tylko stabilizuje butelk\u0119 perfum (b\u0142\u0105d jest kontrolowany w zakresie \u00b11 mm), ale tak\u017ce zwi\u0119ksza poczucie ceremonii rozpakowywania poprzez delikatny dotyk.<\/li>\n<\/ol>\n<h2 id=\"-ii-innovative-structure-and-user-experience-\"><strong>2. Innowacyjna struktura i do\u015bwiadczenie u\u017cytkownika<\/strong><\/h2>\n<ol>\n<li><strong>Rytua\u0142 otwierania i zamykania<\/strong>\u00a0Wyj\u0105tkowy\u00a0<strong>Sko\u015bnie otwierana konstrukcja skrzynki<\/strong>\u00a0wykorzystuje skos 30\u00b0, aby u\u0142atwi\u0107 konsumentom naturalne otwieranie. Pokrywa i dolne pude\u0142ko s\u0105 precyzyjnie po\u0142\u0105czone za pomoc\u0105 magnetycznych klamer, a proces otwierania i zamykania jest p\u0142ynny i elegancki. W po\u0142\u0105czeniu z mi\u0119kk\u0105 w dotyku aksamitn\u0105 podszewk\u0105, tworzy to wci\u0105gaj\u0105ce do\u015bwiadczenie przypominaj\u0105ce \"odkrywanie skarbu\". Wewn\u0119trzne pude\u0142ko zosta\u0142o zaprojektowane jako wbudowane gniazdo na kart\u0119, kt\u00f3re jest odpowiednie dla r\u00f3\u017cnych butelek perfum o specjalnym kszta\u0142cie, aby zapewni\u0107 bezpiecze\u0144stwo transportu i pi\u0119kn\u0105 ekspozycj\u0119.<\/li>\n<li><strong>Interaktywne do\u015bwiadczenie wielozmys\u0142owe<\/strong><\/li>\n<li><strong>Wizualny<\/strong>: Kontrast mi\u0119dzy t\u0142oczonym na gor\u0105co LOGO a matow\u0105 czerwieni\u0105 i czerni\u0105 zapewnia stonowany luksus;<\/li>\n<li><strong>Dotykowy<\/strong>: Delikatna faktura specjalnego papieru i aksamitna podszewka tworz\u0105 wra\u017cenie warstwowo\u015bci;<\/li>\n<li><strong>W\u0119ch<\/strong>: Pude\u0142ko mo\u017cna spersonalizowa\u0107 za pomoc\u0105 papieru zapachowego, a g\u00f3rne nuty, kt\u00f3re odbijaj\u0105 si\u0119 echem perfum, s\u0105 uwalniane natychmiast po otwarciu pude\u0142ka.<\/li>\n<\/ol>\n<h2 id=\"-iii-customized-service-and-production-guarantee-\"><strong>3. Indywidualna obs\u0142uga i gwarancja produkcji<\/strong><\/h2>\n<ol>\n<li><strong>Pe\u0142na obs\u0142uga dostosowywania link\u00f3w<\/strong><\/li>\n<li><strong>Elastyczny rozmiar<\/strong>: Zgodnie z rozmiarem butelki perfum (d\u0142ugo\u015b\u0107 \u00d7 szeroko\u015b\u0107 \u00d7 wysoko\u015b\u0107) dostarczonym przez klienta, in\u017cynier ko\u0144czy modelowanie 3D i proofing w ci\u0105gu 48 godzin, obs\u0142uguj\u0105c r\u00f3\u017cne typy pude\u0142ek, takie jak pude\u0142ka g\u00f3rne i dolne, pude\u0142ka z szufladami i pude\u0142ka o specjalnym kszta\u0142cie;<\/li>\n<li><strong>Aktualizacja procesu<\/strong>: Zapewnia ponad 20 opcji obr\u00f3bki powierzchni, takich jak t\u0142oczenie na gor\u0105co\/srebro, wyt\u0142aczanie UV i wyt\u0142aczanie, a tak\u017ce mo\u017ce osadza\u0107 akcesoria, takie jak magnesy i wst\u0105\u017cki;<\/li>\n<li><strong>Integracja marki<\/strong>: Od projektu LOGO do copywritingu opakowa\u0144, zapewniamy kompletne rozwi\u0105zanie w zakresie rozszerzenia wizualnego VI. a<\/li>\n<li><strong>Si\u0142a produkcyjna i kontrola jako\u015bci<\/strong><\/li>\n<li><strong>Sprz\u0119t i pojemno\u015b\u0107<\/strong>: Dzi\u0119ki w pe\u0142ni automatycznym maszynom sztancuj\u0105cym, maszynom drukarskim Heidelberg i innym zaawansowanym urz\u0105dzeniom, dzienna produkcja si\u0119ga 10 000 sztuk i obs\u0142uguje minimalne zam\u00f3wienie 1000 sztuk;<\/li>\n<li><strong>Zapewnienie jako\u015bci<\/strong>: Przeszed\u0142 certyfikacj\u0119 ISO 9001, ka\u017cda partia produkt\u00f3w przechodzi 12 proces\u00f3w kontroli jako\u015bci, b\u0142\u0105d r\u00f3\u017cnicy kolor\u00f3w wynosi \u22645%, a wska\u017anik reklamacji by\u0142 poni\u017cej 5% przez dziesi\u0119\u0107 kolejnych lat;<\/li>\n<li><strong>Cykl dostawy<\/strong>: 5 dni na proofing, 7-14 dni na masow\u0105 produkcj\u0119, wspieraj\u0105c globaln\u0105 logistyk\u0119 i eksport transgraniczny.<\/li>\n<\/ol>\n<h2 id=\"-fourth-application-scenarios-and-market-value-\"><strong>4. Scenariusze zastosowa\u0144 i warto\u015b\u0107 rynkowa<\/strong><\/h2>\n<ul>\n<li><strong>Wysokiej klasy prezenty<\/strong>: Nadaje si\u0119 do luksusowych perfum, limitowanych edycji zapach\u00f3w, personalizacji \u015blubnej i innych scenariuszy;<\/li>\n<li><strong>Brand Premium<\/strong>: Wed\u0142ug danych bran\u017cowych zr\u00f3\u017cnicowane opakowanie mo\u017ce zwi\u0119kszy\u0107 wska\u017anik premii za produkt o 30%-50%;<\/li>\n<li><strong>Certyfikacja \u015brodowiskowa<\/strong>: Zgodno\u015b\u0107 z normami EU REACH i US FDA, co pomaga markom wej\u015b\u0107 na rynki europejskie i ameryka\u0144skie, kt\u00f3re koncentruj\u0105 si\u0119 na zr\u00f3wnowa\u017conym rozwoju.<\/li>\n<\/ul>","protected":false},"excerpt":{"rendered":"<ul>\n<li>\u200b<strong>Wyr\u00f3\u017cniaj\u0105ca si\u0119 obecno\u015b\u0107 na p\u00f3\u0142ce.<\/strong>Nieregularny kszta\u0142t + czerwono-z\u0142oty kontrast przyci\u0105gaj\u0105 luksusowych nabywc\u00f3w.<\/li>\n<li>\u200b<strong>Wzmocnienie marki.<\/strong>Konfigurowalne logo\/kolory wzmacniaj\u0105 rozpoznawalno\u015b\u0107 marki.<\/li>\n<li>\u200b<strong>Gwarantowana trwa\u0142o\u015b\u0107.<\/strong>Gruba tektura chroni delikatne butelki perfum podczas transportu.<\/li>\n<li>\u200b<strong>Oszcz\u0119dno\u015bci hurtowe.<\/strong>Konkurencyjne ceny dla du\u017cych zam\u00f3wie\u0144 bez kompromis\u00f3w w zakresie jako\u015bci.<\/li>\n<li>\u200b<strong>Unboxing Premium.<\/strong>B\u0142yszcz\u0105ce\/matowe tekstury i bezpieczne dopasowanie zwi\u0119kszaj\u0105 komfort u\u017cytkowania.<\/li>\n<\/ul>","protected":false},"featured_media":10116,"template":"","meta":[],"product_brand":[],"product_cat":[30,417,428,31],"product_tag":[225,336,540],"class_list":{"0":"post-10114","1":"product","2":"type-product","3":"status-publish","4":"has-post-thumbnail","6":"product_cat-by-industry","7":"product_cat-custom-perfume-boxes-by-industry","8":"product_cat-irregular-shaped-gift-boxes","9":"product_cat-paper-box-style","10":"product_tag-custom-perfume-boxes","11":"product_tag-perfume-boxes","12":"product_tag-perfume-boxes-wholesale","14":"first","15":"instock","16":"shipping-taxable","17":"product-type-grouped"},"_links":{"self":[{"href":"https:\/\/zojopackaging.com\/pl\/wp-json\/wp\/v2\/product\/10114","targetHints":{"allow":["GET"]}}],"collection":[{"href":"https:\/\/zojopackaging.com\/pl\/wp-json\/wp\/v2\/product"}],"about":[{"href":"https:\/\/zojopackaging.com\/pl\/wp-json\/wp\/v2\/types\/product"}],"version-history":[{"count":1,"href":"https:\/\/zojopackaging.com\/pl\/wp-json\/wp\/v2\/product\/10114\/revisions"}],"predecessor-version":[{"id":10121,"href":"https:\/\/zojopackaging.com\/pl\/wp-json\/wp\/v2\/product\/10114\/revisions\/10121"}],"wp:featuredmedia":[{"embeddable":true,"href":"https:\/\/zojopackaging.com\/pl\/wp-json\/wp\/v2\/media\/10116"}],"wp:attachment":[{"href":"https:\/\/zojopackaging.com\/pl\/wp-json\/wp\/v2\/media?parent=10114"}],"wp:term":[{"taxonomy":"product_brand","embeddable":true,"href":"https:\/\/zojopackaging.com\/pl\/wp-json\/wp\/v2\/product_brand?post=10114"},{"taxonomy":"product_cat","embeddable":true,"href":"https:\/\/zojopackaging.com\/pl\/wp-json\/wp\/v2\/product_cat?post=10114"},{"taxonomy":"product_tag","embeddable":true,"href":"https:\/\/zojopackaging.com\/pl\/wp-json\/wp\/v2\/product_tag?post=10114"}],"curies":[{"name":"wp","href":"https:\/\/api.w.org\/{rel}","templated":true}]}}