{"id":10122,"date":"2025-04-04T17:30:47","date_gmt":"2025-04-04T09:30:47","guid":{"rendered":"https:\/\/zojopackaging.com\/?post_type=product&#038;p=10122"},"modified":"2025-04-04T17:48:28","modified_gmt":"2025-04-04T09:48:28","slug":"print-luxury-custom-scented-candle-packaging-boxes-wholesale","status":"publish","type":"product","link":"https:\/\/zojopackaging.com\/pl\/product\/print-luxury-custom-scented-candle-packaging-boxes-wholesale\/","title":{"rendered":"Drukuj luksusowe niestandardowe opakowania na \u015bwiece zapachowe hurtowo"},"content":{"rendered":"<h2 id=\"-luxury-custom-aromatherapy-candle-packaging-box-wholesale-product-description-\">Drukuj luksusowe niestandardowe opakowania na \u015bwiece zapachowe hurtowo<\/h2>\n<h2 id=\"-professional-customization-service-\"><strong>Profesjonalna us\u0142uga dostosowywania<\/strong><\/h2>\n<p>Do\u015bwiadczony zesp\u00f3\u0142 techniczny zapewnia kompleksowe rozwi\u0105zania:<\/p>\n<ul>\n<li><strong>Projektowanie renderingu 3D<\/strong>: Dostosuj ekskluzywne opakowanie zgodnie z tonem marki, w tym t\u0142oczenie na gor\u0105co LOGO, wyt\u0142aczanie, otwieranie pustego okna i inne procesy.<\/li>\n<li><strong>Pe\u0142na obs\u0142uga proces\u00f3w<\/strong>: Od wyboru materia\u0142u, przez dostosowanie procesu, po potwierdzenie proofingu, zapewniamy dok\u0142adne wdro\u017cenie projektu, aby spe\u0142ni\u0107 surowe wymagania marki high-end dotycz\u0105ce szczeg\u00f3\u0142\u00f3w.<\/li>\n<\/ul>\n<h2 id=\"-application-scenarios-and-industry-adaptability-\"><strong>Scenariusze zastosowa\u0144 i mo\u017cliwo\u015b\u0107 dostosowania do potrzeb bran\u017cy<\/strong><\/h2>\n<ul>\n<li><strong>Wysokiej klasy marka zapachowa<\/strong>: Dzi\u0119ki jedwabnemu t\u0142oczeniu na gor\u0105co, magnetycznej pokrywie pude\u0142ka i innym procesom mo\u017cna stworzy\u0107 luksusowe opakowanie, kt\u00f3re pasuje do temperamentu perfum.<\/li>\n<li><strong>Handel elektroniczny i detaliczny<\/strong>: P\u0142aska konstrukcja optymalizuje wydajno\u015b\u0107 magazynowania i transportu, a ekspozycja okienna zwi\u0119ksza widoczno\u015b\u0107 produktu i stymuluje ch\u0119\u0107 zakupu przez konsument\u00f3w.<\/li>\n<li><strong>Rynek prezent\u00f3w<\/strong>: Obs\u0142uguje kreatywne projekty, takie jak t\u0142oczone na gor\u0105co otwory na kartki okoliczno\u015bciowe oraz otwieranie i zamykanie w stylu ksi\u0105\u017cki, aby wzmocni\u0107 poczucie rytua\u0142u i warto\u015b\u0107 kolekcjonersk\u0105 pude\u0142ek upominkowych.<\/li>\n<\/ul>\n<h2 id=\"-technology-and-service-guarantee-\"><strong>Gwarancja technologii i us\u0142ug<\/strong><\/h2>\n<ul>\n<li><strong>Dziesi\u0119\u0107 lat do\u015bwiadczenia w bran\u017cy<\/strong>: G\u0142\u0119boko zaanga\u017cowani w bran\u017c\u0119 opakowa\u0144, \u015bwiadcz\u0105 us\u0142ugi w bran\u017cach wysokiej klasy, takich jak elektronika u\u017cytkowa i uroda, dok\u0142adnie rozumiej\u0105 trendy rynkowe i zapewniaj\u0105 przysz\u0142o\u015bciowe propozycje projektowe.<\/li>\n<li><strong>Pe\u0142na kontrola jako\u015bci \u0142\u0105cza<\/strong>: Korzystaj z technologii druku offsetowego, aby zapewni\u0107 b\u0142\u0105d dok\u0142adno\u015bci druku \u22640,02 mm i wsp\u00f3\u0142pracuj z fabrykami posiadaj\u0105cymi certyfikat ISO, aby zapewni\u0107 sp\u00f3jno\u015b\u0107 produkcji seryjnej.<\/li>\n<li><strong>Elastyczna minimalna ilo\u015b\u0107 zam\u00f3wienia<\/strong>: Obs\u0142uguje minimalne zam\u00f3wienie 50 sztuk i najszybsz\u0105 dostaw\u0119 w ci\u0105gu 7 dni, spe\u0142niaj\u0105c potrzeby ma\u0142ych i \u015brednich marek w zakresie zam\u00f3wie\u0144 pr\u00f3bnych i zakup\u00f3w wielkoseryjnych.<\/li>\n<\/ul>","protected":false},"excerpt":{"rendered":"<ul>\n<li>\u200b<strong>Konstrukcja bezpieczna dla dzieci.<\/strong>Bezpieczne zamkni\u0119cie + etykiety ostrzegawcze zapobiegaj\u0105ce wypadkom.<\/li>\n<li>\u200b<strong>Luksusowy wygl\u0105d.<\/strong>Matowe wyko\u0144czenie i minimalistyczny styl podnosz\u0105 postrzeganie marki.<\/li>\n<li>\u200b<strong>Niestandardowy branding.<\/strong>Drukuj logo, kolory i dane kontaktowe bez wysi\u0142ku.<\/li>\n<li>\u200b<strong>Trwa\u0142o\u015b\u0107 i lekko\u015b\u0107.<\/strong>Chroni perfumy bez zwi\u0119kszania ich obj\u0119to\u015bci.<\/li>\n<li>\u200b<strong>Op\u0142acalno\u015b\u0107.<\/strong>Przyst\u0119pne ceny hurtowe dla startup\u00f3w i hurtownik\u00f3w.<\/li>\n<\/ul>","protected":false},"featured_media":10123,"template":"","meta":[],"product_brand":[],"product_cat":[30,416,430,31],"product_tag":[468,1345,1344],"class_list":{"0":"post-10122","1":"product","2":"type-product","3":"status-publish","4":"has-post-thumbnail","6":"product_cat-by-industry","7":"product_cat-custom-candle-boxes","8":"product_cat-folding-cartons","9":"product_cat-paper-box-style","10":"product_tag-custom-candle-packaging","11":"product_tag-luxury-candle-packaging-wholesale","12":"product_tag-scented-boxes-wholesale","14":"first","15":"instock","16":"shipping-taxable","17":"product-type-grouped"},"_links":{"self":[{"href":"https:\/\/zojopackaging.com\/pl\/wp-json\/wp\/v2\/product\/10122","targetHints":{"allow":["GET"]}}],"collection":[{"href":"https:\/\/zojopackaging.com\/pl\/wp-json\/wp\/v2\/product"}],"about":[{"href":"https:\/\/zojopackaging.com\/pl\/wp-json\/wp\/v2\/types\/product"}],"version-history":[{"count":1,"href":"https:\/\/zojopackaging.com\/pl\/wp-json\/wp\/v2\/product\/10122\/revisions"}],"predecessor-version":[{"id":10129,"href":"https:\/\/zojopackaging.com\/pl\/wp-json\/wp\/v2\/product\/10122\/revisions\/10129"}],"wp:featuredmedia":[{"embeddable":true,"href":"https:\/\/zojopackaging.com\/pl\/wp-json\/wp\/v2\/media\/10123"}],"wp:attachment":[{"href":"https:\/\/zojopackaging.com\/pl\/wp-json\/wp\/v2\/media?parent=10122"}],"wp:term":[{"taxonomy":"product_brand","embeddable":true,"href":"https:\/\/zojopackaging.com\/pl\/wp-json\/wp\/v2\/product_brand?post=10122"},{"taxonomy":"product_cat","embeddable":true,"href":"https:\/\/zojopackaging.com\/pl\/wp-json\/wp\/v2\/product_cat?post=10122"},{"taxonomy":"product_tag","embeddable":true,"href":"https:\/\/zojopackaging.com\/pl\/wp-json\/wp\/v2\/product_tag?post=10122"}],"curies":[{"name":"wp","href":"https:\/\/api.w.org\/{rel}","templated":true}]}}