{"id":10130,"date":"2025-04-04T17:48:38","date_gmt":"2025-04-04T09:48:38","guid":{"rendered":"https:\/\/zojopackaging.com\/?post_type=product&#038;p=10130"},"modified":"2025-04-04T18:05:52","modified_gmt":"2025-04-04T10:05:52","slug":"custom-essential-oil-cardboard-drawer-gift-packaging-box","status":"publish","type":"product","link":"https:\/\/zojopackaging.com\/pl\/product\/custom-essential-oil-cardboard-drawer-gift-packaging-box\/","title":{"rendered":"Niestandardowe kartonowe pude\u0142ko na prezenty z olejkami eterycznymi"},"content":{"rendered":"<h2 id=\"-customized-essential-oil-cardboard-drawer-gift-box-product-description-\"><strong>Niestandardowe pude\u0142ko na olejki eteryczne z szuflad\u0105 kartonow\u0105\u00a0<\/strong><\/h2>\n<h2 id=\"-1-material-and-structural-design-\"><strong>1. Projekt materia\u0142owy i konstrukcyjny<\/strong><\/h2>\n<p>To pude\u0142ko do pakowania olejk\u00f3w eterycznych wykorzystuje\u00a0<strong>157 g podw\u00f3jnego papieru miedzianego na 1200 g szarej tektury o wysokiej g\u0119sto\u015bci<\/strong>i wykorzystuje wielowarstwowy proces kompozytowy do stworzenia stabilnego pude\u0142ka. Rdze\u0144 z szarej p\u0142yty jest t\u0142oczony z w\u0142\u00f3kien pochodz\u0105cych z recyklingu, a wewn\u0119trzna przezroczysta szara struktura zapewnia, \u017ce b\u0142\u0105d p\u0142asko\u015bci korpusu pude\u0142ka wynosi \u22640,1 mm, a wytrzyma\u0142o\u015b\u0107 na zginanie jest 1,5 razy wi\u0119ksza ni\u017c standard bran\u017cowy. Konstrukcja otwierania i zamykania w stylu szuflady jest po\u0142\u0105czona z magnetyczn\u0105 struktur\u0105 ssania \/ zacisku, kt\u00f3ra mo\u017ce osi\u0105gn\u0105\u0107 ponad 10 000 test\u00f3w otwierania i zamykania bez deformacji. Korpus skrzynki ma zakres no\u015bno\u015bci 1-3 kg, odpowiedni dla butelek olejk\u00f3w eterycznych 10 ml-100 ml o r\u00f3\u017cnych specyfikacjach.<\/p>\n<h2 id=\"-ii-customized-lining-solution-\"><strong>2. Indywidualne rozwi\u0105zanie podszewki<\/strong><\/h2>\n<p>Zapewni\u0107\u00a0<strong>Wewn\u0119trzne wsparcie z wykrawanego tworzywa EVA, warstwa amortyzuj\u0105ca z bawe\u0142ny per\u0142owej, g\u0105bka flokowana<\/strong>\u00a0trzypoziomowy system ochrony<\/p>\n<ul>\n<li><strong>Materia\u0142 EVA<\/strong>g\u0119sto\u015b\u0107 0,3-0,5 g\/cm\u00b3, porowato\u015b\u0107 otwarta \u226585%, certyfikat FDA do kontaktu z \u017cywno\u015bci\u0105<\/li>\n<li><strong>Per\u0142owa bawe\u0142niana podszewka<\/strong>Regulowana grubo\u015b\u0107 5-20 mm, wsp\u00f3\u0142czynnik odbicia \u226590%, skutecznie poch\u0142ania uderzenia si\u0142y G podczas transportu<\/li>\n<li><strong>Proces flokowania<\/strong>: Wykorzystanie technologii flokowania elektrostatycznego, g\u0119sto\u015b\u0107 flokowania osi\u0105ga 3000-5000 korzeni\/cm\u00b2, delikatny dotyk i antypo\u015blizgowo\u015b\u0107.<\/li>\n<\/ul>\n<h2 id=\"-iii-printing-and-surface-treatment-\"><strong>3. Drukowanie i obr\u00f3bka powierzchni<\/strong><\/h2>\n<p>Przyj\u0119cie\u00a0<strong>Druk czterokolorowy + proces laminowania<\/strong>\u00a0aby osi\u0105gn\u0105\u0107 dok\u0142adno\u015b\u0107 kolor\u00f3w karty kolor\u00f3w Pantone \u0394E\u22641,5:<\/p>\n<ol>\n<li><strong>Wst\u0119pna obr\u00f3bka pod\u0142o\u017ca<\/strong>: Powierzchnia szarej p\u0142yty jest poddawana obr\u00f3bce plazmowej, a przyczepno\u015b\u0107 atramentu jest zwi\u0119kszona o 40%.<\/li>\n<li><strong>Druk czterokolorowy<\/strong>: Wyposa\u017cony w 8-kolorow\u0105 drukark\u0119 UV Heidelberg, obs\u0142uguj\u0105c\u0105 ultracienkie linie o grubo\u015bci 0,1 mm.<\/li>\n<li><strong>Proces laminowania<\/strong>: Mo\u017cna wybra\u0107 foli\u0119 b\u0142yszcz\u0105c\u0105\/matow\u0105 BOPP o poziomie odporno\u015bci na zu\u017cycie H (brak zarysowa\u0144 po 5000 tar\u0107).<\/li>\n<\/ol>\n<h2 id=\"-iv-personalized-customization-service-\"><strong>4. Spersonalizowana us\u0142uga dostosowywania<\/strong><\/h2>\n<ul>\n<li><strong>Wsparcie projektowe<\/strong>: 12 rozwi\u0105za\u0144 obr\u00f3bki powierzchni, w tym modelowanie 3D, t\u0142oczenie na gor\u0105co, wyt\u0142aczana tekstura itp.<\/li>\n<li><strong>Rozszerzenie funkcji<\/strong>: Mo\u017ce integrowa\u0107 gniazdo kart chipowych NFC, osadzanie paska \u015bwietlnego LED i inne inteligentne rozwi\u0105zania opakowaniowe.<\/li>\n<li><strong>Cykl sprawdzania<\/strong>: 48 godzin na dostarczenie pierwszej wersji pr\u00f3bki, obs\u0142uga 5 bezp\u0142atnych modyfikacji projektu<\/li>\n<\/ul>\n<h2 id=\"-v-production-guarantee-system-\"><strong>5. System gwarancji produkcji<\/strong><\/h2>\n<ul>\n<li><strong>Skala wydajno\u015bci<\/strong>: Fabryka zajmuje powierzchni\u0119 5 320 metr\u00f3w kwadratowych i jest wyposa\u017cona w 9 w pe\u0142ni automatycznych linii produkcyjnych o dziennej zdolno\u015bci produkcyjnej 1 500 000 zestaw\u00f3w.<\/li>\n<li><strong>Kontrola jako\u015bci<\/strong>: Przeszed\u0142 certyfikacj\u0119 systemu ISO9001, wyposa\u017cony w rentgenowski detektor cia\u0142 obcych, komor\u0119 testow\u0105 o sta\u0142ej temperaturze i wilgotno\u015bci.<\/li>\n<li><strong>Mo\u017cliwo\u015bci badawczo-rozwojowe<\/strong>: 30-osobowy profesjonalny zesp\u00f3\u0142 posiada 12 patent\u00f3w na opakowania, zapewnia analiz\u0119 symulacji struktury element\u00f3w sko\u0144czonych FEA<\/li>\n<\/ul>\n<h2 id=\"-6-environmental-certification-\"><strong>6. Certyfikacja \u015brodowiskowa<\/strong><\/h2>\n<ul>\n<li>Pod\u0142o\u017ce z szarej p\u0142yty przesz\u0142o certyfikacj\u0119 le\u015bn\u0105 FSC<\/li>\n<li>Atrament jest zgodny z norm\u0105 EN71-3 dotycz\u0105c\u0105 migracji metali ci\u0119\u017ckich<\/li>\n<li>Opakowanie 100% jest biodegradowalne i nadaje si\u0119 do recyklingu.<\/li>\n<\/ul>\n<h2 id=\"-technical-parameter-quick-reference-table-\"><strong>Tabela skr\u00f3t\u00f3w parametr\u00f3w technicznych<\/strong><\/h2>\n<table>\n<thead>\n<tr>\n<th>Pozycja<\/th>\n<th>Warto\u015b\u0107 standardowa<\/th>\n<\/tr>\n<\/thead>\n<tbody>\n<tr>\n<td>B\u0142\u0105d rozmiaru pude\u0142ka<\/td>\n<td>\u00b10,5 mm<\/td>\n<\/tr>\n<tr>\n<td>Wysoko\u015b\u0107 testu upadku<\/td>\n<td>1,2 m (standard ISTA 3A)<\/td>\n<\/tr>\n<tr>\n<td>Zakres tolerancji wilgotno\u015bci<\/td>\n<td>30%-85% RH<\/td>\n<\/tr>\n<tr>\n<td>Cykl dostawy<\/td>\n<td>7-15 dni roboczych<\/td>\n<\/tr>\n<\/tbody>\n<\/table>","protected":false},"excerpt":{"rendered":"<ul>\n<li>\u200b<strong>Wzornictwo inspirowane natur\u0105<\/strong>: Delikatne odcienie i motywy botaniczne odzwierciedlaj\u0105 czysto\u015b\u0107 i wyrafinowanie.<\/li>\n<li>\u200b<strong>Materia\u0142y przyjazne dla \u015brodowiska<\/strong>: Nadaj\u0105ca si\u0119 do recyklingu, biodegradowalna tektura jest zgodna z zasadami zr\u00f3wnowa\u017conego rozwoju.<\/li>\n<li>\u200b<strong>Wysoka trwa\u0142o\u015b\u0107<\/strong>: Wzmocniona struktura chroni oleje podczas przechowywania i transportu.<\/li>\n<li>\u200b<strong>Niestandardowa elastyczno\u015b\u0107<\/strong>: Dostosowanie wymiar\u00f3w, logo i tekstu do to\u017csamo\u015bci marki.<\/li>\n<li>\u200b<strong>Najwy\u017csza jako\u015b\u0107 druku<\/strong>: Wyrazista typografia i odporne na blakni\u0119cie kolory dla dopracowanego wyko\u0144czenia.<\/li>\n<\/ul>","protected":false},"featured_media":10133,"template":"","meta":[],"product_brand":[],"product_cat":[30,390,425,31],"product_tag":[1346,1347,1348],"class_list":{"0":"post-10130","1":"product","2":"type-product","3":"status-publish","4":"has-post-thumbnail","6":"product_cat-by-industry","7":"product_cat-custom-cosmetics-boxes","8":"product_cat-lid-and-base-gift-box","9":"product_cat-paper-box-style","10":"product_tag-custom-essential-oil-box","11":"product_tag-essential-oil-drawer-box","12":"product_tag-essential-oil-gift-box","14":"first","15":"instock","16":"shipping-taxable","17":"product-type-grouped"},"_links":{"self":[{"href":"https:\/\/zojopackaging.com\/pl\/wp-json\/wp\/v2\/product\/10130","targetHints":{"allow":["GET"]}}],"collection":[{"href":"https:\/\/zojopackaging.com\/pl\/wp-json\/wp\/v2\/product"}],"about":[{"href":"https:\/\/zojopackaging.com\/pl\/wp-json\/wp\/v2\/types\/product"}],"version-history":[{"count":2,"href":"https:\/\/zojopackaging.com\/pl\/wp-json\/wp\/v2\/product\/10130\/revisions"}],"predecessor-version":[{"id":10138,"href":"https:\/\/zojopackaging.com\/pl\/wp-json\/wp\/v2\/product\/10130\/revisions\/10138"}],"wp:featuredmedia":[{"embeddable":true,"href":"https:\/\/zojopackaging.com\/pl\/wp-json\/wp\/v2\/media\/10133"}],"wp:attachment":[{"href":"https:\/\/zojopackaging.com\/pl\/wp-json\/wp\/v2\/media?parent=10130"}],"wp:term":[{"taxonomy":"product_brand","embeddable":true,"href":"https:\/\/zojopackaging.com\/pl\/wp-json\/wp\/v2\/product_brand?post=10130"},{"taxonomy":"product_cat","embeddable":true,"href":"https:\/\/zojopackaging.com\/pl\/wp-json\/wp\/v2\/product_cat?post=10130"},{"taxonomy":"product_tag","embeddable":true,"href":"https:\/\/zojopackaging.com\/pl\/wp-json\/wp\/v2\/product_tag?post=10130"}],"curies":[{"name":"wp","href":"https:\/\/api.w.org\/{rel}","templated":true}]}}