{"id":10139,"date":"2025-04-04T18:06:07","date_gmt":"2025-04-04T10:06:07","guid":{"rendered":"https:\/\/zojopackaging.com\/?post_type=product&#038;p=10139"},"modified":"2025-04-04T18:19:59","modified_gmt":"2025-04-04T10:19:59","slug":"lid-and-base-30ml-perfume-cosmetic-gift-boxes-packaging","status":"publish","type":"product","link":"https:\/\/zojopackaging.com\/pl\/product\/lid-and-base-30ml-perfume-cosmetic-gift-boxes-packaging\/","title":{"rendered":"Pokrywka i podstawa 30 ml Perfumy Kosmetyczne pude\u0142ka na prezenty Opakowanie"},"content":{"rendered":"<h2 id=\"-product-description-of-30ml-perfume-cosmetics-gift-box-with-top-and-bottom-cover-\"><strong>Pokrywka i podstawa 30 ml Perfumy Kosmetyczne pude\u0142ka na prezenty Opakowanie<\/strong><\/h2>\n<h2 id=\"-design-concept-fusion-of-senses-and-emotions-\"><strong>Koncepcja projektu: Po\u0142\u0105czenie zmys\u0142\u00f3w i emocji<\/strong><\/h2>\n<ol>\n<li><strong>Estetyka wizualna<\/strong>\u00a0Zewn\u0119trzne pude\u0142ko prezentowe przyjmuje\u00a0<strong>ceglastoczerwona chusteczka<\/strong>kt\u00f3ry jest przetwarzany za pomoc\u0105 technologii matowej lub b\u0142yszcz\u0105cej folii, aby nada\u0107 powierzchni stonowan\u0105 i eleganck\u0105 tekstur\u0119. Jednocze\u015bnie,\u00a0<strong>Technologia druku na kolorowym kartonie<\/strong>\u00a0s\u0142u\u017cy do uzyskania odwa\u017cnego zderzenia kolor\u00f3w (takich jak koralowy pomara\u0144czowy i turkusowy przeplataj\u0105cy si\u0119) na wewn\u0119trznym pude\u0142ku, tworz\u0105c wizualny kontrast \"pow\u015bci\u0105gliwy na zewn\u0105trz i l\u015bni\u0105cy wewn\u0105trz\". Konstrukcja g\u00f3rnej i dolnej pokrywy g\u00f3rnego i dolnego pude\u0142ka ukrywa napi\u0119cie. Kraw\u0119d\u017a pokrywy pude\u0142ka przyjmuje\u00a0<strong>12\u00b0 magnetyczny k\u0105t otwarcia<\/strong>symuluj\u0105c rytualn\u0105 czynno\u015b\u0107 podnoszenia pokrywy, stymuluj\u0105c pragnienie konsument\u00f3w do eksploracji.<\/li>\n<li><strong>Narracja dotykowa<\/strong>\u00a0Wewn\u0119trzna podszewka wykonana jest z\u00a0<strong>bia\u0142a per\u0142owa bawe\u0142na<\/strong>kt\u00f3re chroni butelk\u0119 perfum dzi\u0119ki materia\u0142owi o wysokiej g\u0119sto\u015bci i jest delikatne jak jedwab. Powierzchnia pude\u0142ka mo\u017ce by\u0107\u00a0<strong>Technologia wyt\u0142aczania<\/strong>\u00a0lub\u00a0<strong>Technologia wyt\u0142aczania imitacji sk\u00f3ry<\/strong>Na przyk\u0142ad wyt\u0142oczenie kultowego wzoru marki na ceglastoczerwonej chusteczce, wywo\u0142uj\u0105ce delikatne dotykowe sprz\u0119\u017cenie zwrotne po przejechaniu palcem, wzmacniaj\u0105ce punkt pami\u0119ci marki.<\/li>\n<\/ol>\n<h2 id=\"-technology-and-customized-services-\"><strong>Technologia i niestandardowe us\u0142ugi<\/strong><\/h2>\n<ol>\n<li><strong>Zaawansowana technologia druku<\/strong><\/li>\n<li><strong>Druk w pe\u0142nym kolorze<\/strong>: Obs\u0142uga druku punktowego Pantone, dok\u0142adne przywr\u00f3cenie systemu kolor\u00f3w marki, takich jak ceglasta czerwie\u0144 mo\u017ce wybra\u0107 Pantone 18-1440TX spalon\u0105 ochr\u0119, podkre\u015blaj\u0105c luksus retro.<\/li>\n<li><strong>Efekty specjalne<\/strong>: Udost\u0119pnij\u00a0<strong>Z\u0142ota folia\/srebrna folia do t\u0142oczenia na gor\u0105co<\/strong>\u00a0aby stworzy\u0107 LOGO z metalicznym po\u0142yskiem, lub u\u017cyj\u00a0<strong>Miejscowy lakier UV<\/strong>\u00a0aby podkre\u015bli\u0107 kluczowe wzory, takie jak efekt 3D konturu butelki perfum.<\/li>\n<li><strong>Pow\u0142oka ochronna<\/strong>: Pow\u0142oka ochronna UV mo\u017ce przed\u0142u\u017cy\u0107 \u017cywotno\u015b\u0107 drukowanych kolor\u00f3w i zapobiec blakni\u0119ciu podczas transportu lub przechowywania.<\/li>\n<li><strong>Dostosowywanie historii marki<\/strong>\u00a0Zesp\u00f3\u0142 projektant\u00f3w jest dobry we w\u0142\u0105czaniu DNA marki do szczeg\u00f3\u0142\u00f3w opakowania:<\/li>\n<li><strong>Mikro ilustracje narracyjne<\/strong>\u00a0mog\u0105 by\u0107 nadrukowane na wewn\u0119trznej stronie wieczka pude\u0142ka, np. przy u\u017cyciu linii t\u0142oczonych na gor\u0105co, aby zarysowa\u0107 krajobraz obszaru produkcji surowc\u00f3w perfumeryjnych (np. pola lawendy w Prowansji).<\/li>\n<li>W dolnym polu znajduje si\u0119\u00a0<strong>odpinana wst\u0105\u017cka<\/strong>wpleciony slogan marki lub s\u0142owa kluczowe zapachu (takie jak \"Quiet Oriental Woody Tone\"), kt\u00f3ry po rozpakowaniu uwalnia zapach lekkiej kapsu\u0142ki zapachowej, tworz\u0105c po\u0142\u0105czenie pi\u0119ciu zmys\u0142\u00f3w.<\/li>\n<\/ol>\n<h2 id=\"-production-guarantee-and-sustainability-\"><strong>Gwarancja produkcji i zr\u00f3wnowa\u017cony rozw\u00f3j<\/strong><\/h2>\n<ol>\n<li><strong>Skalowana produkcja precyzyjna<\/strong><\/li>\n<li>Fabryka posiada\u00a0<strong>5 320\u33a1 warsztat produkcyjny spe\u0142niaj\u0105cy mi\u0119dzynarodowe standardy<\/strong>Wyposa\u017cony w pe\u0142ni automatyczn\u0105 maszyn\u0119 sztancuj\u0105c\u0105 i lini\u0119 kontroli jako\u015bci, aby zapewni\u0107, \u017ce b\u0142\u0105d kszta\u0142tu g\u00f3rnej i dolnej pokrywy pude\u0142ka wynosi \u22640,3 mm.<\/li>\n<li>Przyj\u0119cie\u00a0<strong>Przyjazna dla \u015brodowiska specjalna technologia monta\u017cu<\/strong>Papier wierzchni i podszewka s\u0105 \u0142\u0105czone klejem na bazie wody, kt\u00f3ry jest zgodny z unijnym certyfikatem \u015brodowiskowym REACH, a \u015blad w\u0119glowy jest zmniejszony o 70% w por\u00f3wnaniu z tradycyjnymi procesami.<\/li>\n<li><strong>Dostawa i obs\u0142uga<\/strong><\/li>\n<li>Wsparcie\u00a0<strong>48-godzinny szybki proofing<\/strong>i cyfrowe \u015bledzenie ca\u0142ego procesu od projektu do gotowego produktu.<\/li>\n<li>Zapewni\u0107\u00a0<strong>Modu\u0142owe rozwi\u0105zania transportowe<\/strong>Pude\u0142ko upominkowe mo\u017cna z\u0142o\u017cy\u0107 do p\u0142askiego stanu, zmniejszaj\u0105c wska\u017anik strat logistycznych do mniej ni\u017c 0,5%, zapewniaj\u0105c globaln\u0105 dostaw\u0119 bez uszkodze\u0144.<\/li>\n<\/ol>\n<h2 id=\"-market-value-and-brand-empowerment-\"><strong>Warto\u015b\u0107 rynkowa i wzmocnienie marki<\/strong><\/h2>\n<ol>\n<li><strong>Zr\u00f3\u017cnicowana konkurencyjno\u015b\u0107<\/strong>\u00a0To rozwi\u0105zanie opakowaniowe zwi\u0119ksza wska\u017anik utrzymania konsument\u00f3w o 40% poprzez\u00a0<strong>\"Ceremonia otwarcia + zanurzenie sensoryczne\"<\/strong>\u00a0design. Na przyk\u0142ad:<\/li>\n<li>Zderzenie kolor\u00f3w wewn\u0119trznego pude\u0142ka mo\u017ce by\u0107 powi\u0105zane z zapachem perfum (owocowy zapach z \u017cyw\u0105 pomara\u0144cz\u0105, drzewny zapach z ciemn\u0105 zieleni\u0105), wzmacniaj\u0105c \u015bwiadomo\u015b\u0107 produktu.<\/li>\n<li>Limitowane pude\u0142ka upominkowe mo\u017cna \u0142\u0105czy\u0107 z\u00a0<strong>Karty interaktywne AR<\/strong>Mo\u017cna r\u00f3wnie\u017c obejrze\u0107 film z wywiadem z perfumiarzem, skanuj\u0105c wz\u00f3r na pude\u0142ku, aby zwi\u0119kszy\u0107 warto\u015b\u0107 dodan\u0105 kultury marki.<\/li>\n<li><strong>Wsp\u00f3\u0142czynnik efektywno\u015bci kosztowej<\/strong>\u00a0Produkcja na du\u017c\u0105 skal\u0119 sprawia, \u017ce koszt pojedynczego pude\u0142ka 15%-20% jest ni\u017cszy ni\u017c \u015brednia cena na rynku niestandardowym, a przestrze\u0144 premium mo\u017ce osi\u0105gn\u0105\u0107 300%.<\/li>\n<\/ol>","protected":false},"excerpt":{"rendered":"<p>To pokryte \u015bwiatem pude\u0142ko upominkowe na perfumy wykorzystuje\u00a0<strong>\"Efekt wizualny jako powierzchnia, rezonans emocjonalny jako rdze\u0144\"<\/strong>\u00a0aby przekszta\u0142ci\u0107 wyj\u0105tkowo\u015b\u0107 marki w przyjemne w dotyku do\u015bwiadczenie konsumenckie. Od spokojnej i eleganckiej ceglastej czerwieni po dramatyczne zderzenie kolor\u00f3w na wewn\u0119trznym pude\u0142ku, od luksusowych detali t\u0142oczonych na gor\u0105co z\u0142ot\u0105 foli\u0105 po ostateczn\u0105 ochron\u0119 per\u0142owej bawe\u0142ny, ka\u017cdy projekt s\u0142u\u017cy przekazaniu warto\u015bci marki i zwi\u0119kszeniu konwersji sprzeda\u017cy.<\/p>","protected":false},"featured_media":10145,"template":"","meta":[],"product_brand":[],"product_cat":[30,390,417,425,31],"product_tag":[1349,1350,339],"class_list":{"0":"post-10139","1":"product","2":"type-product","3":"status-publish","4":"has-post-thumbnail","6":"product_cat-by-industry","7":"product_cat-custom-cosmetics-boxes","8":"product_cat-custom-perfume-boxes-by-industry","9":"product_cat-lid-and-base-gift-box","10":"product_cat-paper-box-style","11":"product_tag-30ml-perfume-boxes","12":"product_tag-lid-and-base-perfume-boxes","13":"product_tag-perfume-gift-boxes","15":"first","16":"instock","17":"shipping-taxable","18":"product-type-grouped"},"_links":{"self":[{"href":"https:\/\/zojopackaging.com\/pl\/wp-json\/wp\/v2\/product\/10139","targetHints":{"allow":["GET"]}}],"collection":[{"href":"https:\/\/zojopackaging.com\/pl\/wp-json\/wp\/v2\/product"}],"about":[{"href":"https:\/\/zojopackaging.com\/pl\/wp-json\/wp\/v2\/types\/product"}],"version-history":[{"count":2,"href":"https:\/\/zojopackaging.com\/pl\/wp-json\/wp\/v2\/product\/10139\/revisions"}],"predecessor-version":[{"id":10147,"href":"https:\/\/zojopackaging.com\/pl\/wp-json\/wp\/v2\/product\/10139\/revisions\/10147"}],"wp:featuredmedia":[{"embeddable":true,"href":"https:\/\/zojopackaging.com\/pl\/wp-json\/wp\/v2\/media\/10145"}],"wp:attachment":[{"href":"https:\/\/zojopackaging.com\/pl\/wp-json\/wp\/v2\/media?parent=10139"}],"wp:term":[{"taxonomy":"product_brand","embeddable":true,"href":"https:\/\/zojopackaging.com\/pl\/wp-json\/wp\/v2\/product_brand?post=10139"},{"taxonomy":"product_cat","embeddable":true,"href":"https:\/\/zojopackaging.com\/pl\/wp-json\/wp\/v2\/product_cat?post=10139"},{"taxonomy":"product_tag","embeddable":true,"href":"https:\/\/zojopackaging.com\/pl\/wp-json\/wp\/v2\/product_tag?post=10139"}],"curies":[{"name":"wp","href":"https:\/\/api.w.org\/{rel}","templated":true}]}}