{"id":10148,"date":"2025-04-04T18:20:18","date_gmt":"2025-04-04T10:20:18","guid":{"rendered":"https:\/\/zojopackaging.com\/?post_type=product&#038;p=10148"},"modified":"2025-04-04T18:34:51","modified_gmt":"2025-04-04T10:34:51","slug":"custom-perfume-cosmetics-clamshell-flip-top-gift-box-factory","status":"publish","type":"product","link":"https:\/\/zojopackaging.com\/pl\/product\/custom-perfume-cosmetics-clamshell-flip-top-gift-box-factory\/","title":{"rendered":"Niestandardowe perfumy Kosmetyki Clamshell Flip Top Gift Box Factory"},"content":{"rendered":"<h2 id=\"customized-perfume-cosmetic-flip-gift-box-product-description\">Niestandardowe perfumy Kosmetyki Clamshell Flip Top Gift Box Factory<\/h2>\n<h2><strong>1. Materia\u0142 <\/strong>Pude\u0142ka Clamshell Flip Top<strong>stabilny i trwa\u0142y, podkre\u015blaj\u0105cy tekstur\u0119 marki<\/strong><\/h2>\n<ul>\n<li><strong>Jako\u015b\u0107 wykonania powierzchni<\/strong>: Bia\u0142y papier specjalny o gramaturze 120 g jest naklejany na szar\u0105 tektur\u0119 o gramaturze 1200 g, aby zapewni\u0107 prostoliniowo\u015b\u0107 i odporno\u015b\u0107 na nacisk. Szara tektura wykorzystuje krajow\u0105 tektur\u0119 o jednolitej strukturze w\u0142\u00f3kien, odporno\u015bci na zginanie i ochronie \u015brodowiska oraz spe\u0142nia standardy certyfikacji FSC. Ekskluzywne logo klienta jest wyt\u0142oczone na powierzchni, a wkl\u0119s\u0142y i wypuk\u0142y tr\u00f3jwymiarowy efekt uzyskuje si\u0119 dzi\u0119ki precyzyjnym formom, aby poprawi\u0107 warstw\u0119 dotykow\u0105 i wizualn\u0105.<\/li>\n<\/ul>\n<h2 id=\"-2-lining-design-protection-and-beauty-\"><strong>2. Konstrukcja podszewki: ochrona i pi\u0119kno<\/strong><\/h2>\n<ul>\n<li><strong>Struktura ok\u0142adziny<\/strong>: Warstwa wewn\u0119trzna jest oklejona niebiesk\u0105 tektur\u0105 o gramaturze 350 g, dopasowan\u0105 do niestandardowej pianki EVA (grubo\u015b\u0107 mo\u017cna wybra\u0107 w zakresie 1,5-3,0 mm), a warstwa buforowa jest formowana przez sztancowanie i laminowanie. Materia\u0142 EVA ma doskona\u0142\u0105 odporno\u015b\u0107 na wstrz\u0105sy i mo\u017ce absorbowa\u0107 uderzenia podczas transportu. Struktura magnetyczna zosta\u0142a precyzyjnie obliczona, a b\u0142\u0105d pozycjonowania jest mniejszy ni\u017c 0,5 mm. Konsumenci mog\u0105 szybko uzyska\u0107 dost\u0119p do produktu jedn\u0105 r\u0119k\u0105. Jednocze\u015bnie przezroczyste okienko w pude\u0142ku jest wygodne do wy\u015bwietlania informacji o butelce perfum.<\/li>\n<\/ul>\n<h2 id=\"-3-customized-service-flexible-adaptation-to-customer-needs-\"><strong>3. Indywidualna obs\u0142uga: elastyczne dostosowanie do potrzeb klienta<\/strong><\/h2>\n<ul>\n<li><strong>Dostosowanie rozmiaru i materia\u0142u<\/strong>: Obs\u0142uguje dostosowywanie rozmiaru r\u00f3\u017cnych produkt\u00f3w, takich jak papierosy, kosmetyki i perfumy. Mo\u017ce dostosowa\u0107 grubo\u015b\u0107 szarej tektury (1,5-4,0 mm), specjaln\u0105 gramatur\u0119 papieru (80-300 g) i struktur\u0119 podszewki (np. jedwabne pokrycie, matowa obr\u00f3bka).<\/li>\n<li><strong>Innowacyjne wzornictwo<\/strong>: Profesjonalny zesp\u00f3\u0142 projektant\u00f3w zapewnia indywidualn\u0105 obs\u0142ug\u0119, \u0142\u0105cz\u0105c ton marki w celu zaprojektowania prostego lub luksusowego stylu. Na przyk\u0142ad interaktywne wzory w technologii AR, degradowalne materia\u0142y lub optymalizacja struktury w celu zmniejszenia obj\u0119to\u015bci opakowania mog\u0105 osi\u0105gn\u0105\u0107 cele zwi\u0105zane z lekko\u015bci\u0105 i ochron\u0105 \u015brodowiska.<\/li>\n<\/ul>\n<h2 id=\"-4-production-strength-and-quality-assurance-\"><strong>4. Si\u0142a produkcyjna i zapewnienie jako\u015bci<\/strong><\/h2>\n<ul>\n<li><strong>Nowoczesna linia produkcyjna<\/strong>: Fabryka jest wyposa\u017cona w znormalizowany warsztat o powierzchni 5 320 metr\u00f3w kwadratowych, z w pe\u0142ni automatycznymi maszynami sztancuj\u0105cymi, maszynami do t\u0142oczenia na gor\u0105co i liniami produkcyjnymi do spieniania EVA, o dziennej zdolno\u015bci produkcyjnej 100 000 sztuk. Zautomatyzowana linia monta\u017cowa s\u0142u\u017cy do monitorowania danych produkcyjnych w czasie rzeczywistym za po\u015brednictwem systemu SCADA, aby zapewni\u0107, \u017ce wska\u017anik bezstratno\u015bci opakowa\u0144 osi\u0105gnie 99,8%.<\/li>\n<li><strong>System kontroli jako\u015bci<\/strong>: Od wprowadzenia surowc\u00f3w do dostarczenia gotowych produkt\u00f3w, wdra\u017canych jest 21 proces\u00f3w kontroli jako\u015bci, w tym testy kluczowych wska\u017anik\u00f3w, takich jak wilgotno\u015b\u0107 szarej p\u0142yty (\u22648%), przyczepno\u015b\u0107 t\u0142oczenia na gor\u0105co (test ta\u015bmy 3M) i \u017cywotno\u015b\u0107 ssania magnetycznego (\u2265100 000 razy otwierania i zamykania).<\/li>\n<\/ul>\n<h2 id=\"-5-cases-and-customer-value-\"><strong>5. Przypadki i warto\u015b\u0107 dla klienta<\/strong><\/h2>\n<ul>\n<li><strong>Udany przypadek<\/strong>: Zaprojektowano pude\u0142ko prezentowe typu flip-top dla wysokiej klasy marki perfum, wykorzystuj\u0105c matowy bia\u0142y karton + z\u0142ot\u0105 technologi\u0119 t\u0142oczenia na gor\u0105co, a podszewka jest dopasowana do niebieskiego aksamitu EVA. Po wprowadzeniu produktu na rynek wska\u017anik odkupu przez klient\u00f3w wzr\u00f3s\u0142 o 30%, a wska\u017anik uszkodze\u0144 transportowych spad\u0142 do mniej ni\u017c 0,5%.<\/li>\n<li><strong>Zaanga\u017cowanie w ochron\u0119 \u015brodowiska<\/strong>: Zapewnienie biodegradowalnego szarego kartonu i opcji drukowania atramentem na bazie wody, kt\u00f3re s\u0105 zgodne z normami \u015brodowiskowymi UE i pomagaj\u0105 markom realizowa\u0107 koncepcj\u0119 zr\u00f3wnowa\u017conego rozwoju.<\/li>\n<\/ul>","protected":false},"excerpt":{"rendered":"<ul>\n<li>\u200b<strong>Najwy\u017csza estetyka<\/strong>- Poprawia postrzeganie marki dzi\u0119ki wyt\u0142oczonym akcentom i czystym liniom.<\/li>\n<li>\u200b<strong>Trwa\u0142y i przyjazny dla \u015brodowiska<\/strong>- Wytrzyma\u0142y materia\u0142 nadaj\u0105cy si\u0119 do recyklingu jest odporny na zu\u017cycie.<\/li>\n<li>\u200b<strong>Niestandardowa integracja marki<\/strong>- Bezproblemowa prezentacja logo lub komunikat\u00f3w promocyjnych.<\/li>\n<li>\u200b<strong>Wydajno\u015b\u0107 zam\u00f3wie\u0144 zbiorczych<\/strong>- Zoptymalizowana pod k\u0105tem oszcz\u0119dno\u015bci koszt\u00f3w logistyka hurtowa.<\/li>\n<li>\u200b<strong>Uniwersalne dopasowanie do butelek<\/strong>- Regulowane przegr\u00f3dki mieszcz\u0105 r\u00f3\u017cne rozmiary perfum.<\/li>\n<\/ul>","protected":false},"featured_media":10151,"template":"","meta":[],"product_brand":[],"product_cat":[30,417,424,31],"product_tag":[1353,1351,1352],"class_list":{"0":"post-10148","1":"product","2":"type-product","3":"status-publish","4":"has-post-thumbnail","6":"product_cat-by-industry","7":"product_cat-custom-perfume-boxes-by-industry","8":"product_cat-magnetic-closure-boxes","9":"product_cat-paper-box-style","10":"product_tag-cosmetics-gift-box-factory","11":"product_tag-perfume-clamshell-box","12":"product_tag-perfume-flip-top-gift-box","14":"first","15":"instock","16":"shipping-taxable","17":"product-type-grouped"},"_links":{"self":[{"href":"https:\/\/zojopackaging.com\/pl\/wp-json\/wp\/v2\/product\/10148","targetHints":{"allow":["GET"]}}],"collection":[{"href":"https:\/\/zojopackaging.com\/pl\/wp-json\/wp\/v2\/product"}],"about":[{"href":"https:\/\/zojopackaging.com\/pl\/wp-json\/wp\/v2\/types\/product"}],"version-history":[{"count":1,"href":"https:\/\/zojopackaging.com\/pl\/wp-json\/wp\/v2\/product\/10148\/revisions"}],"predecessor-version":[{"id":10155,"href":"https:\/\/zojopackaging.com\/pl\/wp-json\/wp\/v2\/product\/10148\/revisions\/10155"}],"wp:featuredmedia":[{"embeddable":true,"href":"https:\/\/zojopackaging.com\/pl\/wp-json\/wp\/v2\/media\/10151"}],"wp:attachment":[{"href":"https:\/\/zojopackaging.com\/pl\/wp-json\/wp\/v2\/media?parent=10148"}],"wp:term":[{"taxonomy":"product_brand","embeddable":true,"href":"https:\/\/zojopackaging.com\/pl\/wp-json\/wp\/v2\/product_brand?post=10148"},{"taxonomy":"product_cat","embeddable":true,"href":"https:\/\/zojopackaging.com\/pl\/wp-json\/wp\/v2\/product_cat?post=10148"},{"taxonomy":"product_tag","embeddable":true,"href":"https:\/\/zojopackaging.com\/pl\/wp-json\/wp\/v2\/product_tag?post=10148"}],"curies":[{"name":"wp","href":"https:\/\/api.w.org\/{rel}","templated":true}]}}