{"id":10156,"date":"2025-04-04T18:34:59","date_gmt":"2025-04-04T10:34:59","guid":{"rendered":"https:\/\/zojopackaging.com\/?post_type=product&#038;p=10156"},"modified":"2025-04-04T18:49:42","modified_gmt":"2025-04-04T10:49:42","slug":"custom-perfume-rigid-boxes-with-magnetic-closure-wholesale","status":"publish","type":"product","link":"https:\/\/zojopackaging.com\/pl\/product\/custom-perfume-rigid-boxes-with-magnetic-closure-wholesale\/","title":{"rendered":"Niestandardowe sztywne pude\u0142ka na perfumy z magnetycznym zamkni\u0119ciem hurtowym"},"content":{"rendered":"<h2 id=\"customized-perfume-hard-box-with-magnetic-seal-wholesale-product-description\">Niestandardowe twarde pude\u0142ko na perfumy z magnetyczn\u0105 uszczelk\u0105 hurtow\u0105 Opis produktu<\/h2>\n<h2 id=\"1-material-and-structure-\">1.\u00a0<strong>Materia\u0142 i struktura<\/strong><\/h2>\n<ul>\n<li>U\u017cycie\u00a0<strong>Papier artystyczny powlekany C2S 157 g (podw\u00f3jny papier miedziany)<\/strong>\u00a0z\u00a0<strong>Sztywny karton 1200 g (sztywny karton)<\/strong>\u00a0aby zapewni\u0107, \u017ce obudowa skrzynki jest zar\u00f3wno pi\u0119kna, jak i odporna na nacisk.<\/li>\n<li><strong>Technologia powierzchniowa<\/strong>: Matowa pow\u0142oka, delikatna i mi\u0119kka w dotyku, prezentuj\u0105ca stonowane poczucie luksusu, zgodnie z prostym i eleganckim tonem marki.<\/li>\n<\/ul>\n<h2 id=\"2-appearance-design-\">2.\u00a0<strong>Projekt wygl\u0105du<\/strong><\/h2>\n<ul>\n<li><strong>Klasyczne dopasowanie kolor\u00f3w<\/strong>: Korpus pude\u0142ka to klasyczna czarna podstawa, ze z\u0142otymi czcionkami sitodrukowymi lub technologi\u0105 t\u0142oczenia na gor\u0105co, tworz\u0105cymi ostry kontrast wizualny, podkre\u015blaj\u0105cy elegancki temperament.<\/li>\n<li><strong>Magnetyczna struktura klapki<\/strong>: Imitacja otwierania i zamykania w stylu ksi\u0105\u017cki, magnetyczna adsorpcja jest precyzyjna i stabilna, a moment otwierania pude\u0142ka jest pe\u0142en rytua\u0142u.<\/li>\n<\/ul>\n<h2 id=\"3-internal-protection-and-decoration-\">3.\u00a0<strong>Wewn\u0119trzna ochrona i dekoracja<\/strong><\/h2>\n<ul>\n<li><strong>Materia\u0142 wy\u015bci\u00f3\u0142ki wewn\u0119trznej<\/strong>: Z\u0142ota jedwabna podszewka, g\u0142adka i zapobiegaj\u0105ca tarciu, mo\u017ce nie tylko przymocowa\u0107 butelk\u0119 perfum, aby zapobiec wstrz\u0105som, ale tak\u017ce poprawi\u0107 efekt wizualny podczas otwierania pude\u0142ka.<\/li>\n<li><strong>Dostosowana przestrze\u0144<\/strong>: Obs\u0142uguje regulacj\u0119 koloru podszewki i uk\u0142adu (np. przegr\u00f3dek), aby spe\u0142ni\u0107 wymagania r\u00f3\u017cnych rozmiar\u00f3w i kszta\u0142t\u00f3w butelek perfum.<\/li>\n<\/ul>\n<h2 id=\"4-production-and-service-advantages-\">4.\u00a0<strong>Zalety produkcji i us\u0142ug<\/strong><\/h2>\n<ul>\n<li><strong>Elastyczna personalizacja<\/strong>: Obs\u0142uguje spersonalizowane dostosowanie typu pude\u0142ka, koloru (np. druk punktowy), technologii powierzchni (UV, t\u0142oczenie na gor\u0105co, wyt\u0142aczanie itp.), przy minimalnej ilo\u015bci zam\u00f3wienia wynosz\u0105cej\u00a0<strong>500 sztuk<\/strong>, aby zaspokoi\u0107 potrzeby zakup\u00f3w hurtowych i ekskluzywnych marek.<\/li>\n<li><strong>Wsparcie projektowe<\/strong>: Wyposa\u017cony w profesjonalny zesp\u00f3\u0142 projektant\u00f3w, zapewniaj\u0105cy\u00a0<strong>Us\u0142uga podgl\u0105du modelu 3D<\/strong>szybko generuj\u0105c renderingi modeli za pomoc\u0105 narz\u0119dzi AI, przyspieszaj\u0105c weryfikacj\u0119 i wdra\u017canie projekt\u00f3w.<\/li>\n<\/ul>\n<h2 id=\"5-production-and-quality-control-\">5.\u00a0<strong>Produkcja i kontrola jako\u015bci<\/strong><\/h2>\n<ul>\n<li><strong>Zaawansowany sprz\u0119t<\/strong>: W pe\u0142ni zautomatyzowane maszyny drukarskie i urz\u0105dzenia sztancuj\u0105ce zapewniaj\u0105 dok\u0142adno\u015b\u0107 druku i sp\u00f3jno\u015b\u0107 typu pude\u0142ka.<\/li>\n<li><strong>Standardy kontroli jako\u015bci<\/strong>: B\u0142\u0105d jest \u015bci\u015ble kontrolowany w ramach\u00a0<strong>\u00b10,3 mm<\/strong>a jako\u015b\u0107 gotowego produktu jest gwarantowana poprzez wielopunktowe pobieranie pr\u00f3bek.<\/li>\n<\/ul>\n<h2 id=\"6-logistics-and-after-sales-\">6.\u00a0<strong>Logistyka i obs\u0142uga posprzeda\u017cna<\/strong><\/h2>\n<ul>\n<li><strong>Dostawa globalna<\/strong>: Obs\u0142uguje wsp\u00f3\u0142prac\u0119 logistyczn\u0105, tak\u0105 jak YTO, STO i SF Express, a opakowania specjalnie dostarczone do eksportu transgranicznego mog\u0105 dostosowa\u0107 si\u0119 do potrzeb transportu mi\u0119dzynarodowego.<\/li>\n<li><strong>Zaanga\u017cowanie posprzeda\u017cowe<\/strong>: Udost\u0119pnij\u00a0<strong>15-dniowy bezwarunkowy zwrot i wymiana<\/strong>\u00a0oraz\u00a0<strong>Gwarancja autentyczno\u015bci<\/strong>\u00a0aby rozwi\u0105za\u0107 obawy klient\u00f3w.<\/li>\n<\/ul>\n<h2 id=\"-cooperation-process-\"><strong>Proces wsp\u00f3\u0142pracy<\/strong><\/h2>\n<ol>\n<li><strong>Komunikacja wymaga\u0144<\/strong>: Dostarcz szkic projektu lub opisz wymagania, a my dostarczymy model 3D i wycen\u0119 w ci\u0105gu 3 dni.<\/li>\n<li><strong>Potwierdzenie proofingu<\/strong>: Zapewnij 1-2 przyk\u0142adowe modyfikacje za darmo, aby upewni\u0107 si\u0119, \u017ce szczeg\u00f3\u0142y s\u0105 poprawne.<\/li>\n<li><strong>Produkcja masowa<\/strong>: Dostawa w ci\u0105gu 7-14 dni roboczych od potwierdzenia, obs\u0142uga wysy\u0142ki partii.<\/li>\n<\/ol>","protected":false},"excerpt":{"rendered":"<ul>\n<li><strong>Wy\u015bwietlacz marki<\/strong>: Ma zastosowanie do pakowania luksusowych perfum, wysokiej klasy kosmetyk\u00f3w i innych produkt\u00f3w oraz wzmacnia wysokiej klasy wizerunek marki dzi\u0119ki magnetycznej klapce i technologii matowej folii.<\/li>\n<li><strong>Pude\u0142ko na prezent \u015bwi\u0105teczny<\/strong>: Mo\u017cna go dopasowa\u0107 do akcesori\u00f3w, takich jak wst\u0105\u017cki i z\u0142ocone kartki okoliczno\u015bciowe, aby stworzy\u0107 \u015bwi\u0105teczne pude\u0142ka z limitowanej edycji.<\/li>\n<li><strong>Odniesienie do przypadku<\/strong>: Dostosowali\u015bmy\u00a0<strong>czarne matowe magnetyczne pude\u0142ko upominkowe<\/strong>\u00a0dla mi\u0119dzynarodowej marki, wy\u0142o\u017cona z\u0142ot\u0105 jedwabn\u0105 tkanin\u0105 z wyt\u0142oczonym LOGO.<\/li>\n<\/ul>","protected":false},"featured_media":10158,"template":"","meta":[],"product_brand":[],"product_cat":[30,417,424,31],"product_tag":[225,1355,1354],"class_list":{"0":"post-10156","1":"product","2":"type-product","3":"status-publish","4":"has-post-thumbnail","6":"product_cat-by-industry","7":"product_cat-custom-perfume-boxes-by-industry","8":"product_cat-magnetic-closure-boxes","9":"product_cat-paper-box-style","10":"product_tag-custom-perfume-boxes","11":"product_tag-magnetic-closure-perfume-boxes","12":"product_tag-perfume-rigid-boxes","14":"first","15":"instock","16":"shipping-taxable","17":"product-type-grouped"},"_links":{"self":[{"href":"https:\/\/zojopackaging.com\/pl\/wp-json\/wp\/v2\/product\/10156","targetHints":{"allow":["GET"]}}],"collection":[{"href":"https:\/\/zojopackaging.com\/pl\/wp-json\/wp\/v2\/product"}],"about":[{"href":"https:\/\/zojopackaging.com\/pl\/wp-json\/wp\/v2\/types\/product"}],"version-history":[{"count":1,"href":"https:\/\/zojopackaging.com\/pl\/wp-json\/wp\/v2\/product\/10156\/revisions"}],"predecessor-version":[{"id":10163,"href":"https:\/\/zojopackaging.com\/pl\/wp-json\/wp\/v2\/product\/10156\/revisions\/10163"}],"wp:featuredmedia":[{"embeddable":true,"href":"https:\/\/zojopackaging.com\/pl\/wp-json\/wp\/v2\/media\/10158"}],"wp:attachment":[{"href":"https:\/\/zojopackaging.com\/pl\/wp-json\/wp\/v2\/media?parent=10156"}],"wp:term":[{"taxonomy":"product_brand","embeddable":true,"href":"https:\/\/zojopackaging.com\/pl\/wp-json\/wp\/v2\/product_brand?post=10156"},{"taxonomy":"product_cat","embeddable":true,"href":"https:\/\/zojopackaging.com\/pl\/wp-json\/wp\/v2\/product_cat?post=10156"},{"taxonomy":"product_tag","embeddable":true,"href":"https:\/\/zojopackaging.com\/pl\/wp-json\/wp\/v2\/product_tag?post=10156"}],"curies":[{"name":"wp","href":"https:\/\/api.w.org\/{rel}","templated":true}]}}