{"id":10164,"date":"2025-04-04T18:49:54","date_gmt":"2025-04-04T10:49:54","guid":{"rendered":"https:\/\/zojopackaging.com\/?post_type=product&#038;p=10164"},"modified":"2025-04-04T18:59:45","modified_gmt":"2025-04-04T10:59:45","slug":"customizable-luxury-perfume-watch-boxes-with-handle","status":"publish","type":"product","link":"https:\/\/zojopackaging.com\/pl\/product\/customizable-luxury-perfume-watch-boxes-with-handle\/","title":{"rendered":"Konfigurowalne luksusowe pude\u0142ka na perfumy z uchwytem"},"content":{"rendered":"<h2 id=\"-i-core-features-of-the-product-\"><strong>1. Podstawowe cechy produktu<\/strong><\/h2>\n<ol>\n<li><strong>Innowacyjna kombinacja materia\u0142\u00f3w, \u0142\u0105cz\u0105ca sztuk\u0119 i praktyczno\u015b\u0107<\/strong>\u00a0Warstwa wierzchnia wykonana jest z powlekanego papieru artystycznego C2S o gramaturze 157 g i twardej tektury o gramaturze 1200 g. Proces kompozytowy zapewnia odporno\u015b\u0107 na \u015bciskanie i wstrz\u0105sy (wytrzyma\u0142o\u015b\u0107 na \u015bciskanie ponad 50 kg), jednocze\u015bnie nadaj\u0105c pude\u0142ku delikatny dotyk i matow\u0105 tekstur\u0119. Powierzchni\u0119 papieru artystycznego mo\u017cna dostosowa\u0107 za pomoc\u0105 wyt\u0142aczanej tekstury lub wzoru sitodruku, w po\u0142\u0105czeniu ze sztywnym podparciem tektury, aby zapewni\u0107, \u017ce nie odkszta\u0142ca si\u0119 podczas transportu, a prezentacja wizualna jest wysokiej klasy artystyczna.<\/li>\n<li><strong>Projekt wizualnego wzmocnienia marki<\/strong><\/li>\n<li><strong>Kolor g\u0142\u00f3wny<\/strong>: Oparty na systemie kolor\u00f3w niebieskiego makaronu, kolor jest dok\u0142adnie dostosowany za pomoc\u0105 karty kolor\u00f3w Pantone, aby zapewni\u0107 mi\u0119kko\u015b\u0107 i wysok\u0105 jako\u015b\u0107.<\/li>\n<li><strong>Proces LOGO<\/strong>: Lustrzane, elektrochemiczne t\u0142oczenie aluminium na gor\u0105co jest wykonywane przy u\u017cyciu niemieckiego urz\u0105dzenia do t\u0142oczenia na gor\u0105co Heidelberg. Wsp\u00f3\u0142czynnik za\u0142amania \u015bwiat\u0142a wynosi ponad 85%, a w dynamicznym \u015bwietle i cieniu mo\u017cna uzyska\u0107 p\u0142ynny metaliczny po\u0142ysk, co znacznie poprawia rozpoznawalno\u015b\u0107 marki.<\/li>\n<\/ol>\n<h2 id=\"-ii-lining-and-structural-optimization-\"><strong>2. Podszewka i optymalizacja strukturalna<\/strong><\/h2>\n<ol>\n<li><strong>Indywidualne rozwi\u0105zanie podszewki<\/strong><\/li>\n<li><strong>Wyb\u00f3r materia\u0142u<\/strong>: Podszewka EVA (odporna na wstrz\u0105sy, antystatyczna) lub podszewka z g\u0105bki (mi\u0119kka amortyzacja) jest zapewniona, a form\u0119 mo\u017cna dok\u0142adnie otworzy\u0107 zgodnie z rozmiarem butelki perfum\/zegarka, aby chroni\u0107 produkt przed kolizj\u0105.<\/li>\n<li><strong>System dopasowywania kolor\u00f3w<\/strong>: Ok\u0142adzina obs\u0142uguje system kolor\u00f3w Morandi (taki jak szary proszek, zamglony niebieski), a kolor o niskim nasyceniu uzyskuje si\u0119 dzi\u0119ki matowemu procesowi powlekania UV, kt\u00f3ry tworzy harmonijny kontrast z g\u0142\u00f3wnym kolorem zewn\u0119trznym.<\/li>\n<li><strong>Opatentowana struktura pude\u0142ka na niebo i ziemi\u0119<\/strong><\/li>\n<li><strong>Wygoda otwierania<\/strong>: Przyj\u0119to konstrukcj\u0119 dzielon\u0105 \"niebo-ziemia\", a k\u0105t otwierania i zamykania wynosi \u226590 \u00b0, co mo\u017cna \u0142atwo wyj\u0105\u0107 i w\u0142o\u017cy\u0107 jedn\u0105 r\u0119k\u0105.<\/li>\n<li><strong>Wydajno\u015b\u0107 uszczelniania<\/strong>: Po zamkni\u0119ciu pude\u0142ko jest podw\u00f3jnie zamykane za pomoc\u0105 magnetycznego ssania + klamry, py\u0142oszczelne i odporne na wilgo\u0107 oraz spe\u0142nia mi\u0119dzynarodowe standardy transportu (test ISTA 3A przeszed\u0142 pomy\u015blnie).<\/li>\n<\/ol>\n<h2 id=\"-iii-personalized-customization-service-\"><strong>3. Spersonalizowana us\u0142uga dostosowywania<\/strong><\/h2>\n<ol>\n<li><strong>Kompatybilno\u015b\u0107 butelek perfum<\/strong>\u00a0Obs\u0142uguje dostosowywanie butelek perfum o r\u00f3\u017cnych specyfikacjach od 10 ml do 100 ml, w tym specjalne potrzeby, takie jak szklane butelki o specjalnym kszta\u0142cie i metalowe dysze. Szczelina podszewki mo\u017ce by\u0107 dostosowana do cylindrycznych, kwadratowych lub niestandardowych kszta\u0142t\u00f3w ci\u0119cia.<\/li>\n<li><strong>Opcje rozbudowy procesu<\/strong><\/li>\n<li><strong>Obr\u00f3bka powierzchni<\/strong>: Opcjonalne wyt\u0142aczanie, lokalny druk UV, sitodruk i inne procesy, takie jak powlekanie UV z efektem gwia\u017adzistego nieba lub relief stereo 3D.<\/li>\n<li><strong>Konstrukcja uchwytu<\/strong>: Uchwyt wykonany jest z przyjaznej dla \u015brodowiska sk\u00f3ry PU owini\u0119tej twardym szkieletem PP, kt\u00f3ry jest wygodny do trzymania i mo\u017ce wytrzyma\u0107 obci\u0105\u017cenie 5 kg, a tak\u017ce umo\u017cliwia t\u0142oczenie logo marki na gor\u0105co.<\/li>\n<\/ol>\n<h2 id=\"-iv-production-and-quality-control-guarantee-\"><strong>4. Gwarancja produkcji i kontroli jako\u015bci<\/strong><\/h2>\n<ol>\n<li><strong>Inteligentny system produkcji<\/strong><\/li>\n<li><strong>Sprz\u0119t<\/strong>: Wyposa\u017cony w niemieck\u0105 sze\u015bciokolorow\u0105 maszyn\u0119 drukarsk\u0105 Heidelberg CX 102, obs\u0142uguj\u0105c\u0105 precyzyjny druk punktowy 0,1 mm; w pe\u0142ni automatyczna linia sztancuj\u0105ca osi\u0105ga b\u0142\u0105d ci\u0119cia \u00b1 0,3 mm.<\/li>\n<li><strong>Kontrola jako\u015bci<\/strong>: Przeszed\u0142 system certyfikacji ISO 9001, pe\u0142na kontrola jako\u015bci procesu (surowce wchodz\u0105ce do magazynu \u2192 gotowe produkty opuszczaj\u0105ce fabryk\u0119) obejmuje 12 proces\u00f3w, a wska\u017anik kwalifikacji produktu wynosi 99,98%.<\/li>\n<li><strong>Zaprojektowana szybko\u015b\u0107 reakcji<\/strong>\u00a0Projektanci korzystaj\u0105 z oprogramowania do modelowania parametrycznego (takiego jak Rhino+Grasshopper), aby dostarcza\u0107 renderingi 3D i fizyczne proofy w ci\u0105gu 48 godzin, wspiera\u0107 wirtualne wy\u015bwietlanie AR i przyspiesza\u0107 podejmowanie decyzji przez klient\u00f3w.<\/li>\n<\/ol>\n<h2 id=\"-v-application-scenarios-and-added-value-\"><strong>5. Scenariusze zastosowa\u0144 i warto\u015b\u0107 dodana<\/strong><\/h2>\n<ul>\n<li><strong>Obowi\u0105zuj\u0105ce pola<\/strong>Luksusowe pude\u0142ka na perfumy, wysokiej klasy opakowania zegark\u00f3w, limitowane edycje wsp\u00f3lne dostosowanie.<\/li>\n<li><strong>Certyfikacja \u015brodowiskowa<\/strong>: Materia\u0142 spe\u0142nia standardy FSC, wska\u017anik recyklingu wynosi 95% i umo\u017cliwia \u015bledzenie \u015bladu w\u0119glowego.<\/li>\n<\/ul>\n<p><strong>Proces dostosowywania<\/strong>komunikacja zapotrzebowania \u2192 modelowanie 3D \u2192 potwierdzenie proofingu \u2192 produkcja masowa (minimalne zam\u00f3wienie 500 sztuk, obs\u0142uga zam\u00f3wie\u0144 przyspieszonych).<\/p>","protected":false},"excerpt":{"rendered":"<p>\u2705<strong>Luksusowy wygl\u0105d.<\/strong>Zwi\u0119ksz postrzegan\u0105 warto\u015b\u0107 dzi\u0119ki minimalistycznym, markowym projektom.<br \/>\n\u2705<strong>Wydajno\u015b\u0107 masowa.<\/strong>Zoptymalizowany pod k\u0105tem szybkiego monta\u017cu i ekonomicznej wysy\u0142ki.<br \/>\n\u2705<strong>Dostosowanie do indywidualnych potrzeb.<\/strong>Dodaj logo, tekst lub unikalne akcenty kolorystyczne.<br \/>\n\u2705<strong>Ochrona.<\/strong>Wzmocnione kraw\u0119dzie chroni\u0105 przed uszkodzeniami podczas transportu.<br \/>\n\u2705<strong>Wszechstronno\u015b\u0107.<\/strong>Idealny do perfum, zegark\u00f3w lub luksusowych zestaw\u00f3w upominkowych.<\/p>","protected":false},"featured_media":10170,"template":"","meta":[],"product_brand":[],"product_cat":[30,413,417,425,31],"product_tag":[1357,1356,1358],"class_list":{"0":"post-10164","1":"product","2":"type-product","3":"status-publish","4":"has-post-thumbnail","6":"product_cat-by-industry","7":"product_cat-consumer-electronics-boxes","8":"product_cat-custom-perfume-boxes-by-industry","9":"product_cat-lid-and-base-gift-box","10":"product_cat-paper-box-style","11":"product_tag-customizable-watch-boxes","12":"product_tag-luxury-perfume-boxes","13":"product_tag-watch-boxes-with-handle","15":"first","16":"instock","17":"shipping-taxable","18":"product-type-grouped"},"_links":{"self":[{"href":"https:\/\/zojopackaging.com\/pl\/wp-json\/wp\/v2\/product\/10164","targetHints":{"allow":["GET"]}}],"collection":[{"href":"https:\/\/zojopackaging.com\/pl\/wp-json\/wp\/v2\/product"}],"about":[{"href":"https:\/\/zojopackaging.com\/pl\/wp-json\/wp\/v2\/types\/product"}],"version-history":[{"count":1,"href":"https:\/\/zojopackaging.com\/pl\/wp-json\/wp\/v2\/product\/10164\/revisions"}],"predecessor-version":[{"id":10171,"href":"https:\/\/zojopackaging.com\/pl\/wp-json\/wp\/v2\/product\/10164\/revisions\/10171"}],"wp:featuredmedia":[{"embeddable":true,"href":"https:\/\/zojopackaging.com\/pl\/wp-json\/wp\/v2\/media\/10170"}],"wp:attachment":[{"href":"https:\/\/zojopackaging.com\/pl\/wp-json\/wp\/v2\/media?parent=10164"}],"wp:term":[{"taxonomy":"product_brand","embeddable":true,"href":"https:\/\/zojopackaging.com\/pl\/wp-json\/wp\/v2\/product_brand?post=10164"},{"taxonomy":"product_cat","embeddable":true,"href":"https:\/\/zojopackaging.com\/pl\/wp-json\/wp\/v2\/product_cat?post=10164"},{"taxonomy":"product_tag","embeddable":true,"href":"https:\/\/zojopackaging.com\/pl\/wp-json\/wp\/v2\/product_tag?post=10164"}],"curies":[{"name":"wp","href":"https:\/\/api.w.org\/{rel}","templated":true}]}}