{"id":10172,"date":"2025-04-05T14:18:29","date_gmt":"2025-04-05T06:18:29","guid":{"rendered":"https:\/\/zojopackaging.com\/?post_type=product&#038;p=10172"},"modified":"2025-04-05T14:26:25","modified_gmt":"2025-04-05T06:26:25","slug":"custom-luxury-perfume-drawer-box-and-bag-gift-box-sets","status":"publish","type":"product","link":"https:\/\/zojopackaging.com\/pl\/product\/custom-luxury-perfume-drawer-box-and-bag-gift-box-sets\/","title":{"rendered":"Niestandardowe luksusowe pude\u0142ko i torba na perfumy - zestawy upominkowe"},"content":{"rendered":"<h3 id=\"-1-structural-innovation-double-protection-of-special-paper-gray-board-\"><strong>1. Innowacja strukturalna: podw\u00f3jna ochrona specjalnego papieru + szara tektura<\/strong><\/h3>\n<p>Przyj\u0119cie z\u0142o\u017conej struktury\u00a0<strong>Specjalny papier o gramaturze 120 g<\/strong>\u00a0(chropowato\u015b\u0107 powierzchni Ra\u22640,8\u03bcm) i\u00a0<strong>Szara tektura 1200 g<\/strong>Dzi\u0119ki precyzyjnemu wykrawaniu i technologii formowania na zimno, wytrzyma\u0142o\u015b\u0107 na \u015bciskanie korpusu pude\u0142ka wynosi \u2265350N (zgodnie z norm\u0105 testow\u0105 ISO 12048), a wska\u017anik uszkodze\u0144 transportowych jest mniejszy ni\u017c 0,3%. Podszewka z szarej tektury przyjmuje konstrukcj\u0119 tektury o strukturze plastra miodu, co poprawia w\u0142a\u015bciwo\u015bci sejsmiczne o 80%, przy jednoczesnym zachowaniu grubo\u015bci roz\u0142o\u017conego korpusu pude\u0142ka tylko 1\/3 grubo\u015bci w stanie zamkni\u0119tym i optymalizacji wykorzystania przestrzeni logistycznej o 70% (Przypadek: raport optymalizacji wysy\u0142ki oceanicznej luksusowej marki perfum w 2024 r.).<\/p>\n<h3 id=\"-2-visual-narrative-the-collision-of-gray-aesthetics-and-hot-stamping-technology-\"><strong>2. Narracja wizualna: zderzenie szarej estetyki i technologii t\u0142oczenia na gor\u0105co<\/strong><\/h3>\n<p>-\u00a0<strong>System kolor\u00f3w<\/strong>: G\u0142\u00f3wnym kolorem jest\u00a0<strong>Pantone 18-1445 TCX (szary antyczny)<\/strong>kt\u00f3ry jest dopasowany do\u00a0<strong>15-3717 TCX (bia\u0142y per\u0142owy)<\/strong>\u00a0aby stworzy\u0107 wizualny kontrast, a przej\u015bcie gradientowe 0,1 mm uzyskuje si\u0119 dzi\u0119ki precyzyjnemu drukowaniu 1200 dpi; -\u00a0<strong>Wzmocnienie pozycji marki<\/strong>: LOGO przyjmuje\u00a0<strong>Technologia t\u0142oczenia na gor\u0105co w kolorze r\u00f3\u017cowego z\u0142ota<\/strong>metaliczny po\u0142ysk na poziomie 90GU, odporno\u015b\u0107 na \u015bcieranie przesz\u0142a test ISO 2838, a wyrazisto\u015b\u0107 w dotyku wzros\u0142a o 50%.\u00a0<strong>Sztuka \u015bwiat\u0142a i cienia<\/strong>: Kraw\u0119d\u017a pokrywy pude\u0142ka zosta\u0142a zaprojektowana z grawerowanymi laserowo wzorami o grubo\u015bci 0,3 mm, kt\u00f3re tworz\u0105 dynamiczne efekty \u015bwiat\u0142a i cienia, gdy \u015bwiat\u0142o jest za\u0142amane, co pasuje do tajemniczego tonu wysokiej klasy zapach\u00f3w.<\/p>\n<h3 id=\"-3-lining-system-luxurious-care-in-black-and-gray-colors-\"><strong>3. System podszewek: luksusowa piel\u0119gnacja w kolorach czarnym i szarym<\/strong><\/h3>\n<p>-\u00a0<strong>Wyb\u00f3r materia\u0142u<\/strong>: -\u00a0<strong>Podszewka EVA<\/strong>: grubo\u015b\u0107 3 mm, twardo\u015b\u0107 Shore'a 60A, wsp\u00f3\u0142czynnik odbicia kompresji \u226595%, odpowiedni do mocowania butelek perfum o specjalnym kszta\u0142cie; -...\u00a0<strong>Podszewka z g\u0105bki<\/strong>: poliuretan o wysokiej g\u0119sto\u015bci, g\u0119sto\u015b\u0107 \u226545 kg\/m\u00b3, odporno\u015b\u0107 na wstrz\u0105sy przesz\u0142a certyfikacj\u0119 ISTA 3A; -\u00a0<strong>Jednolity styl<\/strong>Matowa folia na powierzchni podszewki, jedwabista w dotyku, na\u0142o\u017cona na szar\u0105 podszewk\u0119 z tektury, wzmacniaj\u0105ca wra\u017cenie otwierania pude\u0142ka.<\/p>\n<h3 id=\"-4-pull-out-design-balance-between-ritual-and-practicality-\"><strong>4. Wysuwana konstrukcja: r\u00f3wnowaga mi\u0119dzy rytua\u0142em a praktyczno\u015bci\u0105<\/strong><\/h3>\n<p>-\u00a0<strong>Optymalizacja strukturalna<\/strong>: Adoptuj\u00a0<strong>trzycz\u0119\u015bciowa cicha szyna \u015blizgowa<\/strong>wbudowane \u0142o\u017cysko kulkowe ze stali nierdzewnej, p\u0142ynno\u015b\u0107 wyci\u0105gania zwi\u0119kszona przez 60%, si\u0142a obs\u0142ugi jedn\u0105 r\u0119k\u0105 \u22641,5N; -\u00a0<strong>Gwarancja szczelno\u015bci<\/strong>: Korpus skrzynki i pokrywa skrzynki\u00a0<strong>Ssanie magnetyczne + podw\u00f3jna blokada j\u0119zyka<\/strong>wska\u017anik szczelno\u015bci w te\u015bcie hermetyczno\u015bci wynosi &lt;0,05 ml\/min, co spe\u0142nia normy dotycz\u0105ce transportu lotniczego; -\u00a0<strong>Projektowanie interaktywne<\/strong>: K\u0105t otwarcia jest zoptymalizowany do 85\u00b0, z wbudowanym paskiem \u015bwietlnym LED (opcjonalnie), kt\u00f3ry wyzwala delikatn\u0105 atmosfer\u0119 \u015bwietln\u0105 natychmiast po otwarciu pude\u0142ka, aby poprawi\u0107 wra\u017cenia u\u017cytkownika.<\/p>\n<h3 id=\"-5-specification-adaptation-full-scenario-capacity-solution-\"><strong>5. Dostosowanie specyfikacji: rozwi\u0105zanie dla pe\u0142nego scenariusza wydajno\u015bci<\/strong><\/h3>\n<p>-\u00a0<strong>Kompatybilno\u015b\u0107 typu butelki<\/strong>: obs\u0142uguje butelki perfum o \u015brednicy 15-45 mm i wysoko\u015bci 50-150 mm, najmniejsza odpowiednia dla prob\u00f3wek o pojemno\u015bci 10 ml, a najwi\u0119ksza mo\u017ce pomie\u015bci\u0107 100 ml butelek perfum o specjalnym kszta\u0142cie; -\u00a0<strong>Rozszerzenie procesu<\/strong>: -\u00a0<strong>Obr\u00f3bka powierzchni<\/strong>: miejscowy relief UV, grawerowanie laserowe, pow\u0142oka per\u0142owa; -.\u00a0<strong>Dodatkowe funkcje<\/strong>wbudowane czujniki temperatury i wilgotno\u015bci (opcjonalnie), identyfikowalno\u015b\u0107 za pomoc\u0105 skanowania kod\u00f3w chipowych NFC<\/p>\n<h3 id=\"-6-matching-paper-bag-the-ultimate-solution-for-light-luxury-and-portability-\"><strong>6. Dopasowana papierowa torba: najlepsze rozwi\u0105zanie zapewniaj\u0105ce lekko\u015b\u0107, luksus i przeno\u015bno\u015b\u0107<\/strong><\/h3>\n<p>-\u00a0<strong>Matryca materia\u0142owa<\/strong>: -\u00a0<strong>Torba zewn\u0119trzna<\/strong>: 300g bia\u0142a karta + 20\u03bcm pow\u0142oka PET, wytrzyma\u0142o\u015b\u0107 na rozdarcie \u226550N; -...\u00a0<strong>Wewn\u0119trzna podszewka<\/strong>: w\u0142\u00f3knina 50g + flokowanie, grubo\u015b\u0107 w dotyku Ra\u22640,4\u03bcm; -\u00a0<strong>Szczeg\u00f3\u0142y projektu<\/strong>: Wylot torby przyjmuje zintegrowan\u0105 konstrukcj\u0119 klamry magnetycznej + uchwytu, no\u015bno\u015b\u0107 \u22652 kg, a przeno\u015bny rozmiar mo\u017cna dostosowa\u0107 (minimum 18 \u00d7 12 cm).<\/p>\n<h3 id=\"-7-smart-manufacturing-cornerstone-16-years-of-industry-experience-\"><strong>7. Kamie\u0144 w\u0119gielny inteligentnej produkcji: 16 lat do\u015bwiadczenia w bran\u017cy<\/strong><\/h3>\n<p>-\u00a0<strong>Matryca urz\u0105dze\u0144<\/strong>: Wyposa\u017cony w niemiecki sze\u015bciokolorowy zesp\u00f3\u0142 drukuj\u0105cy Heidelberg (r\u00f3\u017cnica kolor\u00f3w \u0394E\u22640,8), w pe\u0142ni zautomatyzowan\u0105 lini\u0119 produkcyjn\u0105 do sztancowania (precyzja \u00b10,1 mm), dzienna zdolno\u015b\u0107 produkcyjna 100 000 sztuk.\u00a0<strong>System kontroli jako\u015bci<\/strong>: Przeszed\u0142 certyfikacj\u0119 ISO 9001\/BRCGS, ka\u017cda partia produkt\u00f3w przechodzi 12 kontroli jako\u015bci (testy kompresji\/kropli\/trwa\u0142o\u015bci koloru), a kwalifikowany wska\u017anik wynosi 99,98%; -\u00a0<strong>Zwinna reakcja<\/strong>: Zesp\u00f3\u0142 modelowania parametrycznego wykonuje renderingi 3D i proofing w ci\u0105gu 48 godzin, a tak\u017ce obs\u0142uguje personalizacj\u0119 ma\u0142ych partii (minimalne zam\u00f3wienie 500 sztuk).<\/p>","protected":false},"excerpt":{"rendered":"<p><strong>ZOJO Print | Spersonalizowane luksusowe pude\u0142ko i torba na perfumy - zestaw upominkowy: Idealne po\u0142\u0105czenie sztuki i funkcjonalno\u015bci<\/strong><\/p>\n<p>Na rynku wysokiej klasy perfum i zapach\u00f3w opakowanie jest nie tylko pojemnikiem na produkt, ale tak\u017ce g\u0142\u00f3wnym no\u015bnikiem tonu marki, do\u015bwiadczenia u\u017cytkownika i wi\u0119zi emocjonalnej. ZOJO Print jest g\u0142\u0119boko zaanga\u017cowane w bran\u017c\u0119 od 16 lat, koncentruj\u0105c si\u0119 na dostarczaniu luksusowym markom perfumeryjnym pude\u0142ek z szufladami i zestaw\u00f3w torebek, kt\u00f3re \u0142\u0105cz\u0105 warto\u015b\u0107 artystyczn\u0105, funkcjonalno\u015b\u0107 i konkurencyjno\u015b\u0107 handlow\u0105.<\/p>","protected":false},"featured_media":10174,"template":"","meta":[],"product_brand":[],"product_cat":[30,417,432,31,426],"product_tag":[1359,1361,1360],"class_list":{"0":"post-10172","1":"product","2":"type-product","3":"status-publish","4":"has-post-thumbnail","6":"product_cat-by-industry","7":"product_cat-custom-perfume-boxes-by-industry","8":"product_cat-pape-gift-bags","9":"product_cat-paper-box-style","10":"product_cat-paper-drawer-boxes","11":"product_tag-custom-box-and-bag","12":"product_tag-gift-box-sets","13":"product_tag-perfume-drawer-box-and-bag","15":"first","16":"instock","17":"shipping-taxable","18":"product-type-grouped"},"_links":{"self":[{"href":"https:\/\/zojopackaging.com\/pl\/wp-json\/wp\/v2\/product\/10172","targetHints":{"allow":["GET"]}}],"collection":[{"href":"https:\/\/zojopackaging.com\/pl\/wp-json\/wp\/v2\/product"}],"about":[{"href":"https:\/\/zojopackaging.com\/pl\/wp-json\/wp\/v2\/types\/product"}],"version-history":[{"count":1,"href":"https:\/\/zojopackaging.com\/pl\/wp-json\/wp\/v2\/product\/10172\/revisions"}],"predecessor-version":[{"id":10180,"href":"https:\/\/zojopackaging.com\/pl\/wp-json\/wp\/v2\/product\/10172\/revisions\/10180"}],"wp:featuredmedia":[{"embeddable":true,"href":"https:\/\/zojopackaging.com\/pl\/wp-json\/wp\/v2\/media\/10174"}],"wp:attachment":[{"href":"https:\/\/zojopackaging.com\/pl\/wp-json\/wp\/v2\/media?parent=10172"}],"wp:term":[{"taxonomy":"product_brand","embeddable":true,"href":"https:\/\/zojopackaging.com\/pl\/wp-json\/wp\/v2\/product_brand?post=10172"},{"taxonomy":"product_cat","embeddable":true,"href":"https:\/\/zojopackaging.com\/pl\/wp-json\/wp\/v2\/product_cat?post=10172"},{"taxonomy":"product_tag","embeddable":true,"href":"https:\/\/zojopackaging.com\/pl\/wp-json\/wp\/v2\/product_tag?post=10172"}],"curies":[{"name":"wp","href":"https:\/\/api.w.org\/{rel}","templated":true}]}}