{"id":10181,"date":"2025-04-05T14:26:56","date_gmt":"2025-04-05T06:26:56","guid":{"rendered":"https:\/\/zojopackaging.com\/?post_type=product&#038;p=10181"},"modified":"2025-04-05T14:34:36","modified_gmt":"2025-04-05T06:34:36","slug":"custom-premium-pre-roll-magnetic-closure-box-packaging-boxes","status":"publish","type":"product","link":"https:\/\/zojopackaging.com\/pl\/product\/custom-premium-pre-roll-magnetic-closure-box-packaging-boxes\/","title":{"rendered":"Niestandardowe pude\u0142ka z zamkni\u0119ciem magnetycznym Premium Pre-Roll"},"content":{"rendered":"<h3 id=\"-1-material-innovation-double-protection-of-coated-paper-gray-board-\"><strong>1. Innowacyjny materia\u0142: podw\u00f3jna ochrona powlekanego papieru + szara tektura<\/strong><\/h3>\n<p>Przyj\u0119cie z\u0142o\u017conej struktury\u00a0<strong>Papier powlekany o gramaturze 157 g<\/strong>\u00a0(chropowato\u015b\u0107 powierzchni Ra\u22640,6\u03bcm) i\u00a0<strong>Szara p\u0142yta o grubo\u015bci 3 mm<\/strong>Dzi\u0119ki precyzyjnemu wykrawaniu i technologii formowania na zimno, wytrzyma\u0142o\u015b\u0107 na \u015bciskanie korpusu pude\u0142ka \u2265280N (patrz norma testowa ISO 12048), a wska\u017anik uszkodze\u0144 transportowych jest mniejszy ni\u017c 0,5%. G\u0142adko\u015b\u0107 powierzchni powlekanego papieru wynosi ponad 90% (ISO 8791), a przy\u00a0<strong>pow\u0142oka nanohydrofobowa<\/strong>, wodoodporno\u015b\u0107 folii zosta\u0142a poprawiona przez 60%, spe\u0142niaj\u0105c wymagania wilgotnego \u015brodowiska transportu morskiego (\u017ar\u00f3d\u0142o danych: raport laboratorium materia\u0142\u00f3w opakowaniowych).<\/p>\n<h3 id=\"-2-structural-design-the-ritual-and-practicality-of-the-flip-box-\"><strong>2. Projekt strukturalny: rytua\u0142 i praktyczno\u015b\u0107 flipboxa<\/strong><\/h3>\n<p>-\u00a0<strong>Optymalizacja mechaniczna klapki<\/strong>:\u00a0<strong>Ssanie magnetyczne + podw\u00f3jna blokada j\u0119zyka<\/strong>K\u0105t otwarcia i zamkni\u0119cia jest zoptymalizowany do 85\u00b0, si\u0142a obs\u0142ugi jedn\u0105 r\u0119k\u0105 wynosi \u22641,5N i jest zgodna z ergonomiczn\u0105 konstrukcj\u0105;<\/p>\n<p>-\u00a0<strong>System gniazd<\/strong>Wbudowane 3-5 warstw regulowanych szczelin EVA (grubo\u015b\u0107 1-2 mm), odpowiednie do wst\u0119pnie zwini\u0119tych papieros\u00f3w o r\u00f3\u017cnych \u015brednicach (\u03a65-15 mm), a odporno\u015b\u0107 na wstrz\u0105sy jest certyfikowana przez ISTA 3A;<\/p>\n<p>-\u00a0<strong>Technologia uszczelnienia magnetycznego<\/strong>Wbudowany uk\u0142ad silnych magnes\u00f3w 0,5 T zapewnia szczelno\u015b\u0107 na poziomie &lt;0,05 ml\/min, gwarantuj\u0105c stabilno\u015b\u0107 produktu podczas d\u0142ugotrwa\u0142ego przechowywania.<\/p>\n<h3 id=\"-3-visual-narrative-the-fusion-of-leaf-vein-texture-and-brand-aesthetics-\"><strong>3. Narracja wizualna: po\u0142\u0105czenie tekstury \u017cy\u0142ek li\u015bciowych i estetyki marki<\/strong><\/h3>\n<p>-\u00a0<strong>Elementy naturalne<\/strong>Powierzchnia pude\u0142ka przyjmuje\u00a0<strong>Tekstura \u017cy\u0142 li\u015bci grawerowana laserowo<\/strong>o g\u0142\u0119boko\u015bci 0,1 mm, kt\u00f3ra tworzy dynamiczny efekt \u015bwiat\u0142a i cienia, gdy \u015bwiat\u0142o jest za\u0142amywane, przekazuj\u0105c witalno\u015b\u0107 natury;<\/p>\n<p>-\u00a0<strong>Wzmocnienie pozycji marki<\/strong>LOGO przyjmuje\u00a0<strong>Technologia t\u0142oczenia na gor\u0105co w kolorze r\u00f3\u017cowego z\u0142ota<\/strong>Po\u0142ysk metalu osi\u0105ga 90GU, odporno\u015b\u0107 na zu\u017cycie przechodzi test ISO 2838, a wyrazisto\u015b\u0107 dotyku zosta\u0142a poprawiona o 50%;<\/p>\n<p>-\u00a0<strong>Psychologia kolor\u00f3w<\/strong>G\u0142\u00f3wny kolor to\u00a0<strong>Pantone 16-5938 TCX (antyczna ziele\u0144)<\/strong>z liniami do t\u0142oczenia na gor\u0105co, przekazuj\u0105c wysokiej klasy i naturalny wizerunek marki.<\/p>\n<h3 id=\"-4-color-matrix-personalized-expression-of-macaron-colors-\"><strong>4. Matryca kolor\u00f3w: spersonalizowana ekspresja kolor\u00f3w makaronik\u00f3w<\/strong><\/h3>\n<p>-\u00a0<strong>Wibruj\u0105ca czerwie\u0144<\/strong>\u00a0(Pantone 18-1755 TCX): przyci\u0105ga m\u0142ode grupy trend\u00f3w i poprawia rozpoznawalno\u015b\u0107 na p\u00f3\u0142kach;<\/p>\n<p>-\u00a0<strong>\u015awie\u017ca ziele\u0144<\/strong>\u00a0(Pantone 16-5938 TCX): zgodny z koncepcj\u0105 naturalnego zdrowia, odpowiedni dla organicznych wyrob\u00f3w tytoniowych;<\/p>\n<p>-\u00a0<strong>Tajemniczy fiolet<\/strong>\u00a0(Pantone 19-3939 TCX): tworzy poczucie luksusu, odpowiednie dla wysokiej klasy opakowa\u0144 z limitowanej edycji;<\/p>\n<p>-\u00a0<strong>Niestandardowe rozszerzenie<\/strong>Obs\u0142uguje kart\u0119 kolor\u00f3w Pantone + druk w kolorze dodatkowym, r\u00f3\u017cnica kolor\u00f3w \u0394E\u22641,2, aby spe\u0142ni\u0107 spersonalizowane potrzeby marki.<\/p>\n<h3 id=\"-5-all-round-customization-seamless-adaptation-from-size-to-function-\"><strong>5. Wszechstronne dostosowanie: p\u0142ynna adaptacja od rozmiaru do funkcji<\/strong><\/h3>\n<p>-\u00a0<strong>Elastyczno\u015b\u0107 rozmiaru<\/strong>Obs\u0142uguje minimalne \u03a630 \u00d7 50 mm (pojedyncze opakowanie) do maksymalnego \u03a660 \u00d7 120 mm (wielopakowe pude\u0142ko upominkowe);<\/p>\n<p>-\u00a0<strong>Dostosowywanie gniazda<\/strong>Regulowana ilo\u015b\u0107 szczelin (3-8 warstw), odst\u0119py (5-20 mm) i kszta\u0142t (okr\u0105g\u0142y\/sze\u015bciok\u0105tny);<\/p>\n<p>-\u00a0<strong>Rozszerzenie funkcji<\/strong>Wbudowany czujnik temperatury i wilgotno\u015bci (opcjonalnie), identyfikowalno\u015b\u0107 skanowania kodu chipowego NFC (zgodna z norm\u0105 ISO 18000-63).<\/p>\n<h3 id=\"-6-design-empowerment-agile-implementation-from-concept-to-mass-production-\"><strong>6. Uprawnienia projektowe: Zwinne wdra\u017canie od koncepcji do masowej produkcji<\/strong><\/h3>\n<p>Specjalny zesp\u00f3\u0142 3 starszych projektant\u00f3w zapewnia trzy niestandardowe us\u0142ugi:<\/p>\n<p>-\u00a0<strong>Innowacje strukturalne<\/strong>: Opracowanie 12 opatentowanych typ\u00f3w pude\u0142ek (takich jak obrotowe warstwy, magnetyczne zamki na has\u0142o), kompatybilnych z umieszczaniem produkt\u00f3w o specjalnych kszta\u0142tach;<\/p>\n<p>-\u00a0<strong>Wizualizacja 3D<\/strong>: Wyprowadzanie parametrycznych modeli 3D w ci\u0105gu 48 godzin (dok\u0142adno\u015b\u0107 \u00b10,1 mm), obs\u0142uga wirtualnego podgl\u0105du AR;<\/p>\n<p>-\u00a0<strong>Wzmocnienie pozycji kulturowej<\/strong>: Zintegruj nowy chi\u0144ski styl, cyberpunk i inne style, zapewnij ponad 200 bibliotek wzor\u00f3w i dostosuj si\u0119 do r\u00f3\u017cnych rynk\u00f3w, takich jak Europa, Ameryka i Azja Po\u0142udniowo-Wschodnia.<\/p>\n<h3 id=\"-7-smart-manufacturing-cornerstone-16-years-of-industry-experience-\"><strong>7. Kamie\u0144 w\u0119gielny inteligentnej produkcji: 16 lat do\u015bwiadczenia w bran\u017cy<\/strong><\/h3>\n<p>-\u00a0<strong>Matryca urz\u0105dze\u0144<\/strong>Wyposa\u017cony w niemiecki sze\u015bciokolorowy zesp\u00f3\u0142 drukuj\u0105cy Heidelberg (r\u00f3\u017cnica kolor\u00f3w \u0394E\u22640,8), w pe\u0142ni automatyczn\u0105 lini\u0119 produkcyjn\u0105 do sztancowania (precyzja \u00b10,1 mm), dzienna zdolno\u015b\u0107 produkcyjna 100 000 sztuk;<\/p>\n<p>-\u00a0<strong>System kontroli jako\u015bci<\/strong>: Certyfikat ISO 9001\/BRCGS, ka\u017cda partia produkt\u00f3w przechodzi 12 kontroli jako\u015bci (testy kompresji\/kropli\/trwa\u0142o\u015bci koloru), a kwalifikowany wska\u017anik wynosi 99,98%;<\/p>\n<p>-\u00a0<strong>Zwinna reakcja<\/strong>: 36-godzinna dostawa pilnych zam\u00f3wie\u0144 (przypadek: 100 000 sztuk pilnych zam\u00f3wie\u0144 dla okre\u015blonej marki w 2024 r.), obs\u0142uga dostosowywania ma\u0142ych partii (minimalne zam\u00f3wienie 500 sztuk).<\/p>","protected":false},"excerpt":{"rendered":"<p><strong>ZOJO Print | Dostosowane, wysokiej jako\u015bci opakowanie z uszczelnieniem magnetycznym Pre-roll - Wykorzystanie pomys\u0142owego projektu w celu wzmocnienia nowej estetyki tytoniu<\/strong><\/p>\n<p>W dziedzinie wysokiej klasy opakowa\u0144 papieros\u00f3w pre-roll, korpus pude\u0142ka jest nie tylko pojemnikiem na produkt, ale tak\u017ce g\u0142\u00f3wnym no\u015bnikiem tonu marki, do\u015bwiadczenia u\u017cytkownika i zr\u00f3\u017cnicowania rynku. Firma ZOJO Print jest g\u0142\u0119boko zaanga\u017cowana w t\u0119 bran\u017c\u0119 od 16 lat, koncentruj\u0105c si\u0119 na dostarczaniu magnetycznych pude\u0142ek typu Pre-roll o warto\u015bci funkcjonalnej, estetycznej i konkurencyjno\u015bci handlowej. Poni\u017cej przeanalizowano nasze ostateczne d\u0105\u017cenie do opakowa\u0144 tytoniowych w siedmiu podstawowych wymiarach:<\/p>","protected":false},"featured_media":10188,"template":"","meta":[],"product_brand":[],"product_cat":[30,420,424,31],"product_tag":[1362,1364,1363],"class_list":{"0":"post-10181","1":"product","2":"type-product","3":"status-publish","4":"has-post-thumbnail","6":"product_cat-by-industry","7":"product_cat-custom-cannabis-boxes","8":"product_cat-magnetic-closure-boxes","9":"product_cat-paper-box-style","10":"product_tag-custom-premium-box","11":"product_tag-packaging-boxes","12":"product_tag-pre-roll-magnetic-closure-box","14":"first","15":"instock","16":"shipping-taxable","17":"product-type-grouped"},"_links":{"self":[{"href":"https:\/\/zojopackaging.com\/pl\/wp-json\/wp\/v2\/product\/10181","targetHints":{"allow":["GET"]}}],"collection":[{"href":"https:\/\/zojopackaging.com\/pl\/wp-json\/wp\/v2\/product"}],"about":[{"href":"https:\/\/zojopackaging.com\/pl\/wp-json\/wp\/v2\/types\/product"}],"version-history":[{"count":1,"href":"https:\/\/zojopackaging.com\/pl\/wp-json\/wp\/v2\/product\/10181\/revisions"}],"predecessor-version":[{"id":10189,"href":"https:\/\/zojopackaging.com\/pl\/wp-json\/wp\/v2\/product\/10181\/revisions\/10189"}],"wp:featuredmedia":[{"embeddable":true,"href":"https:\/\/zojopackaging.com\/pl\/wp-json\/wp\/v2\/media\/10188"}],"wp:attachment":[{"href":"https:\/\/zojopackaging.com\/pl\/wp-json\/wp\/v2\/media?parent=10181"}],"wp:term":[{"taxonomy":"product_brand","embeddable":true,"href":"https:\/\/zojopackaging.com\/pl\/wp-json\/wp\/v2\/product_brand?post=10181"},{"taxonomy":"product_cat","embeddable":true,"href":"https:\/\/zojopackaging.com\/pl\/wp-json\/wp\/v2\/product_cat?post=10181"},{"taxonomy":"product_tag","embeddable":true,"href":"https:\/\/zojopackaging.com\/pl\/wp-json\/wp\/v2\/product_tag?post=10181"}],"curies":[{"name":"wp","href":"https:\/\/api.w.org\/{rel}","templated":true}]}}