{"id":10190,"date":"2025-04-05T14:35:34","date_gmt":"2025-04-05T06:35:34","guid":{"rendered":"https:\/\/zojopackaging.com\/?post_type=product&#038;p=10190"},"modified":"2025-04-05T14:44:05","modified_gmt":"2025-04-05T06:44:05","slug":"custom-wholesale-perfume-slide-out-boxes-packaging-supplier","status":"publish","type":"product","link":"https:\/\/zojopackaging.com\/pl\/product\/custom-wholesale-perfume-slide-out-boxes-packaging-supplier\/","title":{"rendered":"Niestandardowe hurtowe wysuwane pude\u0142ka na perfumy Dostawca opakowa\u0144"},"content":{"rendered":"<h3 id=\"-1-material-innovation-double-protection-of-coated-paper-gray-board-\"><strong>1. Innowacyjny materia\u0142: podw\u00f3jna ochrona powlekanego papieru + szara tektura<\/strong><\/h3>\n<p>Przyj\u0119cie z\u0142o\u017conej struktury\u00a0<strong>Papier powlekany o gramaturze 157 g<\/strong>\u00a0(chropowato\u015b\u0107 powierzchni Ra\u22640,6\u03bcm) i\u00a0<strong>Szara tektura 1200 g<\/strong>Dzi\u0119ki precyzyjnym procesom wykrawania i formowania na zimno, wytrzyma\u0142o\u015b\u0107 na \u015bciskanie korpusu pude\u0142ka \u2265280N (odniesienie do normy testowej ISO 12048), a wska\u017anik uszkodze\u0144 transportowych jest mniejszy ni\u017c 0,5%. G\u0142adko\u015b\u0107 powierzchni papieru powlekanego jest wi\u0119ksza ni\u017c 90% (ISO 8791), a przy\u00a0<strong>pow\u0142oka nanohydrofobowa<\/strong>Wodoodporno\u015b\u0107 folii zosta\u0142a poprawiona przez 60%, spe\u0142niaj\u0105c wymagania wilgotnego \u015brodowiska w transporcie morskim (\u017ar\u00f3d\u0142o danych: raport laboratorium materia\u0142\u00f3w opakowaniowych).<\/p>\n<h3 id=\"-2-structural-design-the-sense-of-ceremony-and-practicality-of-sliding-out-the-box-\"><strong>2. Projekt strukturalny: poczucie ceremonii i praktyczno\u015b\u0107 wysuwania pude\u0142ka<\/strong><\/h3>\n<p>-\u00a0<strong>Gwarancja szczelno\u015bci<\/strong>: przyj\u0119cie korpusu i pokrywy skrzynki\u00a0<strong>Ssanie magnetyczne + podw\u00f3jna blokada j\u0119zyka<\/strong>W te\u015bcie szczelno\u015bci wska\u017anik wycieku jest mniejszy ni\u017c 0,05 ml\/min, co spe\u0142nia normy dotycz\u0105ce transportu powietrza;<\/p>\n<p>-\u00a0<strong>Projektowanie interaktywne<\/strong>K\u0105t otwarcia jest zoptymalizowany do 85\u00b0, z wbudowanym paskiem \u015bwietlnym LED (opcjonalnie), kt\u00f3ry wyzwala delikatn\u0105 atmosfer\u0119 \u015bwietln\u0105 po otwarciu pude\u0142ka, zwi\u0119kszaj\u0105c komfort u\u017cytkowania.<\/p>\n<h3 id=\"-3-visual-narrative-minimalist-aesthetics-and-brand-empowerment-\"><strong>3. Narracja wizualna: Minimalistyczna estetyka i wzmocnienie marki<\/strong><\/h3>\n<p>-\u00a0<strong>System kolor\u00f3w<\/strong>: -\u00a0<strong>Styl czarnej mody<\/strong>: Z geometrycznymi wzorami ci\u0119cia, Pantone 18-1755 TCX (Vibrant Red) jest u\u017cywany jako wyko\u0144czenie, aby przekaza\u0107 awangardowy zmys\u0142 artystyczny;<\/p>\n<p>-\u00a0<strong>Be\u017cowy luksusowy styl<\/strong>: Z Pantone 16-5938 TCX (Antique Yellow) jako baz\u0105, na\u0142o\u017con\u0105 na 0,3 mm grawerowane laserowo wzory, interpretuj\u0105ce klasyczn\u0105 elegancj\u0119;<\/p>\n<p>-\u00a0<strong>Logo marki<\/strong>: S\u0142owo \"PERFUME\" jest wyt\u0142aczane na gor\u0105co w \u015brodku pude\u0142ka, przy u\u017cyciu technologii wyt\u0142aczania w kolorze r\u00f3\u017cowego z\u0142ota, metaliczny po\u0142ysk osi\u0105ga 90GU, a wyrazisto\u015b\u0107 dotykowa jest zwi\u0119kszona o 50%.<\/p>\n<h3 id=\"-4-lining-system-refined-protection-with-multi-material-adaptation-\"><strong>4. System ok\u0142adzin: wyrafinowana ochrona z adaptacj\u0105 wielu materia\u0142\u00f3w<\/strong><\/h3>\n<p>-\u00a0<strong>Podszewka EVA<\/strong>: Grubo\u015b\u0107 3 mm, twardo\u015b\u0107 Shore'a 60A, odporno\u015b\u0107 na \u015bciskanie \u2265 95%, odpowiednia do mocowania butelek perfum o specjalnym kszta\u0142cie;<\/p>\n<p>-\u00a0<strong>G\u0105bka\/PEP<\/strong>: poliuretan o wysokiej g\u0119sto\u015bci (g\u0119sto\u015b\u0107 \u2265 45 kg\/m\u00b3), odporno\u015b\u0107 na wstrz\u0105sy jest certyfikowana przez ISTA 3A;<\/p>\n<p>-\u00a0<strong>Niestandardowa rozbudowa<\/strong>Obs\u0142uguje EPE, flokowanie i inne materia\u0142y oraz mo\u017ce wycina\u0107 spersonalizowane podszewki (minimalna adaptacja \u03a615 mm butelki perfum).<\/p>\n<h3 id=\"-5-all-round-customization-seamless-adaptation-from-function-to-aesthetics-\"><strong>5. Wszechstronna personalizacja: p\u0142ynna adaptacja od funkcji po estetyk\u0119<\/strong><\/h3>\n<p>-\u00a0<strong>Elastyczno\u015b\u0107 rozmiaru<\/strong>Obs\u0142uguje pe\u0142ny zakres dostosowywania d\u0142ugo\u015bci 80-150 mm, szeroko\u015bci 50-100 mm, wysoko\u015bci 30-80 mm;<\/p>\n<p>-\u00a0<strong>Rozszerzenie funkcji<\/strong>Wbudowany czujnik temperatury i wilgotno\u015bci (opcjonalnie), identyfikowalno\u015b\u0107 skanowania chip\u00f3w NFC (zgodna z norm\u0105 ISO 18000-63);<\/p>\n<p>-\u00a0<strong>Kombinacja proces\u00f3w<\/strong>8 proces\u00f3w obr\u00f3bki powierzchni, takich jak lokalne UV, sitodruk, t\u0142oczenie na gor\u0105co itp. s\u0105 opcjonalne.<\/p>\n<h3 id=\"-6-design-empowerment-trend-insight-and-agile-implementation-\"><strong>6. Uprawnienia projektowe: wgl\u0105d w trendy i zwinne wdra\u017canie<\/strong><\/h3>\n<p>Specjalny zesp\u00f3\u0142 10 starszych projektant\u00f3w zapewnia trzy niestandardowe us\u0142ugi:<\/p>\n<p>-\u00a0<strong>Przewidywanie trend\u00f3w<\/strong>: Publikowanie co kwarta\u0142 raportu \"Fragrance Packaging Color Trend Report\", obejmuj\u0105cego popularne kolory i innowacje materia\u0142owe Pantone;<\/p>\n<p>-\u00a0<strong>Wizualizacja 3D<\/strong>: Wyj\u015bciowe parametryczne modele 3D (dok\u0142adno\u015b\u0107 \u00b10,1 mm) w ci\u0105gu 48 godzin, obs\u0142uguj\u0105ce wirtualny podgl\u0105d AR;<\/p>\n<p>-\u00a0<strong>Wzmocnienie pozycji kulturowej<\/strong>: Zintegruj nowy chi\u0144ski styl, cyberpunk i inne style, zapewnij ponad 200 bibliotek wzor\u00f3w i dostosuj si\u0119 do r\u00f3\u017cnych rynk\u00f3w, takich jak Europa, Ameryka i Azja Po\u0142udniowo-Wschodnia.<\/p>\n<h3 id=\"-7-smart-manufacturing-foundation-16-years-of-industry-experience-\"><strong>7. Inteligentne podstawy produkcji: 16 lat do\u015bwiadczenia w bran\u017cy<\/strong><\/h3>\n<p>-\u00a0<strong>Matryca urz\u0105dze\u0144<\/strong>Wyposa\u017cony w niemiecki sze\u015bciokolorowy zesp\u00f3\u0142 drukuj\u0105cy Heidelberg (r\u00f3\u017cnica kolor\u00f3w \u0394E\u22640,8), w pe\u0142ni automatyczn\u0105 lini\u0119 produkcyjn\u0105 do sztancowania (precyzja \u00b10,1 mm), dzienna zdolno\u015b\u0107 produkcyjna 100 000 sztuk;<\/p>\n<p>-\u00a0<strong>System kontroli jako\u015bci<\/strong>: Certyfikat ISO 9001\/BRCGS, ka\u017cda partia produkt\u00f3w przechodzi 12 kontroli jako\u015bci (testy kompresji\/kropli\/trwa\u0142o\u015bci koloru), a kwalifikowany wska\u017anik wynosi 99,98%;<\/p>\n<p>-\u00a0<strong>Zwinna reakcja<\/strong>: 36-godzinna dostawa pilnych zam\u00f3wie\u0144 (przypadek: 100 000 sztuk pilnych zam\u00f3wie\u0144 dla okre\u015blonej marki w 2024 r.), obs\u0142uga dostosowywania ma\u0142ych partii (minimalne zam\u00f3wienie 500 sztuk).<\/p>","protected":false},"excerpt":{"rendered":"<p><strong>ZOJO Print | Indywidualny hurtowy ekspert w dziedzinie wysuwanych opakowa\u0144 perfum - interpretacja estetyki zapach\u00f3w dzi\u0119ki innowacyjnemu wzornictwu<\/strong><\/p>\n<p>W dziedzinie wysokiej klasy opakowa\u0144 na perfumy, wysuwane pude\u0142ka sta\u0142y si\u0119 podstawowym no\u015bnikiem dla marek, aby zwi\u0119kszy\u0107 atrakcyjno\u015b\u0107 produkt\u00f3w dzi\u0119ki ich unikalnemu interaktywnemu do\u015bwiadczeniu i napi\u0119ciu wizualnemu. ZOJO Print jest g\u0142\u0119boko zaanga\u017cowane w bran\u017c\u0119 od 16 lat, koncentruj\u0105c si\u0119 na dostarczaniu markom perfumeryjnym wysuwanych pude\u0142ek, kt\u00f3re \u0142\u0105cz\u0105 funkcjonalno\u015b\u0107, kunszt i warto\u015b\u0107 handlow\u0105.<\/p>","protected":false},"featured_media":10192,"template":"","meta":[],"product_brand":[],"product_cat":[30,417,31,426],"product_tag":[1365,1366,1367],"class_list":{"0":"post-10190","1":"product","2":"type-product","3":"status-publish","4":"has-post-thumbnail","6":"product_cat-by-industry","7":"product_cat-custom-perfume-boxes-by-industry","8":"product_cat-paper-box-style","9":"product_cat-paper-drawer-boxes","10":"product_tag-custom-perfume-slide-out-boxes","11":"product_tag-packaging-supplier","12":"product_tag-wholesale-perfume-slide-out-boxes","14":"first","15":"instock","16":"shipping-taxable","17":"product-type-grouped"},"_links":{"self":[{"href":"https:\/\/zojopackaging.com\/pl\/wp-json\/wp\/v2\/product\/10190","targetHints":{"allow":["GET"]}}],"collection":[{"href":"https:\/\/zojopackaging.com\/pl\/wp-json\/wp\/v2\/product"}],"about":[{"href":"https:\/\/zojopackaging.com\/pl\/wp-json\/wp\/v2\/types\/product"}],"version-history":[{"count":1,"href":"https:\/\/zojopackaging.com\/pl\/wp-json\/wp\/v2\/product\/10190\/revisions"}],"predecessor-version":[{"id":10198,"href":"https:\/\/zojopackaging.com\/pl\/wp-json\/wp\/v2\/product\/10190\/revisions\/10198"}],"wp:featuredmedia":[{"embeddable":true,"href":"https:\/\/zojopackaging.com\/pl\/wp-json\/wp\/v2\/media\/10192"}],"wp:attachment":[{"href":"https:\/\/zojopackaging.com\/pl\/wp-json\/wp\/v2\/media?parent=10190"}],"wp:term":[{"taxonomy":"product_brand","embeddable":true,"href":"https:\/\/zojopackaging.com\/pl\/wp-json\/wp\/v2\/product_brand?post=10190"},{"taxonomy":"product_cat","embeddable":true,"href":"https:\/\/zojopackaging.com\/pl\/wp-json\/wp\/v2\/product_cat?post=10190"},{"taxonomy":"product_tag","embeddable":true,"href":"https:\/\/zojopackaging.com\/pl\/wp-json\/wp\/v2\/product_tag?post=10190"}],"curies":[{"name":"wp","href":"https:\/\/api.w.org\/{rel}","templated":true}]}}