{"id":10199,"date":"2025-04-05T14:45:08","date_gmt":"2025-04-05T06:45:08","guid":{"rendered":"https:\/\/zojopackaging.com\/?post_type=product&#038;p=10199"},"modified":"2025-04-05T14:55:05","modified_gmt":"2025-04-05T06:55:05","slug":"customized-magnetic-perfume-bottle-packaging-gift-box-manufacturer","status":"publish","type":"product","link":"https:\/\/zojopackaging.com\/pl\/product\/customized-magnetic-perfume-bottle-packaging-gift-box-manufacturer\/","title":{"rendered":"Dostosowane magnetyczne opakowanie na butelk\u0119 perfum Producent pude\u0142ek na prezenty"},"content":{"rendered":"<h3 id=\"-1-material-innovation-double-protection-of-coated-paper-gray-board-\"><strong>1. Innowacyjny materia\u0142: podw\u00f3jna ochrona powlekanego papieru + szara tektura<\/strong><\/h3>\n<p>Przyj\u0119cie z\u0142o\u017conej struktury\u00a0<strong>Papier powlekany o gramaturze 157 g<\/strong>\u00a0(chropowato\u015b\u0107 powierzchni Ra\u22640,6\u03bcm) i\u00a0<strong>Szara tektura 1200 g<\/strong>Dzi\u0119ki precyzyjnemu wykrawaniu i technologii formowania na zimno, wytrzyma\u0142o\u015b\u0107 na \u015bciskanie korpusu pude\u0142ka \u2265280N (patrz norma testowa ISO 12048), a wska\u017anik uszkodze\u0144 transportowych jest mniejszy ni\u017c 0,5%. G\u0142adko\u015b\u0107 powierzchni powlekanego papieru wynosi ponad 90% (ISO 8791), a przy\u00a0<strong>pow\u0142oka nanohydrofobowa<\/strong>, wodoodporno\u015b\u0107 folii zosta\u0142a poprawiona przez 60%, spe\u0142niaj\u0105c wymagania wilgotnego \u015brodowiska transportu morskiego (\u017ar\u00f3d\u0142o danych: raport laboratorium materia\u0142\u00f3w opakowaniowych).<\/p>\n<h3 id=\"-2-structural-design-interactive-revolution-of-magnetic-book-type-\"><strong>2. Projekt strukturalny: interaktywna rewolucja typu ksi\u0105\u017cki magnetycznej<\/strong><\/h3>\n<p>-\u00a0<strong>Magnetyczna optymalizacja mechaniczna<\/strong>wbudowany uk\u0142ad silnych magnes\u00f3w 0,5 T, si\u0142a adsorpcji mi\u0119dzy pokryw\u0105 skrzynki a korpusem skrzynki osi\u0105ga 1,2 N, k\u0105t otwierania i zamykania jest zoptymalizowany do 85 \u00b0, a si\u0142a obs\u0142ugi jedn\u0105 r\u0119k\u0105 wynosi \u2264 1,5 N; -\u00a0<strong>Gwarancja szczelno\u015bci<\/strong>Zapi\u0119cie na zamek magnetyczny + podw\u00f3jne uszczelnienie j\u0119zyka, test szczelno\u015bci &lt;0,05 ml\/min, zgodnie ze standardami transportu lotniczego.<\/p>\n<h3 id=\"-3-visual-narrative-the-collision-of-exotic-patterns-and-brand-aesthetics-\"><strong>3. Narracja wizualna: zderzenie egzotycznych wzor\u00f3w i estetyki marki<\/strong><\/h3>\n<p>-\u00a0<strong>Projekt wzoru<\/strong>: Powierzchnia pude\u0142ka przyjmuje\u00a0<strong>Maroka\u0144ski geometryczny wz\u00f3r ci\u0119cia<\/strong>\u00a0(patrz wyniki wyszukiwania), kt\u00f3ry jest grawerowany laserowo, aby osi\u0105gn\u0105\u0107 g\u0142\u0119boko\u015b\u0107 0,1 mm i tworzy dynamiczny efekt \u015bwiat\u0142a i cienia, gdy \u015bwiat\u0142o jest za\u0142amane; -\u00a0<strong>System kolor\u00f3w<\/strong>: -\u00a0<strong>Tajemniczy fiolet<\/strong>\u00a0(Pantone 19-3939 TCX) jest po\u0142\u0105czony z wyt\u0142oczeniami w kolorze r\u00f3\u017cowego z\u0142ota, aby nada\u0107 elegancji i romantyzmu.\u00a0<strong>Ciemnobr\u0105zowy<\/strong>\u00a0(Pantone 16-5938 TCX) jest po\u0142\u0105czony z czarnymi i z\u0142otymi liniami, aby zinterpretowa\u0107 klasyczn\u0105 powag\u0119.\u00a0<strong>Uk\u0142ad tekstu<\/strong>: U\u017cywane s\u0105 niestandardowe czcionki szeryfowe, a odst\u0119py mi\u0119dzy wierszami i odst\u0119py mi\u0119dzy wyrazami s\u0105 zoptymalizowane pod k\u0105tem psychologii wizualnej, co poprawia komfort czytania o 40%.<\/p>\n<h3 id=\"-4-color-philosophy-a-sensory-symphony-of-purple-and-dark-brown-\"><strong>4. Filozofia kolor\u00f3w: zmys\u0142owa symfonia fioletu i ciemnego br\u0105zu<\/strong><\/h3>\n<p>-\u00a0<strong>Fioletowa seria<\/strong>: Dzi\u0119ki karcie kolor\u00f3w Pantone + druk w kolorze dodatkowym, r\u00f3\u017cnica kolor\u00f3w \u0394E\u22641,2, z pow\u0142ok\u0105 per\u0142ow\u0105, prezentuj\u0105c\u0105\u00a0<strong>\"Twilight Fragrance\"<\/strong>-jak poziom po\u0142ysku\u00a0<strong>Seria ciemnobr\u0105zowa<\/strong>Dzi\u0119ki zastosowaniu szarej tektury spo\u017cywczej + flokowanej podszewki, dotyk jest jak jedwab, co pasuje do wysokiej klasy pozycjonowania\u00a0<strong>\"Szept Czasu\"<\/strong>\u00a0(przypadek referencyjny: pude\u0142ko upominkowe marki zdoby\u0142o nagrod\u0119 Red Dot Design Award w 2024 r.).<\/p>\n<h3 id=\"-5-lining-system-luxurious-care-of-black-velvet-eva-\"><strong>5. System wy\u015bci\u00f3\u0142ki: luksusowy czarny aksamit + EVA<\/strong><\/h3>\n<p>-\u00a0<strong>Czarny aksamit<\/strong>: 300g ultra mi\u0119kkiego kr\u00f3tkiego aksamitu, g\u0119sto\u015b\u0107 aksamitu powierzchniowego \u22655000 nitek\/cm\u00b2, wsp\u00f3\u0142czynnik tarcia \u22640,15, odporno\u015b\u0107 na zarysowania przesz\u0142a test ISO 4649; -\u00a0<strong>Amortyzacja EVA<\/strong>: 3mm pianka o wysokiej g\u0119sto\u015bci, twardo\u015b\u0107 Shore'a 60A, odporno\u015b\u0107 na \u015bciskanie \u226595%, odpowiednia do mocowania butelek perfum o specjalnym kszta\u0142cie (patrz wyniki wyszukiwania); -\u00a0<strong>Niestandardowe rozszerzenie<\/strong>Obs\u0142uguje flokowanie, jedwab i inne materia\u0142y oraz mo\u017ce wycina\u0107 spersonalizowane podszewki (minimum odpowiednie dla butelek perfum \u03a615 mm).<\/p>\n<h3 id=\"-6-full-process-customization-agile-implementation-from-concept-to-mass-production-\"><strong>6. Pe\u0142na personalizacja procesu: Zwinne wdro\u017cenie od koncepcji do masowej produkcji<\/strong><\/h3>\n<p>-\u00a0<strong>Us\u0142ugi kreatywne<\/strong>: Zapewnienie modelowania 3D i wirtualnego podgl\u0105du AR oraz wydrukowanie renderingu parametrycznego w ci\u0105gu 48 godzin (przypadek: 100 000 sztuk pilnych zam\u00f3wie\u0144 dla pewnej marki zosta\u0142o dostarczonych w ci\u0105gu 36 godzin); -\u00a0<strong>Kombinacja proces\u00f3w<\/strong>8 proces\u00f3w obr\u00f3bki powierzchni, takich jak lokalne UV, sitodruk i t\u0142oczenie na gor\u0105co s\u0105 opcjonalne;<\/p>\n<h3 id=\"-7-design-empowerment-in-depth-communication-and-brand-resonance-\"><strong>7. Wzmocnienie designu: dog\u0142\u0119bna komunikacja i rezonans marki<\/strong><\/h3>\n<p>Specjalny zesp\u00f3\u0142 sk\u0142adaj\u0105cy si\u0119 z 10 starszych projektant\u00f3w zapewnia trzy g\u0142\u00f3wne us\u0142ugi dostosowywania: -\u00a0<strong>Trend Insight<\/strong>: publikowanie co kwarta\u0142 raportu \"Fragrance Packaging Color Trend Report\", obejmuj\u0105cego popularne kolory i innowacje materia\u0142owe Pantone; - publikowanie co kwarta\u0142 raportu \"Fragrance Packaging Color Trend Report\", obejmuj\u0105cego popularne kolory i innowacje materia\u0142owe Pantone.\u00a0<strong>Wzmocnienie pozycji kulturowej<\/strong>: Integracja nowego chi\u0144skiego stylu, cyberpunku i innych styl\u00f3w, zapewnienie ponad 200 bibliotek wzor\u00f3w i dostosowanie do r\u00f3\u017cnych rynk\u00f3w, takich jak Europa, Ameryka i Azja Po\u0142udniowo-Wschodnia; -.\u00a0<strong>Przypadek klienta<\/strong>: Zaprojektowanie magnetycznego pude\u0142ka z gwie\u017adzistym niebem dla luksusowej marki z Bliskiego Wschodu i osi\u0105gni\u0119cie wzrostu sprzeda\u017cy o 45% dzi\u0119ki warstwie UV z gwie\u017adzistym niebem.<\/p>\n<p>ZOJO Print przyjmuje <strong>\"Technologia magnetyczna, estetyczne wzmocnienie\"<\/strong>\u00a0i sublimuje magnetyczne pude\u0142ka upominkowe w warto\u015bciow\u0105 wi\u0119\u017a mi\u0119dzy markami a konsumentami. Nie tylko dostarczamy pojemniki, ale tak\u017ce pomagamy markom uzyska\u0107 niepowtarzaln\u0105 przewag\u0119 konkurencyjn\u0105 na rynku wysokiej klasy zapach\u00f3w poprzez innowacje materia\u0142owe, prze\u0142omowe procesy i mo\u017cliwo\u015bci integracji pionowej.<\/p>","protected":false},"excerpt":{"rendered":"<p><strong>Niestandardowe magnetyczne opakowanie na butelk\u0119 perfum - interpretacja luksusowego rytua\u0142u zapachowego z magnetyczn\u0105 estetyk\u0105<\/strong><\/p>\n<p>W dziedzinie wysokiej klasy opakowa\u0144 na perfumy, magnetyczne pude\u0142ka upominkowe sta\u0142y si\u0119 podstawowym no\u015bnikiem dla marek w celu zwi\u0119kszenia premii za produkt dzi\u0119ki unikalnemu interaktywnemu do\u015bwiadczeniu i napi\u0119ciu wizualnemu. ZOJO Print jest g\u0142\u0119boko zaanga\u017cowany w bran\u017c\u0119 od 16 lat, koncentruj\u0105c si\u0119 na dostarczaniu markom perfum magnetycznych pude\u0142ek w kszta\u0142cie ksi\u0105\u017cki, kt\u00f3re \u0142\u0105cz\u0105 funkcjonalno\u015b\u0107, kunszt i warto\u015b\u0107 handlow\u0105.<\/p>","protected":false},"featured_media":10201,"template":"","meta":[],"product_brand":[],"product_cat":[30,417,424,31],"product_tag":[934,821,1368],"class_list":{"0":"post-10199","1":"product","2":"type-product","3":"status-publish","4":"has-post-thumbnail","6":"product_cat-by-industry","7":"product_cat-custom-perfume-boxes-by-industry","8":"product_cat-magnetic-closure-boxes","9":"product_cat-paper-box-style","10":"product_tag-box-manufacturer","11":"product_tag-customized-box","12":"product_tag-magnetic-perfume-packaging-gift-box","14":"first","15":"instock","16":"shipping-taxable","17":"product-type-grouped"},"_links":{"self":[{"href":"https:\/\/zojopackaging.com\/pl\/wp-json\/wp\/v2\/product\/10199","targetHints":{"allow":["GET"]}}],"collection":[{"href":"https:\/\/zojopackaging.com\/pl\/wp-json\/wp\/v2\/product"}],"about":[{"href":"https:\/\/zojopackaging.com\/pl\/wp-json\/wp\/v2\/types\/product"}],"version-history":[{"count":1,"href":"https:\/\/zojopackaging.com\/pl\/wp-json\/wp\/v2\/product\/10199\/revisions"}],"predecessor-version":[{"id":10206,"href":"https:\/\/zojopackaging.com\/pl\/wp-json\/wp\/v2\/product\/10199\/revisions\/10206"}],"wp:featuredmedia":[{"embeddable":true,"href":"https:\/\/zojopackaging.com\/pl\/wp-json\/wp\/v2\/media\/10201"}],"wp:attachment":[{"href":"https:\/\/zojopackaging.com\/pl\/wp-json\/wp\/v2\/media?parent=10199"}],"wp:term":[{"taxonomy":"product_brand","embeddable":true,"href":"https:\/\/zojopackaging.com\/pl\/wp-json\/wp\/v2\/product_brand?post=10199"},{"taxonomy":"product_cat","embeddable":true,"href":"https:\/\/zojopackaging.com\/pl\/wp-json\/wp\/v2\/product_cat?post=10199"},{"taxonomy":"product_tag","embeddable":true,"href":"https:\/\/zojopackaging.com\/pl\/wp-json\/wp\/v2\/product_tag?post=10199"}],"curies":[{"name":"wp","href":"https:\/\/api.w.org\/{rel}","templated":true}]}}