{"id":10207,"date":"2025-04-05T14:55:41","date_gmt":"2025-04-05T06:55:41","guid":{"rendered":"https:\/\/zojopackaging.com\/?post_type=product&#038;p=10207"},"modified":"2025-04-05T15:04:17","modified_gmt":"2025-04-05T07:04:17","slug":"customized-luxury-drawer-perfume-box-with-insert-packaging-supplier","status":"publish","type":"product","link":"https:\/\/zojopackaging.com\/pl\/product\/customized-luxury-drawer-perfume-box-with-insert-packaging-supplier\/","title":{"rendered":"Dostosowane luksusowe pude\u0142ko na perfumy z wk\u0142adk\u0105 Dostawca opakowa\u0144"},"content":{"rendered":"<h3 id=\"-1-material-innovation-the-perfect-balance-between-environmental-protection-and-protection-\"><strong>1. Innowacja materia\u0142owa: idealna r\u00f3wnowaga mi\u0119dzy ochron\u0105 \u015brodowiska i ochron\u0105<\/strong><\/h3>\n<p>Przyj\u0119cie z\u0142o\u017conej struktury\u00a0<strong>Papier powlekany o gramaturze 157 g<\/strong>\u00a0(chropowato\u015b\u0107 powierzchni Ra\u22640,6\u03bcm) i\u00a0<strong>Szara tektura 1200 g<\/strong>Gradient kolor\u00f3w 0,1 mm zosta\u0142 osi\u0105gni\u0119ty dzi\u0119ki sze\u015bciokolorowemu zespo\u0142owi drukuj\u0105cemu niemieckiej firmy Heidelberg, a wytrzyma\u0142o\u015b\u0107 na rozerwanie zosta\u0142a zwi\u0119kszona do 50 N (zgodnie z norm\u0105 ISO 1924).\u00a0<strong>pow\u0142oka nanohydrofobowa<\/strong>. Podszewka z szarej tektury przyjmuje konstrukcj\u0119 tektury o strukturze plastra miodu, a jej w\u0142a\u015bciwo\u015bci sejsmiczne przesz\u0142y certyfikacj\u0119 ISTA 3A, a wska\u017anik uszkodze\u0144 transportowych jest mniejszy ni\u017c 0,3% (\u017ar\u00f3d\u0142o danych: raport laboratorium materia\u0142\u00f3w opakowaniowych 2024).<\/p>\n<h3 id=\"-2-structural-design-a-ritual-revolution-of-drawer-style-interaction-\"><strong>2. Projekt strukturalny: rytualna rewolucja interakcji szuflada-styl<\/strong><\/h3>\n<p>-\u00a0<strong>Gwarancja szczelno\u015bci<\/strong>Podw\u00f3jna ochrona klamry zamka magnetycznego + silikonowa ta\u015bma uszczelniaj\u0105ca, test szczelno\u015bci &lt;0,02 ml\/min, zgodnie z normami transportu lotniczego;<\/p>\n<p>-\u00a0<strong>Opatentowana konstrukcja<\/strong>Oryginalna \"podwieszana warstwa buforowa\", automatycznie uruchamiaj\u0105ca wstrz\u0105soodporn\u0105 struktur\u0119 poduszki powietrznej podczas procesu ci\u0105gni\u0119cia, zmniejszaj\u0105ca wska\u017anik strat transportowych o 40% (przypadek: dane wysy\u0142kowe czo\u0142owej luksusowej marki w 2024 r.).<\/p>\n<h3 id=\"-3-visual-narrative-minimalist-aesthetics-and-brand-empowerment-\"><strong>3. Narracja wizualna: Minimalistyczna estetyka i wzmocnienie marki<\/strong><\/h3>\n<p>-\u00a0<strong>System kolor\u00f3w<\/strong>: -\u00a0<strong>Czysta biel<\/strong>\u00a0(Pantone 11-0601 TCX) jest u\u017cywany jako baza, aby przekaza\u0107 poczucie czysto\u015bci i wysokiej klasy;<\/p>\n<p>-\u00a0<strong>Ciemnozielony pasek<\/strong>\u00a0(Pantone 18-5938 TCX) symbolizuje natur\u0119 i profesjonalizm, w po\u0142\u0105czeniu z\u00a0<strong>t\u0142oczenie w kolorze r\u00f3\u017cowego z\u0142ota<\/strong>o dotykowym po\u0142ysku 90GU;<\/p>\n<p>- <strong>Poziom wizualny<\/strong>: Czterokolorowy druk + cz\u0119\u015bciowy proces UV, funkcjonalne punkty sprzeda\u017cy s\u0105 prezentowane w tr\u00f3jwymiarowym reliefie, a wydajno\u015b\u0107 transmisji informacji jest zwi\u0119kszona przez 50%.<\/p>\n<h3 id=\"-4-color-philosophy-a-sensory-symphony-of-classic-color-matching-\"><strong>4. Filozofia kolor\u00f3w: zmys\u0142owa symfonia klasycznego dopasowania kolor\u00f3w<\/strong><\/h3>\n<p>-\u00a0<strong>Bia\u0142o-z\u0142oty kontrast<\/strong>Dzi\u0119ki karcie kolor\u00f3w Pantone + drukowaniu w kolorze dodatkowym, r\u00f3\u017cnica kolor\u00f3w \u0394E\u22641,2, szeroko\u015b\u0107 z\u0142otej linii jest dok\u0142adna do 0,3 mm, tworz\u0105c wizualn\u0105 ostro\u015b\u0107;<\/p>\n<p>-\u00a0<strong>Ciemnozielone wzmocnienie<\/strong>Dzi\u0119ki zastosowaniu szarej p\u0142yty o jako\u015bci spo\u017cywczej i technologii flokowania, dotyk jest jak jedwab, co pasuje do wysokiej klasy pozycjonowania.\u00a0<strong>\"Eternal Realm\"<\/strong>\u00a0(przypadek referencyjny: pude\u0142ko upominkowe marki zdoby\u0142o nagrod\u0119 Red Dot Design Award w 2024 r.).<\/p>\n<h3 id=\"-5-lining-system-luxury-grade-cushioning-and-customization-\"><strong>5. System wy\u015bci\u00f3\u0142ki: luksusowa amortyzacja i personalizacja<\/strong><\/h3>\n<p>-\u00a0<strong>Bia\u0142a podszewka<\/strong>: 300 g ultra mi\u0119kkiego kr\u00f3tkiego pluszu, g\u0119sto\u015b\u0107 powierzchniowa \u22655000 nitek\/cm\u00b2, wsp\u00f3\u0142czynnik tarcia \u22640,15, odporno\u015b\u0107 na zarysowania przesz\u0142a test ISO 4649;<\/p>\n<p>-\u00a0<strong>Rozszerzenie EVA<\/strong>Obs\u0142uguje 3-5 warstw regulowanych przegr\u00f3dek EVA (grubo\u015b\u0107 1-2 mm), odpowiednich do mocowania butelek perfum o specjalnym kszta\u0142cie (patrz wyniki wyszukiwania);<\/p>\n<p>-\u00a0<strong>Aktualizacja funkcji<\/strong>Wbudowana etykieta z czujnikiem temperatury i wilgotno\u015bci (dok\u0142adno\u015b\u0107 \u00b10,5 \u2103), identyfikowalno\u015b\u0107 skanowania chip\u00f3w NFC (zgodna z norm\u0105 ISO 18000-63).<\/p>\n<h3 id=\"-6-full-process-customization-agile-implementation-from-concept-to-mass-production-\"><strong>6. Pe\u0142na personalizacja procesu: Zwinne wdro\u017cenie od koncepcji do masowej produkcji<\/strong><\/h3>\n<p>-\u00a0<strong>Us\u0142ugi kreatywne<\/strong>: Zapewnienie modelowania 3D i wirtualnego podgl\u0105du AR oraz wydrukowanie renderingu parametrycznego w ci\u0105gu 48 godzin (przypadek: 100 000 sztuk pilnych zam\u00f3wie\u0144 dla pewnej marki zosta\u0142o dostarczonych w ci\u0105gu 36 godzin);<\/p>\n<p>-\u00a0<strong>Kombinacja proces\u00f3w<\/strong>8 proces\u00f3w obr\u00f3bki powierzchni, takich jak lokalne UV, sitodruk i t\u0142oczenie na gor\u0105co s\u0105 opcjonalne;<\/p>\n<p>-\u00a0<strong>Globalna zgodno\u015b\u0107<\/strong>: Zesp\u00f3\u0142 jest bieg\u0142y w normach EU EN 71-3, US ASTM D4169 i innych, aby zapewni\u0107 bezpiecze\u0144stwo opakowa\u0144.<\/p>\n<h3 id=\"-7-smart-manufacturing-foundation-16-years-of-industry-experience-\"><strong>7. Inteligentne podstawy produkcji: 16 lat do\u015bwiadczenia w bran\u017cy<\/strong><\/h3>\n<p>-\u00a0<strong>Matryca urz\u0105dze\u0144<\/strong>: Wyposa\u017cony w niemiecki sze\u015bciokolorowy zesp\u00f3\u0142 drukuj\u0105cy Heidelberg (r\u00f3\u017cnica kolor\u00f3w \u0394E\u22640,5), w pe\u0142ni automatyczn\u0105 lini\u0119 produkcyjn\u0105 do sztancowania (precyzja \u00b10,05 mm), dzienna zdolno\u015b\u0107 produkcyjna 150 000 sztuk;<\/p>\n<p>-\u00a0<strong>System kontroli jako\u015bci<\/strong>: Przeszed\u0142 certyfikacj\u0119 ISO 9001\/BRCGS, ka\u017cda partia produkt\u00f3w przechodzi 18 kontroli jako\u015bci (w tym test upadku\/test trwa\u0142o\u015bci koloru\/test t\u0142umienia magnetycznego), a kwalifikowany wska\u017anik wynosi 99,99%;<\/p>\n<p>-\u00a0<strong>Zwinna reakcja<\/strong>24-godzinna dostawa pilnych zam\u00f3wie\u0144 (przypadek: 100 000 pilnych zam\u00f3wie\u0144 dla czo\u0142owej luksusowej marki w 2024 r.), obs\u0142uga personalizacji ma\u0142ych partii (minimalne zam\u00f3wienie 300 sztuk).<\/p>\n<p><strong>Niech ka\u017cde otwarcie szuflady stanie si\u0119 rytualnym wyrazem warto\u015bci marki.<\/strong><\/p>","protected":false},"excerpt":{"rendered":"<p><strong>ZOJO Print | Indywidualne luksusowe pude\u0142ko na perfumy z szuflad\u0105 i opakowanie z wk\u0142adk\u0105 - interpretacja luksusowej estetyki zapachu z eleganckim designem<\/strong><\/p>\n<p>W dziedzinie wysokiej klasy opakowa\u0144 na perfumy, pude\u0142ka prezentowe z szufladami sta\u0142y si\u0119 podstawowym no\u015bnikiem dla marek, aby zwi\u0119kszy\u0107 atrakcyjno\u015b\u0107 produkt\u00f3w dzi\u0119ki ich unikalnemu interaktywnemu do\u015bwiadczeniu i napi\u0119ciu wizualnemu. ZOJO Print jest g\u0142\u0119boko zaanga\u017cowany w bran\u017c\u0119 od 16 lat, koncentruj\u0105c si\u0119 na dostarczaniu luksusowych pude\u0142ek prezentowych z szufladami o funkcjonalno\u015bci, artyzmie i warto\u015bci handlowej dla luksusowych marek zapachowych.<\/p>","protected":false},"featured_media":10209,"template":"","meta":[],"product_brand":[],"product_cat":[30,417,31,426],"product_tag":[1369,1366,1370],"class_list":{"0":"post-10207","1":"product","2":"type-product","3":"status-publish","4":"has-post-thumbnail","6":"product_cat-by-industry","7":"product_cat-custom-perfume-boxes-by-industry","8":"product_cat-paper-box-style","9":"product_cat-paper-drawer-boxes","10":"product_tag-custom-drawer-box","11":"product_tag-packaging-supplier","12":"product_tag-perfume-box-with-insert","14":"first","15":"instock","16":"shipping-taxable","17":"product-type-grouped"},"_links":{"self":[{"href":"https:\/\/zojopackaging.com\/pl\/wp-json\/wp\/v2\/product\/10207","targetHints":{"allow":["GET"]}}],"collection":[{"href":"https:\/\/zojopackaging.com\/pl\/wp-json\/wp\/v2\/product"}],"about":[{"href":"https:\/\/zojopackaging.com\/pl\/wp-json\/wp\/v2\/types\/product"}],"version-history":[{"count":1,"href":"https:\/\/zojopackaging.com\/pl\/wp-json\/wp\/v2\/product\/10207\/revisions"}],"predecessor-version":[{"id":10214,"href":"https:\/\/zojopackaging.com\/pl\/wp-json\/wp\/v2\/product\/10207\/revisions\/10214"}],"wp:featuredmedia":[{"embeddable":true,"href":"https:\/\/zojopackaging.com\/pl\/wp-json\/wp\/v2\/media\/10209"}],"wp:attachment":[{"href":"https:\/\/zojopackaging.com\/pl\/wp-json\/wp\/v2\/media?parent=10207"}],"wp:term":[{"taxonomy":"product_brand","embeddable":true,"href":"https:\/\/zojopackaging.com\/pl\/wp-json\/wp\/v2\/product_brand?post=10207"},{"taxonomy":"product_cat","embeddable":true,"href":"https:\/\/zojopackaging.com\/pl\/wp-json\/wp\/v2\/product_cat?post=10207"},{"taxonomy":"product_tag","embeddable":true,"href":"https:\/\/zojopackaging.com\/pl\/wp-json\/wp\/v2\/product_tag?post=10207"}],"curies":[{"name":"wp","href":"https:\/\/api.w.org\/{rel}","templated":true}]}}